{"id":147860,"date":"2026-01-29T07:40:42","date_gmt":"2026-01-29T00:40:42","guid":{"rendered":"https:\/\/trading.hhg.vn\/product\/voi-lavabo-dong-nuoc-tu-dong-110-dung-cho-nuoc-lanh-hoac-nuoc-da-dieu-chinh-san-khong-kem-bo-xa-talis-e\/"},"modified":"2026-01-29T08:02:16","modified_gmt":"2026-01-29T01:02:16","slug":"voi-lavabo-dong-nuoc-tu-dong-110-dung-cho-nuoc-lanh-hoac-nuoc-da-dieu-chinh-san-khong-kem-bo-xa-talis-e","status":"publish","type":"product","link":"https:\/\/trading.hhg.vn\/en\/s\u1ea3n-ph\u1ea9m\/voi-lavabo-dong-nuoc-tu-dong-110-dung-cho-nuoc-lanh-hoac-nuoc-da-dieu-chinh-san-khong-kem-bo-xa-talis-e\/","title":{"rendered":"V\u00f2i lavabo \u0111\u00f3ng n\u01b0\u1edbc t\u1ef1 \u0111\u1ed9ng 110 d\u00f9ng cho n\u01b0\u1edbc l\u1ea1nh ho\u1eb7c n\u01b0\u1edbc \u0111\u00e3 \u0111i\u1ec1u ch\u1ec9nh s\u1eb5n, kh\u00f4ng k\u00e8m b\u1ed9 x\u1ea3 Talis E"},"content":{"rendered":"","protected":false},"excerpt":{"rendered":"<p>Talise E l\u00e0 hi\u1ec7n th\u00e2n c\u1ee7a v\u1ebb \u0111\u1eb9p t\u1ed1i gi\u1ea3n v\u00e0 c\u00f4ng ngh\u1ec7 ti\u00ean ti\u1ebfn, mang \u0111\u1ebfn tr\u1ea3i nghi\u1ec7m ch\u1ea1m tinh t\u1ebf cho kh\u00f4ng gian ph\u00f2ng t\u1eafm. Thi\u1ebft k\u1ebf thanh l\u1ecbch, \u0111\u01b0\u1eddng n\u00e9t m\u01b0\u1ee3t m\u00e0 c\u00f9ng c\u1ea3m bi\u1ebfn h\u1ed3ng ngo\u1ea1i th\u00f4ng minh gi\u00fap b\u1ea1n t\u1eadn h\u01b0\u1edfng d\u00f2ng n\u01b0\u1edbc thu\u1ea7n khi\u1ebft ch\u1ec9 v\u1edbi m\u1ed9t c\u1eed \u0111\u1ed9ng nh\u1eb9, kh\u00f4ng c\u1ea7n ch\u1ea1m v\u1eadt l\u00fd. D\u00f2ng ch\u1ea3y \u0111\u01b0\u1ee3c \u0111i\u1ec1u ti\u1ebft ho\u00e0n h\u1ea3o, t\u1ed1i \u01b0u h\u00f3a l\u01b0\u1ee3ng n\u01b0\u1edbc s\u1eed d\u1ee5ng, \u0111\u1ed3ng th\u1eddi \u0111\u1ea3m b\u1ea3o s\u1ef1 ti\u1ec7n nghi v\u00e0 v\u1ec7 sinh t\u1ed1i \u0111a. Talise E kh\u00f4ng ch\u1ec9 l\u00e0 m\u1ed9t chi\u1ebfc v\u00f2i, m\u00e0 l\u00e0 tuy\u00ean ng\u00f4n v\u1ec1 phong c\u00e1ch s\u1ed1ng hi\u1ec7n \u0111\u1ea1i v\u00e0 tinh t\u1ebf.<\/p>\n","protected":false},"featured_media":147858,"comment_status":"open","ping_status":"closed","template":"","meta":{"_acf_changed":false},"product_cat":[883],"product_tag":[],"class_list":{"0":"post-147860","1":"product","2":"type-product","3":"status-publish","4":"has-post-thumbnail","6":"product_cat-voi-chau-2","7":"pa_mau-sac-chrome","9":"first","10":"instock","11":"shipping-taxable","12":"purchasable","13":"product-type-simple"},"acf":[],"featured_media_urls":{"thumbnail":["https:\/\/trading.hhg.vn\/wp-content\/uploads\/2026\/01\/154__hpr02860_tif-150x150.png",150,150,true],"medium":["https:\/\/trading.hhg.vn\/wp-content\/uploads\/2026\/01\/154__hpr02860_tif-263x300.png",263,300,true],"medium_large":["https:\/\/trading.hhg.vn\/wp-content\/uploads\/2026\/01\/154__hpr02860_tif-768x878.png",768,878,true],"large":["https:\/\/trading.hhg.vn\/wp-content\/uploads\/2026\/01\/154__hpr02860_tif-896x1024.png",896,1024,true],"1536x1536":["https:\/\/trading.hhg.vn\/wp-content\/uploads\/2026\/01\/154__hpr02860_tif-1344x1536.png",1344,1536,true],"2048x2048":["https:\/\/trading.hhg.vn\/wp-content\/uploads\/2026\/01\/154__hpr02860_tif.png",1450,1657,false],"woocommerce_thumbnail":["https:\/\/trading.hhg.vn\/wp-content\/uploads\/2026\/01\/154__hpr02860_tif-600x600.png",600,600,true],"woocommerce_single":["https:\/\/trading.hhg.vn\/wp-content\/uploads\/2026\/01\/154__hpr02860_tif-1200x1371.png",1200,1371,true],"woocommerce_gallery_thumbnail":["https:\/\/trading.hhg.vn\/wp-content\/uploads\/2026\/01\/154__hpr02860_tif-150x171.png",150,171,true],"portfolio_item-thumbnail":["https:\/\/trading.hhg.vn\/wp-content\/uploads\/2026\/01\/154__hpr02860_tif-600x400.png",600,400,true],"portfolio_item-thumbnail@2x":["https:\/\/trading.hhg.vn\/wp-content\/uploads\/2026\/01\/154__hpr02860_tif-1200x800.png",1200,800,true],"portfolio_item-masonry":["https:\/\/trading.hhg.vn\/wp-content\/uploads\/2026\/01\/154__hpr02860_tif-600x686.png",600,686,true],"portfolio_item-masonry@2x":["https:\/\/trading.hhg.vn\/wp-content\/uploads\/2026\/01\/154__hpr02860_tif-1200x1371.png",1200,1371,true],"portfolio_item-thumbnail_cinema":["https:\/\/trading.hhg.vn\/wp-content\/uploads\/2026\/01\/154__hpr02860_tif-800x335.png",800,335,true],"portfolio_item-thumbnail_portrait":["https:\/\/trading.hhg.vn\/wp-content\/uploads\/2026\/01\/154__hpr02860_tif-600x900.png",600,900,true],"portfolio_item-thumbnail_portrait@2x":["https:\/\/trading.hhg.vn\/wp-content\/uploads\/2026\/01\/154__hpr02860_tif-1200x1657.png",1200,1657,true],"portfolio_item-thumbnail_square":["https:\/\/trading.hhg.vn\/wp-content\/uploads\/2026\/01\/154__hpr02860_tif-800x800.png",800,800,true]},"_links":{"self":[{"href":"https:\/\/trading.hhg.vn\/en\/wp-json\/wp\/v2\/product\/147860","targetHints":{"allow":["GET"]}}],"collection":[{"href":"https:\/\/trading.hhg.vn\/en\/wp-json\/wp\/v2\/product"}],"about":[{"href":"https:\/\/trading.hhg.vn\/en\/wp-json\/wp\/v2\/types\/product"}],"replies":[{"embeddable":true,"href":"https:\/\/trading.hhg.vn\/en\/wp-json\/wp\/v2\/comments?post=147860"}],"version-history":[{"count":1,"href":"https:\/\/trading.hhg.vn\/en\/wp-json\/wp\/v2\/product\/147860\/revisions"}],"predecessor-version":[{"id":147981,"href":"https:\/\/trading.hhg.vn\/en\/wp-json\/wp\/v2\/product\/147860\/revisions\/147981"}],"wp:featuredmedia":[{"embeddable":true,"href":"https:\/\/trading.hhg.vn\/en\/wp-json\/wp\/v2\/media\/147858"}],"wp:attachment":[{"href":"https:\/\/trading.hhg.vn\/en\/wp-json\/wp\/v2\/media?parent=147860"}],"wp:term":[{"taxonomy":"product_cat","embeddable":true,"href":"https:\/\/trading.hhg.vn\/en\/wp-json\/wp\/v2\/product_cat?post=147860"},{"taxonomy":"product_tag","embeddable":true,"href":"https:\/\/trading.hhg.vn\/en\/wp-json\/wp\/v2\/product_tag?post=147860"}],"curies":[{"name":"wp","href":"https:\/\/api.w.org\/{rel}","templated":true}]}}