{"id":14908,"date":"2025-11-19T09:07:44","date_gmt":"2025-11-19T02:07:44","guid":{"rendered":"https:\/\/trading.hhg.vn\/?post_type=product&#038;p=14908"},"modified":"2026-01-28T07:41:42","modified_gmt":"2026-01-28T00:41:42","slug":"voi-lavabo-tay-gat-don-280-dung-cho-chau-dat-ban-kem-bo-xa-mat-cat-kim-cuong-axor-citterio","status":"publish","type":"product","link":"https:\/\/trading.hhg.vn\/en\/s\u1ea3n-ph\u1ea9m\/voi-lavabo-tay-gat-don-280-dung-cho-chau-dat-ban-kem-bo-xa-mat-cat-kim-cuong-axor-citterio\/","title":{"rendered":"V\u00f2i lavabo tay g\u1ea1t \u0111\u01a1n 280 d\u00f9ng cho ch\u1eadu \u0111\u1eb7t b\u00e0n k\u00e8m b\u1ed9 x\u1ea3, m\u1eb7t c\u1eaft kim c\u01b0\u01a1ng AXOR Citterio"},"content":{"rendered":"<p><img fetchpriority=\"high\" decoding=\"async\" class=\"alignnone wp-image-7559 aligncenter\" src=\"http:\/\/trading.hhg.vn\/wp-content\/uploads\/2025\/11\/AXOR-Citterio.jpg\" alt=\"\" width=\"606\" height=\"454\" \/>B\u1ed9 s\u01b0u t\u1eadp AXOR Citterio l\u00e0 bi\u1ec3u t\u01b0\u1ee3ng c\u1ee7a thi\u1ebft k\u1ebf ph\u00f2ng t\u1eafm hi\u1ec7n \u0111\u1ea1i v\u1edbi thi\u1ebft k\u1ebf tay c\u1ea7m d\u1ea1ng ch\u1ed1t bi\u1ec3u t\u01b0\u1ee3ng v\u00e0 tay c\u1ea7m ch\u1eef th\u1eadp c\u1ed5 \u0111i\u1ec3n. AXOR Citterio mang \u0111\u1ebfn ng\u00f4n ng\u1eef thi\u1ebft k\u1ebf mang t\u00ednh ki\u1ebfn tr\u00fac v\u00e0 h\u00ecnh h\u1ecdc. T\u1ed1i gi\u1ea3n nh\u01b0ng v\u1eabn to\u00e1t l\u00ean v\u1ebb xa hoa tinh t\u1ebf, b\u1ed9 s\u01b0u t\u1eadp n\u00e0y ph\u00f9 h\u1ee3p ho\u00e0n h\u1ea3o v\u1edbi m\u1ecdi phong c\u00e1ch kh\u00f4ng gian ph\u00f2ng t\u1eafm.<\/p>\n<p>L\u1ea5y c\u1ea3m h\u1ee9ng t\u1eeb ki\u1ebfn tr\u00fac t\u00e2n c\u1ed5 \u0111i\u1ec3n \u00dd, thi\u1ebft k\u1ebf th\u1ec3 hi\u1ec7n tri\u1ebft l\u00fd \u201csang tr\u1ecdng trong \u00e1nh nh\u00ecn th\u1ee9 hai\u201d, \u0111\u1ed3ng th\u1eddi t\u00f4n vinh gi\u00e1 tr\u1ecb v\u00e0 v\u1ebb \u0111\u1eb9p qu\u00fd gi\u00e1 c\u1ee7a n\u01b0\u1edbc. L\u00e0 m\u1ed9t bi\u1ec3u t\u01b0\u1ee3ng v\u01b0\u1ee3t th\u1eddi gian, \u0111\u01b0\u1ee3c \u0111\u1ecbnh h\u00ecnh b\u1edfi t\u1ef7 l\u1ec7 c\u00e2n \u0111\u1ed1i v\u00e0 h\u00ecnh kh\u1ed1i thanh l\u1ecbch, AXOR Citterio h\u00e0i h\u00f2a v\u1edbi m\u1ecdi kh\u00f4ng gian ph\u00f2ng t\u1eafm<\/p>\n","protected":false},"excerpt":{"rendered":"<p>V\u00f2i lavabo AXOR Citterio l\u00e0 ki\u1ec7t t\u00e1c c\u1ee7a s\u1ef1 tinh t\u1ebf, n\u01a1i ngh\u1ec7 thu\u1eadt thi\u1ebft k\u1ebf m\u1eb7t c\u1eaft kim c\u01b0\u01a1ng h\u1ed9i t\u1ee5 c\u00f9ng c\u00f4ng n\u0103ng v\u01b0\u1ee3t tr\u1ed9i. Tay g\u1ea1t \u0111\u01a1n 280 mm kh\u00f4ng ch\u1ec9 mang \u0111\u1ebfn c\u1ea3m gi\u00e1c v\u1eadn h\u00e0nh m\u01b0\u1ee3t m\u00e0, ch\u00ednh x\u00e1c m\u00e0 c\u00f2n l\u00e0 \u0111i\u1ec3m nh\u1ea5n sang tr\u1ecdng cho m\u1ecdi kh\u00f4ng gian ch\u1eadu \u0111\u1eb7t b\u00e0n. C\u00f9ng b\u1ed9 x\u1ea3 \u0111\u1ed3ng b\u1ed9, s\u1ea3n ph\u1ea9m ki\u1ebfn t\u1ea1o tr\u1ea3i nghi\u1ec7m s\u1eed d\u1ee5ng \u0111\u1eb3ng c\u1ea5p, bi\u1ebfn m\u1ed7i kho\u1ea3nh kh\u1eafc t\u1ea1i lavabo th\u00e0nh nghi th\u1ee9c th\u01b0 th\u00e1i, \u0111\u1eadm ch\u1ea5t v\u01b0\u01a1ng gi\u1ea3.<\/p>\n","protected":false},"featured_media":14954,"comment_status":"open","ping_status":"closed","template":"","meta":{"_acf_changed":false},"product_cat":[883],"product_tag":[],"class_list":{"0":"post-14908","1":"product","2":"type-product","3":"status-publish","4":"has-post-thumbnail","6":"product_cat-voi-chau-2","7":"pa_mau-sac-chrome","8":"pa_mau-sac-chrome-den-xuoc","9":"pa_mau-sac-dong-thau-xuoc","10":"pa_mau-sac-dong-xuoc","11":"pa_mau-sac-niken-xuoc","12":"pa_mau-sac-thep-khong-gi","13":"pa_mau-sac-vang-bong","14":"pa_mau-sac-vang-hong-bong","15":"pa_mau-sac-vang-hong-xuoc","16":"pa_mau-sac-vang-xuoc","17":"pa_mau-sac-chrome-den-bong-en","19":"first","20":"instock","21":"shipping-taxable","22":"purchasable","23":"product-type-variable"},"acf":[],"featured_media_urls":{"thumbnail":["https:\/\/trading.hhg.vn\/wp-content\/uploads\/2025\/11\/154__apr05819_tif-150x150.png",150,150,true],"medium":["https:\/\/trading.hhg.vn\/wp-content\/uploads\/2025\/11\/154__apr05819_tif-263x300.png",263,300,true],"medium_large":["https:\/\/trading.hhg.vn\/wp-content\/uploads\/2025\/11\/154__apr05819_tif-768x878.png",768,878,true],"large":["https:\/\/trading.hhg.vn\/wp-content\/uploads\/2025\/11\/154__apr05819_tif-896x1024.png",896,1024,true],"1536x1536":["https:\/\/trading.hhg.vn\/wp-content\/uploads\/2025\/11\/154__apr05819_tif.png",1260,1440,false],"2048x2048":["https:\/\/trading.hhg.vn\/wp-content\/uploads\/2025\/11\/154__apr05819_tif.png",1260,1440,false],"woocommerce_thumbnail":["https:\/\/trading.hhg.vn\/wp-content\/uploads\/2025\/11\/154__apr05819_tif-600x600.png",600,600,true],"woocommerce_single":["https:\/\/trading.hhg.vn\/wp-content\/uploads\/2025\/11\/154__apr05819_tif-1200x1371.png",1200,1371,true],"woocommerce_gallery_thumbnail":["https:\/\/trading.hhg.vn\/wp-content\/uploads\/2025\/11\/154__apr05819_tif-150x171.png",150,171,true],"portfolio_item-thumbnail":["https:\/\/trading.hhg.vn\/wp-content\/uploads\/2025\/11\/154__apr05819_tif.png",350,400,false],"portfolio_item-thumbnail@2x":["https:\/\/trading.hhg.vn\/wp-content\/uploads\/2025\/11\/154__apr05819_tif.png",700,800,false],"portfolio_item-masonry":["https:\/\/trading.hhg.vn\/wp-content\/uploads\/2025\/11\/154__apr05819_tif.png",600,686,false],"portfolio_item-masonry@2x":["https:\/\/trading.hhg.vn\/wp-content\/uploads\/2025\/11\/154__apr05819_tif.png",1200,1371,false],"portfolio_item-thumbnail_cinema":["https:\/\/trading.hhg.vn\/wp-content\/uploads\/2025\/11\/154__apr05819_tif.png",293,335,false],"portfolio_item-thumbnail_portrait":["https:\/\/trading.hhg.vn\/wp-content\/uploads\/2025\/11\/154__apr05819_tif.png",600,686,false],"portfolio_item-thumbnail_portrait@2x":["https:\/\/trading.hhg.vn\/wp-content\/uploads\/2025\/11\/154__apr05819_tif.png",1200,1371,false],"portfolio_item-thumbnail_square":["https:\/\/trading.hhg.vn\/wp-content\/uploads\/2025\/11\/154__apr05819_tif.png",700,800,false]},"_links":{"self":[{"href":"https:\/\/trading.hhg.vn\/en\/wp-json\/wp\/v2\/product\/14908","targetHints":{"allow":["GET"]}}],"collection":[{"href":"https:\/\/trading.hhg.vn\/en\/wp-json\/wp\/v2\/product"}],"about":[{"href":"https:\/\/trading.hhg.vn\/en\/wp-json\/wp\/v2\/types\/product"}],"replies":[{"embeddable":true,"href":"https:\/\/trading.hhg.vn\/en\/wp-json\/wp\/v2\/comments?post=14908"}],"version-history":[{"count":2,"href":"https:\/\/trading.hhg.vn\/en\/wp-json\/wp\/v2\/product\/14908\/revisions"}],"predecessor-version":[{"id":35365,"href":"https:\/\/trading.hhg.vn\/en\/wp-json\/wp\/v2\/product\/14908\/revisions\/35365"}],"wp:featuredmedia":[{"embeddable":true,"href":"https:\/\/trading.hhg.vn\/en\/wp-json\/wp\/v2\/media\/14954"}],"wp:attachment":[{"href":"https:\/\/trading.hhg.vn\/en\/wp-json\/wp\/v2\/media?parent=14908"}],"wp:term":[{"taxonomy":"product_cat","embeddable":true,"href":"https:\/\/trading.hhg.vn\/en\/wp-json\/wp\/v2\/product_cat?post=14908"},{"taxonomy":"product_tag","embeddable":true,"href":"https:\/\/trading.hhg.vn\/en\/wp-json\/wp\/v2\/product_tag?post=14908"}],"curies":[{"name":"wp","href":"https:\/\/api.w.org\/{rel}","templated":true}]}}