{"id":149240,"date":"2026-03-25T14:06:22","date_gmt":"2026-03-25T07:06:22","guid":{"rendered":"https:\/\/trading.hhg.vn\/?post_type=product&#038;p=149240"},"modified":"2026-03-25T14:19:53","modified_gmt":"2026-03-25T07:19:53","slug":"chau-rua-da-granit-pleon-9","status":"publish","type":"product","link":"https:\/\/trading.hhg.vn\/en\/s\u1ea3n-ph\u1ea9m\/chau-rua-da-granit-pleon-9\/","title":{"rendered":"Ch\u1eadu r\u1eeda \u0111\u00e1 Granit PLEON 9"},"content":{"rendered":"<p><img fetchpriority=\"high\" decoding=\"async\" class=\" wp-image-149271 aligncenter\" src=\"https:\/\/trading.hhg.vn\/wp-content\/uploads\/2026\/03\/Untitled-2-6-300x169.jpg\" alt=\"\" width=\"323\" height=\"182\" srcset=\"https:\/\/trading.hhg.vn\/wp-content\/uploads\/2026\/03\/Untitled-2-6-300x169.jpg 300w, https:\/\/trading.hhg.vn\/wp-content\/uploads\/2026\/03\/Untitled-2-6-1024x576.jpg 1024w, https:\/\/trading.hhg.vn\/wp-content\/uploads\/2026\/03\/Untitled-2-6-768x432.jpg 768w, https:\/\/trading.hhg.vn\/wp-content\/uploads\/2026\/03\/Untitled-2-6-1200x675.jpg 1200w, https:\/\/trading.hhg.vn\/wp-content\/uploads\/2026\/03\/Untitled-2-6-150x84.jpg 150w, https:\/\/trading.hhg.vn\/wp-content\/uploads\/2026\/03\/Untitled-2-6.jpg 1480w\" sizes=\"(max-width: 323px) 100vw, 323px\" \/><\/p>\n<p>PLEON 9 s\u1edf h\u1eefu thi\u1ebft k\u1ebf t\u1ed1i gi\u1ea3n v\u1edbi h\u1ed1 r\u1eeda r\u1ed9ng r\u00e3i, mang \u0111\u1ebfn s\u1ef1 ti\u1ec7n nghi v\u01b0\u1ee3t tr\u1ed9i cho m\u1ecdi thao t\u00e1c trong b\u1ebfp. \u0110\u01b0\u1ee3c ch\u1ebf t\u00e1c t\u1eeb ch\u1ea5t li\u1ec7u \u0111\u00e1 Silgranit cao c\u1ea5p, s\u1ea3n ph\u1ea9m c\u00f3 kh\u1ea3 n\u0103ng ch\u1ed1ng tr\u1ea7y x\u01b0\u1edbc, ch\u1ecbu nhi\u1ec7t v\u00e0 d\u1ec5 d\u00e0ng v\u1ec7 sinh. Ki\u1ec3u d\u00e1ng l\u1eafp \u00e2m tinh t\u1ebf gi\u00fap kh\u00f4ng gian b\u1ebfp tr\u1edf n\u00ean li\u1ec1n m\u1ea1ch, g\u1ecdn g\u00e0ng v\u00e0 sang tr\u1ecdng h\u01a1n.<\/p>\n","protected":false},"excerpt":{"rendered":"<ul>\n<li>Thi\u1ebft k\u1ebf thanh l\u1ecbch, th\u1eb3ng t\u1eafp v\u01b0\u1ee3t th\u1eddi gian<\/li>\n<li>R\u00e3nh v\u00f2i r\u1ed9ng r\u00e3i v\u00e0 v\u00e0nh c\u1ea5u h\u00ecnh th\u1ea5p<\/li>\n<li>D\u1ec5 d\u00e0ng l\u00e0m s\u1ea1ch, chuy\u1ec3n ti\u1ebfp hanh th\u00f4ng t\u1eeb v\u00e0nh b\u1ed3n r\u1eeda sang g\u1edd v\u00f2i<\/li>\n<li>C\u00e1c t\u00ednh n\u0103ng ch\u1ea5t l\u01b0\u1ee3ng cao v\u1edbi h\u1ec7 th\u1ed1ng x\u1ea3 tr\u00e0n C v\u00e0 InFino \u2013 \u0111\u01b0\u1ee3c t\u00edch h\u1ee3p thanh l\u1ecbch v\u00e0 d\u1ec5 lau d\u1ecdn<\/li>\n<\/ul>\n","protected":false},"featured_media":149267,"comment_status":"open","ping_status":"closed","template":"","meta":{"_acf_changed":false},"product_cat":[275,83],"product_tag":[],"class_list":{"0":"post-149240","1":"product","2":"type-product","3":"status-publish","4":"has-post-thumbnail","6":"product_cat-thiet-bi-nha-bep","7":"product_cat-chau-rua","8":"pa_mau-sac-antraxit","9":"pa_mau-sac-ca-phe","10":"pa_mau-sac-mau-den","11":"pa_mau-sac-mau-trang","12":"pa_mau-sac-taturfo","13":"pa_mau-sac-trang-min","14":"pa_mau-sac-xam-da","15":"pa_mau-sac-xam-nui-lua","17":"first","18":"instock","19":"shipping-taxable","20":"purchasable","21":"product-type-variable"},"acf":[],"featured_media_urls":{"thumbnail":["https:\/\/trading.hhg.vn\/wp-content\/uploads\/2026\/03\/Artboard-1-150x150.png",150,150,true],"medium":["https:\/\/trading.hhg.vn\/wp-content\/uploads\/2026\/03\/Artboard-1-263x300.png",263,300,true],"medium_large":["https:\/\/trading.hhg.vn\/wp-content\/uploads\/2026\/03\/Artboard-1-768x878.png",768,878,true],"large":["https:\/\/trading.hhg.vn\/wp-content\/uploads\/2026\/03\/Artboard-1.png",827,945,false],"1536x1536":["https:\/\/trading.hhg.vn\/wp-content\/uploads\/2026\/03\/Artboard-1.png",827,945,false],"2048x2048":["https:\/\/trading.hhg.vn\/wp-content\/uploads\/2026\/03\/Artboard-1.png",827,945,false],"woocommerce_thumbnail":["https:\/\/trading.hhg.vn\/wp-content\/uploads\/2026\/03\/Artboard-1-600x600.png",600,600,true],"woocommerce_single":["https:\/\/trading.hhg.vn\/wp-content\/uploads\/2026\/03\/Artboard-1.png",827,945,false],"woocommerce_gallery_thumbnail":["https:\/\/trading.hhg.vn\/wp-content\/uploads\/2026\/03\/Artboard-1-150x171.png",150,171,true],"portfolio_item-thumbnail":["https:\/\/trading.hhg.vn\/wp-content\/uploads\/2026\/03\/Artboard-1.png",350,400,false],"portfolio_item-thumbnail@2x":["https:\/\/trading.hhg.vn\/wp-content\/uploads\/2026\/03\/Artboard-1.png",700,800,false],"portfolio_item-masonry":["https:\/\/trading.hhg.vn\/wp-content\/uploads\/2026\/03\/Artboard-1.png",600,686,false],"portfolio_item-masonry@2x":["https:\/\/trading.hhg.vn\/wp-content\/uploads\/2026\/03\/Artboard-1.png",827,945,false],"portfolio_item-thumbnail_cinema":["https:\/\/trading.hhg.vn\/wp-content\/uploads\/2026\/03\/Artboard-1.png",293,335,false],"portfolio_item-thumbnail_portrait":["https:\/\/trading.hhg.vn\/wp-content\/uploads\/2026\/03\/Artboard-1.png",600,686,false],"portfolio_item-thumbnail_portrait@2x":["https:\/\/trading.hhg.vn\/wp-content\/uploads\/2026\/03\/Artboard-1.png",827,945,false],"portfolio_item-thumbnail_square":["https:\/\/trading.hhg.vn\/wp-content\/uploads\/2026\/03\/Artboard-1.png",700,800,false]},"_links":{"self":[{"href":"https:\/\/trading.hhg.vn\/en\/wp-json\/wp\/v2\/product\/149240","targetHints":{"allow":["GET"]}}],"collection":[{"href":"https:\/\/trading.hhg.vn\/en\/wp-json\/wp\/v2\/product"}],"about":[{"href":"https:\/\/trading.hhg.vn\/en\/wp-json\/wp\/v2\/types\/product"}],"replies":[{"embeddable":true,"href":"https:\/\/trading.hhg.vn\/en\/wp-json\/wp\/v2\/comments?post=149240"}],"version-history":[{"count":3,"href":"https:\/\/trading.hhg.vn\/en\/wp-json\/wp\/v2\/product\/149240\/revisions"}],"predecessor-version":[{"id":149275,"href":"https:\/\/trading.hhg.vn\/en\/wp-json\/wp\/v2\/product\/149240\/revisions\/149275"}],"wp:featuredmedia":[{"embeddable":true,"href":"https:\/\/trading.hhg.vn\/en\/wp-json\/wp\/v2\/media\/149267"}],"wp:attachment":[{"href":"https:\/\/trading.hhg.vn\/en\/wp-json\/wp\/v2\/media?parent=149240"}],"wp:term":[{"taxonomy":"product_cat","embeddable":true,"href":"https:\/\/trading.hhg.vn\/en\/wp-json\/wp\/v2\/product_cat?post=149240"},{"taxonomy":"product_tag","embeddable":true,"href":"https:\/\/trading.hhg.vn\/en\/wp-json\/wp\/v2\/product_tag?post=149240"}],"curies":[{"name":"wp","href":"https:\/\/api.w.org\/{rel}","templated":true}]}}