{"id":149290,"date":"2026-03-25T14:32:57","date_gmt":"2026-03-25T07:32:57","guid":{"rendered":"https:\/\/trading.hhg.vn\/?post_type=product&#038;p=149290"},"modified":"2026-03-25T14:33:39","modified_gmt":"2026-03-25T07:33:39","slug":"chau-rua-thep-khong-gi-zerox-700-if","status":"publish","type":"product","link":"https:\/\/trading.hhg.vn\/en\/s\u1ea3n-ph\u1ea9m\/chau-rua-thep-khong-gi-zerox-700-if\/","title":{"rendered":"Ch\u1eadu r\u1eeda th\u00e9p kh\u00f4ng g\u1ec9 ZEROX 700-IF"},"content":{"rendered":"<p><img fetchpriority=\"high\" decoding=\"async\" class=\"alignnone wp-image-149291 aligncenter\" src=\"https:\/\/trading.hhg.vn\/wp-content\/uploads\/2026\/03\/Untitled-2-7-300x169.jpg\" alt=\"\" width=\"376\" height=\"212\" srcset=\"https:\/\/trading.hhg.vn\/wp-content\/uploads\/2026\/03\/Untitled-2-7-300x169.jpg 300w, https:\/\/trading.hhg.vn\/wp-content\/uploads\/2026\/03\/Untitled-2-7-1024x576.jpg 1024w, https:\/\/trading.hhg.vn\/wp-content\/uploads\/2026\/03\/Untitled-2-7-768x432.jpg 768w, https:\/\/trading.hhg.vn\/wp-content\/uploads\/2026\/03\/Untitled-2-7-1200x675.jpg 1200w, https:\/\/trading.hhg.vn\/wp-content\/uploads\/2026\/03\/Untitled-2-7-150x84.jpg 150w, https:\/\/trading.hhg.vn\/wp-content\/uploads\/2026\/03\/Untitled-2-7.jpg 1480w\" sizes=\"(max-width: 376px) 100vw, 376px\" \/>ZEROX 700-IF g\u00e2y \u1ea5n t\u01b0\u1ee3ng v\u1edbi thi\u1ebft k\u1ebf vu\u00f4ng v\u1ee9c, \u0111\u01b0\u1eddng n\u00e9t th\u1eb3ng tinh x\u1ea3o, ph\u00f9 h\u1ee3p v\u1edbi phong c\u00e1ch b\u1ebfp hi\u1ec7n \u0111\u1ea1i v\u00e0 t\u1ed1i gi\u1ea3n. Ch\u1eadu \u0111\u01b0\u1ee3c l\u00e0m t\u1eeb th\u00e9p kh\u00f4ng g\u1ec9 cao c\u1ea5p, \u0111\u1ea3m b\u1ea3o \u0111\u1ed9 b\u1ec1n cao v\u00e0 kh\u1ea3 n\u0103ng ch\u1ed1ng \u0103n m\u00f2n t\u1ed1i \u01b0u. Ki\u1ec3u l\u1eafp IF linh ho\u1ea1t (l\u1eafp n\u1ed5i ho\u1eb7c \u00e2m) mang \u0111\u1ebfn s\u1ef1 ti\u1ec7n l\u1ee3i trong thi c\u00f4ng, trong khi l\u00f2ng ch\u1eadu r\u1ed9ng r\u00e3i gi\u00fap t\u1ed1i \u01b0u h\u00f3a kh\u00f4ng gian s\u1eed d\u1ee5ng h\u00e0ng ng\u00e0y.<\/p>\n","protected":false},"excerpt":{"rendered":"<ul>\n<li>b\u1ed3n r\u1eeda th\u00e9p kh\u00f4ng g\u1ec9 l\u1ec7ch g\u00f3c ph\u1ea3i sang tr\u1ecdng v\u1edbi b\u1ec1 m\u1eb7t m\u00e0u x\u00e1m \u0111en thanh l\u1ecbch<\/li>\n<li>D\u1ec5 ch\u1ecbu khi ti\u1ebfp x\u00fac nh\u1edd th\u00e9p kh\u00f4ng g\u1ec9 ch\u1ea5t l\u01b0\u1ee3ng cao, tinh khi\u1ebft, kh\u00f4ng c\u00f3 l\u1edbp ph\u1ee7<\/li>\n<li>Pha tr\u1ed9n b\u1ec1 m\u1eb7t h\u00e0i h\u00f2a: V\u00e0nh \u1ea9n b\u00ean trong v\u00e0 l\u1ed7 tho\u00e1t n\u01b0\u1edbc \u0111\u00e1nh d\u1ea5u phong c\u00e1ch \u0111\u1eb7c tr\u01b0ng b\u1eb1ng th\u00e9p kh\u00f4ng g\u1ec9 \u0111\u00e1nh b\u00f3ng ho\u00e0n thi\u1ec7n<\/li>\n<li>\u0110a n\u0103ng: C\u00f3 th\u1ec3 k\u1ebft h\u1ee3p v\u1edbi m\u1ed9t d\u1ea3i r\u1ea5t nhi\u1ec1u m\u00e0u s\u1eafc v\u00e0 v\u1eadt li\u1ec7u<\/li>\n<li>B\u1ec1 m\u1eb7t d\u1ec5 lau ch\u00f9i: D\u1ec5 d\u00e0ng lo\u1ea1i b\u1ecf d\u1ea5u v\u00e2n tay v\u00e0 b\u1ee5i b\u1ea9n<\/li>\n<li>Thi\u1ebft b\u1ecb ch\u1ea5t l\u01b0\u1ee3ng cao v\u1edbi h\u1ec7 th\u1ed1ng tho\u00e1t n\u01b0\u1edbc InFino &#8211; thanh l\u1ecbch v\u00e0 d\u1ec5 lau d\u1ecdn<\/li>\n<\/ul>\n","protected":false},"featured_media":149293,"comment_status":"open","ping_status":"closed","template":"","meta":{"_acf_changed":false},"product_cat":[275,83],"product_tag":[],"class_list":{"0":"post-149290","1":"product","2":"type-product","3":"status-publish","4":"has-post-thumbnail","6":"product_cat-thiet-bi-nha-bep","7":"product_cat-chau-rua","8":"pa_mau-sac-thep-khong-gi","9":"pa_mau-sac-danh-bong-sa-tanh","10":"pa_mau-sac-thep-toi-mau","12":"first","13":"instock","14":"shipping-taxable","15":"purchasable","16":"product-type-variable"},"acf":[],"featured_media_urls":{"thumbnail":["https:\/\/trading.hhg.vn\/wp-content\/uploads\/2026\/03\/Artboard-1-5-150x150.png",150,150,true],"medium":["https:\/\/trading.hhg.vn\/wp-content\/uploads\/2026\/03\/Artboard-1-5-263x300.png",263,300,true],"medium_large":["https:\/\/trading.hhg.vn\/wp-content\/uploads\/2026\/03\/Artboard-1-5-768x878.png",768,878,true],"large":["https:\/\/trading.hhg.vn\/wp-content\/uploads\/2026\/03\/Artboard-1-5.png",827,945,false],"1536x1536":["https:\/\/trading.hhg.vn\/wp-content\/uploads\/2026\/03\/Artboard-1-5.png",827,945,false],"2048x2048":["https:\/\/trading.hhg.vn\/wp-content\/uploads\/2026\/03\/Artboard-1-5.png",827,945,false],"woocommerce_thumbnail":["https:\/\/trading.hhg.vn\/wp-content\/uploads\/2026\/03\/Artboard-1-5-600x600.png",600,600,true],"woocommerce_single":["https:\/\/trading.hhg.vn\/wp-content\/uploads\/2026\/03\/Artboard-1-5.png",827,945,false],"woocommerce_gallery_thumbnail":["https:\/\/trading.hhg.vn\/wp-content\/uploads\/2026\/03\/Artboard-1-5-150x171.png",150,171,true],"portfolio_item-thumbnail":["https:\/\/trading.hhg.vn\/wp-content\/uploads\/2026\/03\/Artboard-1-5.png",350,400,false],"portfolio_item-thumbnail@2x":["https:\/\/trading.hhg.vn\/wp-content\/uploads\/2026\/03\/Artboard-1-5.png",700,800,false],"portfolio_item-masonry":["https:\/\/trading.hhg.vn\/wp-content\/uploads\/2026\/03\/Artboard-1-5.png",600,686,false],"portfolio_item-masonry@2x":["https:\/\/trading.hhg.vn\/wp-content\/uploads\/2026\/03\/Artboard-1-5.png",827,945,false],"portfolio_item-thumbnail_cinema":["https:\/\/trading.hhg.vn\/wp-content\/uploads\/2026\/03\/Artboard-1-5.png",293,335,false],"portfolio_item-thumbnail_portrait":["https:\/\/trading.hhg.vn\/wp-content\/uploads\/2026\/03\/Artboard-1-5.png",600,686,false],"portfolio_item-thumbnail_portrait@2x":["https:\/\/trading.hhg.vn\/wp-content\/uploads\/2026\/03\/Artboard-1-5.png",827,945,false],"portfolio_item-thumbnail_square":["https:\/\/trading.hhg.vn\/wp-content\/uploads\/2026\/03\/Artboard-1-5.png",700,800,false]},"_links":{"self":[{"href":"https:\/\/trading.hhg.vn\/en\/wp-json\/wp\/v2\/product\/149290","targetHints":{"allow":["GET"]}}],"collection":[{"href":"https:\/\/trading.hhg.vn\/en\/wp-json\/wp\/v2\/product"}],"about":[{"href":"https:\/\/trading.hhg.vn\/en\/wp-json\/wp\/v2\/types\/product"}],"replies":[{"embeddable":true,"href":"https:\/\/trading.hhg.vn\/en\/wp-json\/wp\/v2\/comments?post=149290"}],"version-history":[{"count":3,"href":"https:\/\/trading.hhg.vn\/en\/wp-json\/wp\/v2\/product\/149290\/revisions"}],"predecessor-version":[{"id":149319,"href":"https:\/\/trading.hhg.vn\/en\/wp-json\/wp\/v2\/product\/149290\/revisions\/149319"}],"wp:featuredmedia":[{"embeddable":true,"href":"https:\/\/trading.hhg.vn\/en\/wp-json\/wp\/v2\/media\/149293"}],"wp:attachment":[{"href":"https:\/\/trading.hhg.vn\/en\/wp-json\/wp\/v2\/media?parent=149290"}],"wp:term":[{"taxonomy":"product_cat","embeddable":true,"href":"https:\/\/trading.hhg.vn\/en\/wp-json\/wp\/v2\/product_cat?post=149290"},{"taxonomy":"product_tag","embeddable":true,"href":"https:\/\/trading.hhg.vn\/en\/wp-json\/wp\/v2\/product_tag?post=149290"}],"curies":[{"name":"wp","href":"https:\/\/api.w.org\/{rel}","templated":true}]}}