{"id":149318,"date":"2026-03-25T14:42:28","date_gmt":"2026-03-25T07:42:28","guid":{"rendered":"https:\/\/trading.hhg.vn\/?post_type=product&#038;p=149318"},"modified":"2026-03-25T14:42:28","modified_gmt":"2026-03-25T07:42:28","slug":"chau-rua-thep-khong-gi-andano-700-if-a","status":"publish","type":"product","link":"https:\/\/trading.hhg.vn\/en\/s\u1ea3n-ph\u1ea9m\/chau-rua-thep-khong-gi-andano-700-if-a\/","title":{"rendered":"Ch\u1eadu r\u1eeda th\u00e9p kh\u00f4ng g\u1ec9 ANDANO 700-IF\/A"},"content":{"rendered":"<p><img fetchpriority=\"high\" decoding=\"async\" class=\"wp-image-149326 aligncenter\" src=\"https:\/\/trading.hhg.vn\/wp-content\/uploads\/2026\/03\/Untitled-2-8-300x169.jpg\" alt=\"\" width=\"318\" height=\"179\" srcset=\"https:\/\/trading.hhg.vn\/wp-content\/uploads\/2026\/03\/Untitled-2-8-300x169.jpg 300w, https:\/\/trading.hhg.vn\/wp-content\/uploads\/2026\/03\/Untitled-2-8-1024x576.jpg 1024w, https:\/\/trading.hhg.vn\/wp-content\/uploads\/2026\/03\/Untitled-2-8-768x432.jpg 768w, https:\/\/trading.hhg.vn\/wp-content\/uploads\/2026\/03\/Untitled-2-8-1200x675.jpg 1200w, https:\/\/trading.hhg.vn\/wp-content\/uploads\/2026\/03\/Untitled-2-8-150x84.jpg 150w, https:\/\/trading.hhg.vn\/wp-content\/uploads\/2026\/03\/Untitled-2-8.jpg 1480w\" sizes=\"(max-width: 318px) 100vw, 318px\" \/>ANDANO 700-IF\/A n\u1ed5i b\u1eadt v\u1edbi thi\u1ebft k\u1ebf hi\u1ec7n \u0111\u1ea1i, \u0111\u01b0\u1eddng n\u00e9t thanh g\u1ecdn c\u00f9ng l\u00f2ng ch\u1eadu r\u1ed9ng r\u00e3i, \u0111\u00e1p \u1ee9ng t\u1ed1t nhu c\u1ea7u s\u1eed d\u1ee5ng h\u00e0ng ng\u00e0y. S\u1ea3n ph\u1ea9m \u0111\u01b0\u1ee3c ch\u1ebf t\u00e1c t\u1eeb th\u00e9p kh\u00f4ng g\u1ec9 cao c\u1ea5p, b\u1ec1n b\u1ec9 v\u00e0 d\u1ec5 v\u1ec7 sinh. Ki\u1ec3u l\u1eafp IF\/A linh ho\u1ea1t cho ph\u00e9p l\u1eafp n\u1ed5i ho\u1eb7c \u00e2m, mang l\u1ea1i s\u1ef1 thu\u1eadn ti\u1ec7n trong thi c\u00f4ng v\u00e0 t\u1ea1o n\u00ean t\u1ed5ng th\u1ec3 b\u1ebfp li\u1ec1n m\u1ea1ch, sang tr\u1ecdng.<\/p>\n","protected":false},"excerpt":{"rendered":"<ul>\n<li>S\u1ef1 k\u1ebft h\u1ee3p \u0111\u1ed9c \u0111\u00e1o gi\u1eefa c\u00e1c y\u1ebfu t\u1ed1 quang h\u1ecdc v\u00e0 ch\u1ee9c n\u0103ng<\/li>\n<li>S\u1ef1 h\u00e0i h\u00f2a gi\u1eefa c\u00e1c \u0111\u01b0\u1eddng cong v\u00e0 thi\u1ebft k\u1ebf b\u1ec1 m\u1eb7t t\u1ea1o n\u00ean v\u1ebb hi\u1ec7n \u0111\u1ea1i<\/li>\n<li>Khu v\u1ef1c t\u1eafm \u0111\u01b0\u1ee3c thi\u1ebft k\u1ebf trang nh\u00e3 v\u1edbi g\u1edd v\u00f2i t\u00edch h\u1ee3p ch\u1ec9 trong m\u1ed9t \u0111\u01b0\u1eddng c\u1eaft tr\u00ean m\u1eb7t b\u00e0n<\/li>\n<li>C\u00e1c t\u00ednh n\u0103ng ch\u1ea5t l\u01b0\u1ee3ng cao bao g\u1ed3m h\u1ec7 th\u1ed1ng tr\u00e0n ch\u1eef C c\u00f3 n\u1eafp \u0111\u1eady v\u00e0 h\u1ec7 th\u1ed1ng tho\u00e1t n\u01b0\u1edbc InFino v\u1edbi PushControl &#8211; \u0111i\u1ec1u khi\u1ec3n t\u1eeb xa m\u1ecfng v\u00e0 tr\u1ef1c quan<\/li>\n<li>Dung t\u00edch b\u1ed3n l\u1edbn v\u00e0 \u0111\u1ebf c\u00f3 th\u1ec3 s\u1eed d\u1ee5ng t\u1ed1i \u0111a<\/li>\n<li>C\u00f3 s\u1eb5n c\u00e1c ph\u1ee5 ki\u1ec7n cao c\u1ea5p t\u00f9y ch\u1ecdn<\/li>\n<\/ul>\n","protected":false},"featured_media":149320,"comment_status":"open","ping_status":"closed","template":"","meta":{"_acf_changed":false},"product_cat":[27],"product_tag":[],"class_list":{"0":"post-149318","1":"product","2":"type-product","3":"status-publish","4":"has-post-thumbnail","6":"product_cat-accessories","8":"first","9":"instock","10":"shipping-taxable","11":"purchasable","12":"product-type-simple"},"acf":[],"featured_media_urls":{"thumbnail":["https:\/\/trading.hhg.vn\/wp-content\/uploads\/2026\/03\/Artboard-1-7-150x150.png",150,150,true],"medium":["https:\/\/trading.hhg.vn\/wp-content\/uploads\/2026\/03\/Artboard-1-7-263x300.png",263,300,true],"medium_large":["https:\/\/trading.hhg.vn\/wp-content\/uploads\/2026\/03\/Artboard-1-7-768x878.png",768,878,true],"large":["https:\/\/trading.hhg.vn\/wp-content\/uploads\/2026\/03\/Artboard-1-7.png",827,945,false],"1536x1536":["https:\/\/trading.hhg.vn\/wp-content\/uploads\/2026\/03\/Artboard-1-7.png",827,945,false],"2048x2048":["https:\/\/trading.hhg.vn\/wp-content\/uploads\/2026\/03\/Artboard-1-7.png",827,945,false],"woocommerce_thumbnail":["https:\/\/trading.hhg.vn\/wp-content\/uploads\/2026\/03\/Artboard-1-7-600x600.png",600,600,true],"woocommerce_single":["https:\/\/trading.hhg.vn\/wp-content\/uploads\/2026\/03\/Artboard-1-7.png",827,945,false],"woocommerce_gallery_thumbnail":["https:\/\/trading.hhg.vn\/wp-content\/uploads\/2026\/03\/Artboard-1-7-150x171.png",150,171,true],"portfolio_item-thumbnail":["https:\/\/trading.hhg.vn\/wp-content\/uploads\/2026\/03\/Artboard-1-7.png",350,400,false],"portfolio_item-thumbnail@2x":["https:\/\/trading.hhg.vn\/wp-content\/uploads\/2026\/03\/Artboard-1-7.png",700,800,false],"portfolio_item-masonry":["https:\/\/trading.hhg.vn\/wp-content\/uploads\/2026\/03\/Artboard-1-7.png",600,686,false],"portfolio_item-masonry@2x":["https:\/\/trading.hhg.vn\/wp-content\/uploads\/2026\/03\/Artboard-1-7.png",827,945,false],"portfolio_item-thumbnail_cinema":["https:\/\/trading.hhg.vn\/wp-content\/uploads\/2026\/03\/Artboard-1-7.png",293,335,false],"portfolio_item-thumbnail_portrait":["https:\/\/trading.hhg.vn\/wp-content\/uploads\/2026\/03\/Artboard-1-7.png",600,686,false],"portfolio_item-thumbnail_portrait@2x":["https:\/\/trading.hhg.vn\/wp-content\/uploads\/2026\/03\/Artboard-1-7.png",827,945,false],"portfolio_item-thumbnail_square":["https:\/\/trading.hhg.vn\/wp-content\/uploads\/2026\/03\/Artboard-1-7.png",700,800,false]},"_links":{"self":[{"href":"https:\/\/trading.hhg.vn\/en\/wp-json\/wp\/v2\/product\/149318","targetHints":{"allow":["GET"]}}],"collection":[{"href":"https:\/\/trading.hhg.vn\/en\/wp-json\/wp\/v2\/product"}],"about":[{"href":"https:\/\/trading.hhg.vn\/en\/wp-json\/wp\/v2\/types\/product"}],"replies":[{"embeddable":true,"href":"https:\/\/trading.hhg.vn\/en\/wp-json\/wp\/v2\/comments?post=149318"}],"version-history":[{"count":3,"href":"https:\/\/trading.hhg.vn\/en\/wp-json\/wp\/v2\/product\/149318\/revisions"}],"predecessor-version":[{"id":149331,"href":"https:\/\/trading.hhg.vn\/en\/wp-json\/wp\/v2\/product\/149318\/revisions\/149331"}],"wp:featuredmedia":[{"embeddable":true,"href":"https:\/\/trading.hhg.vn\/en\/wp-json\/wp\/v2\/media\/149320"}],"wp:attachment":[{"href":"https:\/\/trading.hhg.vn\/en\/wp-json\/wp\/v2\/media?parent=149318"}],"wp:term":[{"taxonomy":"product_cat","embeddable":true,"href":"https:\/\/trading.hhg.vn\/en\/wp-json\/wp\/v2\/product_cat?post=149318"},{"taxonomy":"product_tag","embeddable":true,"href":"https:\/\/trading.hhg.vn\/en\/wp-json\/wp\/v2\/product_tag?post=149318"}],"curies":[{"name":"wp","href":"https:\/\/api.w.org\/{rel}","templated":true}]}}