{"id":149330,"date":"2026-03-25T14:55:38","date_gmt":"2026-03-25T07:55:38","guid":{"rendered":"https:\/\/trading.hhg.vn\/?post_type=product&#038;p=149330"},"modified":"2026-03-25T15:14:04","modified_gmt":"2026-03-25T08:14:04","slug":"chau-rua-da-adira-xl-6-s","status":"publish","type":"product","link":"https:\/\/trading.hhg.vn\/en\/s\u1ea3n-ph\u1ea9m\/chau-rua-da-adira-xl-6-s\/","title":{"rendered":"Ch\u1eadu r\u1eeda \u0111\u00e1 ADIRA XL 6 S"},"content":{"rendered":"<p><img fetchpriority=\"high\" decoding=\"async\" class=\" wp-image-149340 aligncenter\" src=\"https:\/\/trading.hhg.vn\/wp-content\/uploads\/2026\/03\/Untitled-2-9-300x169.jpg\" alt=\"\" width=\"462\" height=\"260\" srcset=\"https:\/\/trading.hhg.vn\/wp-content\/uploads\/2026\/03\/Untitled-2-9-300x169.jpg 300w, https:\/\/trading.hhg.vn\/wp-content\/uploads\/2026\/03\/Untitled-2-9-1024x576.jpg 1024w, https:\/\/trading.hhg.vn\/wp-content\/uploads\/2026\/03\/Untitled-2-9-768x432.jpg 768w, https:\/\/trading.hhg.vn\/wp-content\/uploads\/2026\/03\/Untitled-2-9-1200x675.jpg 1200w, https:\/\/trading.hhg.vn\/wp-content\/uploads\/2026\/03\/Untitled-2-9-150x84.jpg 150w, https:\/\/trading.hhg.vn\/wp-content\/uploads\/2026\/03\/Untitled-2-9.jpg 1480w\" sizes=\"(max-width: 462px) 100vw, 462px\" \/><\/p>\n<p>ADIRA XL 6 S n\u1ed5i b\u1eadt v\u1edbi thi\u1ebft k\u1ebf h\u1ed1 r\u1eeda l\u1edbn k\u1ebft h\u1ee3p b\u00e0n ch\u1edd ti\u1ec7n l\u1ee3i, mang \u0111\u1ebfn s\u1ef1 linh ho\u1ea1t trong qu\u00e1 tr\u00ecnh s\u01a1 ch\u1ebf v\u00e0 l\u00e0m b\u1ebfp. S\u1ea3n ph\u1ea9m \u0111\u01b0\u1ee3c l\u00e0m t\u1eeb ch\u1ea5t li\u1ec7u \u0111\u00e1 Silgranit cao c\u1ea5p, c\u00f3 kh\u1ea3 n\u0103ng ch\u1ed1ng tr\u1ea7y x\u01b0\u1edbc, ch\u1ecbu nhi\u1ec7t v\u00e0 d\u1ec5 d\u00e0ng v\u1ec7 sinh. Ki\u1ec3u d\u00e1ng hi\u1ec7n \u0111\u1ea1i c\u00f9ng t\u00ednh c\u00f4ng n\u0103ng cao gi\u00fap ADIRA XL 6 S tr\u1edf th\u00e0nh l\u1ef1a ch\u1ecdn l\u00fd t\u01b0\u1edfng cho kh\u00f4ng gian b\u1ebfp n\u0103ng \u0111\u1ed9ng v\u00e0 ti\u1ec7n nghi.<\/p>\n","protected":false},"excerpt":{"rendered":"<ul>\n<li data-section-id=\"etjbt3\" data-start=\"78\" data-end=\"133\">Kh\u00f4ng gian r\u1ed9ng r\u00e3i, t\u1ed1i \u01b0u m\u1ecdi thao t\u00e1c b\u1ebfp.<\/li>\n<li data-section-id=\"1df39zx\" data-start=\"134\" data-end=\"222\">Thi\u1ebft k\u1ebf ti\u1ec7n d\u1ee5ng v\u1edbi b\u00e0n ch\u1edd, n\u00e2ng cao tr\u1ea3i nghi\u1ec7m n\u1ea5u n\u01b0\u1edbng m\u1ed7i ng\u00e0y.<\/li>\n<li data-section-id=\"uvhq7z\" data-start=\"223\" data-end=\"284\">Gi\u1ea3i ph\u00e1p ch\u1eadu \u0111\u00e1 b\u1ec1n b\u1ec9 cho gian b\u1ebfp hi\u1ec7n \u0111\u1ea1i.<\/li>\n<\/ul>\n","protected":false},"featured_media":149332,"comment_status":"open","ping_status":"closed","template":"","meta":{"_acf_changed":false},"product_cat":[275,83],"product_tag":[],"class_list":{"0":"post-149330","1":"product","2":"type-product","3":"status-publish","4":"has-post-thumbnail","6":"product_cat-thiet-bi-nha-bep","7":"product_cat-chau-rua","8":"pa_mau-sac-antraxit","9":"pa_mau-sac-ca-phe","10":"pa_mau-sac-mau-den","11":"pa_mau-sac-mau-trang","12":"pa_mau-sac-taturfo","13":"pa_mau-sac-trang-min","14":"pa_mau-sac-xam-da","15":"pa_mau-sac-xam-nui-lua","17":"first","18":"instock","19":"shipping-taxable","20":"purchasable","21":"product-type-variable"},"acf":[],"featured_media_urls":{"thumbnail":["https:\/\/trading.hhg.vn\/wp-content\/uploads\/2026\/03\/Artboard-1-8-150x150.png",150,150,true],"medium":["https:\/\/trading.hhg.vn\/wp-content\/uploads\/2026\/03\/Artboard-1-8-263x300.png",263,300,true],"medium_large":["https:\/\/trading.hhg.vn\/wp-content\/uploads\/2026\/03\/Artboard-1-8-768x878.png",768,878,true],"large":["https:\/\/trading.hhg.vn\/wp-content\/uploads\/2026\/03\/Artboard-1-8.png",827,945,false],"1536x1536":["https:\/\/trading.hhg.vn\/wp-content\/uploads\/2026\/03\/Artboard-1-8.png",827,945,false],"2048x2048":["https:\/\/trading.hhg.vn\/wp-content\/uploads\/2026\/03\/Artboard-1-8.png",827,945,false],"woocommerce_thumbnail":["https:\/\/trading.hhg.vn\/wp-content\/uploads\/2026\/03\/Artboard-1-8-600x600.png",600,600,true],"woocommerce_single":["https:\/\/trading.hhg.vn\/wp-content\/uploads\/2026\/03\/Artboard-1-8.png",827,945,false],"woocommerce_gallery_thumbnail":["https:\/\/trading.hhg.vn\/wp-content\/uploads\/2026\/03\/Artboard-1-8-150x171.png",150,171,true],"portfolio_item-thumbnail":["https:\/\/trading.hhg.vn\/wp-content\/uploads\/2026\/03\/Artboard-1-8.png",350,400,false],"portfolio_item-thumbnail@2x":["https:\/\/trading.hhg.vn\/wp-content\/uploads\/2026\/03\/Artboard-1-8.png",700,800,false],"portfolio_item-masonry":["https:\/\/trading.hhg.vn\/wp-content\/uploads\/2026\/03\/Artboard-1-8.png",600,686,false],"portfolio_item-masonry@2x":["https:\/\/trading.hhg.vn\/wp-content\/uploads\/2026\/03\/Artboard-1-8.png",827,945,false],"portfolio_item-thumbnail_cinema":["https:\/\/trading.hhg.vn\/wp-content\/uploads\/2026\/03\/Artboard-1-8.png",293,335,false],"portfolio_item-thumbnail_portrait":["https:\/\/trading.hhg.vn\/wp-content\/uploads\/2026\/03\/Artboard-1-8.png",600,686,false],"portfolio_item-thumbnail_portrait@2x":["https:\/\/trading.hhg.vn\/wp-content\/uploads\/2026\/03\/Artboard-1-8.png",827,945,false],"portfolio_item-thumbnail_square":["https:\/\/trading.hhg.vn\/wp-content\/uploads\/2026\/03\/Artboard-1-8.png",700,800,false]},"_links":{"self":[{"href":"https:\/\/trading.hhg.vn\/en\/wp-json\/wp\/v2\/product\/149330","targetHints":{"allow":["GET"]}}],"collection":[{"href":"https:\/\/trading.hhg.vn\/en\/wp-json\/wp\/v2\/product"}],"about":[{"href":"https:\/\/trading.hhg.vn\/en\/wp-json\/wp\/v2\/types\/product"}],"replies":[{"embeddable":true,"href":"https:\/\/trading.hhg.vn\/en\/wp-json\/wp\/v2\/comments?post=149330"}],"version-history":[{"count":2,"href":"https:\/\/trading.hhg.vn\/en\/wp-json\/wp\/v2\/product\/149330\/revisions"}],"predecessor-version":[{"id":149343,"href":"https:\/\/trading.hhg.vn\/en\/wp-json\/wp\/v2\/product\/149330\/revisions\/149343"}],"wp:featuredmedia":[{"embeddable":true,"href":"https:\/\/trading.hhg.vn\/en\/wp-json\/wp\/v2\/media\/149332"}],"wp:attachment":[{"href":"https:\/\/trading.hhg.vn\/en\/wp-json\/wp\/v2\/media?parent=149330"}],"wp:term":[{"taxonomy":"product_cat","embeddable":true,"href":"https:\/\/trading.hhg.vn\/en\/wp-json\/wp\/v2\/product_cat?post=149330"},{"taxonomy":"product_tag","embeddable":true,"href":"https:\/\/trading.hhg.vn\/en\/wp-json\/wp\/v2\/product_tag?post=149330"}],"curies":[{"name":"wp","href":"https:\/\/api.w.org\/{rel}","templated":true}]}}