{"id":149450,"date":"2026-03-25T16:09:42","date_gmt":"2026-03-25T09:09:42","guid":{"rendered":"https:\/\/trading.hhg.vn\/?post_type=product&#038;p=149450"},"modified":"2026-03-26T09:31:04","modified_gmt":"2026-03-26T02:31:04","slug":"voi-bep-catris-s-flexo","status":"publish","type":"product","link":"https:\/\/trading.hhg.vn\/en\/s\u1ea3n-ph\u1ea9m\/voi-bep-catris-s-flexo\/","title":{"rendered":"V\u00f2i b\u1ebfp CATRIS-S Flexo"},"content":{"rendered":"<p><img fetchpriority=\"high\" decoding=\"async\" class=\" wp-image-149455 aligncenter\" src=\"https:\/\/trading.hhg.vn\/wp-content\/uploads\/2026\/03\/Untitled-2-12-300x169.jpg\" alt=\"\" width=\"531\" height=\"299\" srcset=\"https:\/\/trading.hhg.vn\/wp-content\/uploads\/2026\/03\/Untitled-2-12-300x169.jpg 300w, https:\/\/trading.hhg.vn\/wp-content\/uploads\/2026\/03\/Untitled-2-12-1024x576.jpg 1024w, https:\/\/trading.hhg.vn\/wp-content\/uploads\/2026\/03\/Untitled-2-12-768x432.jpg 768w, https:\/\/trading.hhg.vn\/wp-content\/uploads\/2026\/03\/Untitled-2-12-1200x675.jpg 1200w, https:\/\/trading.hhg.vn\/wp-content\/uploads\/2026\/03\/Untitled-2-12-150x84.jpg 150w, https:\/\/trading.hhg.vn\/wp-content\/uploads\/2026\/03\/Untitled-2-12.jpg 1480w\" sizes=\"(max-width: 531px) 100vw, 531px\" \/><\/p>\n<p>CATRIS-S Flexo n\u1ed5i b\u1eadt v\u1edbi thi\u1ebft k\u1ebf c\u1ea7n v\u00f2i m\u1ec1m d\u1ebbo, linh ho\u1ea1t, gi\u00fap b\u1ea1n d\u1ec5 d\u00e0ng \u0111i\u1ec1u ch\u1ec9nh h\u01b0\u1edbng n\u01b0\u1edbc theo nhu c\u1ea7u. S\u1ea3n ph\u1ea9m k\u1ebft h\u1ee3p b\u1ec1n b\u1ec9 v\u1edbi ch\u1ea5t li\u1ec7u cao c\u1ea5p, ch\u1ed1ng tr\u1ea7y x\u01b0\u1edbc v\u00e0 d\u1ec5 v\u1ec7 sinh, \u0111\u1ed3ng th\u1eddi mang \u0111\u1ebfn s\u1ef1 \u0111\u1ed3ng b\u1ed9 th\u1ea9m m\u1ef9 khi k\u1ebft h\u1ee3p v\u1edbi c\u00e1c ch\u1eadu r\u1eeda hi\u1ec7n \u0111\u1ea1i. Thi\u1ebft k\u1ebf tinh g\u1ecdn, ti\u1ec7n d\u1ee5ng ph\u00f9 h\u1ee3p cho c\u1ea3 gian b\u1ebfp nh\u1ecf v\u00e0 l\u1edbn.<\/p>\n","protected":false},"excerpt":{"rendered":"<ul>\n<li>D\u00f2ng c\u1ed5 \u0111i\u1ec3n k\u1ebft n\u1ed1i v\u00e0o thi\u1ebft k\u1ebf b\u00e1n chuy\u00ean nghi\u1ec7p v\u00e0 c\u00e1c t\u00ednh n\u0103ng<\/li>\n<li>V\u00f2i \u0111en m\u1ec1m linh ho\u1ea1t cung c\u1ea5p d\u00f2ng chuy\u1ec3n \u0111\u1ed9ng t\u1ed1i \u01b0u<\/li>\n<li>V\u00f2i phun k\u00e9p v\u1edbi kh\u00f3a d\u00f2ng t\u00edch h\u1ee3p: d\u1ec5 d\u00e0ng chuy\u1ec3n \u0111\u1ed5i t\u1eeb d\u00f2ng kh\u00ed \u0111\u1ebfn phun r\u1eeda m\u1ea1nh<\/li>\n<li>Gi\u00e1 \u0111\u1ee1 t\u1eeb t\u00ednh ch\u00ednh x\u00e1c \u0111\u1ea3m b\u1ea3o lu\u1ed3n \u1ed1ng m\u1ec1m thu\u1eadn ti\u1ec7n<\/li>\n<li>Chi\u1ec1u cao th\u1ea5p l\u00fd t\u01b0\u1edfng k\u1ebft h\u1ee3p v\u1edbi c\u00e1c \u0111\u01a1n v\u1ecb t\u01b0\u1eddng nh\u00e0 b\u1ebfp<\/li>\n<li>C\u0169ng c\u00f3 s\u1eb5n trong m\u00e0u \u0111en b\u1ec1 m\u1eb7t m\u1edd ho\u00e0n thi\u1ec7n<\/li>\n<\/ul>\n","protected":false},"featured_media":149463,"comment_status":"open","ping_status":"closed","template":"","meta":{"_acf_changed":false},"product_cat":[275,276],"product_tag":[],"class_list":{"0":"post-149450","1":"product","2":"type-product","3":"status-publish","4":"has-post-thumbnail","6":"product_cat-thiet-bi-nha-bep","7":"product_cat-voi-bep","8":"pa_mau-sac-den-mo","9":"pa_mau-sac-ma-kem","10":"pa_mau-sac-satin-dark-steel","11":"pa_mau-sac-thep-pvd","13":"first","14":"instock","15":"shipping-taxable","16":"purchasable","17":"product-type-variable"},"acf":[],"featured_media_urls":{"thumbnail":["https:\/\/trading.hhg.vn\/wp-content\/uploads\/2026\/03\/Artboard-1-16-150x150.png",150,150,true],"medium":["https:\/\/trading.hhg.vn\/wp-content\/uploads\/2026\/03\/Artboard-1-16-263x300.png",263,300,true],"medium_large":["https:\/\/trading.hhg.vn\/wp-content\/uploads\/2026\/03\/Artboard-1-16-768x878.png",768,878,true],"large":["https:\/\/trading.hhg.vn\/wp-content\/uploads\/2026\/03\/Artboard-1-16.png",827,945,false],"1536x1536":["https:\/\/trading.hhg.vn\/wp-content\/uploads\/2026\/03\/Artboard-1-16.png",827,945,false],"2048x2048":["https:\/\/trading.hhg.vn\/wp-content\/uploads\/2026\/03\/Artboard-1-16.png",827,945,false],"woocommerce_thumbnail":["https:\/\/trading.hhg.vn\/wp-content\/uploads\/2026\/03\/Artboard-1-16-600x600.png",600,600,true],"woocommerce_single":["https:\/\/trading.hhg.vn\/wp-content\/uploads\/2026\/03\/Artboard-1-16.png",827,945,false],"woocommerce_gallery_thumbnail":["https:\/\/trading.hhg.vn\/wp-content\/uploads\/2026\/03\/Artboard-1-16-150x171.png",150,171,true],"portfolio_item-thumbnail":["https:\/\/trading.hhg.vn\/wp-content\/uploads\/2026\/03\/Artboard-1-16.png",350,400,false],"portfolio_item-thumbnail@2x":["https:\/\/trading.hhg.vn\/wp-content\/uploads\/2026\/03\/Artboard-1-16.png",700,800,false],"portfolio_item-masonry":["https:\/\/trading.hhg.vn\/wp-content\/uploads\/2026\/03\/Artboard-1-16.png",600,686,false],"portfolio_item-masonry@2x":["https:\/\/trading.hhg.vn\/wp-content\/uploads\/2026\/03\/Artboard-1-16.png",827,945,false],"portfolio_item-thumbnail_cinema":["https:\/\/trading.hhg.vn\/wp-content\/uploads\/2026\/03\/Artboard-1-16.png",293,335,false],"portfolio_item-thumbnail_portrait":["https:\/\/trading.hhg.vn\/wp-content\/uploads\/2026\/03\/Artboard-1-16.png",600,686,false],"portfolio_item-thumbnail_portrait@2x":["https:\/\/trading.hhg.vn\/wp-content\/uploads\/2026\/03\/Artboard-1-16.png",827,945,false],"portfolio_item-thumbnail_square":["https:\/\/trading.hhg.vn\/wp-content\/uploads\/2026\/03\/Artboard-1-16.png",700,800,false]},"_links":{"self":[{"href":"https:\/\/trading.hhg.vn\/en\/wp-json\/wp\/v2\/product\/149450","targetHints":{"allow":["GET"]}}],"collection":[{"href":"https:\/\/trading.hhg.vn\/en\/wp-json\/wp\/v2\/product"}],"about":[{"href":"https:\/\/trading.hhg.vn\/en\/wp-json\/wp\/v2\/types\/product"}],"replies":[{"embeddable":true,"href":"https:\/\/trading.hhg.vn\/en\/wp-json\/wp\/v2\/comments?post=149450"}],"version-history":[{"count":2,"href":"https:\/\/trading.hhg.vn\/en\/wp-json\/wp\/v2\/product\/149450\/revisions"}],"predecessor-version":[{"id":149466,"href":"https:\/\/trading.hhg.vn\/en\/wp-json\/wp\/v2\/product\/149450\/revisions\/149466"}],"wp:featuredmedia":[{"embeddable":true,"href":"https:\/\/trading.hhg.vn\/en\/wp-json\/wp\/v2\/media\/149463"}],"wp:attachment":[{"href":"https:\/\/trading.hhg.vn\/en\/wp-json\/wp\/v2\/media?parent=149450"}],"wp:term":[{"taxonomy":"product_cat","embeddable":true,"href":"https:\/\/trading.hhg.vn\/en\/wp-json\/wp\/v2\/product_cat?post=149450"},{"taxonomy":"product_tag","embeddable":true,"href":"https:\/\/trading.hhg.vn\/en\/wp-json\/wp\/v2\/product_tag?post=149450"}],"curies":[{"name":"wp","href":"https:\/\/api.w.org\/{rel}","templated":true}]}}