{"id":149476,"date":"2026-03-25T16:18:08","date_gmt":"2026-03-25T09:18:08","guid":{"rendered":"https:\/\/trading.hhg.vn\/?post_type=product&#038;p=149476"},"modified":"2026-03-25T16:20:49","modified_gmt":"2026-03-25T09:20:49","slug":"voi-bep-panera-s","status":"publish","type":"product","link":"https:\/\/trading.hhg.vn\/en\/s\u1ea3n-ph\u1ea9m\/voi-bep-panera-s\/","title":{"rendered":"V\u00f2i b\u1ebfp PANERA-S"},"content":{"rendered":"<p><img fetchpriority=\"high\" decoding=\"async\" class=\" wp-image-149489 aligncenter\" src=\"https:\/\/trading.hhg.vn\/wp-content\/uploads\/2026\/03\/Untitled-2-13-300x169.jpg\" alt=\"\" width=\"373\" height=\"210\" srcset=\"https:\/\/trading.hhg.vn\/wp-content\/uploads\/2026\/03\/Untitled-2-13-300x169.jpg 300w, https:\/\/trading.hhg.vn\/wp-content\/uploads\/2026\/03\/Untitled-2-13-1024x576.jpg 1024w, https:\/\/trading.hhg.vn\/wp-content\/uploads\/2026\/03\/Untitled-2-13-768x432.jpg 768w, https:\/\/trading.hhg.vn\/wp-content\/uploads\/2026\/03\/Untitled-2-13-1200x675.jpg 1200w, https:\/\/trading.hhg.vn\/wp-content\/uploads\/2026\/03\/Untitled-2-13-150x84.jpg 150w, https:\/\/trading.hhg.vn\/wp-content\/uploads\/2026\/03\/Untitled-2-13.jpg 1480w\" sizes=\"(max-width: 373px) 100vw, 373px\" \/><\/p>\n<p>BLANCO PANERA-S n\u1ed5i b\u1eadt v\u1edbi thi\u1ebft k\u1ebf thanh l\u1ecbch, g\u1ecdn g\u00e0ng, ph\u00f9 h\u1ee3p v\u1edbi nhi\u1ec1u phong c\u00e1ch b\u1ebfp. V\u00f2i xoay linh ho\u1ea1t gi\u00fap thao t\u00e1c r\u1eeda tr\u1edf n\u00ean d\u1ec5 d\u00e0ng, \u0111\u1ed3ng th\u1eddi t\u00edch h\u1ee3p c\u00f4ng ngh\u1ec7 ch\u1ed1ng tr\u1ea7y x\u01b0\u1edbc, b\u1ec1n b\u1ec9 theo th\u1eddi gian. S\u1ea3n ph\u1ea9m mang l\u1ea1i s\u1ef1 ti\u1ec7n l\u1ee3i t\u1ed1i \u0111a trong qu\u00e1 tr\u00ecnh n\u1ea5u n\u01b0\u1edbng, \u0111\u1ed3ng th\u1eddi t\u1ea1o \u0111i\u1ec3m nh\u1ea5n th\u1ea9m m\u1ef9 sang tr\u1ecdng cho kh\u00f4ng gian b\u1ebfp.<\/p>\n","protected":false},"excerpt":{"rendered":"<ul>\n<li>V\u00f2i tr\u1ed9n thi\u1ebft k\u1ebf sang tr\u1ecdng n\u1ed5i b\u1eadt v\u00e0 th\u1ea9m m\u1ef9 v\u1eadt li\u1ec7u<\/li>\n<li>Quan ni\u1ec7m ki\u1ec3m so\u00e1t \u0111\u1ed9c \u0111\u00e1o: d\u1ec5 d\u00e0ng k\u00e9o v\u00f2i phun t\u1eeb ph\u00eda tr\u01b0\u1edbc<\/li>\n<li>Thay \u0111\u1ed5i t\u1eeb phun trong su\u1ed1t sang v\u00f2i hoa sen ch\u1ec9 b\u1eb1ng m\u1ed9t n\u00fat b\u1ea5m<\/li>\n<li>Ti\u1ebft ki\u1ec7m n\u0103ng l\u01b0\u1ee3ng: thi\u1ebft l\u1eadp c\u01a1 b\u1ea3n c\u1ee7a c\u1ea7n \u0111i\u1ec1u khi\u1ec3n \u0111\u1ec3 b\u1eaft \u0111\u1ea7u b\u1eb1ng n\u01b0\u1edbc l\u1ea1nh<\/li>\n<li>T\u00edch h\u1ee3p tr\u1ef1c quan li\u1ec1n m\u1ea1ch n\u00fat v\u00f2i hoa sen<\/li>\n<li>Phi\u00ean b\u1ea3n ch\u1ea5t l\u01b0\u1ee3ng cao b\u1eb1ng th\u00e9p kh\u00f4ng g\u1ec9 li\u1ec1n kh\u1ed1i, \u0111\u00e1nh b\u00f3ng ho\u00e0n thi\u1ec7n<\/li>\n<\/ul>\n","protected":false},"featured_media":149477,"comment_status":"open","ping_status":"closed","template":"","meta":{"_acf_changed":false},"product_cat":[275,276],"product_tag":[],"class_list":{"0":"post-149476","1":"product","2":"type-product","3":"status-publish","4":"has-post-thumbnail","6":"product_cat-thiet-bi-nha-bep","7":"product_cat-voi-bep","9":"first","10":"instock","11":"shipping-taxable","12":"purchasable","13":"product-type-simple"},"acf":[],"featured_media_urls":{"thumbnail":["https:\/\/trading.hhg.vn\/wp-content\/uploads\/2026\/03\/Artboard-1-18-150x150.png",150,150,true],"medium":["https:\/\/trading.hhg.vn\/wp-content\/uploads\/2026\/03\/Artboard-1-18-263x300.png",263,300,true],"medium_large":["https:\/\/trading.hhg.vn\/wp-content\/uploads\/2026\/03\/Artboard-1-18-768x878.png",768,878,true],"large":["https:\/\/trading.hhg.vn\/wp-content\/uploads\/2026\/03\/Artboard-1-18.png",827,945,false],"1536x1536":["https:\/\/trading.hhg.vn\/wp-content\/uploads\/2026\/03\/Artboard-1-18.png",827,945,false],"2048x2048":["https:\/\/trading.hhg.vn\/wp-content\/uploads\/2026\/03\/Artboard-1-18.png",827,945,false],"woocommerce_thumbnail":["https:\/\/trading.hhg.vn\/wp-content\/uploads\/2026\/03\/Artboard-1-18-600x600.png",600,600,true],"woocommerce_single":["https:\/\/trading.hhg.vn\/wp-content\/uploads\/2026\/03\/Artboard-1-18.png",827,945,false],"woocommerce_gallery_thumbnail":["https:\/\/trading.hhg.vn\/wp-content\/uploads\/2026\/03\/Artboard-1-18-150x171.png",150,171,true],"portfolio_item-thumbnail":["https:\/\/trading.hhg.vn\/wp-content\/uploads\/2026\/03\/Artboard-1-18.png",350,400,false],"portfolio_item-thumbnail@2x":["https:\/\/trading.hhg.vn\/wp-content\/uploads\/2026\/03\/Artboard-1-18.png",700,800,false],"portfolio_item-masonry":["https:\/\/trading.hhg.vn\/wp-content\/uploads\/2026\/03\/Artboard-1-18.png",600,686,false],"portfolio_item-masonry@2x":["https:\/\/trading.hhg.vn\/wp-content\/uploads\/2026\/03\/Artboard-1-18.png",827,945,false],"portfolio_item-thumbnail_cinema":["https:\/\/trading.hhg.vn\/wp-content\/uploads\/2026\/03\/Artboard-1-18.png",293,335,false],"portfolio_item-thumbnail_portrait":["https:\/\/trading.hhg.vn\/wp-content\/uploads\/2026\/03\/Artboard-1-18.png",600,686,false],"portfolio_item-thumbnail_portrait@2x":["https:\/\/trading.hhg.vn\/wp-content\/uploads\/2026\/03\/Artboard-1-18.png",827,945,false],"portfolio_item-thumbnail_square":["https:\/\/trading.hhg.vn\/wp-content\/uploads\/2026\/03\/Artboard-1-18.png",700,800,false]},"_links":{"self":[{"href":"https:\/\/trading.hhg.vn\/en\/wp-json\/wp\/v2\/product\/149476","targetHints":{"allow":["GET"]}}],"collection":[{"href":"https:\/\/trading.hhg.vn\/en\/wp-json\/wp\/v2\/product"}],"about":[{"href":"https:\/\/trading.hhg.vn\/en\/wp-json\/wp\/v2\/types\/product"}],"replies":[{"embeddable":true,"href":"https:\/\/trading.hhg.vn\/en\/wp-json\/wp\/v2\/comments?post=149476"}],"version-history":[{"count":3,"href":"https:\/\/trading.hhg.vn\/en\/wp-json\/wp\/v2\/product\/149476\/revisions"}],"predecessor-version":[{"id":149493,"href":"https:\/\/trading.hhg.vn\/en\/wp-json\/wp\/v2\/product\/149476\/revisions\/149493"}],"wp:featuredmedia":[{"embeddable":true,"href":"https:\/\/trading.hhg.vn\/en\/wp-json\/wp\/v2\/media\/149477"}],"wp:attachment":[{"href":"https:\/\/trading.hhg.vn\/en\/wp-json\/wp\/v2\/media?parent=149476"}],"wp:term":[{"taxonomy":"product_cat","embeddable":true,"href":"https:\/\/trading.hhg.vn\/en\/wp-json\/wp\/v2\/product_cat?post=149476"},{"taxonomy":"product_tag","embeddable":true,"href":"https:\/\/trading.hhg.vn\/en\/wp-json\/wp\/v2\/product_tag?post=149476"}],"curies":[{"name":"wp","href":"https:\/\/api.w.org\/{rel}","templated":true}]}}