{"id":149494,"date":"2026-03-25T17:06:37","date_gmt":"2026-03-25T10:06:37","guid":{"rendered":"https:\/\/trading.hhg.vn\/?post_type=product&#038;p=149494"},"modified":"2026-03-25T17:13:51","modified_gmt":"2026-03-25T10:13:51","slug":"voi-bep-fontas-s-ii-filter-2","status":"publish","type":"product","link":"https:\/\/trading.hhg.vn\/en\/s\u1ea3n-ph\u1ea9m\/voi-bep-fontas-s-ii-filter-2\/","title":{"rendered":"V\u00f2i b\u1ebfp FONTAS-S II Filter"},"content":{"rendered":"<p><img fetchpriority=\"high\" decoding=\"async\" class=\" wp-image-149495 aligncenter\" src=\"https:\/\/trading.hhg.vn\/wp-content\/uploads\/2026\/03\/Untitled-2-14-300x169.jpg\" alt=\"\" width=\"364\" height=\"205\" srcset=\"https:\/\/trading.hhg.vn\/wp-content\/uploads\/2026\/03\/Untitled-2-14-300x169.jpg 300w, https:\/\/trading.hhg.vn\/wp-content\/uploads\/2026\/03\/Untitled-2-14-1024x576.jpg 1024w, https:\/\/trading.hhg.vn\/wp-content\/uploads\/2026\/03\/Untitled-2-14-768x432.jpg 768w, https:\/\/trading.hhg.vn\/wp-content\/uploads\/2026\/03\/Untitled-2-14-1200x675.jpg 1200w, https:\/\/trading.hhg.vn\/wp-content\/uploads\/2026\/03\/Untitled-2-14-150x84.jpg 150w, https:\/\/trading.hhg.vn\/wp-content\/uploads\/2026\/03\/Untitled-2-14.jpg 1480w\" sizes=\"(max-width: 364px) 100vw, 364px\" \/><\/p>\n<p>FONTAS-S II Filter l\u00e0 v\u00f2i b\u1ebfp t\u00edch h\u1ee3p kh\u1ea3 n\u0103ng c\u1ea5p n\u01b0\u1edbc n\u00f3ng, l\u1ea1nh v\u00e0 n\u01b0\u1edbc l\u1ecdc ri\u00eang bi\u1ec7t, gi\u00fap b\u1ea1n d\u1ec5 d\u00e0ng s\u1eed d\u1ee5ng n\u01b0\u1edbc tinh khi\u1ebft m\u00e0 kh\u00f4ng \u1ea3nh h\u01b0\u1edfng \u0111\u1ebfn ngu\u1ed3n n\u01b0\u1edbc ch\u00ednh. Thi\u1ebft k\u1ebf hi\u1ec7n \u0111\u1ea1i, tinh g\u1ecdn, k\u1ebft h\u1ee3p \u0111\u1ea7u v\u00f2i linh ho\u1ea1t, t\u1ed1i \u01b0u thao t\u00e1c r\u1eeda v\u00e0 n\u1ea5u n\u01b0\u1edbng. Ch\u1ea5t li\u1ec7u cao c\u1ea5p \u0111\u1ea3m b\u1ea3o b\u1ec1n b\u1ec9, ch\u1ed1ng tr\u1ea7y x\u01b0\u1edbc v\u00e0 d\u1ec5 v\u1ec7 sinh, mang l\u1ea1i s\u1ef1 ti\u1ec7n nghi \u0111\u1ed3ng b\u1ed9 cho kh\u00f4ng gian b\u1ebfp.<\/p>\n","protected":false},"excerpt":{"rendered":"<ul>\n<li>V\u00f2i tr\u1ed9n d\u1ec5 d\u00e0ng 3-trong-1: n\u01b0\u1edbc l\u1ecdc v\u00e0 n\u01b0\u1edbc kh\u00f4ng l\u1ecdc ch\u1ea3y ra t\u1eeb m\u1ed9t \u1ed1ng m\u1ec1m k\u00e9o ra<\/li>\n<li>D\u00f2ng n\u01b0\u1edbc ri\u00eang bi\u1ec7t: c\u1ea7n \u0111\u00f3ng-m\u1edf n\u01b0\u1edbc l\u1ea1nh v\u00e0 \u1ea5m \u1edf b\u00ean ph\u1ea3i, c\u1ea7n \u0111\u00f3ng-m\u1edf n\u01b0\u1edbc l\u1ecdc \u1edf b\u00ean tr\u00e1i<\/li>\n<li>V\u00f2i x\u1ecbt b\u1ed5 sung d\u00e0nh cho n\u01b0\u1edbc l\u1ecdc &#8211; kh\u00f4ng tr\u1ed9n l\u1eabn v\u1edbi n\u01b0\u1edbc m\u00e1y<\/li>\n<li>Ti\u1ebft ki\u1ec7m kh\u00f4ng gian v\u00e0 ti\u1ec7n d\u1ee5ng: v\u1edbi v\u00f2i tr\u1ed9n 3 trong 1 kh\u00f4ng c\u1ea7n khoan th\u00eam \u0111\u1ec3 cung c\u1ea5p n\u01b0\u1edbc l\u1ecdc<\/li>\n<li>B\u1ec1 m\u1eb7t ho\u00e0n thi\u1ec7n \u0111\u1ec3 ho\u00e0n to\u00e0n ph\u00f9 h\u1ee3p v\u1edbi ch\u1eadu r\u1eeda v\u00e0 b\u1ed3n r\u1eeda<\/li>\n<li>C\u1ea7n \u0111\u01b0\u1ee3c l\u1eafp \u0111\u1eb7t h\u1ec7 th\u1ed1ng l\u1ecdc n\u01b0\u1edbc<\/li>\n<\/ul>\n","protected":false},"featured_media":149497,"comment_status":"open","ping_status":"closed","template":"","meta":{"_acf_changed":false},"product_cat":[275,276],"product_tag":[],"class_list":{"0":"post-149494","1":"product","2":"type-product","3":"status-publish","4":"has-post-thumbnail","6":"product_cat-thiet-bi-nha-bep","7":"product_cat-voi-bep","8":"pa_mau-sac-den-mo","9":"pa_mau-sac-antraxit","10":"pa_mau-sac-ca-phe","11":"pa_mau-sac-den-xam-dam","12":"pa_mau-sac-ma-kem","13":"pa_mau-sac-mau-den","14":"pa_mau-sac-mau-trang","15":"pa_mau-sac-satin-dark-steel","16":"pa_mau-sac-satin-vang","17":"pa_mau-sac-taturfo","18":"pa_mau-sac-thep-pvd","19":"pa_mau-sac-trang-min","20":"pa_mau-sac-xam-nui-lua","22":"first","23":"instock","24":"shipping-taxable","25":"purchasable","26":"product-type-variable"},"acf":[],"featured_media_urls":{"thumbnail":["https:\/\/trading.hhg.vn\/wp-content\/uploads\/2026\/03\/Artboard-1-19-150x150.png",150,150,true],"medium":["https:\/\/trading.hhg.vn\/wp-content\/uploads\/2026\/03\/Artboard-1-19-263x300.png",263,300,true],"medium_large":["https:\/\/trading.hhg.vn\/wp-content\/uploads\/2026\/03\/Artboard-1-19-768x878.png",768,878,true],"large":["https:\/\/trading.hhg.vn\/wp-content\/uploads\/2026\/03\/Artboard-1-19.png",827,945,false],"1536x1536":["https:\/\/trading.hhg.vn\/wp-content\/uploads\/2026\/03\/Artboard-1-19.png",827,945,false],"2048x2048":["https:\/\/trading.hhg.vn\/wp-content\/uploads\/2026\/03\/Artboard-1-19.png",827,945,false],"woocommerce_thumbnail":["https:\/\/trading.hhg.vn\/wp-content\/uploads\/2026\/03\/Artboard-1-19-600x600.png",600,600,true],"woocommerce_single":["https:\/\/trading.hhg.vn\/wp-content\/uploads\/2026\/03\/Artboard-1-19.png",827,945,false],"woocommerce_gallery_thumbnail":["https:\/\/trading.hhg.vn\/wp-content\/uploads\/2026\/03\/Artboard-1-19-150x171.png",150,171,true],"portfolio_item-thumbnail":["https:\/\/trading.hhg.vn\/wp-content\/uploads\/2026\/03\/Artboard-1-19.png",350,400,false],"portfolio_item-thumbnail@2x":["https:\/\/trading.hhg.vn\/wp-content\/uploads\/2026\/03\/Artboard-1-19.png",700,800,false],"portfolio_item-masonry":["https:\/\/trading.hhg.vn\/wp-content\/uploads\/2026\/03\/Artboard-1-19.png",600,686,false],"portfolio_item-masonry@2x":["https:\/\/trading.hhg.vn\/wp-content\/uploads\/2026\/03\/Artboard-1-19.png",827,945,false],"portfolio_item-thumbnail_cinema":["https:\/\/trading.hhg.vn\/wp-content\/uploads\/2026\/03\/Artboard-1-19.png",293,335,false],"portfolio_item-thumbnail_portrait":["https:\/\/trading.hhg.vn\/wp-content\/uploads\/2026\/03\/Artboard-1-19.png",600,686,false],"portfolio_item-thumbnail_portrait@2x":["https:\/\/trading.hhg.vn\/wp-content\/uploads\/2026\/03\/Artboard-1-19.png",827,945,false],"portfolio_item-thumbnail_square":["https:\/\/trading.hhg.vn\/wp-content\/uploads\/2026\/03\/Artboard-1-19.png",700,800,false]},"_links":{"self":[{"href":"https:\/\/trading.hhg.vn\/en\/wp-json\/wp\/v2\/product\/149494","targetHints":{"allow":["GET"]}}],"collection":[{"href":"https:\/\/trading.hhg.vn\/en\/wp-json\/wp\/v2\/product"}],"about":[{"href":"https:\/\/trading.hhg.vn\/en\/wp-json\/wp\/v2\/types\/product"}],"replies":[{"embeddable":true,"href":"https:\/\/trading.hhg.vn\/en\/wp-json\/wp\/v2\/comments?post=149494"}],"version-history":[{"count":2,"href":"https:\/\/trading.hhg.vn\/en\/wp-json\/wp\/v2\/product\/149494\/revisions"}],"predecessor-version":[{"id":149545,"href":"https:\/\/trading.hhg.vn\/en\/wp-json\/wp\/v2\/product\/149494\/revisions\/149545"}],"wp:featuredmedia":[{"embeddable":true,"href":"https:\/\/trading.hhg.vn\/en\/wp-json\/wp\/v2\/media\/149497"}],"wp:attachment":[{"href":"https:\/\/trading.hhg.vn\/en\/wp-json\/wp\/v2\/media?parent=149494"}],"wp:term":[{"taxonomy":"product_cat","embeddable":true,"href":"https:\/\/trading.hhg.vn\/en\/wp-json\/wp\/v2\/product_cat?post=149494"},{"taxonomy":"product_tag","embeddable":true,"href":"https:\/\/trading.hhg.vn\/en\/wp-json\/wp\/v2\/product_tag?post=149494"}],"curies":[{"name":"wp","href":"https:\/\/api.w.org\/{rel}","templated":true}]}}