{"id":149546,"date":"2026-03-26T09:18:47","date_gmt":"2026-03-26T02:18:47","guid":{"rendered":"https:\/\/trading.hhg.vn\/?post_type=product&#038;p=149546"},"modified":"2026-03-26T09:28:43","modified_gmt":"2026-03-26T02:28:43","slug":"149546","status":"publish","type":"product","link":"https:\/\/trading.hhg.vn\/en\/s\u1ea3n-ph\u1ea9m\/149546\/","title":{"rendered":"V\u00f2i b\u1ebfp BLANCO MILA-S"},"content":{"rendered":"<p><img fetchpriority=\"high\" decoding=\"async\" class=\"alignnone wp-image-149547 aligncenter\" src=\"https:\/\/trading.hhg.vn\/wp-content\/uploads\/2026\/03\/Untitled-1-25-300x169.jpg\" alt=\"\" width=\"343\" height=\"193\" srcset=\"https:\/\/trading.hhg.vn\/wp-content\/uploads\/2026\/03\/Untitled-1-25-300x169.jpg 300w, https:\/\/trading.hhg.vn\/wp-content\/uploads\/2026\/03\/Untitled-1-25-1024x576.jpg 1024w, https:\/\/trading.hhg.vn\/wp-content\/uploads\/2026\/03\/Untitled-1-25-768x432.jpg 768w, https:\/\/trading.hhg.vn\/wp-content\/uploads\/2026\/03\/Untitled-1-25-1200x675.jpg 1200w, https:\/\/trading.hhg.vn\/wp-content\/uploads\/2026\/03\/Untitled-1-25-150x84.jpg 150w, https:\/\/trading.hhg.vn\/wp-content\/uploads\/2026\/03\/Untitled-1-25.jpg 1480w\" sizes=\"(max-width: 343px) 100vw, 343px\" \/>MILA-S s\u1edf h\u1eefu thi\u1ebft k\u1ebf hi\u1ec7n \u0111\u1ea1i v\u1edbi \u0111\u01b0\u1eddng cong m\u1ec1m m\u1ea1i, d\u1ec5 d\u00e0ng ph\u00f9 h\u1ee3p v\u1edbi nhi\u1ec1u phong c\u00e1ch kh\u00f4ng gian b\u1ebfp. V\u00f2i t\u00edch h\u1ee3p \u0111\u1ea7u k\u00e9o ti\u1ec7n d\u1ee5ng, gi\u00fap m\u1edf r\u1ed9ng ph\u1ea1m vi s\u1eed d\u1ee5ng v\u00e0 t\u0103ng s\u1ef1 linh ho\u1ea1t khi r\u1eeda. Ch\u1ea5t li\u1ec7u cao c\u1ea5p \u0111\u1ea3m b\u1ea3o \u0111\u1ed9 b\u1ec1n, ch\u1ed1ng tr\u1ea7y x\u01b0\u1edbc v\u00e0 d\u1ec5 v\u1ec7 sinh, mang \u0111\u1ebfn tr\u1ea3i nghi\u1ec7m ti\u1ec7n nghi v\u00e0 b\u1ec1n b\u1ec9 theo th\u1eddi gian.<\/p>\n","protected":false},"excerpt":{"rendered":"<ul>\n<li>Th\u00e2n h\u00ecnh thon th\u1ea3 v\u1edbi v\u00f2i th\u1eb3ng<\/li>\n<li>B\u1ec1 m\u1eb7t m\u00e0u \u0111en m\u1edd \u0111\u1ec3 ph\u00f9 h\u1ee3p ch\u00ednh x\u00e1c v\u1edbi m\u00f4i tr\u01b0\u1eddng xung quanh<\/li>\n<li>V\u1edbi \u1ed1ng m\u1ec1m k\u00e9o ra \u0111\u01b0\u1ee3c<\/li>\n<li>\u0110\u1ec3 d\u1ec5 d\u00e0ng l\u00e0m \u0111\u1ea7y ch\u1eadu v\u00e0 b\u00ecnh hoa cao<\/li>\n<li>B\u00e1n k\u00ednh phun n\u01b0\u1edbc m\u1edf r\u1ed9ng nh\u1edd \u0111\u1ea7u v\u00f2i ph\u1ee5t n\u01b0\u1edbc xoay 360\u00b0<\/li>\n<\/ul>\n","protected":false},"featured_media":149551,"comment_status":"open","ping_status":"closed","template":"","meta":{"_acf_changed":false},"product_cat":[275,276],"product_tag":[],"class_list":{"0":"post-149546","1":"product","2":"type-product","3":"status-publish","4":"has-post-thumbnail","6":"product_cat-thiet-bi-nha-bep","7":"product_cat-voi-bep","8":"pa_mau-sac-den-mo","9":"pa_mau-sac-ma-kem","11":"first","12":"instock","13":"shipping-taxable","14":"purchasable","15":"product-type-variable"},"acf":[],"featured_media_urls":{"thumbnail":["https:\/\/trading.hhg.vn\/wp-content\/uploads\/2026\/03\/Artboard-2-16-150x150.png",150,150,true],"medium":["https:\/\/trading.hhg.vn\/wp-content\/uploads\/2026\/03\/Artboard-2-16-263x300.png",263,300,true],"medium_large":["https:\/\/trading.hhg.vn\/wp-content\/uploads\/2026\/03\/Artboard-2-16-768x878.png",768,878,true],"large":["https:\/\/trading.hhg.vn\/wp-content\/uploads\/2026\/03\/Artboard-2-16.png",827,945,false],"1536x1536":["https:\/\/trading.hhg.vn\/wp-content\/uploads\/2026\/03\/Artboard-2-16.png",827,945,false],"2048x2048":["https:\/\/trading.hhg.vn\/wp-content\/uploads\/2026\/03\/Artboard-2-16.png",827,945,false],"woocommerce_thumbnail":["https:\/\/trading.hhg.vn\/wp-content\/uploads\/2026\/03\/Artboard-2-16-600x600.png",600,600,true],"woocommerce_single":["https:\/\/trading.hhg.vn\/wp-content\/uploads\/2026\/03\/Artboard-2-16.png",827,945,false],"woocommerce_gallery_thumbnail":["https:\/\/trading.hhg.vn\/wp-content\/uploads\/2026\/03\/Artboard-2-16-150x171.png",150,171,true],"portfolio_item-thumbnail":["https:\/\/trading.hhg.vn\/wp-content\/uploads\/2026\/03\/Artboard-2-16.png",350,400,false],"portfolio_item-thumbnail@2x":["https:\/\/trading.hhg.vn\/wp-content\/uploads\/2026\/03\/Artboard-2-16.png",700,800,false],"portfolio_item-masonry":["https:\/\/trading.hhg.vn\/wp-content\/uploads\/2026\/03\/Artboard-2-16.png",600,686,false],"portfolio_item-masonry@2x":["https:\/\/trading.hhg.vn\/wp-content\/uploads\/2026\/03\/Artboard-2-16.png",827,945,false],"portfolio_item-thumbnail_cinema":["https:\/\/trading.hhg.vn\/wp-content\/uploads\/2026\/03\/Artboard-2-16.png",293,335,false],"portfolio_item-thumbnail_portrait":["https:\/\/trading.hhg.vn\/wp-content\/uploads\/2026\/03\/Artboard-2-16.png",600,686,false],"portfolio_item-thumbnail_portrait@2x":["https:\/\/trading.hhg.vn\/wp-content\/uploads\/2026\/03\/Artboard-2-16.png",827,945,false],"portfolio_item-thumbnail_square":["https:\/\/trading.hhg.vn\/wp-content\/uploads\/2026\/03\/Artboard-2-16.png",700,800,false]},"_links":{"self":[{"href":"https:\/\/trading.hhg.vn\/en\/wp-json\/wp\/v2\/product\/149546","targetHints":{"allow":["GET"]}}],"collection":[{"href":"https:\/\/trading.hhg.vn\/en\/wp-json\/wp\/v2\/product"}],"about":[{"href":"https:\/\/trading.hhg.vn\/en\/wp-json\/wp\/v2\/types\/product"}],"replies":[{"embeddable":true,"href":"https:\/\/trading.hhg.vn\/en\/wp-json\/wp\/v2\/comments?post=149546"}],"version-history":[{"count":3,"href":"https:\/\/trading.hhg.vn\/en\/wp-json\/wp\/v2\/product\/149546\/revisions"}],"predecessor-version":[{"id":149560,"href":"https:\/\/trading.hhg.vn\/en\/wp-json\/wp\/v2\/product\/149546\/revisions\/149560"}],"wp:featuredmedia":[{"embeddable":true,"href":"https:\/\/trading.hhg.vn\/en\/wp-json\/wp\/v2\/media\/149551"}],"wp:attachment":[{"href":"https:\/\/trading.hhg.vn\/en\/wp-json\/wp\/v2\/media?parent=149546"}],"wp:term":[{"taxonomy":"product_cat","embeddable":true,"href":"https:\/\/trading.hhg.vn\/en\/wp-json\/wp\/v2\/product_cat?post=149546"},{"taxonomy":"product_tag","embeddable":true,"href":"https:\/\/trading.hhg.vn\/en\/wp-json\/wp\/v2\/product_tag?post=149546"}],"curies":[{"name":"wp","href":"https:\/\/api.w.org\/{rel}","templated":true}]}}