{"id":149559,"date":"2026-03-26T09:45:34","date_gmt":"2026-03-26T02:45:34","guid":{"rendered":"https:\/\/trading.hhg.vn\/?post_type=product&#038;p=149559"},"modified":"2026-03-26T09:46:26","modified_gmt":"2026-03-26T02:46:26","slug":"voi-bep-blanco-culina-s-ii","status":"publish","type":"product","link":"https:\/\/trading.hhg.vn\/en\/s\u1ea3n-ph\u1ea9m\/voi-bep-blanco-culina-s-ii\/","title":{"rendered":"V\u00f2i b\u1ebfp BLANCO CULINA-S II"},"content":{"rendered":"<p><img fetchpriority=\"high\" decoding=\"async\" class=\"wp-image-149563 aligncenter\" src=\"https:\/\/trading.hhg.vn\/wp-content\/uploads\/2026\/03\/Untitled-1-26-300x169.jpg\" alt=\"\" width=\"353\" height=\"199\" srcset=\"https:\/\/trading.hhg.vn\/wp-content\/uploads\/2026\/03\/Untitled-1-26-300x169.jpg 300w, https:\/\/trading.hhg.vn\/wp-content\/uploads\/2026\/03\/Untitled-1-26-1024x576.jpg 1024w, https:\/\/trading.hhg.vn\/wp-content\/uploads\/2026\/03\/Untitled-1-26-768x432.jpg 768w, https:\/\/trading.hhg.vn\/wp-content\/uploads\/2026\/03\/Untitled-1-26-1200x675.jpg 1200w, https:\/\/trading.hhg.vn\/wp-content\/uploads\/2026\/03\/Untitled-1-26-150x84.jpg 150w, https:\/\/trading.hhg.vn\/wp-content\/uploads\/2026\/03\/Untitled-1-26.jpg 1480w\" sizes=\"(max-width: 353px) 100vw, 353px\" \/><\/p>\n<p data-start=\"68\" data-end=\"485\">BLANCO CULINA-S II mang phong c\u00e1ch b\u00e1n chuy\u00ean nghi\u1ec7p v\u1edbi thi\u1ebft k\u1ebf m\u1ea1nh m\u1ebd v\u00e0 hi\u1ec7n \u0111\u1ea1i, ph\u00f9 h\u1ee3p cho nh\u1eefng gian b\u1ebfp \u0111\u1ec1 cao hi\u1ec7u su\u1ea5t v\u00e0 t\u00ednh linh ho\u1ea1t. \u0110\u1ea7u v\u00f2i d\u1ea1ng l\u00f2 xo kim lo\u1ea1i k\u1ebft h\u1ee3p d\u00e2y r\u00fat linh ho\u1ea1t gi\u00fap m\u1edf r\u1ed9ng ph\u1ea1m vi s\u1eed d\u1ee5ng, d\u1ec5 d\u00e0ng \u0111i\u1ec1u ch\u1ec9nh tia n\u01b0\u1edbc theo nhu c\u1ea7u. Ch\u1ea5t li\u1ec7u cao c\u1ea5p c\u00f9ng ho\u00e0n thi\u1ec7n tinh x\u1ea3o \u0111\u1ea3m b\u1ea3o \u0111\u1ed9 b\u1ec1n, ch\u1ed1ng b\u00e1m b\u1ea9n v\u00e0 d\u1ec5 v\u1ec7 sinh, mang l\u1ea1i tr\u1ea3i nghi\u1ec7m s\u1eed d\u1ee5ng ti\u1ec7n nghi v\u00e0 \u0111\u1eb3ng c\u1ea5p.<\/p>\n","protected":false},"excerpt":{"rendered":"<p>BLANCO CULINA-S II mang phong c\u00e1ch b\u00e1n chuy\u00ean nghi\u1ec7p v\u1edbi thi\u1ebft k\u1ebf m\u1ea1nh m\u1ebd v\u00e0 hi\u1ec7n \u0111\u1ea1i, ph\u00f9 h\u1ee3p cho<\/p>\n","protected":false},"featured_media":149571,"comment_status":"open","ping_status":"closed","template":"","meta":{"_acf_changed":false},"product_cat":[275,276],"product_tag":[],"class_list":{"0":"post-149559","1":"product","2":"type-product","3":"status-publish","4":"has-post-thumbnail","6":"product_cat-thiet-bi-nha-bep","7":"product_cat-voi-bep","8":"pa_mau-sac-den-mo","9":"pa_mau-sac-satin-dark-steel","10":"pa_mau-sac-thep-pvd","12":"first","13":"instock","14":"shipping-taxable","15":"purchasable","16":"product-type-variable"},"acf":[],"featured_media_urls":{"thumbnail":["https:\/\/trading.hhg.vn\/wp-content\/uploads\/2026\/03\/Artboard-1-23-150x150.png",150,150,true],"medium":["https:\/\/trading.hhg.vn\/wp-content\/uploads\/2026\/03\/Artboard-1-23-263x300.png",263,300,true],"medium_large":["https:\/\/trading.hhg.vn\/wp-content\/uploads\/2026\/03\/Artboard-1-23-768x878.png",768,878,true],"large":["https:\/\/trading.hhg.vn\/wp-content\/uploads\/2026\/03\/Artboard-1-23.png",827,945,false],"1536x1536":["https:\/\/trading.hhg.vn\/wp-content\/uploads\/2026\/03\/Artboard-1-23.png",827,945,false],"2048x2048":["https:\/\/trading.hhg.vn\/wp-content\/uploads\/2026\/03\/Artboard-1-23.png",827,945,false],"woocommerce_thumbnail":["https:\/\/trading.hhg.vn\/wp-content\/uploads\/2026\/03\/Artboard-1-23-600x600.png",600,600,true],"woocommerce_single":["https:\/\/trading.hhg.vn\/wp-content\/uploads\/2026\/03\/Artboard-1-23.png",827,945,false],"woocommerce_gallery_thumbnail":["https:\/\/trading.hhg.vn\/wp-content\/uploads\/2026\/03\/Artboard-1-23-150x171.png",150,171,true],"portfolio_item-thumbnail":["https:\/\/trading.hhg.vn\/wp-content\/uploads\/2026\/03\/Artboard-1-23.png",350,400,false],"portfolio_item-thumbnail@2x":["https:\/\/trading.hhg.vn\/wp-content\/uploads\/2026\/03\/Artboard-1-23.png",700,800,false],"portfolio_item-masonry":["https:\/\/trading.hhg.vn\/wp-content\/uploads\/2026\/03\/Artboard-1-23.png",600,686,false],"portfolio_item-masonry@2x":["https:\/\/trading.hhg.vn\/wp-content\/uploads\/2026\/03\/Artboard-1-23.png",827,945,false],"portfolio_item-thumbnail_cinema":["https:\/\/trading.hhg.vn\/wp-content\/uploads\/2026\/03\/Artboard-1-23.png",293,335,false],"portfolio_item-thumbnail_portrait":["https:\/\/trading.hhg.vn\/wp-content\/uploads\/2026\/03\/Artboard-1-23.png",600,686,false],"portfolio_item-thumbnail_portrait@2x":["https:\/\/trading.hhg.vn\/wp-content\/uploads\/2026\/03\/Artboard-1-23.png",827,945,false],"portfolio_item-thumbnail_square":["https:\/\/trading.hhg.vn\/wp-content\/uploads\/2026\/03\/Artboard-1-23.png",700,800,false]},"_links":{"self":[{"href":"https:\/\/trading.hhg.vn\/en\/wp-json\/wp\/v2\/product\/149559","targetHints":{"allow":["GET"]}}],"collection":[{"href":"https:\/\/trading.hhg.vn\/en\/wp-json\/wp\/v2\/product"}],"about":[{"href":"https:\/\/trading.hhg.vn\/en\/wp-json\/wp\/v2\/types\/product"}],"replies":[{"embeddable":true,"href":"https:\/\/trading.hhg.vn\/en\/wp-json\/wp\/v2\/comments?post=149559"}],"version-history":[{"count":3,"href":"https:\/\/trading.hhg.vn\/en\/wp-json\/wp\/v2\/product\/149559\/revisions"}],"predecessor-version":[{"id":149584,"href":"https:\/\/trading.hhg.vn\/en\/wp-json\/wp\/v2\/product\/149559\/revisions\/149584"}],"wp:featuredmedia":[{"embeddable":true,"href":"https:\/\/trading.hhg.vn\/en\/wp-json\/wp\/v2\/media\/149571"}],"wp:attachment":[{"href":"https:\/\/trading.hhg.vn\/en\/wp-json\/wp\/v2\/media?parent=149559"}],"wp:term":[{"taxonomy":"product_cat","embeddable":true,"href":"https:\/\/trading.hhg.vn\/en\/wp-json\/wp\/v2\/product_cat?post=149559"},{"taxonomy":"product_tag","embeddable":true,"href":"https:\/\/trading.hhg.vn\/en\/wp-json\/wp\/v2\/product_tag?post=149559"}],"curies":[{"name":"wp","href":"https:\/\/api.w.org\/{rel}","templated":true}]}}