{"id":149585,"date":"2026-03-26T10:00:07","date_gmt":"2026-03-26T03:00:07","guid":{"rendered":"https:\/\/trading.hhg.vn\/?post_type=product&#038;p=149585"},"modified":"2026-03-26T10:00:08","modified_gmt":"2026-03-26T03:00:08","slug":"voi-bep-blanco-mida","status":"publish","type":"product","link":"https:\/\/trading.hhg.vn\/en\/s\u1ea3n-ph\u1ea9m\/voi-bep-blanco-mida\/","title":{"rendered":"V\u00f2i b\u1ebfp BLANCO MIDA"},"content":{"rendered":"<p><img fetchpriority=\"high\" decoding=\"async\" class=\" wp-image-149612 aligncenter\" src=\"https:\/\/trading.hhg.vn\/wp-content\/uploads\/2026\/03\/Untitled-1-27-300x169.jpg\" alt=\"\" width=\"336\" height=\"189\" srcset=\"https:\/\/trading.hhg.vn\/wp-content\/uploads\/2026\/03\/Untitled-1-27-300x169.jpg 300w, https:\/\/trading.hhg.vn\/wp-content\/uploads\/2026\/03\/Untitled-1-27-1024x576.jpg 1024w, https:\/\/trading.hhg.vn\/wp-content\/uploads\/2026\/03\/Untitled-1-27-768x432.jpg 768w, https:\/\/trading.hhg.vn\/wp-content\/uploads\/2026\/03\/Untitled-1-27-1200x675.jpg 1200w, https:\/\/trading.hhg.vn\/wp-content\/uploads\/2026\/03\/Untitled-1-27-150x84.jpg 150w, https:\/\/trading.hhg.vn\/wp-content\/uploads\/2026\/03\/Untitled-1-27.jpg 1480w\" sizes=\"(max-width: 336px) 100vw, 336px\" \/>BLANCO MIDA s\u1edf h\u1eefu thi\u1ebft k\u1ebf thanh l\u1ecbch v\u1edbi \u0111\u01b0\u1eddng cong m\u1ec1m m\u1ea1i, d\u1ec5 d\u00e0ng ph\u00f9 h\u1ee3p v\u1edbi nhi\u1ec1u kh\u00f4ng gian b\u1ebfp kh\u00e1c nhau. V\u00f2i xoay linh ho\u1ea1t gi\u00fap t\u1ed1i \u01b0u thao t\u00e1c r\u1eeda v\u00e0 s\u1eed d\u1ee5ng h\u00e0ng ng\u00e0y. S\u1ea3n ph\u1ea9m \u0111\u01b0\u1ee3c ho\u00e0n thi\u1ec7n t\u1eeb v\u1eadt li\u1ec7u cao c\u1ea5p, b\u1ec1n b\u1ec9, d\u1ec5 v\u1ec7 sinh v\u00e0 mang l\u1ea1i c\u1ea3m gi\u00e1c s\u1eed d\u1ee5ng nh\u1eb9 nh\u00e0ng, ti\u1ec7n nghi.<\/p>\n","protected":false},"excerpt":{"rendered":"<ul>\n<li>V\u00f2i tr\u00f2n nh\u1eb9 nh\u00e0ng tr\u00ean ph\u1ea7n th\u00e2n thon th\u1ea3<\/li>\n<li>B\u1ec1 m\u1eb7t m\u00e0u \u0111en m\u1edd \u0111\u1ec3 ph\u00f9 h\u1ee3p ch\u00ednh x\u00e1c v\u1edbi m\u00f4i tr\u01b0\u1eddng xung quanh<\/li>\n<li>\u0110\u1ec3 d\u1ec5 d\u00e0ng l\u00e0m \u0111\u1ea7y ch\u1eadu v\u00e0 b\u00ecnh hoa cao<\/li>\n<li>B\u00e1n k\u00ednh phun n\u01b0\u1edbc m\u1edf r\u1ed9ng nh\u1edd \u0111\u1ea7u v\u00f2i ph\u1ee5t n\u01b0\u1edbc xoay 360\u00b0<\/li>\n<\/ul>\n","protected":false},"featured_media":149586,"comment_status":"open","ping_status":"closed","template":"","meta":{"_acf_changed":false},"product_cat":[275,276],"product_tag":[],"class_list":{"0":"post-149585","1":"product","2":"type-product","3":"status-publish","4":"has-post-thumbnail","6":"product_cat-thiet-bi-nha-bep","7":"product_cat-voi-bep","8":"pa_mau-sac-den-mo","9":"pa_mau-sac-antraxit","10":"pa_mau-sac-ca-phe","11":"pa_mau-sac-ma-kem","12":"pa_mau-sac-mau-den","13":"pa_mau-sac-mau-trang","14":"pa_mau-sac-trang-min","15":"pa_mau-sac-xam-nui-lua","17":"first","18":"instock","19":"shipping-taxable","20":"purchasable","21":"product-type-variable"},"acf":[],"featured_media_urls":{"thumbnail":["https:\/\/trading.hhg.vn\/wp-content\/uploads\/2026\/03\/Artboard-1-24-150x150.png",150,150,true],"medium":["https:\/\/trading.hhg.vn\/wp-content\/uploads\/2026\/03\/Artboard-1-24-263x300.png",263,300,true],"medium_large":["https:\/\/trading.hhg.vn\/wp-content\/uploads\/2026\/03\/Artboard-1-24-768x878.png",768,878,true],"large":["https:\/\/trading.hhg.vn\/wp-content\/uploads\/2026\/03\/Artboard-1-24.png",827,945,false],"1536x1536":["https:\/\/trading.hhg.vn\/wp-content\/uploads\/2026\/03\/Artboard-1-24.png",827,945,false],"2048x2048":["https:\/\/trading.hhg.vn\/wp-content\/uploads\/2026\/03\/Artboard-1-24.png",827,945,false],"woocommerce_thumbnail":["https:\/\/trading.hhg.vn\/wp-content\/uploads\/2026\/03\/Artboard-1-24-600x600.png",600,600,true],"woocommerce_single":["https:\/\/trading.hhg.vn\/wp-content\/uploads\/2026\/03\/Artboard-1-24.png",827,945,false],"woocommerce_gallery_thumbnail":["https:\/\/trading.hhg.vn\/wp-content\/uploads\/2026\/03\/Artboard-1-24-150x171.png",150,171,true],"portfolio_item-thumbnail":["https:\/\/trading.hhg.vn\/wp-content\/uploads\/2026\/03\/Artboard-1-24.png",350,400,false],"portfolio_item-thumbnail@2x":["https:\/\/trading.hhg.vn\/wp-content\/uploads\/2026\/03\/Artboard-1-24.png",700,800,false],"portfolio_item-masonry":["https:\/\/trading.hhg.vn\/wp-content\/uploads\/2026\/03\/Artboard-1-24.png",600,686,false],"portfolio_item-masonry@2x":["https:\/\/trading.hhg.vn\/wp-content\/uploads\/2026\/03\/Artboard-1-24.png",827,945,false],"portfolio_item-thumbnail_cinema":["https:\/\/trading.hhg.vn\/wp-content\/uploads\/2026\/03\/Artboard-1-24.png",293,335,false],"portfolio_item-thumbnail_portrait":["https:\/\/trading.hhg.vn\/wp-content\/uploads\/2026\/03\/Artboard-1-24.png",600,686,false],"portfolio_item-thumbnail_portrait@2x":["https:\/\/trading.hhg.vn\/wp-content\/uploads\/2026\/03\/Artboard-1-24.png",827,945,false],"portfolio_item-thumbnail_square":["https:\/\/trading.hhg.vn\/wp-content\/uploads\/2026\/03\/Artboard-1-24.png",700,800,false]},"_links":{"self":[{"href":"https:\/\/trading.hhg.vn\/en\/wp-json\/wp\/v2\/product\/149585","targetHints":{"allow":["GET"]}}],"collection":[{"href":"https:\/\/trading.hhg.vn\/en\/wp-json\/wp\/v2\/product"}],"about":[{"href":"https:\/\/trading.hhg.vn\/en\/wp-json\/wp\/v2\/types\/product"}],"replies":[{"embeddable":true,"href":"https:\/\/trading.hhg.vn\/en\/wp-json\/wp\/v2\/comments?post=149585"}],"version-history":[{"count":2,"href":"https:\/\/trading.hhg.vn\/en\/wp-json\/wp\/v2\/product\/149585\/revisions"}],"predecessor-version":[{"id":149615,"href":"https:\/\/trading.hhg.vn\/en\/wp-json\/wp\/v2\/product\/149585\/revisions\/149615"}],"wp:featuredmedia":[{"embeddable":true,"href":"https:\/\/trading.hhg.vn\/en\/wp-json\/wp\/v2\/media\/149586"}],"wp:attachment":[{"href":"https:\/\/trading.hhg.vn\/en\/wp-json\/wp\/v2\/media?parent=149585"}],"wp:term":[{"taxonomy":"product_cat","embeddable":true,"href":"https:\/\/trading.hhg.vn\/en\/wp-json\/wp\/v2\/product_cat?post=149585"},{"taxonomy":"product_tag","embeddable":true,"href":"https:\/\/trading.hhg.vn\/en\/wp-json\/wp\/v2\/product_tag?post=149585"}],"curies":[{"name":"wp","href":"https:\/\/api.w.org\/{rel}","templated":true}]}}