{"id":149616,"date":"2026-03-26T10:13:07","date_gmt":"2026-03-26T03:13:07","guid":{"rendered":"https:\/\/trading.hhg.vn\/?post_type=product&#038;p=149616"},"modified":"2026-03-26T10:13:07","modified_gmt":"2026-03-26T03:13:07","slug":"chau-rua-etagon-8","status":"publish","type":"product","link":"https:\/\/trading.hhg.vn\/en\/s\u1ea3n-ph\u1ea9m\/chau-rua-etagon-8\/","title":{"rendered":"Ch\u1eadu r\u1eeda ETAGON 8"},"content":{"rendered":"<p><img fetchpriority=\"high\" decoding=\"async\" class=\"wp-image-149617 aligncenter\" src=\"https:\/\/trading.hhg.vn\/wp-content\/uploads\/2026\/03\/Untitled-1-28-300x169.jpg\" alt=\"\" width=\"355\" height=\"200\" srcset=\"https:\/\/trading.hhg.vn\/wp-content\/uploads\/2026\/03\/Untitled-1-28-300x169.jpg 300w, https:\/\/trading.hhg.vn\/wp-content\/uploads\/2026\/03\/Untitled-1-28-1024x576.jpg 1024w, https:\/\/trading.hhg.vn\/wp-content\/uploads\/2026\/03\/Untitled-1-28-768x432.jpg 768w, https:\/\/trading.hhg.vn\/wp-content\/uploads\/2026\/03\/Untitled-1-28-1200x675.jpg 1200w, https:\/\/trading.hhg.vn\/wp-content\/uploads\/2026\/03\/Untitled-1-28-150x84.jpg 150w, https:\/\/trading.hhg.vn\/wp-content\/uploads\/2026\/03\/Untitled-1-28.jpg 1480w\" sizes=\"(max-width: 355px) 100vw, 355px\" \/>ETAGON 8 n\u1ed5i b\u1eadt v\u1edbi thi\u1ebft k\u1ebf ba t\u1ea7ng \u0111\u1ed9c \u0111\u00e1o, cho ph\u00e9p t\u00edch h\u1ee3p c\u00e1c ph\u1ee5 ki\u1ec7n linh ho\u1ea1t, gi\u00fap t\u1ed1i \u01b0u h\u00f3a kh\u00f4ng gian v\u00e0 quy tr\u00ecnh thao t\u00e1c trong b\u1ebfp. L\u00f2ng ch\u1eadu r\u1ed9ng r\u00e3i k\u1ebft h\u1ee3p c\u00f9ng ch\u1ea5t li\u1ec7u Silgranit cao c\u1ea5p mang l\u1ea1i \u0111\u1ed9 b\u1ec1n v\u01b0\u1ee3t tr\u1ed9i, kh\u1ea3 n\u0103ng ch\u1ed1ng tr\u1ea7y x\u01b0\u1edbc v\u00e0 d\u1ec5 v\u1ec7 sinh. S\u1ea3n ph\u1ea9m kh\u00f4ng ch\u1ec9 n\u00e2ng cao hi\u1ec7u qu\u1ea3 s\u1eed d\u1ee5ng m\u00e0 c\u00f2n t\u1ea1o \u0111i\u1ec3m nh\u1ea5n hi\u1ec7n \u0111\u1ea1i, ti\u1ec7n nghi cho kh\u00f4ng gian b\u1ebfp.<\/p>\n","protected":false},"excerpt":{"rendered":"<ul>\n<li>B\u1ed3n r\u1eeda so le r\u1ed9ng r\u00e3i v\u1edbi ch\u1ee9c n\u0103ng b\u1ed5 sung<\/li>\n<li>B\u01b0\u1edbc t\u00edch h\u1ee3p t\u1ea1o ra m\u1ed9t m\u1ee9c ch\u1ee9c n\u0103ng b\u1ed5 sung<\/li>\n<li>Kh\u00e1i ni\u1ec7m h\u1ec7 th\u1ed1ng th\u00f4ng minh v\u1edbi \u0111\u01b0\u1eddng ray ETAGON \u0111a d\u1ee5ng<\/li>\n<li>C\u00e1c t\u00ednh n\u0103ng ch\u1ea5t l\u01b0\u1ee3ng cao v\u1edbi h\u1ec7 th\u1ed1ng x\u1ea3 tr\u00e0n C v\u00e0 InFino \u2013 \u0111\u01b0\u1ee3c t\u00edch h\u1ee3p thanh l\u1ecbch v\u00e0 d\u1ec5 lau d\u1ecdn<\/li>\n<li>L\u1eafp \u0111\u1eb7t t\u1eeb tr\u00ean cao, v\u1edbi v\u00e0nh c\u1ea5u h\u00ecnh th\u1ea5p, thanh l\u1ecbch v\u00e0 g\u1edd v\u00f2i ti\u1ebfp n\u1ed1i li\u00ean t\u1ee5c<\/li>\n<\/ul>\n","protected":false},"featured_media":149639,"comment_status":"open","ping_status":"closed","template":"","meta":{"_acf_changed":false},"product_cat":[275,83],"product_tag":[],"class_list":{"0":"post-149616","1":"product","2":"type-product","3":"status-publish","4":"has-post-thumbnail","6":"product_cat-thiet-bi-nha-bep","7":"product_cat-chau-rua","8":"pa_mau-sac-antraxit","9":"pa_mau-sac-ca-phe","10":"pa_mau-sac-mau-den","11":"pa_mau-sac-mau-trang","12":"pa_mau-sac-taturfo","13":"pa_mau-sac-trang-min","14":"pa_mau-sac-xam-da","15":"pa_mau-sac-xam-nui-lua","17":"first","18":"instock","19":"shipping-taxable","20":"purchasable","21":"product-type-variable"},"acf":[],"featured_media_urls":{"thumbnail":["https:\/\/trading.hhg.vn\/wp-content\/uploads\/2026\/03\/Artboard-4-7-150x150.png",150,150,true],"medium":["https:\/\/trading.hhg.vn\/wp-content\/uploads\/2026\/03\/Artboard-4-7-263x300.png",263,300,true],"medium_large":["https:\/\/trading.hhg.vn\/wp-content\/uploads\/2026\/03\/Artboard-4-7-768x878.png",768,878,true],"large":["https:\/\/trading.hhg.vn\/wp-content\/uploads\/2026\/03\/Artboard-4-7.png",827,945,false],"1536x1536":["https:\/\/trading.hhg.vn\/wp-content\/uploads\/2026\/03\/Artboard-4-7.png",827,945,false],"2048x2048":["https:\/\/trading.hhg.vn\/wp-content\/uploads\/2026\/03\/Artboard-4-7.png",827,945,false],"woocommerce_thumbnail":["https:\/\/trading.hhg.vn\/wp-content\/uploads\/2026\/03\/Artboard-4-7-600x600.png",600,600,true],"woocommerce_single":["https:\/\/trading.hhg.vn\/wp-content\/uploads\/2026\/03\/Artboard-4-7.png",827,945,false],"woocommerce_gallery_thumbnail":["https:\/\/trading.hhg.vn\/wp-content\/uploads\/2026\/03\/Artboard-4-7-150x171.png",150,171,true],"portfolio_item-thumbnail":["https:\/\/trading.hhg.vn\/wp-content\/uploads\/2026\/03\/Artboard-4-7.png",350,400,false],"portfolio_item-thumbnail@2x":["https:\/\/trading.hhg.vn\/wp-content\/uploads\/2026\/03\/Artboard-4-7.png",700,800,false],"portfolio_item-masonry":["https:\/\/trading.hhg.vn\/wp-content\/uploads\/2026\/03\/Artboard-4-7.png",600,686,false],"portfolio_item-masonry@2x":["https:\/\/trading.hhg.vn\/wp-content\/uploads\/2026\/03\/Artboard-4-7.png",827,945,false],"portfolio_item-thumbnail_cinema":["https:\/\/trading.hhg.vn\/wp-content\/uploads\/2026\/03\/Artboard-4-7.png",293,335,false],"portfolio_item-thumbnail_portrait":["https:\/\/trading.hhg.vn\/wp-content\/uploads\/2026\/03\/Artboard-4-7.png",600,686,false],"portfolio_item-thumbnail_portrait@2x":["https:\/\/trading.hhg.vn\/wp-content\/uploads\/2026\/03\/Artboard-4-7.png",827,945,false],"portfolio_item-thumbnail_square":["https:\/\/trading.hhg.vn\/wp-content\/uploads\/2026\/03\/Artboard-4-7.png",700,800,false]},"_links":{"self":[{"href":"https:\/\/trading.hhg.vn\/en\/wp-json\/wp\/v2\/product\/149616","targetHints":{"allow":["GET"]}}],"collection":[{"href":"https:\/\/trading.hhg.vn\/en\/wp-json\/wp\/v2\/product"}],"about":[{"href":"https:\/\/trading.hhg.vn\/en\/wp-json\/wp\/v2\/types\/product"}],"replies":[{"embeddable":true,"href":"https:\/\/trading.hhg.vn\/en\/wp-json\/wp\/v2\/comments?post=149616"}],"version-history":[{"count":2,"href":"https:\/\/trading.hhg.vn\/en\/wp-json\/wp\/v2\/product\/149616\/revisions"}],"predecessor-version":[{"id":149650,"href":"https:\/\/trading.hhg.vn\/en\/wp-json\/wp\/v2\/product\/149616\/revisions\/149650"}],"wp:featuredmedia":[{"embeddable":true,"href":"https:\/\/trading.hhg.vn\/en\/wp-json\/wp\/v2\/media\/149639"}],"wp:attachment":[{"href":"https:\/\/trading.hhg.vn\/en\/wp-json\/wp\/v2\/media?parent=149616"}],"wp:term":[{"taxonomy":"product_cat","embeddable":true,"href":"https:\/\/trading.hhg.vn\/en\/wp-json\/wp\/v2\/product_cat?post=149616"},{"taxonomy":"product_tag","embeddable":true,"href":"https:\/\/trading.hhg.vn\/en\/wp-json\/wp\/v2\/product_tag?post=149616"}],"curies":[{"name":"wp","href":"https:\/\/api.w.org\/{rel}","templated":true}]}}