{"id":15365,"date":"2025-11-19T10:31:26","date_gmt":"2025-11-19T03:31:26","guid":{"rendered":"https:\/\/trading.hhg.vn\/product\/nap-va-be-ngoi-bon-cau-quickrelease-elupura-q\/"},"modified":"2025-12-05T08:01:52","modified_gmt":"2025-12-05T01:01:52","slug":"nap-va-be-ngoi-bon-cau-quickrelease-elupura-q","status":"publish","type":"product","link":"https:\/\/trading.hhg.vn\/en\/s\u1ea3n-ph\u1ea9m\/nap-va-be-ngoi-bon-cau-quickrelease-elupura-q\/","title":{"rendered":"N\u1eafp v\u00e0 b\u1ec7 ng\u1ed3i b\u1ed3n c\u1ea7u QuickRelease EluPura Q"},"content":{"rendered":"","protected":false},"excerpt":{"rendered":"<p>N\u1eafp v\u00e0 b\u1ec7 ng\u1ed3i EluPura Q mang \u0111\u1ebfn s\u1ef1 h\u00f2a quy\u1ec7n ho\u00e0n h\u1ea3o gi\u1eefa thi\u1ebft k\u1ebf tinh t\u1ebf v\u00e0 c\u00f4ng n\u0103ng v\u01b0\u1ee3t tr\u1ed9i. \u0110\u01b0\u1eddng n\u00e9t thanh l\u1ecbch, t\u1ed1i gi\u1ea3n \u00f4m tr\u1ecdn kh\u00f4ng gian, ki\u1ebfn t\u1ea1o v\u1ebb \u0111\u1eb9p hi\u1ec7n \u0111\u1ea1i. V\u1edbi c\u00f4ng ngh\u1ec7 QuickRelease \u0111\u1ed9c quy\u1ec1n, vi\u1ec7c th\u00e1o l\u1eafp tr\u1edf n\u00ean d\u1ec5 d\u00e0ng ch\u01b0a t\u1eebng c\u00f3, gi\u00fap v\u1ec7 sinh nhanh ch\u00f3ng v\u00e0 tri\u1ec7t \u0111\u1ec3. T\u1eebng kho\u1ea3nh kh\u1eafc s\u1eed d\u1ee5ng \u0111\u1ec1u l\u00e0 tr\u1ea3i nghi\u1ec7m \u00eam \u00e1i, n\u00e2ng t\u1ea7m ti\u1ec7n nghi ph\u00f2ng t\u1eafm, bi\u1ebfn nh\u1eefng \u0111i\u1ec1u nh\u1ecf nh\u1eb7t th\u00e0nh gi\u00e1 tr\u1ecb s\u1ed1ng \u0111\u00edch th\u1ef1c.<\/p>\n","protected":false},"featured_media":15363,"comment_status":"open","ping_status":"closed","template":"","meta":{"_acf_changed":false},"product_cat":[863],"product_tag":[],"class_list":{"0":"post-15365","1":"product","2":"type-product","3":"status-publish","4":"has-post-thumbnail","6":"product_cat-nap-bon-cau","7":"pa_mau-sac-trang","9":"first","10":"instock","11":"shipping-taxable","12":"product-type-simple"},"acf":[],"featured_media_urls":{"thumbnail":["https:\/\/trading.hhg.vn\/wp-content\/uploads\/2025\/11\/154__hpr05810_tif-150x150.png",150,150,true],"medium":["https:\/\/trading.hhg.vn\/wp-content\/uploads\/2025\/11\/154__hpr05810_tif-262x300.png",262,300,true],"medium_large":["https:\/\/trading.hhg.vn\/wp-content\/uploads\/2025\/11\/154__hpr05810_tif-768x878.png",768,878,true],"large":["https:\/\/trading.hhg.vn\/wp-content\/uploads\/2025\/11\/154__hpr05810_tif-896x1024.png",896,1024,true],"1536x1536":["https:\/\/trading.hhg.vn\/wp-content\/uploads\/2025\/11\/154__hpr05810_tif-1344x1536.png",1344,1536,true],"2048x2048":["https:\/\/trading.hhg.vn\/wp-content\/uploads\/2025\/11\/154__hpr05810_tif.png",1440,1646,false],"woocommerce_thumbnail":["https:\/\/trading.hhg.vn\/wp-content\/uploads\/2025\/11\/154__hpr05810_tif-600x600.png",600,600,true],"woocommerce_single":["https:\/\/trading.hhg.vn\/wp-content\/uploads\/2025\/11\/154__hpr05810_tif-1200x1372.png",1200,1372,true],"woocommerce_gallery_thumbnail":["https:\/\/trading.hhg.vn\/wp-content\/uploads\/2025\/11\/154__hpr05810_tif-150x171.png",150,171,true],"portfolio_item-thumbnail":["https:\/\/trading.hhg.vn\/wp-content\/uploads\/2025\/11\/154__hpr05810_tif.png",350,400,false],"portfolio_item-thumbnail@2x":["https:\/\/trading.hhg.vn\/wp-content\/uploads\/2025\/11\/154__hpr05810_tif.png",700,800,false],"portfolio_item-masonry":["https:\/\/trading.hhg.vn\/wp-content\/uploads\/2025\/11\/154__hpr05810_tif.png",600,686,false],"portfolio_item-masonry@2x":["https:\/\/trading.hhg.vn\/wp-content\/uploads\/2025\/11\/154__hpr05810_tif.png",1200,1372,false],"portfolio_item-thumbnail_cinema":["https:\/\/trading.hhg.vn\/wp-content\/uploads\/2025\/11\/154__hpr05810_tif.png",293,335,false],"portfolio_item-thumbnail_portrait":["https:\/\/trading.hhg.vn\/wp-content\/uploads\/2025\/11\/154__hpr05810_tif.png",600,686,false],"portfolio_item-thumbnail_portrait@2x":["https:\/\/trading.hhg.vn\/wp-content\/uploads\/2025\/11\/154__hpr05810_tif.png",1200,1372,false],"portfolio_item-thumbnail_square":["https:\/\/trading.hhg.vn\/wp-content\/uploads\/2025\/11\/154__hpr05810_tif.png",700,800,false]},"_links":{"self":[{"href":"https:\/\/trading.hhg.vn\/en\/wp-json\/wp\/v2\/product\/15365","targetHints":{"allow":["GET"]}}],"collection":[{"href":"https:\/\/trading.hhg.vn\/en\/wp-json\/wp\/v2\/product"}],"about":[{"href":"https:\/\/trading.hhg.vn\/en\/wp-json\/wp\/v2\/types\/product"}],"replies":[{"embeddable":true,"href":"https:\/\/trading.hhg.vn\/en\/wp-json\/wp\/v2\/comments?post=15365"}],"version-history":[{"count":1,"href":"https:\/\/trading.hhg.vn\/en\/wp-json\/wp\/v2\/product\/15365\/revisions"}],"predecessor-version":[{"id":118481,"href":"https:\/\/trading.hhg.vn\/en\/wp-json\/wp\/v2\/product\/15365\/revisions\/118481"}],"wp:featuredmedia":[{"embeddable":true,"href":"https:\/\/trading.hhg.vn\/en\/wp-json\/wp\/v2\/media\/15363"}],"wp:attachment":[{"href":"https:\/\/trading.hhg.vn\/en\/wp-json\/wp\/v2\/media?parent=15365"}],"wp:term":[{"taxonomy":"product_cat","embeddable":true,"href":"https:\/\/trading.hhg.vn\/en\/wp-json\/wp\/v2\/product_cat?post=15365"},{"taxonomy":"product_tag","embeddable":true,"href":"https:\/\/trading.hhg.vn\/en\/wp-json\/wp\/v2\/product_tag?post=15365"}],"curies":[{"name":"wp","href":"https:\/\/api.w.org\/{rel}","templated":true}]}}