{"id":15709,"date":"2025-11-19T12:05:37","date_gmt":"2025-11-19T05:05:37","guid":{"rendered":"https:\/\/trading.hhg.vn\/product\/bo-hoan-chinh-900-lap-am-san-phang-cho-bo-hoan-thien-thoat-san-ubox-universal\/"},"modified":"2026-01-28T07:46:30","modified_gmt":"2026-01-28T00:46:30","slug":"bo-hoan-chinh-900-lap-am-san-phang-cho-bo-hoan-thien-thoat-san-ubox-universal","status":"publish","type":"product","link":"https:\/\/trading.hhg.vn\/en\/s\u1ea3n-ph\u1ea9m\/bo-hoan-chinh-900-lap-am-san-phang-cho-bo-hoan-thien-thoat-san-ubox-universal\/","title":{"rendered":"B\u1ed9 ho\u00e0n ch\u1ec9nh 900 l\u1eafp \u00e2m s\u00e0n ph\u1eb3ng cho b\u1ed9 ho\u00e0n thi\u1ec7n tho\u00e1t s\u00e0n uBox universal"},"content":{"rendered":"","protected":false},"excerpt":{"rendered":"<p>V\u1edbi thi\u1ebft k\u1ebf tho\u00e1t s\u00e0n uBox universal l\u1eafp \u00e2m s\u00e0n ph\u1eb3ng, b\u1ed9 ho\u00e0n ch\u1ec9nh 900 c\u1ee7a ch\u00fang t\u00f4i ki\u1ebfn t\u1ea1o kh\u00f4ng gian ph\u00f2ng t\u1eafm tinh t\u1ebf, li\u1ec1n m\u1ea1ch. T\u1eebng \u0111\u01b0\u1eddng n\u00e9t \u0111\u01b0\u1ee3c t\u1ed1i gi\u1ea3n h\u00f3a, h\u00f2a quy\u1ec7n ho\u00e0n h\u1ea3o v\u00e0o ki\u1ebfn tr\u00fac, mang \u0111\u1ebfn v\u1ebb \u0111\u1eb9p \u0111\u01b0\u01a1ng \u0111\u1ea1i v\u00e0 sang tr\u1ecdng. C\u00f4ng n\u0103ng v\u01b0\u1ee3t tr\u1ed9i \u0111\u1ea3m b\u1ea3o tho\u00e1t n\u01b0\u1edbc hi\u1ec7u qu\u1ea3, v\u1eadn h\u00e0nh \u00eam \u00e1i, cho tr\u1ea3i nghi\u1ec7m s\u1eed d\u1ee5ng ti\u1ec7n nghi v\u00e0 th\u01b0 th\u00e1i, n\u00e2ng t\u1ea7m \u0111\u1eb3ng c\u1ea5p kh\u00f4ng gian s\u1ed1ng.<\/p>\n","protected":false},"featured_media":15707,"comment_status":"open","ping_status":"closed","template":"","meta":{"_acf_changed":false},"product_cat":[848],"product_tag":[],"class_list":{"0":"post-15709","1":"product","2":"type-product","3":"status-publish","4":"has-post-thumbnail","6":"product_cat-thoat-san-2","8":"first","9":"instock","10":"shipping-taxable","11":"purchasable","12":"product-type-simple"},"acf":[],"featured_media_urls":{"thumbnail":["https:\/\/trading.hhg.vn\/wp-content\/uploads\/2025\/11\/154__hpr03479_tif-150x150.png",150,150,true],"medium":["https:\/\/trading.hhg.vn\/wp-content\/uploads\/2025\/11\/154__hpr03479_tif-262x300.png",262,300,true],"medium_large":["https:\/\/trading.hhg.vn\/wp-content\/uploads\/2025\/11\/154__hpr03479_tif-768x878.png",768,878,true],"large":["https:\/\/trading.hhg.vn\/wp-content\/uploads\/2025\/11\/154__hpr03479_tif-896x1024.png",896,1024,true],"1536x1536":["https:\/\/trading.hhg.vn\/wp-content\/uploads\/2025\/11\/154__hpr03479_tif-1344x1536.png",1344,1536,true],"2048x2048":["https:\/\/trading.hhg.vn\/wp-content\/uploads\/2025\/11\/154__hpr03479_tif.png",1440,1646,false],"woocommerce_thumbnail":["https:\/\/trading.hhg.vn\/wp-content\/uploads\/2025\/11\/154__hpr03479_tif-600x600.png",600,600,true],"woocommerce_single":["https:\/\/trading.hhg.vn\/wp-content\/uploads\/2025\/11\/154__hpr03479_tif-1200x1372.png",1200,1372,true],"woocommerce_gallery_thumbnail":["https:\/\/trading.hhg.vn\/wp-content\/uploads\/2025\/11\/154__hpr03479_tif-150x171.png",150,171,true],"portfolio_item-thumbnail":["https:\/\/trading.hhg.vn\/wp-content\/uploads\/2025\/11\/154__hpr03479_tif.png",350,400,false],"portfolio_item-thumbnail@2x":["https:\/\/trading.hhg.vn\/wp-content\/uploads\/2025\/11\/154__hpr03479_tif.png",700,800,false],"portfolio_item-masonry":["https:\/\/trading.hhg.vn\/wp-content\/uploads\/2025\/11\/154__hpr03479_tif.png",600,686,false],"portfolio_item-masonry@2x":["https:\/\/trading.hhg.vn\/wp-content\/uploads\/2025\/11\/154__hpr03479_tif.png",1200,1372,false],"portfolio_item-thumbnail_cinema":["https:\/\/trading.hhg.vn\/wp-content\/uploads\/2025\/11\/154__hpr03479_tif.png",293,335,false],"portfolio_item-thumbnail_portrait":["https:\/\/trading.hhg.vn\/wp-content\/uploads\/2025\/11\/154__hpr03479_tif.png",600,686,false],"portfolio_item-thumbnail_portrait@2x":["https:\/\/trading.hhg.vn\/wp-content\/uploads\/2025\/11\/154__hpr03479_tif.png",1200,1372,false],"portfolio_item-thumbnail_square":["https:\/\/trading.hhg.vn\/wp-content\/uploads\/2025\/11\/154__hpr03479_tif.png",700,800,false]},"_links":{"self":[{"href":"https:\/\/trading.hhg.vn\/en\/wp-json\/wp\/v2\/product\/15709","targetHints":{"allow":["GET"]}}],"collection":[{"href":"https:\/\/trading.hhg.vn\/en\/wp-json\/wp\/v2\/product"}],"about":[{"href":"https:\/\/trading.hhg.vn\/en\/wp-json\/wp\/v2\/types\/product"}],"replies":[{"embeddable":true,"href":"https:\/\/trading.hhg.vn\/en\/wp-json\/wp\/v2\/comments?post=15709"}],"version-history":[{"count":1,"href":"https:\/\/trading.hhg.vn\/en\/wp-json\/wp\/v2\/product\/15709\/revisions"}],"predecessor-version":[{"id":35375,"href":"https:\/\/trading.hhg.vn\/en\/wp-json\/wp\/v2\/product\/15709\/revisions\/35375"}],"wp:featuredmedia":[{"embeddable":true,"href":"https:\/\/trading.hhg.vn\/en\/wp-json\/wp\/v2\/media\/15707"}],"wp:attachment":[{"href":"https:\/\/trading.hhg.vn\/en\/wp-json\/wp\/v2\/media?parent=15709"}],"wp:term":[{"taxonomy":"product_cat","embeddable":true,"href":"https:\/\/trading.hhg.vn\/en\/wp-json\/wp\/v2\/product_cat?post=15709"},{"taxonomy":"product_tag","embeddable":true,"href":"https:\/\/trading.hhg.vn\/en\/wp-json\/wp\/v2\/product_tag?post=15709"}],"curies":[{"name":"wp","href":"https:\/\/api.w.org\/{rel}","templated":true}]}}