{"id":16197,"date":"2025-11-19T12:10:56","date_gmt":"2025-11-19T05:10:56","guid":{"rendered":"https:\/\/trading.hhg.vn\/product\/sen-tran-3-duong-nuoc-90-clubmaster\/"},"modified":"2026-01-28T07:46:00","modified_gmt":"2026-01-28T00:46:00","slug":"sen-tran-3-duong-nuoc-90-clubmaster","status":"publish","type":"product","link":"https:\/\/trading.hhg.vn\/en\/s\u1ea3n-ph\u1ea9m\/sen-tran-3-duong-nuoc-90-clubmaster\/","title":{"rendered":"Sen tr\u1ea7n 3 \u0111\u01b0\u1eddng n\u01b0\u1edbc 90 Clubmaster"},"content":{"rendered":"","protected":false},"excerpt":{"rendered":"<p>Sen tr\u1ea7n 90 Clubmaster l\u00e0 hi\u1ec7n th\u00e2n c\u1ee7a v\u1ebb \u0111\u1eb9p t\u1ed1i gi\u1ea3n v\u00e0 c\u00f4ng n\u0103ng v\u01b0\u1ee3t tr\u1ed9i, mang \u0111\u1ebfn tr\u1ea3i nghi\u1ec7m t\u1eafm th\u01b0 gi\u00e3n nh\u01b0 spa t\u1ea1i gia. V\u1edbi ba ch\u1ebf \u0111\u1ed9 n\u01b0\u1edbc t\u00f9y ch\u1ec9nh, t\u1eeb d\u00f2ng ch\u1ea3y \u00eam \u00e1i \u0111\u1ebfn tia phun m\u1ea1nh m\u1ebd, m\u1ecdi gi\u00e1c quan c\u1ee7a b\u1ea1n s\u1ebd \u0111\u01b0\u1ee3c \u0111\u00e1nh th\u1ee9c. Thi\u1ebft k\u1ebf tinh x\u1ea3o, ch\u1ea5t li\u1ec7u cao c\u1ea5p kh\u00f4ng ch\u1ec9 t\u00f4 \u0111i\u1ec3m cho kh\u00f4ng gian ph\u00f2ng t\u1eafm m\u00e0 c\u00f2n \u0111\u1ea3m b\u1ea3o \u0111\u1ed9 b\u1ec1n v\u01b0\u1ee3t th\u1eddi gian. Clubmaster kh\u00f4ng ch\u1ec9 l\u00e0 sen t\u1eafm, m\u00e0 l\u00e0 m\u1ed9t tuy\u00ean ng\u00f4n phong c\u00e1ch, n\u00e2ng t\u1ea7m kh\u00f4ng gian s\u1ed1ng v\u00e0 ch\u1ea5t l\u01b0\u1ee3ng cu\u1ed9c s\u1ed1ng c\u1ee7a b\u1ea1n m\u1ed7i ng\u00e0y.<\/p>\n","protected":false},"featured_media":16195,"comment_status":"open","ping_status":"closed","template":"","meta":{"_acf_changed":false},"product_cat":[843],"product_tag":[],"class_list":{"0":"post-16197","1":"product","2":"type-product","3":"status-publish","4":"has-post-thumbnail","6":"product_cat-bat-sen-tran","7":"pa_mau-sac-chrome","9":"first","10":"instock","11":"shipping-taxable","12":"purchasable","13":"product-type-simple"},"acf":[],"featured_media_urls":{"thumbnail":["https:\/\/trading.hhg.vn\/wp-content\/uploads\/2025\/11\/154__apb01660_tif-150x150.png",150,150,true],"medium":["https:\/\/trading.hhg.vn\/wp-content\/uploads\/2025\/11\/154__apb01660_tif-263x300.png",263,300,true],"medium_large":["https:\/\/trading.hhg.vn\/wp-content\/uploads\/2025\/11\/154__apb01660_tif-768x878.png",768,878,true],"large":["https:\/\/trading.hhg.vn\/wp-content\/uploads\/2025\/11\/154__apb01660_tif-896x1024.png",896,1024,true],"1536x1536":["https:\/\/trading.hhg.vn\/wp-content\/uploads\/2025\/11\/154__apb01660_tif.png",1260,1440,false],"2048x2048":["https:\/\/trading.hhg.vn\/wp-content\/uploads\/2025\/11\/154__apb01660_tif.png",1260,1440,false],"woocommerce_thumbnail":["https:\/\/trading.hhg.vn\/wp-content\/uploads\/2025\/11\/154__apb01660_tif-600x600.png",600,600,true],"woocommerce_single":["https:\/\/trading.hhg.vn\/wp-content\/uploads\/2025\/11\/154__apb01660_tif-1200x1371.png",1200,1371,true],"woocommerce_gallery_thumbnail":["https:\/\/trading.hhg.vn\/wp-content\/uploads\/2025\/11\/154__apb01660_tif-150x171.png",150,171,true],"portfolio_item-thumbnail":["https:\/\/trading.hhg.vn\/wp-content\/uploads\/2025\/11\/154__apb01660_tif.png",350,400,false],"portfolio_item-thumbnail@2x":["https:\/\/trading.hhg.vn\/wp-content\/uploads\/2025\/11\/154__apb01660_tif.png",700,800,false],"portfolio_item-masonry":["https:\/\/trading.hhg.vn\/wp-content\/uploads\/2025\/11\/154__apb01660_tif.png",600,686,false],"portfolio_item-masonry@2x":["https:\/\/trading.hhg.vn\/wp-content\/uploads\/2025\/11\/154__apb01660_tif.png",1200,1371,false],"portfolio_item-thumbnail_cinema":["https:\/\/trading.hhg.vn\/wp-content\/uploads\/2025\/11\/154__apb01660_tif.png",293,335,false],"portfolio_item-thumbnail_portrait":["https:\/\/trading.hhg.vn\/wp-content\/uploads\/2025\/11\/154__apb01660_tif.png",600,686,false],"portfolio_item-thumbnail_portrait@2x":["https:\/\/trading.hhg.vn\/wp-content\/uploads\/2025\/11\/154__apb01660_tif.png",1200,1371,false],"portfolio_item-thumbnail_square":["https:\/\/trading.hhg.vn\/wp-content\/uploads\/2025\/11\/154__apb01660_tif.png",700,800,false]},"_links":{"self":[{"href":"https:\/\/trading.hhg.vn\/en\/wp-json\/wp\/v2\/product\/16197","targetHints":{"allow":["GET"]}}],"collection":[{"href":"https:\/\/trading.hhg.vn\/en\/wp-json\/wp\/v2\/product"}],"about":[{"href":"https:\/\/trading.hhg.vn\/en\/wp-json\/wp\/v2\/types\/product"}],"replies":[{"embeddable":true,"href":"https:\/\/trading.hhg.vn\/en\/wp-json\/wp\/v2\/comments?post=16197"}],"version-history":[{"count":1,"href":"https:\/\/trading.hhg.vn\/en\/wp-json\/wp\/v2\/product\/16197\/revisions"}],"predecessor-version":[{"id":35389,"href":"https:\/\/trading.hhg.vn\/en\/wp-json\/wp\/v2\/product\/16197\/revisions\/35389"}],"wp:featuredmedia":[{"embeddable":true,"href":"https:\/\/trading.hhg.vn\/en\/wp-json\/wp\/v2\/media\/16195"}],"wp:attachment":[{"href":"https:\/\/trading.hhg.vn\/en\/wp-json\/wp\/v2\/media?parent=16197"}],"wp:term":[{"taxonomy":"product_cat","embeddable":true,"href":"https:\/\/trading.hhg.vn\/en\/wp-json\/wp\/v2\/product_cat?post=16197"},{"taxonomy":"product_tag","embeddable":true,"href":"https:\/\/trading.hhg.vn\/en\/wp-json\/wp\/v2\/product_tag?post=16197"}],"curies":[{"name":"wp","href":"https:\/\/api.w.org\/{rel}","templated":true}]}}