{"id":16444,"date":"2025-11-19T13:14:43","date_gmt":"2025-11-19T06:14:43","guid":{"rendered":"https:\/\/trading.hhg.vn\/product\/hop-am-tuong-axor-ibox-universal-2\/"},"modified":"2026-01-28T07:50:00","modified_gmt":"2026-01-28T00:50:00","slug":"hop-am-tuong-axor-ibox-universal-2","status":"publish","type":"product","link":"https:\/\/trading.hhg.vn\/en\/s\u1ea3n-ph\u1ea9m\/hop-am-tuong-axor-ibox-universal-2\/","title":{"rendered":"H\u1ed9p \u00e2m t\u01b0\u1eddng AXOR iBox universal 2"},"content":{"rendered":"","protected":false},"excerpt":{"rendered":"<p>AXOR iBox universal 2 l\u00e0 tr\u00e1i tim \u1ea9n m\u00ecnh c\u1ee7a kh\u00f4ng gian t\u1eafm \u0111\u1eb3ng c\u1ea5p, n\u01a1i s\u1ef1 tinh t\u1ebf trong thi\u1ebft k\u1ebf v\u00e0 c\u00f4ng n\u0103ng v\u01b0\u1ee3t tr\u1ed9i h\u00f2a quy\u1ec7n. H\u1ed9p \u00e2m t\u01b0\u1eddng n\u00e0y kh\u00f4ng ch\u1ec9 l\u00e0 m\u1ed9t gi\u1ea3i ph\u00e1p k\u1ef9 thu\u1eadt, m\u00e0 c\u00f2n l\u00e0 kh\u1edfi ngu\u1ed3n cho tr\u1ea3i nghi\u1ec7m s\u1eed d\u1ee5ng m\u01b0\u1ee3t m\u00e0, bi\u1ebfn m\u1ecdi thao t\u00e1c th\u00e0nh c\u1eed ch\u1ec9 duy\u00ean d\u00e1ng. V\u1edbi thi\u1ebft k\u1ebf t\u1ed1i gi\u1ea3n, iBox 2 m\u1edf ra c\u00e1nh c\u1eeda \u0111\u1ebfn s\u1ef1 t\u1ef1 do s\u00e1ng t\u1ea1o, cho ph\u00e9p b\u1ea1n ki\u1ebfn t\u1ea1o m\u1ed9t kh\u00f4ng gian t\u1eafm c\u00e1 nh\u00e2n h\u00f3a ho\u00e0n h\u1ea3o, n\u01a1i m\u1ed7i \u0111\u01b0\u1eddng n\u00e9t \u0111\u1ec1u ph\u1ea3n \u00e1nh phong c\u00e1ch s\u1ed1ng th\u01b0\u1ee3ng l\u01b0u v\u00e0 c\u1ea3m gi\u00e1c th\u01b0 th\u00e1i tuy\u1ec7t \u0111\u1ed1i.<\/p>\n","protected":false},"featured_media":16442,"comment_status":"open","ping_status":"closed","template":"","meta":{"_acf_changed":false},"product_cat":[714],"product_tag":[],"class_list":{"0":"post-16444","1":"product","2":"type-product","3":"status-publish","4":"has-post-thumbnail","6":"product_cat-phu-kien-lap-dat","8":"first","9":"instock","10":"shipping-taxable","11":"purchasable","12":"product-type-simple"},"acf":[],"featured_media_urls":{"thumbnail":["https:\/\/trading.hhg.vn\/wp-content\/uploads\/2025\/11\/154__apr11289_tif-150x150.png",150,150,true],"medium":["https:\/\/trading.hhg.vn\/wp-content\/uploads\/2025\/11\/154__apr11289_tif-262x300.png",262,300,true],"medium_large":["https:\/\/trading.hhg.vn\/wp-content\/uploads\/2025\/11\/154__apr11289_tif-768x878.png",768,878,true],"large":["https:\/\/trading.hhg.vn\/wp-content\/uploads\/2025\/11\/154__apr11289_tif-896x1024.png",896,1024,true],"1536x1536":["https:\/\/trading.hhg.vn\/wp-content\/uploads\/2025\/11\/154__apr11289_tif-1344x1536.png",1344,1536,true],"2048x2048":["https:\/\/trading.hhg.vn\/wp-content\/uploads\/2025\/11\/154__apr11289_tif.png",1356,1550,false],"woocommerce_thumbnail":["https:\/\/trading.hhg.vn\/wp-content\/uploads\/2025\/11\/154__apr11289_tif-600x600.png",600,600,true],"woocommerce_single":["https:\/\/trading.hhg.vn\/wp-content\/uploads\/2025\/11\/154__apr11289_tif-1200x1372.png",1200,1372,true],"woocommerce_gallery_thumbnail":["https:\/\/trading.hhg.vn\/wp-content\/uploads\/2025\/11\/154__apr11289_tif-150x171.png",150,171,true],"portfolio_item-thumbnail":["https:\/\/trading.hhg.vn\/wp-content\/uploads\/2025\/11\/154__apr11289_tif.png",350,400,false],"portfolio_item-thumbnail@2x":["https:\/\/trading.hhg.vn\/wp-content\/uploads\/2025\/11\/154__apr11289_tif.png",700,800,false],"portfolio_item-masonry":["https:\/\/trading.hhg.vn\/wp-content\/uploads\/2025\/11\/154__apr11289_tif.png",600,686,false],"portfolio_item-masonry@2x":["https:\/\/trading.hhg.vn\/wp-content\/uploads\/2025\/11\/154__apr11289_tif.png",1200,1372,false],"portfolio_item-thumbnail_cinema":["https:\/\/trading.hhg.vn\/wp-content\/uploads\/2025\/11\/154__apr11289_tif.png",293,335,false],"portfolio_item-thumbnail_portrait":["https:\/\/trading.hhg.vn\/wp-content\/uploads\/2025\/11\/154__apr11289_tif.png",600,686,false],"portfolio_item-thumbnail_portrait@2x":["https:\/\/trading.hhg.vn\/wp-content\/uploads\/2025\/11\/154__apr11289_tif.png",1200,1372,false],"portfolio_item-thumbnail_square":["https:\/\/trading.hhg.vn\/wp-content\/uploads\/2025\/11\/154__apr11289_tif.png",700,800,false]},"_links":{"self":[{"href":"https:\/\/trading.hhg.vn\/en\/wp-json\/wp\/v2\/product\/16444","targetHints":{"allow":["GET"]}}],"collection":[{"href":"https:\/\/trading.hhg.vn\/en\/wp-json\/wp\/v2\/product"}],"about":[{"href":"https:\/\/trading.hhg.vn\/en\/wp-json\/wp\/v2\/types\/product"}],"replies":[{"embeddable":true,"href":"https:\/\/trading.hhg.vn\/en\/wp-json\/wp\/v2\/comments?post=16444"}],"version-history":[{"count":1,"href":"https:\/\/trading.hhg.vn\/en\/wp-json\/wp\/v2\/product\/16444\/revisions"}],"predecessor-version":[{"id":35400,"href":"https:\/\/trading.hhg.vn\/en\/wp-json\/wp\/v2\/product\/16444\/revisions\/35400"}],"wp:featuredmedia":[{"embeddable":true,"href":"https:\/\/trading.hhg.vn\/en\/wp-json\/wp\/v2\/media\/16442"}],"wp:attachment":[{"href":"https:\/\/trading.hhg.vn\/en\/wp-json\/wp\/v2\/media?parent=16444"}],"wp:term":[{"taxonomy":"product_cat","embeddable":true,"href":"https:\/\/trading.hhg.vn\/en\/wp-json\/wp\/v2\/product_cat?post=16444"},{"taxonomy":"product_tag","embeddable":true,"href":"https:\/\/trading.hhg.vn\/en\/wp-json\/wp\/v2\/product_tag?post=16444"}],"curies":[{"name":"wp","href":"https:\/\/api.w.org\/{rel}","templated":true}]}}