{"id":16762,"date":"2025-11-19T13:17:05","date_gmt":"2025-11-19T06:17:05","guid":{"rendered":"https:\/\/trading.hhg.vn\/product\/voi-lavabo-tay-gat-joystick-70-kem-bo-xa-pop-up-axor-starck-classic\/"},"modified":"2026-01-28T07:47:29","modified_gmt":"2026-01-28T00:47:29","slug":"voi-lavabo-tay-gat-joystick-70-kem-bo-xa-pop-up-axor-starck-classic","status":"publish","type":"product","link":"https:\/\/trading.hhg.vn\/en\/s\u1ea3n-ph\u1ea9m\/voi-lavabo-tay-gat-joystick-70-kem-bo-xa-pop-up-axor-starck-classic\/","title":{"rendered":"V\u00f2i lavabo tay g\u1ea1t joystick 70 k\u00e8m b\u1ed9 x\u1ea3 pop-up AXOR Starck Classic"},"content":{"rendered":"<p><img fetchpriority=\"high\" decoding=\"async\" class=\"alignnone wp-image-7559 aligncenter\" src=\"http:\/\/trading.hhg.vn\/wp-content\/uploads\/2025\/11\/AXOR-Starck-Classic.jpg\" alt=\"\" width=\"606\" height=\"454\" \/>AXOR Starck Classic l\u00e0 s\u1ef1 t\u00e1i hi\u1ec7n ho\u00e0n h\u1ea3o c\u1ee7a phong c\u00e1ch c\u1ed5 \u0111i\u1ec3n \u0111\u01b0\u01a1ng \u0111\u1ea1i, n\u01a1i h\u00ecnh kh\u1ed1i truy\u1ec1n th\u1ed1ng \u0111\u01b0\u1ee3c di\u1ec5n gi\u1ea3i l\u1ea1i b\u1eb1ng ng\u00f4n ng\u1eef thi\u1ebft k\u1ebf tinh gi\u1ea3n \u0111\u1eb7c tr\u01b0ng c\u1ee7a Philippe Starck. V\u1edbi \u0111\u01b0\u1eddng cong m\u1ec1m m\u1ea1i, th\u00e2n tr\u1ee5 thanh tho\u00e1t v\u00e0 tay g\u1ea1t d\u1ea1ng c\u1ea7n m\u1ea3nh, d\u00f2ng s\u1ea3n ph\u1ea9m mang v\u1ebb \u0111\u1eb9p nh\u1eb9 nh\u00e0ng, c\u00e2n \u0111\u1ed1i v\u00e0 sang tr\u1ecdng \u2013 m\u1ed9t bi\u1ec3u t\u01b0\u1ee3ng c\u1ee7a s\u1ef1 tinh t\u1ebf v\u01b0\u1ee3t th\u1eddi gian.<\/p>\n<p>AXOR Starck Classic kh\u00f4ng ch\u1ec9 l\u00e0 thi\u1ebft b\u1ecb v\u1ec7 sinh, m\u00e0 l\u00e0 t\u00e1c ph\u1ea9m thi\u1ebft k\u1ebf mang tinh th\u1ea7n c\u1ed5 \u0111i\u1ec3n trong d\u00e1ng v\u1ebb hi\u1ec7n \u0111\u1ea1i, n\u01a1i k\u1ef9 ngh\u1ec7 ch\u1ebf t\u00e1c \u0110\u1ee9c v\u00e0 ng\u00f4n ng\u1eef t\u1ed1i gi\u1ea3n Ph\u00e1p g\u1eb7p g\u1ee1, t\u1ea1o n\u00ean tr\u1ea3i nghi\u1ec7m t\u1eafm \u0111\u1eadm ch\u1ea5t ngh\u1ec7 thu\u1eadt v\u00e0 thanh l\u1ecbch.<\/p>\n","protected":false},"excerpt":{"rendered":"<p>V\u00f2i lavabo AXOR Starck Classic tay g\u1ea1t joystick 70, m\u1ed9t tuy\u1ec7t t\u00e1c thi\u1ebft k\u1ebf t\u1ed1i gi\u1ea3n, l\u00e0 \u0111i\u1ec3m nh\u1ea5n tinh t\u1ebf cho kh\u00f4ng gian ph\u00f2ng t\u1eafm \u0111\u01b0\u01a1ng \u0111\u1ea1i. Th\u00e2n v\u00f2i thanh m\u1ea3nh c\u00f9ng c\u1ea7n g\u1ea1t joystick m\u01b0\u1ee3t m\u00e0, kh\u00f4ng ch\u1ec9 kh\u01a1i ngu\u1ed3n c\u1ea3m h\u1ee9ng th\u1ea9m m\u1ef9 m\u00e0 c\u00f2n mang \u0111\u1ebfn tr\u1ea3i nghi\u1ec7m \u0111i\u1ec1u khi\u1ec3n d\u00f2ng ch\u1ea3y v\u00e0 nhi\u1ec7t \u0111\u1ed9 n\u01b0\u1edbc ho\u00e0n to\u00e0n tr\u1ef1c quan, nh\u1eb9 nh\u00e0ng nh\u01b0 ch\u1ea1m v\u00e0o kh\u00f4ng kh\u00ed. K\u00e8m b\u1ed9 x\u1ea3 pop-up \u0111\u1ed3ng b\u1ed9, s\u1ea3n ph\u1ea9m ki\u1ebfn t\u1ea1o v\u1ebb \u0111\u1eb9p li\u1ec1n m\u1ea1ch v\u00e0 ti\u1ec7n nghi \u0111\u1ec9nh cao, n\u00e2ng t\u1ea7m m\u1ed7i kho\u1ea3nh kh\u1eafc s\u1eed d\u1ee5ng th\u00e0nh m\u1ed9t nghi th\u1ee9c th\u01b0 th\u00e1i v\u00e0 sang tr\u1ecdng.<\/p>\n","protected":false},"featured_media":16760,"comment_status":"open","ping_status":"closed","template":"","meta":{"_acf_changed":false},"product_cat":[883],"product_tag":[],"class_list":{"0":"post-16762","1":"product","2":"type-product","3":"status-publish","4":"has-post-thumbnail","6":"product_cat-voi-chau-2","7":"pa_mau-sac-chrome","9":"first","10":"instock","11":"shipping-taxable","12":"purchasable","13":"product-type-simple"},"acf":[],"featured_media_urls":{"thumbnail":["https:\/\/trading.hhg.vn\/wp-content\/uploads\/2025\/11\/154__apb01336_tif-150x150.png",150,150,true],"medium":["https:\/\/trading.hhg.vn\/wp-content\/uploads\/2025\/11\/154__apb01336_tif-263x300.png",263,300,true],"medium_large":["https:\/\/trading.hhg.vn\/wp-content\/uploads\/2025\/11\/154__apb01336_tif-768x878.png",768,878,true],"large":["https:\/\/trading.hhg.vn\/wp-content\/uploads\/2025\/11\/154__apb01336_tif-896x1024.png",896,1024,true],"1536x1536":["https:\/\/trading.hhg.vn\/wp-content\/uploads\/2025\/11\/154__apb01336_tif.png",1260,1440,false],"2048x2048":["https:\/\/trading.hhg.vn\/wp-content\/uploads\/2025\/11\/154__apb01336_tif.png",1260,1440,false],"woocommerce_thumbnail":["https:\/\/trading.hhg.vn\/wp-content\/uploads\/2025\/11\/154__apb01336_tif-600x600.png",600,600,true],"woocommerce_single":["https:\/\/trading.hhg.vn\/wp-content\/uploads\/2025\/11\/154__apb01336_tif-1200x1371.png",1200,1371,true],"woocommerce_gallery_thumbnail":["https:\/\/trading.hhg.vn\/wp-content\/uploads\/2025\/11\/154__apb01336_tif-150x171.png",150,171,true],"portfolio_item-thumbnail":["https:\/\/trading.hhg.vn\/wp-content\/uploads\/2025\/11\/154__apb01336_tif.png",350,400,false],"portfolio_item-thumbnail@2x":["https:\/\/trading.hhg.vn\/wp-content\/uploads\/2025\/11\/154__apb01336_tif.png",700,800,false],"portfolio_item-masonry":["https:\/\/trading.hhg.vn\/wp-content\/uploads\/2025\/11\/154__apb01336_tif.png",600,686,false],"portfolio_item-masonry@2x":["https:\/\/trading.hhg.vn\/wp-content\/uploads\/2025\/11\/154__apb01336_tif.png",1200,1371,false],"portfolio_item-thumbnail_cinema":["https:\/\/trading.hhg.vn\/wp-content\/uploads\/2025\/11\/154__apb01336_tif.png",293,335,false],"portfolio_item-thumbnail_portrait":["https:\/\/trading.hhg.vn\/wp-content\/uploads\/2025\/11\/154__apb01336_tif.png",600,686,false],"portfolio_item-thumbnail_portrait@2x":["https:\/\/trading.hhg.vn\/wp-content\/uploads\/2025\/11\/154__apb01336_tif.png",1200,1371,false],"portfolio_item-thumbnail_square":["https:\/\/trading.hhg.vn\/wp-content\/uploads\/2025\/11\/154__apb01336_tif.png",700,800,false]},"_links":{"self":[{"href":"https:\/\/trading.hhg.vn\/en\/wp-json\/wp\/v2\/product\/16762","targetHints":{"allow":["GET"]}}],"collection":[{"href":"https:\/\/trading.hhg.vn\/en\/wp-json\/wp\/v2\/product"}],"about":[{"href":"https:\/\/trading.hhg.vn\/en\/wp-json\/wp\/v2\/types\/product"}],"replies":[{"embeddable":true,"href":"https:\/\/trading.hhg.vn\/en\/wp-json\/wp\/v2\/comments?post=16762"}],"version-history":[{"count":1,"href":"https:\/\/trading.hhg.vn\/en\/wp-json\/wp\/v2\/product\/16762\/revisions"}],"predecessor-version":[{"id":35408,"href":"https:\/\/trading.hhg.vn\/en\/wp-json\/wp\/v2\/product\/16762\/revisions\/35408"}],"wp:featuredmedia":[{"embeddable":true,"href":"https:\/\/trading.hhg.vn\/en\/wp-json\/wp\/v2\/media\/16760"}],"wp:attachment":[{"href":"https:\/\/trading.hhg.vn\/en\/wp-json\/wp\/v2\/media?parent=16762"}],"wp:term":[{"taxonomy":"product_cat","embeddable":true,"href":"https:\/\/trading.hhg.vn\/en\/wp-json\/wp\/v2\/product_cat?post=16762"},{"taxonomy":"product_tag","embeddable":true,"href":"https:\/\/trading.hhg.vn\/en\/wp-json\/wp\/v2\/product_tag?post=16762"}],"curies":[{"name":"wp","href":"https:\/\/api.w.org\/{rel}","templated":true}]}}