{"id":16784,"date":"2025-11-19T13:17:19","date_gmt":"2025-11-19T06:17:19","guid":{"rendered":"https:\/\/trading.hhg.vn\/product\/xi-phong-thiet-ke-flowstar\/"},"modified":"2025-12-17T08:09:07","modified_gmt":"2025-12-17T01:09:07","slug":"xi-phong-thiet-ke-flowstar","status":"publish","type":"product","link":"https:\/\/trading.hhg.vn\/en\/s\u1ea3n-ph\u1ea9m\/xi-phong-thiet-ke-flowstar\/","title":{"rendered":"Xi ph\u00f4ng thi\u1ebft k\u1ebf Flowstar"},"content":{"rendered":"","protected":false},"excerpt":{"rendered":"<p>Flowstar \u2013 n\u01a1i tinh hoa thi\u1ebft k\u1ebf h\u1ed9i t\u1ee5 c\u00f9ng c\u00f4ng n\u0103ng v\u01b0\u1ee3t tr\u1ed9i, mang \u0111\u1ebfn tr\u1ea3i nghi\u1ec7m kh\u00f4ng gian s\u1ed1ng \u0111\u1eb3ng c\u1ea5p. V\u1edbi ki\u1ec3u d\u00e1ng thanh l\u1ecbch, t\u1ed1i gi\u1ea3n nh\u01b0ng \u0111\u1ea7y ph\u00e1 c\u00e1ch, Flowstar kh\u00f4ng ch\u1ec9 l\u00e0 m\u1ed9t thi\u1ebft b\u1ecb n\u1ed9i th\u1ea5t m\u00e0 c\u00f2n l\u00e0 \u0111i\u1ec3m nh\u1ea5n ngh\u1ec7 thu\u1eadt, ki\u1ebfn t\u1ea1o v\u1ebb \u0111\u1eb9p sang tr\u1ecdng v\u00e0 hi\u1ec7n \u0111\u1ea1i cho t\u1ed5 \u1ea5m c\u1ee7a b\u1ea1n. T\u1eebng \u0111\u01b0\u1eddng n\u00e9t \u0111\u01b0\u1ee3c ch\u0103m ch\u00fat t\u1ec9 m\u1ec9, k\u1ebft h\u1ee3p v\u1eadt li\u1ec7u cao c\u1ea5p, \u0111\u1ea3m b\u1ea3o \u0111\u1ed9 b\u1ec1n b\u1ec9 v\u00e0 t\u00ednh th\u1ea9m m\u1ef9 v\u01b0\u1ee3t th\u1eddi gian. S\u1ef1 ti\u1ec7n nghi \u0111\u01b0\u1ee3c t\u1ed1i \u01b0u h\u00f3a, t\u1eeb thao t\u00e1c s\u1eed d\u1ee5ng m\u01b0\u1ee3t m\u00e0 \u0111\u1ebfn kh\u1ea3 n\u0103ng t\u01b0\u01a1ng th\u00edch ho\u00e0n h\u1ea3o v\u1edbi m\u1ecdi phong c\u00e1ch ki\u1ebfn tr\u00fac. Flowstar \u2013 n\u00e2ng t\u1ea7m kh\u00f4ng gian, kh\u1eb3ng \u0111\u1ecbnh phong c\u00e1ch s\u1ed1ng tinh t\u1ebf c\u1ee7a b\u1ea1n.<\/p>\n","protected":false},"featured_media":16782,"comment_status":"open","ping_status":"closed","template":"","meta":{"_acf_changed":false},"product_cat":[860],"product_tag":[],"class_list":{"0":"post-16784","1":"product","2":"type-product","3":"status-publish","4":"has-post-thumbnail","6":"product_cat-bo-xa-lavabo","7":"pa_mau-sac-chrome","9":"first","10":"instock","11":"shipping-taxable","12":"purchasable","13":"product-type-simple"},"acf":[],"featured_media_urls":{"thumbnail":["https:\/\/trading.hhg.vn\/wp-content\/uploads\/2025\/11\/154__apb00963_tif-150x150.png",150,150,true],"medium":["https:\/\/trading.hhg.vn\/wp-content\/uploads\/2025\/11\/154__apb00963_tif-263x300.png",263,300,true],"medium_large":["https:\/\/trading.hhg.vn\/wp-content\/uploads\/2025\/11\/154__apb00963_tif-768x878.png",768,878,true],"large":["https:\/\/trading.hhg.vn\/wp-content\/uploads\/2025\/11\/154__apb00963_tif-896x1024.png",896,1024,true],"1536x1536":["https:\/\/trading.hhg.vn\/wp-content\/uploads\/2025\/11\/154__apb00963_tif.png",1260,1440,false],"2048x2048":["https:\/\/trading.hhg.vn\/wp-content\/uploads\/2025\/11\/154__apb00963_tif.png",1260,1440,false],"woocommerce_thumbnail":["https:\/\/trading.hhg.vn\/wp-content\/uploads\/2025\/11\/154__apb00963_tif-600x600.png",600,600,true],"woocommerce_single":["https:\/\/trading.hhg.vn\/wp-content\/uploads\/2025\/11\/154__apb00963_tif-1200x1371.png",1200,1371,true],"woocommerce_gallery_thumbnail":["https:\/\/trading.hhg.vn\/wp-content\/uploads\/2025\/11\/154__apb00963_tif-150x171.png",150,171,true],"portfolio_item-thumbnail":["https:\/\/trading.hhg.vn\/wp-content\/uploads\/2025\/11\/154__apb00963_tif.png",350,400,false],"portfolio_item-thumbnail@2x":["https:\/\/trading.hhg.vn\/wp-content\/uploads\/2025\/11\/154__apb00963_tif.png",700,800,false],"portfolio_item-masonry":["https:\/\/trading.hhg.vn\/wp-content\/uploads\/2025\/11\/154__apb00963_tif.png",600,686,false],"portfolio_item-masonry@2x":["https:\/\/trading.hhg.vn\/wp-content\/uploads\/2025\/11\/154__apb00963_tif.png",1200,1371,false],"portfolio_item-thumbnail_cinema":["https:\/\/trading.hhg.vn\/wp-content\/uploads\/2025\/11\/154__apb00963_tif.png",293,335,false],"portfolio_item-thumbnail_portrait":["https:\/\/trading.hhg.vn\/wp-content\/uploads\/2025\/11\/154__apb00963_tif.png",600,686,false],"portfolio_item-thumbnail_portrait@2x":["https:\/\/trading.hhg.vn\/wp-content\/uploads\/2025\/11\/154__apb00963_tif.png",1200,1371,false],"portfolio_item-thumbnail_square":["https:\/\/trading.hhg.vn\/wp-content\/uploads\/2025\/11\/154__apb00963_tif.png",700,800,false]},"_links":{"self":[{"href":"https:\/\/trading.hhg.vn\/en\/wp-json\/wp\/v2\/product\/16784","targetHints":{"allow":["GET"]}}],"collection":[{"href":"https:\/\/trading.hhg.vn\/en\/wp-json\/wp\/v2\/product"}],"about":[{"href":"https:\/\/trading.hhg.vn\/en\/wp-json\/wp\/v2\/types\/product"}],"replies":[{"embeddable":true,"href":"https:\/\/trading.hhg.vn\/en\/wp-json\/wp\/v2\/comments?post=16784"}],"version-history":[{"count":0,"href":"https:\/\/trading.hhg.vn\/en\/wp-json\/wp\/v2\/product\/16784\/revisions"}],"wp:featuredmedia":[{"embeddable":true,"href":"https:\/\/trading.hhg.vn\/en\/wp-json\/wp\/v2\/media\/16782"}],"wp:attachment":[{"href":"https:\/\/trading.hhg.vn\/en\/wp-json\/wp\/v2\/media?parent=16784"}],"wp:term":[{"taxonomy":"product_cat","embeddable":true,"href":"https:\/\/trading.hhg.vn\/en\/wp-json\/wp\/v2\/product_cat?post=16784"},{"taxonomy":"product_tag","embeddable":true,"href":"https:\/\/trading.hhg.vn\/en\/wp-json\/wp\/v2\/product_tag?post=16784"}],"curies":[{"name":"wp","href":"https:\/\/api.w.org\/{rel}","templated":true}]}}