{"id":16788,"date":"2025-11-19T13:17:21","date_gmt":"2025-11-19T06:17:21","guid":{"rendered":"https:\/\/trading.hhg.vn\/product\/voi-lavabo-dien-tu-co-dieu-chinh-nhiet-do-truoc-ket-noi-dien-230v-metris-s\/"},"modified":"2026-01-28T07:48:16","modified_gmt":"2026-01-28T00:48:16","slug":"voi-lavabo-dien-tu-co-dieu-chinh-nhiet-do-truoc-ket-noi-dien-230v-metris-s","status":"publish","type":"product","link":"https:\/\/trading.hhg.vn\/en\/s\u1ea3n-ph\u1ea9m\/voi-lavabo-dien-tu-co-dieu-chinh-nhiet-do-truoc-ket-noi-dien-230v-metris-s\/","title":{"rendered":"V\u00f2i lavabo \u0111i\u1ec7n t\u1eed c\u00f3 \u0111i\u1ec1u ch\u1ec9nh nhi\u1ec7t \u0111\u1ed9 tr\u01b0\u1edbc, k\u1ebft n\u1ed1i \u0111i\u1ec7n 230V Metris S"},"content":{"rendered":"<p><img fetchpriority=\"high\" decoding=\"async\" class=\"alignnone wp-image-7559 aligncenter\" src=\"http:\/\/trading.hhg.vn\/wp-content\/uploads\/2025\/11\/metris.png\" alt=\"\" width=\"606\" height=\"454\" \/>D\u00f2ng s\u1ea3n ph\u1ea9m Hansgrohe Metris l\u00e0 hi\u1ec7n th\u00e2n c\u1ee7a phong c\u00e1ch thi\u1ebft k\u1ebf t\u1ed1i gi\u1ea3n hi\u1ec7n \u0111\u1ea1i, mang \u0111\u1ebfn v\u1ebb \u0111\u1eb9p sang tr\u1ecdng nh\u01b0ng v\u1eabn h\u00e0i h\u00f2a trong m\u1ecdi kh\u00f4ng gian ph\u00f2ng t\u1eafm. V\u1edbi di\u1ec7n t\u00edch b\u1ec1 m\u1eb7t r\u1ed9ng r\u00e3i v\u00e0 \u0111\u01b0\u1eddng n\u00e9t tinh t\u1ebf, Metris th\u1ec3 hi\u1ec7n s\u1ef1 thanh l\u1ecbch trong t\u1eebng chi ti\u1ebft, t\u00f4n l\u00ean ch\u1ea5t l\u01b0\u1ee3ng cao c\u1ea5p \u0111\u1eb7c tr\u01b0ng c\u1ee7a Hansgrohe. Ph\u1ea7n \u0111\u1ebf v\u00f2i thon g\u1ecdn gi\u00fap t\u1ed5ng th\u1ec3 tr\u1edf n\u00ean nh\u1eb9 nh\u00e0ng, g\u1ecdn g\u00e0ng h\u01a1n, ph\u00f9 h\u1ee3p v\u1edbi nhi\u1ec1u phong c\u00e1ch n\u1ed9i th\u1ea5t kh\u00e1c nhau.<\/p>\n<p>Metris \u0111\u01b0\u1ee3c trang b\u1ecb tay g\u1ea1t \u0111\u01a1n ti\u1ec7n d\u1ee5ng, cho ph\u00e9p ng\u01b0\u1eddi d\u00f9ng d\u1ec5 d\u00e0ng \u0111i\u1ec1u ch\u1ec9nh l\u01b0u l\u01b0\u1ee3ng v\u00e0 nhi\u1ec7t \u0111\u1ed9 n\u01b0\u1edbc ch\u1ec9 v\u1edbi thao t\u00e1c nh\u1eb9 nh\u00e0ng \u2013 \u0111\u1eb7c bi\u1ec7t l\u00e0 v\u1edbi chuy\u1ec3n \u0111\u1ed9ng qu\u00e9t h\u01b0\u1edbng l\u00ean tr\u00ean \u0111\u1ed9c \u0111\u00e1o, mang l\u1ea1i tr\u1ea3i nghi\u1ec7m \u0111i\u1ec1u khi\u1ec3n n\u01b0\u1edbc linh ho\u1ea1t v\u00e0 ch\u00ednh x\u00e1c. D\u00f2ng s\u1ea3n ph\u1ea9m n\u00e0y kh\u00f4ng ch\u1ec9 \u0111\u1ec1 cao t\u00ednh th\u1ea9m m\u1ef9 v\u00e0 c\u00f4ng n\u0103ng, m\u00e0 c\u00f2n ph\u1ea3n \u00e1nh tri\u1ebft l\u00fd thi\u1ebft k\u1ebf nh\u00e2n v\u0103n c\u1ee7a Hansgrohe \u2013 n\u01a1i c\u00f4ng ngh\u1ec7, s\u1ef1 tho\u1ea3i m\u00e1i v\u00e0 v\u1ebb \u0111\u1eb9p tinh t\u1ebf c\u00f9ng h\u00f2a quy\u1ec7n trong t\u1eebng gi\u1ecdt n\u01b0\u1edbc.<\/p>\n","protected":false},"excerpt":{"rendered":"<p>V\u00f2i lavabo Metris S l\u00e0 bi\u1ec3u t\u01b0\u1ee3ng c\u1ee7a s\u1ef1 tinh t\u1ebf v\u00e0 ti\u1ec7n nghi v\u01b0\u1ee3t tr\u1ed9i, mang \u0111\u1ebfn tr\u1ea3i nghi\u1ec7m n\u00e2ng t\u1ea7m cho kh\u00f4ng gian ph\u00f2ng t\u1eafm c\u1ee7a b\u1ea1n. Thi\u1ebft k\u1ebf thanh l\u1ecbch, t\u1ed1i gi\u1ea3n nh\u01b0ng \u0111\u1ea7y cu\u1ed1n h\u00fat, s\u1ea3n ph\u1ea9m h\u00f2a quy\u1ec7n ho\u00e0n h\u1ea3o v\u00e0o m\u1ecdi phong c\u00e1ch n\u1ed9i th\u1ea5t. V\u1edbi c\u00f4ng ngh\u1ec7 \u0111i\u1ec1u ch\u1ec9nh nhi\u1ec7t \u0111\u1ed9 \u0111i\u1ec7n t\u1eed ti\u00ean ti\u1ebfn, ch\u1ec9 m\u1ed9t ch\u1ea1m nh\u1eb9, d\u00f2ng n\u01b0\u1edbc \u1ea5m \u00e1p hay m\u00e1t l\u1ea1nh s\u1ebd ch\u1ea3y ra theo \u0111\u00fang \u00fd mu\u1ed1n, mang l\u1ea1i c\u1ea3m gi\u00e1c th\u01b0 th\u00e1i t\u1ee9c th\u00ec. Metris S kh\u00f4ng ch\u1ec9 l\u00e0 m\u1ed9t chi\u1ebfc v\u00f2i, m\u00e0 c\u00f2n l\u00e0 \u0111i\u1ec3m nh\u1ea5n ngh\u1ec7 thu\u1eadt, kh\u1eb3ng \u0111\u1ecbnh \u0111\u1eb3ng c\u1ea5p s\u1ed1ng th\u01b0\u1ee3ng l\u01b0u v\u00e0 s\u1ef1 ch\u0103m ch\u00fat t\u1ec9 m\u1ec9 cho t\u1eebng kho\u1ea3nh kh\u1eafc ri\u00eang t\u01b0.<\/p>\n","protected":false},"featured_media":15417,"comment_status":"open","ping_status":"closed","template":"","meta":{"_acf_changed":false},"product_cat":[883],"product_tag":[],"class_list":{"0":"post-16788","1":"product","2":"type-product","3":"status-publish","4":"has-post-thumbnail","6":"product_cat-voi-chau-2","7":"pa_mau-sac-chrome","9":"first","10":"instock","11":"shipping-taxable","12":"purchasable","13":"product-type-simple"},"acf":[],"featured_media_urls":{"thumbnail":["https:\/\/trading.hhg.vn\/wp-content\/uploads\/2025\/11\/154__hpa00793_tif-150x150.png",150,150,true],"medium":["https:\/\/trading.hhg.vn\/wp-content\/uploads\/2025\/11\/154__hpa00793_tif-263x300.png",263,300,true],"medium_large":["https:\/\/trading.hhg.vn\/wp-content\/uploads\/2025\/11\/154__hpa00793_tif-768x878.png",768,878,true],"large":["https:\/\/trading.hhg.vn\/wp-content\/uploads\/2025\/11\/154__hpa00793_tif-896x1024.png",896,1024,true],"1536x1536":["https:\/\/trading.hhg.vn\/wp-content\/uploads\/2025\/11\/154__hpa00793_tif.png",1260,1440,false],"2048x2048":["https:\/\/trading.hhg.vn\/wp-content\/uploads\/2025\/11\/154__hpa00793_tif.png",1260,1440,false],"woocommerce_thumbnail":["https:\/\/trading.hhg.vn\/wp-content\/uploads\/2025\/11\/154__hpa00793_tif-600x600.png",600,600,true],"woocommerce_single":["https:\/\/trading.hhg.vn\/wp-content\/uploads\/2025\/11\/154__hpa00793_tif-1200x1371.png",1200,1371,true],"woocommerce_gallery_thumbnail":["https:\/\/trading.hhg.vn\/wp-content\/uploads\/2025\/11\/154__hpa00793_tif-150x171.png",150,171,true],"portfolio_item-thumbnail":["https:\/\/trading.hhg.vn\/wp-content\/uploads\/2025\/11\/154__hpa00793_tif.png",350,400,false],"portfolio_item-thumbnail@2x":["https:\/\/trading.hhg.vn\/wp-content\/uploads\/2025\/11\/154__hpa00793_tif.png",700,800,false],"portfolio_item-masonry":["https:\/\/trading.hhg.vn\/wp-content\/uploads\/2025\/11\/154__hpa00793_tif.png",600,686,false],"portfolio_item-masonry@2x":["https:\/\/trading.hhg.vn\/wp-content\/uploads\/2025\/11\/154__hpa00793_tif.png",1200,1371,false],"portfolio_item-thumbnail_cinema":["https:\/\/trading.hhg.vn\/wp-content\/uploads\/2025\/11\/154__hpa00793_tif.png",293,335,false],"portfolio_item-thumbnail_portrait":["https:\/\/trading.hhg.vn\/wp-content\/uploads\/2025\/11\/154__hpa00793_tif.png",600,686,false],"portfolio_item-thumbnail_portrait@2x":["https:\/\/trading.hhg.vn\/wp-content\/uploads\/2025\/11\/154__hpa00793_tif.png",1200,1371,false],"portfolio_item-thumbnail_square":["https:\/\/trading.hhg.vn\/wp-content\/uploads\/2025\/11\/154__hpa00793_tif.png",700,800,false]},"_links":{"self":[{"href":"https:\/\/trading.hhg.vn\/en\/wp-json\/wp\/v2\/product\/16788","targetHints":{"allow":["GET"]}}],"collection":[{"href":"https:\/\/trading.hhg.vn\/en\/wp-json\/wp\/v2\/product"}],"about":[{"href":"https:\/\/trading.hhg.vn\/en\/wp-json\/wp\/v2\/types\/product"}],"replies":[{"embeddable":true,"href":"https:\/\/trading.hhg.vn\/en\/wp-json\/wp\/v2\/comments?post=16788"}],"version-history":[{"count":1,"href":"https:\/\/trading.hhg.vn\/en\/wp-json\/wp\/v2\/product\/16788\/revisions"}],"predecessor-version":[{"id":35411,"href":"https:\/\/trading.hhg.vn\/en\/wp-json\/wp\/v2\/product\/16788\/revisions\/35411"}],"wp:featuredmedia":[{"embeddable":true,"href":"https:\/\/trading.hhg.vn\/en\/wp-json\/wp\/v2\/media\/15417"}],"wp:attachment":[{"href":"https:\/\/trading.hhg.vn\/en\/wp-json\/wp\/v2\/media?parent=16788"}],"wp:term":[{"taxonomy":"product_cat","embeddable":true,"href":"https:\/\/trading.hhg.vn\/en\/wp-json\/wp\/v2\/product_cat?post=16788"},{"taxonomy":"product_tag","embeddable":true,"href":"https:\/\/trading.hhg.vn\/en\/wp-json\/wp\/v2\/product_tag?post=16788"}],"curies":[{"name":"wp","href":"https:\/\/api.w.org\/{rel}","templated":true}]}}