{"id":17186,"date":"2025-11-19T13:43:56","date_gmt":"2025-11-19T06:43:56","guid":{"rendered":"https:\/\/trading.hhg.vn\/?post_type=product&#038;p=17186"},"modified":"2026-01-28T07:46:20","modified_gmt":"2026-01-28T00:46:20","slug":"voi-phun-massage-1-duong-nuoc-dang-tron","status":"publish","type":"product","link":"https:\/\/trading.hhg.vn\/en\/s\u1ea3n-ph\u1ea9m\/voi-phun-massage-1-duong-nuoc-dang-tron\/","title":{"rendered":"V\u00f2i phun massage 1 \u0111\u01b0\u1eddng n\u01b0\u1edbc d\u1ea1ng tr\u00f2n"},"content":{"rendered":"","protected":false},"excerpt":{"rendered":"<p>N\u00e2ng t\u1ea7m kh\u00f4ng gian ph\u00f2ng t\u1eafm v\u1edbi v\u00f2i phun massage d\u1ea1ng tr\u00f2n tinh t\u1ebf, h\u00f2a quy\u1ec7n ho\u00e0n h\u1ea3o v\u00e0o m\u1ecdi thi\u1ebft k\u1ebf. C\u00f4ng ngh\u1ec7 hi\u1ec7n \u0111\u1ea1i mang \u0111\u1ebfn d\u00f2ng n\u01b0\u1edbc \u00eam \u00e1i nh\u01b0ng m\u1ea1nh m\u1ebd, nh\u1eb9 nh\u00e0ng xoa d\u1ecbu c\u01a1 b\u1eafp, \u0111\u00e1nh th\u1ee9c m\u1ecdi gi\u00e1c quan. M\u1ed7i tia n\u01b0\u1edbc l\u00e0 m\u1ed9t v\u0169 \u0111i\u1ec7u th\u01b0 gi\u00e3n, \u0111\u01b0a b\u1ea1n v\u00e0o h\u00e0nh tr\u00ecnh t\u00e1i t\u1ea1o n\u0103ng l\u01b0\u1ee3ng sau ng\u00e0y d\u00e0i. Tr\u1ea3i nghi\u1ec7m s\u1ef1 giao thoa ho\u00e0n h\u1ea3o gi\u1eefa v\u1ebb \u0111\u1eb9p th\u1ea9m m\u1ef9 v\u00e0 c\u00f4ng n\u0103ng v\u01b0\u1ee3t tr\u1ed9i, ki\u1ebfn t\u1ea1o kho\u1ea3nh kh\u1eafc ri\u00eang t\u01b0 \u0111\u1ea7y s\u1ea3ng kho\u00e1i v\u00e0 \u0111\u1eb3ng c\u1ea5p.<\/p>\n","protected":false},"featured_media":17281,"comment_status":"open","ping_status":"closed","template":"","meta":{"_acf_changed":false},"product_cat":[845],"product_tag":[],"class_list":{"0":"post-17186","1":"product","2":"type-product","3":"status-publish","4":"has-post-thumbnail","6":"product_cat-sen-body","7":"pa_mau-sac-chrome","8":"pa_mau-sac-chrome-den-xuoc","9":"pa_mau-sac-dong-thau-xuoc","10":"pa_mau-sac-dong-xuoc","11":"pa_mau-sac-niken-xuoc","12":"pa_mau-sac-thep-khong-gi","13":"pa_mau-sac-vang-bong","14":"pa_mau-sac-vang-hong-bong","15":"pa_mau-sac-vang-hong-xuoc","16":"pa_mau-sac-vang-xuoc","17":"pa_mau-sac-chrome-den-bong-en","19":"first","20":"instock","21":"shipping-taxable","22":"purchasable","23":"product-type-variable"},"acf":[],"featured_media_urls":{"thumbnail":["https:\/\/trading.hhg.vn\/wp-content\/uploads\/2025\/11\/154__apr07339_tif-1-150x150.png",150,150,true],"medium":["https:\/\/trading.hhg.vn\/wp-content\/uploads\/2025\/11\/154__apr07339_tif-1-262x300.png",262,300,true],"medium_large":["https:\/\/trading.hhg.vn\/wp-content\/uploads\/2025\/11\/154__apr07339_tif-1-768x878.png",768,878,true],"large":["https:\/\/trading.hhg.vn\/wp-content\/uploads\/2025\/11\/154__apr07339_tif-1-896x1024.png",896,1024,true],"1536x1536":["https:\/\/trading.hhg.vn\/wp-content\/uploads\/2025\/11\/154__apr07339_tif-1-1344x1536.png",1344,1536,true],"2048x2048":["https:\/\/trading.hhg.vn\/wp-content\/uploads\/2025\/11\/154__apr07339_tif-1.png",1440,1646,false],"woocommerce_thumbnail":["https:\/\/trading.hhg.vn\/wp-content\/uploads\/2025\/11\/154__apr07339_tif-1-600x600.png",600,600,true],"woocommerce_single":["https:\/\/trading.hhg.vn\/wp-content\/uploads\/2025\/11\/154__apr07339_tif-1-1200x1372.png",1200,1372,true],"woocommerce_gallery_thumbnail":["https:\/\/trading.hhg.vn\/wp-content\/uploads\/2025\/11\/154__apr07339_tif-1-150x171.png",150,171,true],"portfolio_item-thumbnail":["https:\/\/trading.hhg.vn\/wp-content\/uploads\/2025\/11\/154__apr07339_tif-1.png",350,400,false],"portfolio_item-thumbnail@2x":["https:\/\/trading.hhg.vn\/wp-content\/uploads\/2025\/11\/154__apr07339_tif-1.png",700,800,false],"portfolio_item-masonry":["https:\/\/trading.hhg.vn\/wp-content\/uploads\/2025\/11\/154__apr07339_tif-1.png",600,686,false],"portfolio_item-masonry@2x":["https:\/\/trading.hhg.vn\/wp-content\/uploads\/2025\/11\/154__apr07339_tif-1.png",1200,1372,false],"portfolio_item-thumbnail_cinema":["https:\/\/trading.hhg.vn\/wp-content\/uploads\/2025\/11\/154__apr07339_tif-1.png",293,335,false],"portfolio_item-thumbnail_portrait":["https:\/\/trading.hhg.vn\/wp-content\/uploads\/2025\/11\/154__apr07339_tif-1.png",600,686,false],"portfolio_item-thumbnail_portrait@2x":["https:\/\/trading.hhg.vn\/wp-content\/uploads\/2025\/11\/154__apr07339_tif-1.png",1200,1372,false],"portfolio_item-thumbnail_square":["https:\/\/trading.hhg.vn\/wp-content\/uploads\/2025\/11\/154__apr07339_tif-1.png",700,800,false]},"_links":{"self":[{"href":"https:\/\/trading.hhg.vn\/en\/wp-json\/wp\/v2\/product\/17186","targetHints":{"allow":["GET"]}}],"collection":[{"href":"https:\/\/trading.hhg.vn\/en\/wp-json\/wp\/v2\/product"}],"about":[{"href":"https:\/\/trading.hhg.vn\/en\/wp-json\/wp\/v2\/types\/product"}],"replies":[{"embeddable":true,"href":"https:\/\/trading.hhg.vn\/en\/wp-json\/wp\/v2\/comments?post=17186"}],"version-history":[{"count":2,"href":"https:\/\/trading.hhg.vn\/en\/wp-json\/wp\/v2\/product\/17186\/revisions"}],"predecessor-version":[{"id":118447,"href":"https:\/\/trading.hhg.vn\/en\/wp-json\/wp\/v2\/product\/17186\/revisions\/118447"}],"wp:featuredmedia":[{"embeddable":true,"href":"https:\/\/trading.hhg.vn\/en\/wp-json\/wp\/v2\/media\/17281"}],"wp:attachment":[{"href":"https:\/\/trading.hhg.vn\/en\/wp-json\/wp\/v2\/media?parent=17186"}],"wp:term":[{"taxonomy":"product_cat","embeddable":true,"href":"https:\/\/trading.hhg.vn\/en\/wp-json\/wp\/v2\/product_cat?post=17186"},{"taxonomy":"product_tag","embeddable":true,"href":"https:\/\/trading.hhg.vn\/en\/wp-json\/wp\/v2\/product_tag?post=17186"}],"curies":[{"name":"wp","href":"https:\/\/api.w.org\/{rel}","templated":true}]}}