{"id":18154,"date":"2025-11-19T14:42:41","date_gmt":"2025-11-19T07:42:41","guid":{"rendered":"https:\/\/trading.hhg.vn\/product\/hop-chua-lon-co-ban-90-220-intrastoris\/"},"modified":"2025-11-19T14:42:48","modified_gmt":"2025-11-19T07:42:48","slug":"hop-chua-lon-co-ban-90-220-intrastoris","status":"publish","type":"product","link":"https:\/\/trading.hhg.vn\/en\/s\u1ea3n-ph\u1ea9m\/hop-chua-lon-co-ban-90-220-intrastoris\/","title":{"rendered":"H\u1ed9p ch\u1ee9a l\u1edbn c\u01a1 b\u1ea3n 90\/220 IntraStoris"},"content":{"rendered":"","protected":false},"excerpt":{"rendered":"<p>IntraStoris 90\/220 kh\u00f4ng ch\u1ec9 l\u00e0 h\u1ed9p ch\u1ee9a l\u1edbn m\u00e0 c\u00f2n l\u00e0 bi\u1ec3u t\u01b0\u1ee3ng c\u1ee7a s\u1ef1 tinh t\u1ebf v\u00e0 ti\u1ec7n nghi. V\u1edbi thi\u1ebft k\u1ebf t\u1ed1i gi\u1ea3n, \u0111\u01b0\u1eddng n\u00e9t thanh l\u1ecbch v\u00e0 v\u1eadt li\u1ec7u cao c\u1ea5p, s\u1ea3n ph\u1ea9m d\u1ec5 d\u00e0ng h\u00f2a quy\u1ec7n v\u00e0o m\u1ecdi kh\u00f4ng gian n\u1ed9i th\u1ea5t, n\u00e2ng t\u1ea7m v\u1ebb \u0111\u1eb9p sang tr\u1ecdng. C\u00f4ng n\u0103ng v\u01b0\u1ee3t tr\u1ed9i v\u1edbi dung t\u00edch ch\u1ee9a t\u1ed1i \u01b0u, gi\u00fap b\u1ea1n s\u1eafp x\u1ebfp m\u1ecdi v\u1eadt d\u1ee5ng m\u1ed9t c\u00e1ch ng\u0103n n\u1eafp v\u00e0 khoa h\u1ecdc. Tr\u1ea3i nghi\u1ec7m s\u1eed d\u1ee5ng m\u01b0\u1ee3t m\u00e0, \u00eam \u00e1i qua t\u1eebng thao t\u00e1c \u0111\u00f3ng m\u1edf, mang l\u1ea1i s\u1ef1 ti\u1ec7n l\u1ee3i v\u00e0 c\u1ea3m gi\u00e1c tho\u1ea3i m\u00e1i t\u1ed1i \u0111a, \u0111\u1ecbnh h\u00ecnh l\u1ea1i chu\u1ea9n m\u1ef1c s\u1ed1ng hi\u1ec7n \u0111\u1ea1i.<\/p>\n","protected":false},"featured_media":18152,"comment_status":"open","ping_status":"closed","template":"","meta":{"_acf_changed":false},"product_cat":[869],"product_tag":[],"class_list":{"0":"post-18154","1":"product","2":"type-product","3":"status-publish","4":"has-post-thumbnail","6":"product_cat-khay-chia-ngan","7":"pa_mau-sac-den-mo","9":"first","10":"instock","11":"shipping-taxable","12":"product-type-simple"},"acf":[],"featured_media_urls":{"thumbnail":["https:\/\/trading.hhg.vn\/wp-content\/uploads\/2025\/11\/154__hpr05752_tif-150x150.png",150,150,true],"medium":["https:\/\/trading.hhg.vn\/wp-content\/uploads\/2025\/11\/154__hpr05752_tif-263x300.png",263,300,true],"medium_large":["https:\/\/trading.hhg.vn\/wp-content\/uploads\/2025\/11\/154__hpr05752_tif-768x877.png",768,877,true],"large":["https:\/\/trading.hhg.vn\/wp-content\/uploads\/2025\/11\/154__hpr05752_tif-896x1024.png",896,1024,true],"1536x1536":["https:\/\/trading.hhg.vn\/wp-content\/uploads\/2025\/11\/154__hpr05752_tif.png",1277,1459,false],"2048x2048":["https:\/\/trading.hhg.vn\/wp-content\/uploads\/2025\/11\/154__hpr05752_tif.png",1277,1459,false],"woocommerce_thumbnail":["https:\/\/trading.hhg.vn\/wp-content\/uploads\/2025\/11\/154__hpr05752_tif-600x600.png",600,600,true],"woocommerce_single":["https:\/\/trading.hhg.vn\/wp-content\/uploads\/2025\/11\/154__hpr05752_tif-1200x1371.png",1200,1371,true],"woocommerce_gallery_thumbnail":["https:\/\/trading.hhg.vn\/wp-content\/uploads\/2025\/11\/154__hpr05752_tif-150x171.png",150,171,true],"portfolio_item-thumbnail":["https:\/\/trading.hhg.vn\/wp-content\/uploads\/2025\/11\/154__hpr05752_tif.png",350,400,false],"portfolio_item-thumbnail@2x":["https:\/\/trading.hhg.vn\/wp-content\/uploads\/2025\/11\/154__hpr05752_tif.png",700,800,false],"portfolio_item-masonry":["https:\/\/trading.hhg.vn\/wp-content\/uploads\/2025\/11\/154__hpr05752_tif.png",600,686,false],"portfolio_item-masonry@2x":["https:\/\/trading.hhg.vn\/wp-content\/uploads\/2025\/11\/154__hpr05752_tif.png",1200,1371,false],"portfolio_item-thumbnail_cinema":["https:\/\/trading.hhg.vn\/wp-content\/uploads\/2025\/11\/154__hpr05752_tif.png",293,335,false],"portfolio_item-thumbnail_portrait":["https:\/\/trading.hhg.vn\/wp-content\/uploads\/2025\/11\/154__hpr05752_tif.png",600,686,false],"portfolio_item-thumbnail_portrait@2x":["https:\/\/trading.hhg.vn\/wp-content\/uploads\/2025\/11\/154__hpr05752_tif.png",1200,1371,false],"portfolio_item-thumbnail_square":["https:\/\/trading.hhg.vn\/wp-content\/uploads\/2025\/11\/154__hpr05752_tif.png",700,800,false]},"_links":{"self":[{"href":"https:\/\/trading.hhg.vn\/en\/wp-json\/wp\/v2\/product\/18154","targetHints":{"allow":["GET"]}}],"collection":[{"href":"https:\/\/trading.hhg.vn\/en\/wp-json\/wp\/v2\/product"}],"about":[{"href":"https:\/\/trading.hhg.vn\/en\/wp-json\/wp\/v2\/types\/product"}],"replies":[{"embeddable":true,"href":"https:\/\/trading.hhg.vn\/en\/wp-json\/wp\/v2\/comments?post=18154"}],"version-history":[{"count":0,"href":"https:\/\/trading.hhg.vn\/en\/wp-json\/wp\/v2\/product\/18154\/revisions"}],"wp:featuredmedia":[{"embeddable":true,"href":"https:\/\/trading.hhg.vn\/en\/wp-json\/wp\/v2\/media\/18152"}],"wp:attachment":[{"href":"https:\/\/trading.hhg.vn\/en\/wp-json\/wp\/v2\/media?parent=18154"}],"wp:term":[{"taxonomy":"product_cat","embeddable":true,"href":"https:\/\/trading.hhg.vn\/en\/wp-json\/wp\/v2\/product_cat?post=18154"},{"taxonomy":"product_tag","embeddable":true,"href":"https:\/\/trading.hhg.vn\/en\/wp-json\/wp\/v2\/product_tag?post=18154"}],"curies":[{"name":"wp","href":"https:\/\/api.w.org\/{rel}","templated":true}]}}