{"id":18673,"date":"2025-11-19T15:10:43","date_gmt":"2025-11-19T08:10:43","guid":{"rendered":"https:\/\/trading.hhg.vn\/product\/sen-tran-85-3-duong-nuoc-kem-tay-sen-gan-tran-clubmaster\/"},"modified":"2026-01-28T07:43:52","modified_gmt":"2026-01-28T00:43:52","slug":"sen-tran-85-3-duong-nuoc-kem-tay-sen-gan-tran-clubmaster","status":"publish","type":"product","link":"https:\/\/trading.hhg.vn\/en\/s\u1ea3n-ph\u1ea9m\/sen-tran-85-3-duong-nuoc-kem-tay-sen-gan-tran-clubmaster\/","title":{"rendered":"Sen tr\u1ea7n 85 3 \u0111\u01b0\u1eddng n\u01b0\u1edbc k\u00e8m tay sen g\u1eafn tr\u1ea7n Clubmaster"},"content":{"rendered":"","protected":false},"excerpt":{"rendered":"<p>Sen tr\u1ea7n Clubmaster 85, m\u1ed9t ki\u1ec7t t\u00e1c ki\u1ebfn tr\u00fac cho kh\u00f4ng gian t\u1eafm, mang \u0111\u1ebfn tr\u1ea3i nghi\u1ec7m tinh t\u1ebf v\u1edbi thi\u1ebft k\u1ebf t\u1ed1i gi\u1ea3n, hi\u1ec7n \u0111\u1ea1i v\u00e0 \u0111\u1eb3ng c\u1ea5p. Ba \u0111\u01b0\u1eddng n\u01b0\u1edbc linh ho\u1ea1t c\u00f9ng tay sen g\u1eafn tr\u1ea7n t\u00edch h\u1ee3p ho\u00e0n h\u1ea3o, t\u1ea1o n\u00ean d\u00f2ng ch\u1ea3y \u00eam \u00e1i, bao tr\u00f9m, \u0111\u00e1nh th\u1ee9c m\u1ecdi gi\u00e1c quan. T\u1eadn h\u01b0\u1edfng s\u1ef1 th\u01b0 gi\u00e3n tuy\u1ec7t \u0111\u1ed1i khi thi\u1ebft k\u1ebf v\u01b0\u1ee3t th\u1eddi gian h\u00f2a quy\u1ec7n c\u00f9ng c\u00f4ng n\u0103ng \u01b0u vi\u1ec7t, bi\u1ebfn m\u1ed7i kho\u1ea3nh kh\u1eafc d\u01b0\u1edbi v\u00f2i sen th\u00e0nh li\u1ec7u ph\u00e1p t\u00e1i t\u1ea1o n\u0103ng l\u01b0\u1ee3ng \u0111\u00edch th\u1ef1c.<\/p>\n","protected":false},"featured_media":18671,"comment_status":"open","ping_status":"closed","template":"","meta":{"_acf_changed":false},"product_cat":[843],"product_tag":[],"class_list":{"0":"post-18673","1":"product","2":"type-product","3":"status-publish","4":"has-post-thumbnail","6":"product_cat-bat-sen-tran","7":"pa_mau-sac-chrome","9":"first","10":"instock","11":"shipping-taxable","12":"purchasable","13":"product-type-simple"},"acf":[],"featured_media_urls":{"thumbnail":["https:\/\/trading.hhg.vn\/wp-content\/uploads\/2025\/11\/154__hpb00939_tif-150x150.png",150,150,true],"medium":["https:\/\/trading.hhg.vn\/wp-content\/uploads\/2025\/11\/154__hpb00939_tif-263x300.png",263,300,true],"medium_large":["https:\/\/trading.hhg.vn\/wp-content\/uploads\/2025\/11\/154__hpb00939_tif-768x878.png",768,878,true],"large":["https:\/\/trading.hhg.vn\/wp-content\/uploads\/2025\/11\/154__hpb00939_tif-896x1024.png",896,1024,true],"1536x1536":["https:\/\/trading.hhg.vn\/wp-content\/uploads\/2025\/11\/154__hpb00939_tif.png",1260,1440,false],"2048x2048":["https:\/\/trading.hhg.vn\/wp-content\/uploads\/2025\/11\/154__hpb00939_tif.png",1260,1440,false],"woocommerce_thumbnail":["https:\/\/trading.hhg.vn\/wp-content\/uploads\/2025\/11\/154__hpb00939_tif-600x600.png",600,600,true],"woocommerce_single":["https:\/\/trading.hhg.vn\/wp-content\/uploads\/2025\/11\/154__hpb00939_tif-1200x1371.png",1200,1371,true],"woocommerce_gallery_thumbnail":["https:\/\/trading.hhg.vn\/wp-content\/uploads\/2025\/11\/154__hpb00939_tif-150x171.png",150,171,true],"portfolio_item-thumbnail":["https:\/\/trading.hhg.vn\/wp-content\/uploads\/2025\/11\/154__hpb00939_tif.png",350,400,false],"portfolio_item-thumbnail@2x":["https:\/\/trading.hhg.vn\/wp-content\/uploads\/2025\/11\/154__hpb00939_tif.png",700,800,false],"portfolio_item-masonry":["https:\/\/trading.hhg.vn\/wp-content\/uploads\/2025\/11\/154__hpb00939_tif.png",600,686,false],"portfolio_item-masonry@2x":["https:\/\/trading.hhg.vn\/wp-content\/uploads\/2025\/11\/154__hpb00939_tif.png",1200,1371,false],"portfolio_item-thumbnail_cinema":["https:\/\/trading.hhg.vn\/wp-content\/uploads\/2025\/11\/154__hpb00939_tif.png",293,335,false],"portfolio_item-thumbnail_portrait":["https:\/\/trading.hhg.vn\/wp-content\/uploads\/2025\/11\/154__hpb00939_tif.png",600,686,false],"portfolio_item-thumbnail_portrait@2x":["https:\/\/trading.hhg.vn\/wp-content\/uploads\/2025\/11\/154__hpb00939_tif.png",1200,1371,false],"portfolio_item-thumbnail_square":["https:\/\/trading.hhg.vn\/wp-content\/uploads\/2025\/11\/154__hpb00939_tif.png",700,800,false]},"_links":{"self":[{"href":"https:\/\/trading.hhg.vn\/en\/wp-json\/wp\/v2\/product\/18673","targetHints":{"allow":["GET"]}}],"collection":[{"href":"https:\/\/trading.hhg.vn\/en\/wp-json\/wp\/v2\/product"}],"about":[{"href":"https:\/\/trading.hhg.vn\/en\/wp-json\/wp\/v2\/types\/product"}],"replies":[{"embeddable":true,"href":"https:\/\/trading.hhg.vn\/en\/wp-json\/wp\/v2\/comments?post=18673"}],"version-history":[{"count":0,"href":"https:\/\/trading.hhg.vn\/en\/wp-json\/wp\/v2\/product\/18673\/revisions"}],"wp:featuredmedia":[{"embeddable":true,"href":"https:\/\/trading.hhg.vn\/en\/wp-json\/wp\/v2\/media\/18671"}],"wp:attachment":[{"href":"https:\/\/trading.hhg.vn\/en\/wp-json\/wp\/v2\/media?parent=18673"}],"wp:term":[{"taxonomy":"product_cat","embeddable":true,"href":"https:\/\/trading.hhg.vn\/en\/wp-json\/wp\/v2\/product_cat?post=18673"},{"taxonomy":"product_tag","embeddable":true,"href":"https:\/\/trading.hhg.vn\/en\/wp-json\/wp\/v2\/product_tag?post=18673"}],"curies":[{"name":"wp","href":"https:\/\/api.w.org\/{rel}","templated":true}]}}