{"id":19762,"date":"2025-11-19T15:19:41","date_gmt":"2025-11-19T08:19:41","guid":{"rendered":"https:\/\/trading.hhg.vn\/product\/bon-cau-thong-minh-treo-tuong-aquahelix-flush-smartclean-hygieneeffect-lavapura-element-s\/"},"modified":"2025-11-19T15:19:45","modified_gmt":"2025-11-19T08:19:45","slug":"bon-cau-thong-minh-treo-tuong-aquahelix-flush-smartclean-hygieneeffect-lavapura-element-s","status":"publish","type":"product","link":"https:\/\/trading.hhg.vn\/en\/s\u1ea3n-ph\u1ea9m\/bon-cau-thong-minh-treo-tuong-aquahelix-flush-smartclean-hygieneeffect-lavapura-element-s\/","title":{"rendered":"B\u1ed3n c\u1ea7u th\u00f4ng minh treo t\u01b0\u1eddng AquaHelix Flush, SmartClean, HygieneEffect LavaPura Element S"},"content":{"rendered":"<p><img fetchpriority=\"high\" decoding=\"async\" class=\"alignnone wp-image-7559 aligncenter\" src=\"http:\/\/trading.hhg.vn\/wp-content\/uploads\/2025\/11\/LavaPura-Element.png\" alt=\"\" width=\"606\" height=\"454\" \/>Hansgrohe LavaPura Element l\u00e0 b\u1ed3n c\u1ea7u th\u00f4ng minh th\u1ebf h\u1ec7 m\u1edbi, k\u1ebft h\u1ee3p gi\u1eefa thi\u1ebft k\u1ebf thanh l\u1ecbch v\u00e0 c\u00f4ng ngh\u1ec7 ti\u00ean ti\u1ebfn \u0111\u1ec3 mang \u0111\u1ebfn tr\u1ea3i nghi\u1ec7m s\u1eed d\u1ee5ng ti\u1ec7n nghi, v\u1ec7 sinh v\u00e0 tinh t\u1ebf. Gi\u1eef nguy\u00ean ki\u1ec3u d\u00e1ng b\u1ed3n c\u1ea7u ph\u1ed5 th\u00f4ng, LavaPura Element h\u00f2a quy\u1ec7n h\u00e0i h\u00f2a v\u1edbi m\u1ecdi phong c\u00e1ch ph\u00f2ng t\u1eafm hi\u1ec7n \u0111\u1ea1i c\u1ee7a Hansgrohe.<br \/>\nS\u1ea3n ph\u1ea9m \u0111\u01b0\u1ee3c trang b\u1ecb nhi\u1ec1u ch\u1ee9c n\u0103ng th\u00f4ng minh nh\u01b0 t\u00f9y ch\u1ec9nh ki\u1ec3u phun, nhi\u1ec7t \u0111\u1ed9 n\u01b0\u1edbc, h\u1ec7 th\u1ed1ng s\u01b0\u1edfi b\u1ec7 ng\u1ed3i, mang \u0111\u1ebfn c\u1ea3m gi\u00e1c tho\u1ea3i m\u00e1i t\u1ed1i \u0111a. Ng\u01b0\u1eddi d\u00f9ng c\u00f3 th\u1ec3 \u0111i\u1ec1u khi\u1ec3n d\u1ec5 d\u00e0ng b\u1eb1ng \u0111i\u1ec1u khi\u1ec3n t\u1eeb xa ho\u1eb7c n\u00fat b\u1ea5m Select t\u00edch h\u1ee3p, gi\u00fap thao t\u00e1c tr\u1ef1c quan v\u00e0 thu\u1eadn ti\u1ec7n.<br \/>\nB\u1ec1 m\u1eb7t b\u1ed3n c\u1ea7u ph\u1ee7 men SmartClean ch\u1ed1ng b\u00e1m b\u1ea9n c\u00f9ng c\u00f4ng ngh\u1ec7 HygieneEffect kh\u00e1ng khu\u1ea9n, \u0111\u1ea3m b\u1ea3o v\u1ec7 sinh t\u1ed1i \u01b0u v\u00e0 d\u1ec5 d\u00e0ng l\u00e0m s\u1ea1ch. M\u1ed7i chi ti\u1ebft \u0111\u1ec1u th\u1ec3 hi\u1ec7n ng\u00f4n ng\u1eef thi\u1ebft k\u1ebf tinh t\u1ebf, v\u01b0\u1ee3t th\u1eddi gian \u2013 \u0111\u1eb7c tr\u01b0ng c\u1ee7a Hansgrohe.<\/p>\n","protected":false},"excerpt":{"rendered":"<p>AquaHelix Flush LavaPura Element S kh\u00f4ng ch\u1ec9 l\u00e0 b\u1ed3n c\u1ea7u, m\u00e0 l\u00e0 m\u1ed9t tuy\u1ec7t t\u00e1c ki\u1ebfn tr\u00fac h\u00f2a quy\u1ec7n c\u00f9ng c\u00f4ng ngh\u1ec7. Thi\u1ebft k\u1ebf treo t\u01b0\u1eddng tinh gi\u1ea3n, kh\u00f4ng \u0111\u01b0\u1eddng n\u00e9t th\u1eeba, m\u1edf ra kh\u00f4ng gian thanh l\u1ecbch v\u00e0 d\u1ec5 d\u00e0ng v\u1ec7 sinh. H\u1ec7 th\u1ed1ng x\u1ea3 xo\u00e1y AquaHelix Flush m\u1ea1nh m\u1ebd cu\u1ed1n tr\u00f4i m\u1ecdi lo \u00e2u, c\u00f9ng c\u00f4ng ngh\u1ec7 SmartClean t\u1ef1 \u0111\u1ed9ng l\u00e0m s\u1ea1ch v\u00e0 HygieneEffect kh\u00e1ng khu\u1ea9n, mang \u0111\u1ebfn tr\u1ea3i nghi\u1ec7m v\u1ec7 sinh ho\u00e0n h\u1ea3o, tinh khi\u1ebft. M\u1ed7i kho\u1ea3nh kh\u1eafc s\u1eed d\u1ee5ng l\u00e0 s\u1ef1 n\u00e2ng niu, m\u1ed9t h\u00e0nh tr\u00ecnh \u0111\u1ebfn v\u1edbi s\u1ef1 th\u01b0 th\u00e1i v\u00e0 ti\u1ec7n nghi \u0111\u1ec9nh cao, n\u00e2ng t\u1ea7m chu\u1ea9n m\u1ef1c s\u1ed1ng sang tr\u1ecdng.<\/p>\n","protected":false},"featured_media":19760,"comment_status":"open","ping_status":"closed","template":"","meta":{"_acf_changed":false},"product_cat":[861],"product_tag":[],"class_list":{"0":"post-19762","1":"product","2":"type-product","3":"status-publish","4":"has-post-thumbnail","6":"product_cat-bon-cau-thong-minh","7":"pa_mau-sac-trang","9":"first","10":"instock","11":"shipping-taxable","12":"product-type-simple"},"acf":[],"featured_media_urls":{"thumbnail":["https:\/\/trading.hhg.vn\/wp-content\/uploads\/2025\/11\/154__hpr08370_tif-1-150x150.png",150,150,true],"medium":["https:\/\/trading.hhg.vn\/wp-content\/uploads\/2025\/11\/154__hpr08370_tif-1-262x300.png",262,300,true],"medium_large":["https:\/\/trading.hhg.vn\/wp-content\/uploads\/2025\/11\/154__hpr08370_tif-1-768x878.png",768,878,true],"large":["https:\/\/trading.hhg.vn\/wp-content\/uploads\/2025\/11\/154__hpr08370_tif-1-896x1024.png",896,1024,true],"1536x1536":["https:\/\/trading.hhg.vn\/wp-content\/uploads\/2025\/11\/154__hpr08370_tif-1-1344x1536.png",1344,1536,true],"2048x2048":["https:\/\/trading.hhg.vn\/wp-content\/uploads\/2025\/11\/154__hpr08370_tif-1.png",1440,1646,false],"woocommerce_thumbnail":["https:\/\/trading.hhg.vn\/wp-content\/uploads\/2025\/11\/154__hpr08370_tif-1-600x600.png",600,600,true],"woocommerce_single":["https:\/\/trading.hhg.vn\/wp-content\/uploads\/2025\/11\/154__hpr08370_tif-1-1200x1372.png",1200,1372,true],"woocommerce_gallery_thumbnail":["https:\/\/trading.hhg.vn\/wp-content\/uploads\/2025\/11\/154__hpr08370_tif-1-150x171.png",150,171,true],"portfolio_item-thumbnail":["https:\/\/trading.hhg.vn\/wp-content\/uploads\/2025\/11\/154__hpr08370_tif-1.png",350,400,false],"portfolio_item-thumbnail@2x":["https:\/\/trading.hhg.vn\/wp-content\/uploads\/2025\/11\/154__hpr08370_tif-1.png",700,800,false],"portfolio_item-masonry":["https:\/\/trading.hhg.vn\/wp-content\/uploads\/2025\/11\/154__hpr08370_tif-1.png",600,686,false],"portfolio_item-masonry@2x":["https:\/\/trading.hhg.vn\/wp-content\/uploads\/2025\/11\/154__hpr08370_tif-1.png",1200,1372,false],"portfolio_item-thumbnail_cinema":["https:\/\/trading.hhg.vn\/wp-content\/uploads\/2025\/11\/154__hpr08370_tif-1.png",293,335,false],"portfolio_item-thumbnail_portrait":["https:\/\/trading.hhg.vn\/wp-content\/uploads\/2025\/11\/154__hpr08370_tif-1.png",600,686,false],"portfolio_item-thumbnail_portrait@2x":["https:\/\/trading.hhg.vn\/wp-content\/uploads\/2025\/11\/154__hpr08370_tif-1.png",1200,1372,false],"portfolio_item-thumbnail_square":["https:\/\/trading.hhg.vn\/wp-content\/uploads\/2025\/11\/154__hpr08370_tif-1.png",700,800,false]},"_links":{"self":[{"href":"https:\/\/trading.hhg.vn\/en\/wp-json\/wp\/v2\/product\/19762","targetHints":{"allow":["GET"]}}],"collection":[{"href":"https:\/\/trading.hhg.vn\/en\/wp-json\/wp\/v2\/product"}],"about":[{"href":"https:\/\/trading.hhg.vn\/en\/wp-json\/wp\/v2\/types\/product"}],"replies":[{"embeddable":true,"href":"https:\/\/trading.hhg.vn\/en\/wp-json\/wp\/v2\/comments?post=19762"}],"version-history":[{"count":0,"href":"https:\/\/trading.hhg.vn\/en\/wp-json\/wp\/v2\/product\/19762\/revisions"}],"wp:featuredmedia":[{"embeddable":true,"href":"https:\/\/trading.hhg.vn\/en\/wp-json\/wp\/v2\/media\/19760"}],"wp:attachment":[{"href":"https:\/\/trading.hhg.vn\/en\/wp-json\/wp\/v2\/media?parent=19762"}],"wp:term":[{"taxonomy":"product_cat","embeddable":true,"href":"https:\/\/trading.hhg.vn\/en\/wp-json\/wp\/v2\/product_cat?post=19762"},{"taxonomy":"product_tag","embeddable":true,"href":"https:\/\/trading.hhg.vn\/en\/wp-json\/wp\/v2\/product_tag?post=19762"}],"curies":[{"name":"wp","href":"https:\/\/api.w.org\/{rel}","templated":true}]}}