{"id":22384,"date":"2025-11-19T16:46:57","date_gmt":"2025-11-19T09:46:57","guid":{"rendered":"https:\/\/trading.hhg.vn\/product\/bon-cau-dat-san-sat-tuong-xa-ngang-dung-aquafall-flush-elupura-q\/"},"modified":"2025-12-18T08:49:53","modified_gmt":"2025-12-18T01:49:53","slug":"bon-cau-dat-san-sat-tuong-xa-ngang-dung-aquafall-flush-elupura-q","status":"publish","type":"product","link":"https:\/\/trading.hhg.vn\/en\/s\u1ea3n-ph\u1ea9m\/bon-cau-dat-san-sat-tuong-xa-ngang-dung-aquafall-flush-elupura-q\/","title":{"rendered":"B\u1ed3n c\u1ea7u \u0111\u1eb7t s\u00e0n s\u00e1t t\u01b0\u1eddng x\u1ea3 ngang\/\u0111\u1ee9ng AquaFall Flush EluPura Q"},"content":{"rendered":"","protected":false},"excerpt":{"rendered":"<p>B\u1ed3n c\u1ea7u EluPura Q t\u1eeb AquaFall Flush l\u00e0 bi\u1ec3u t\u01b0\u1ee3ng c\u1ee7a s\u1ef1 tinh t\u1ebf v\u00e0 hi\u1ec7u qu\u1ea3. Thi\u1ebft k\u1ebf \u0111\u1eb7t s\u00e0n s\u00e1t t\u01b0\u1eddng t\u1ed1i \u01b0u h\u00f3a kh\u00f4ng gian, mang \u0111\u1ebfn v\u1ebb \u0111\u1eb9p li\u1ec1n m\u1ea1ch cho ph\u00f2ng t\u1eafm hi\u1ec7n \u0111\u1ea1i. V\u1edbi c\u00f4ng ngh\u1ec7 x\u1ea3 ti\u00ean ti\u1ebfn, \u0111\u1ea3m b\u1ea3o cu\u1ed1n tr\u00f4i m\u1ea1nh m\u1ebd m\u1ecdi v\u1ebft b\u1ea9n, mang l\u1ea1i s\u1ef1 s\u1ea1ch s\u1ebd tuy\u1ec7t \u0111\u1ed1i. Tr\u1ea3i nghi\u1ec7m s\u1eed d\u1ee5ng \u00eam \u00e1i, y\u00ean t\u0129nh, c\u00f9ng v\u1eadt li\u1ec7u cao c\u1ea5p, kh\u00e1ng khu\u1ea9n, ki\u1ebfn t\u1ea1o kh\u00f4ng gian v\u1ec7 sinh \u0111\u1eb3ng c\u1ea5p, n\u00e2ng t\u1ea7m ch\u1ea5t l\u01b0\u1ee3ng s\u1ed1ng c\u1ee7a b\u1ea1n.<\/p>\n","protected":false},"featured_media":22382,"comment_status":"open","ping_status":"closed","template":"","meta":{"_acf_changed":false},"product_cat":[888],"product_tag":[],"class_list":{"0":"post-22384","1":"product","2":"type-product","3":"status-publish","4":"has-post-thumbnail","6":"product_cat-bon-cau-khoi","7":"pa_mau-sac-trang","9":"first","10":"instock","11":"shipping-taxable","12":"product-type-simple"},"acf":[],"featured_media_urls":{"thumbnail":["https:\/\/trading.hhg.vn\/wp-content\/uploads\/2025\/11\/154__hpr07499_tif-150x150.png",150,150,true],"medium":["https:\/\/trading.hhg.vn\/wp-content\/uploads\/2025\/11\/154__hpr07499_tif-262x300.png",262,300,true],"medium_large":["https:\/\/trading.hhg.vn\/wp-content\/uploads\/2025\/11\/154__hpr07499_tif-768x878.png",768,878,true],"large":["https:\/\/trading.hhg.vn\/wp-content\/uploads\/2025\/11\/154__hpr07499_tif-896x1024.png",896,1024,true],"1536x1536":["https:\/\/trading.hhg.vn\/wp-content\/uploads\/2025\/11\/154__hpr07499_tif-1344x1536.png",1344,1536,true],"2048x2048":["https:\/\/trading.hhg.vn\/wp-content\/uploads\/2025\/11\/154__hpr07499_tif.png",1440,1646,false],"woocommerce_thumbnail":["https:\/\/trading.hhg.vn\/wp-content\/uploads\/2025\/11\/154__hpr07499_tif-600x600.png",600,600,true],"woocommerce_single":["https:\/\/trading.hhg.vn\/wp-content\/uploads\/2025\/11\/154__hpr07499_tif-1200x1372.png",1200,1372,true],"woocommerce_gallery_thumbnail":["https:\/\/trading.hhg.vn\/wp-content\/uploads\/2025\/11\/154__hpr07499_tif-150x171.png",150,171,true],"portfolio_item-thumbnail":["https:\/\/trading.hhg.vn\/wp-content\/uploads\/2025\/11\/154__hpr07499_tif.png",350,400,false],"portfolio_item-thumbnail@2x":["https:\/\/trading.hhg.vn\/wp-content\/uploads\/2025\/11\/154__hpr07499_tif.png",700,800,false],"portfolio_item-masonry":["https:\/\/trading.hhg.vn\/wp-content\/uploads\/2025\/11\/154__hpr07499_tif.png",600,686,false],"portfolio_item-masonry@2x":["https:\/\/trading.hhg.vn\/wp-content\/uploads\/2025\/11\/154__hpr07499_tif.png",1200,1372,false],"portfolio_item-thumbnail_cinema":["https:\/\/trading.hhg.vn\/wp-content\/uploads\/2025\/11\/154__hpr07499_tif.png",293,335,false],"portfolio_item-thumbnail_portrait":["https:\/\/trading.hhg.vn\/wp-content\/uploads\/2025\/11\/154__hpr07499_tif.png",600,686,false],"portfolio_item-thumbnail_portrait@2x":["https:\/\/trading.hhg.vn\/wp-content\/uploads\/2025\/11\/154__hpr07499_tif.png",1200,1372,false],"portfolio_item-thumbnail_square":["https:\/\/trading.hhg.vn\/wp-content\/uploads\/2025\/11\/154__hpr07499_tif.png",700,800,false]},"_links":{"self":[{"href":"https:\/\/trading.hhg.vn\/en\/wp-json\/wp\/v2\/product\/22384","targetHints":{"allow":["GET"]}}],"collection":[{"href":"https:\/\/trading.hhg.vn\/en\/wp-json\/wp\/v2\/product"}],"about":[{"href":"https:\/\/trading.hhg.vn\/en\/wp-json\/wp\/v2\/types\/product"}],"replies":[{"embeddable":true,"href":"https:\/\/trading.hhg.vn\/en\/wp-json\/wp\/v2\/comments?post=22384"}],"version-history":[{"count":1,"href":"https:\/\/trading.hhg.vn\/en\/wp-json\/wp\/v2\/product\/22384\/revisions"}],"predecessor-version":[{"id":35489,"href":"https:\/\/trading.hhg.vn\/en\/wp-json\/wp\/v2\/product\/22384\/revisions\/35489"}],"wp:featuredmedia":[{"embeddable":true,"href":"https:\/\/trading.hhg.vn\/en\/wp-json\/wp\/v2\/media\/22382"}],"wp:attachment":[{"href":"https:\/\/trading.hhg.vn\/en\/wp-json\/wp\/v2\/media?parent=22384"}],"wp:term":[{"taxonomy":"product_cat","embeddable":true,"href":"https:\/\/trading.hhg.vn\/en\/wp-json\/wp\/v2\/product_cat?post=22384"},{"taxonomy":"product_tag","embeddable":true,"href":"https:\/\/trading.hhg.vn\/en\/wp-json\/wp\/v2\/product_tag?post=22384"}],"curies":[{"name":"wp","href":"https:\/\/api.w.org\/{rel}","templated":true}]}}