{"id":22448,"date":"2025-11-19T16:47:49","date_gmt":"2025-11-19T09:47:49","guid":{"rendered":"https:\/\/trading.hhg.vn\/product\/bo-am-cho-bo-tron-sen-tam-4-lo-dat-vanh\/"},"modified":"2026-01-28T07:47:34","modified_gmt":"2026-01-28T00:47:34","slug":"bo-am-cho-bo-tron-sen-tam-4-lo-dat-vanh","status":"publish","type":"product","link":"https:\/\/trading.hhg.vn\/en\/s\u1ea3n-ph\u1ea9m\/bo-am-cho-bo-tron-sen-tam-4-lo-dat-vanh\/","title":{"rendered":"B\u1ed9 \u00e2m cho b\u1ed9 tr\u1ed9n sen t\u1eafm 4 l\u1ed7 \u0111\u1eb7t v\u00e0nh"},"content":{"rendered":"","protected":false},"excerpt":{"rendered":"<p>Kh\u00e1m ph\u00e1 b\u1ed9 \u00e2m cho b\u1ed9 tr\u1ed9n sen t\u1eafm 4 l\u1ed7 \u0111\u1eb7t v\u00e0nh, m\u1ed9t ki\u1ec7t t\u00e1c ki\u1ebfn tr\u00fac n\u1ed9i th\u1ea5t \u1ea9n m\u00ecnh mang \u0111\u1ebfn tr\u1ea3i nghi\u1ec7m tinh t\u1ebf v\u00e0 kh\u00f4ng gian s\u1ed1ng \u0111\u1eb3ng c\u1ea5p. V\u1edbi thi\u1ebft k\u1ebf t\u1ed1i gi\u1ea3n nh\u01b0ng \u0111\u1ea7y quy\u1ec1n n\u0103ng, m\u1ecdi chi ti\u1ebft \u0111\u01b0\u1ee3c ch\u1ebf t\u00e1c t\u1ec9 m\u1ec9, t\u00edch h\u1ee3p ho\u00e0n h\u1ea3o v\u00e0o t\u1ed5ng th\u1ec3, t\u1ea1o n\u00ean s\u1ef1 li\u1ec1n m\u1ea1ch v\u00e0 thanh l\u1ecbch v\u01b0\u1ee3t th\u1eddi gian. C\u00f4ng n\u0103ng v\u01b0\u1ee3t tr\u1ed9i c\u1ee7a b\u1ed9 tr\u1ed9n sen n\u00e0y kh\u00f4ng ch\u1ec9 d\u1eebng l\u1ea1i \u1edf vi\u1ec7c \u0111i\u1ec1u khi\u1ec3n d\u00f2ng n\u01b0\u1edbc linh ho\u1ea1t, m\u00e0 c\u00f2n mang \u0111\u1ebfn c\u1ea3m gi\u00e1c th\u01b0 th\u00e1i tuy\u1ec7t \u0111\u1ed1i, bi\u1ebfn m\u1ed7i kho\u1ea3nh kh\u1eafc d\u01b0\u1edbi v\u00f2i sen th\u00e0nh m\u1ed9t nghi th\u1ee9c tr\u1ecb li\u1ec7u \u0111\u00edch th\u1ef1c. T\u1eadn h\u01b0\u1edfng s\u1ef1 ti\u1ec7n nghi, sang tr\u1ecdng v\u00e0 m\u1ed9t phong c\u00e1ch s\u1ed1ng n\u00e2ng t\u1ea7m c\u00f9ng b\u1ed9 \u00e2m \u0111\u1eb3ng c\u1ea5p n\u00e0y.<\/p>\n","protected":false},"featured_media":22446,"comment_status":"open","ping_status":"closed","template":"","meta":{"_acf_changed":false},"product_cat":[714],"product_tag":[],"class_list":{"0":"post-22448","1":"product","2":"type-product","3":"status-publish","4":"has-post-thumbnail","6":"product_cat-phu-kien-lap-dat","8":"first","9":"instock","10":"shipping-taxable","11":"purchasable","12":"product-type-simple"},"acf":[],"featured_media_urls":{"thumbnail":["https:\/\/trading.hhg.vn\/wp-content\/uploads\/2025\/11\/154__apb01727_tif-150x150.png",150,150,true],"medium":["https:\/\/trading.hhg.vn\/wp-content\/uploads\/2025\/11\/154__apb01727_tif-263x300.png",263,300,true],"medium_large":["https:\/\/trading.hhg.vn\/wp-content\/uploads\/2025\/11\/154__apb01727_tif-768x878.png",768,878,true],"large":["https:\/\/trading.hhg.vn\/wp-content\/uploads\/2025\/11\/154__apb01727_tif-896x1024.png",896,1024,true],"1536x1536":["https:\/\/trading.hhg.vn\/wp-content\/uploads\/2025\/11\/154__apb01727_tif.png",1260,1440,false],"2048x2048":["https:\/\/trading.hhg.vn\/wp-content\/uploads\/2025\/11\/154__apb01727_tif.png",1260,1440,false],"woocommerce_thumbnail":["https:\/\/trading.hhg.vn\/wp-content\/uploads\/2025\/11\/154__apb01727_tif-600x600.png",600,600,true],"woocommerce_single":["https:\/\/trading.hhg.vn\/wp-content\/uploads\/2025\/11\/154__apb01727_tif-1200x1371.png",1200,1371,true],"woocommerce_gallery_thumbnail":["https:\/\/trading.hhg.vn\/wp-content\/uploads\/2025\/11\/154__apb01727_tif-150x171.png",150,171,true],"portfolio_item-thumbnail":["https:\/\/trading.hhg.vn\/wp-content\/uploads\/2025\/11\/154__apb01727_tif.png",350,400,false],"portfolio_item-thumbnail@2x":["https:\/\/trading.hhg.vn\/wp-content\/uploads\/2025\/11\/154__apb01727_tif.png",700,800,false],"portfolio_item-masonry":["https:\/\/trading.hhg.vn\/wp-content\/uploads\/2025\/11\/154__apb01727_tif.png",600,686,false],"portfolio_item-masonry@2x":["https:\/\/trading.hhg.vn\/wp-content\/uploads\/2025\/11\/154__apb01727_tif.png",1200,1371,false],"portfolio_item-thumbnail_cinema":["https:\/\/trading.hhg.vn\/wp-content\/uploads\/2025\/11\/154__apb01727_tif.png",293,335,false],"portfolio_item-thumbnail_portrait":["https:\/\/trading.hhg.vn\/wp-content\/uploads\/2025\/11\/154__apb01727_tif.png",600,686,false],"portfolio_item-thumbnail_portrait@2x":["https:\/\/trading.hhg.vn\/wp-content\/uploads\/2025\/11\/154__apb01727_tif.png",1200,1371,false],"portfolio_item-thumbnail_square":["https:\/\/trading.hhg.vn\/wp-content\/uploads\/2025\/11\/154__apb01727_tif.png",700,800,false]},"_links":{"self":[{"href":"https:\/\/trading.hhg.vn\/en\/wp-json\/wp\/v2\/product\/22448","targetHints":{"allow":["GET"]}}],"collection":[{"href":"https:\/\/trading.hhg.vn\/en\/wp-json\/wp\/v2\/product"}],"about":[{"href":"https:\/\/trading.hhg.vn\/en\/wp-json\/wp\/v2\/types\/product"}],"replies":[{"embeddable":true,"href":"https:\/\/trading.hhg.vn\/en\/wp-json\/wp\/v2\/comments?post=22448"}],"version-history":[{"count":0,"href":"https:\/\/trading.hhg.vn\/en\/wp-json\/wp\/v2\/product\/22448\/revisions"}],"wp:featuredmedia":[{"embeddable":true,"href":"https:\/\/trading.hhg.vn\/en\/wp-json\/wp\/v2\/media\/22446"}],"wp:attachment":[{"href":"https:\/\/trading.hhg.vn\/en\/wp-json\/wp\/v2\/media?parent=22448"}],"wp:term":[{"taxonomy":"product_cat","embeddable":true,"href":"https:\/\/trading.hhg.vn\/en\/wp-json\/wp\/v2\/product_cat?post=22448"},{"taxonomy":"product_tag","embeddable":true,"href":"https:\/\/trading.hhg.vn\/en\/wp-json\/wp\/v2\/product_tag?post=22448"}],"curies":[{"name":"wp","href":"https:\/\/api.w.org\/{rel}","templated":true}]}}