{"id":23291,"date":"2025-11-19T16:57:22","date_gmt":"2025-11-19T09:57:22","guid":{"rendered":"https:\/\/trading.hhg.vn\/?post_type=product&#038;p=23291"},"modified":"2026-01-28T07:40:41","modified_gmt":"2026-01-28T00:40:41","slug":"sen-cay-280-1-duong-nuoc-co-dieu-nhiet-va-sen-tay-raindance-select-s-120-3-duong-nuoc-croma-select-s","status":"publish","type":"product","link":"https:\/\/trading.hhg.vn\/en\/s\u1ea3n-ph\u1ea9m\/sen-cay-280-1-duong-nuoc-co-dieu-nhiet-va-sen-tay-raindance-select-s-120-3-duong-nuoc-croma-select-s\/","title":{"rendered":"Sen c\u00e2y 280 1 \u0111\u01b0\u1eddng n\u01b0\u1edbc c\u00f3 \u0111i\u1ec1u nhi\u1ec7t v\u00e0 sen tay Raindance Select S 120 3 \u0111\u01b0\u1eddng n\u01b0\u1edbc Croma Select S"},"content":{"rendered":"<p><img fetchpriority=\"high\" decoding=\"async\" class=\"alignnone wp-image-7559 aligncenter\" src=\"http:\/\/trading.hhg.vn\/wp-content\/uploads\/2025\/11\/Croma-.jpg\" alt=\"\" width=\"606\" height=\"454\" \/>hansgrohe Croma mang phong c\u00e1ch thi\u1ebft k\u1ebf tr\u1ebb trung, hi\u1ec7n \u0111\u1ea1i v\u1edbi \u0111\u1ea7u sen v\u00e0 h\u1ec7 th\u1ed1ng sen Croma v\u1edbi nhi\u1ec1u t\u00f9y ch\u1ecdn m\u00e0u s\u1eafc d\u1ec5 d\u00e0ng h\u00f2a h\u1ee3p v\u1edbi m\u1ecdi phong c\u00e1ch ph\u00f2ng t\u1eafm. S\u1edf h\u1eefu b\u00e1t sen r\u1ed9ng mang l\u1ea1i tr\u1ea3i nghi\u1ec7m t\u1eafm s\u1ea3ng kho\u00e1i v\u1edbi nhi\u1ec1u ch\u1ebf \u0111\u1ed9 phun kh\u00e1c nhau \u2013 t\u1eeb Massage m\u1ea1nh m\u1ebd \u0111\u1ebfn TurboRain. Ngo\u00e0i ra, Hansgrohe Croma \u0111\u01b0\u1ee3c trang b\u1ecb c\u00f4ng ngh\u1ec7 Select, cho ph\u00e9p ng\u01b0\u1eddi d\u00f9ng chuy\u1ec3n \u0111\u1ed5i ch\u1ebf \u0111\u1ed9 phun ch\u1ec9 b\u1eb1ng m\u1ed9t n\u00fat nh\u1ea5n, d\u1ec5 d\u00e0ng v\u00e0 tr\u1ef1c quan.<\/p>\n<p>Hansgrohe Croma mang \u0111\u1ebfn tr\u1ea3i nghi\u1ec7m t\u1eafm \u0111a d\u1ea1ng v\u1edbi thi\u1ebft k\u1ebf v\u00e0 c\u00f4ng n\u0103ng ri\u00eang bi\u1ec7t: Croma Select E bo tr\u00f2n m\u1ec1m m\u1ea1i v\u1edbi n\u00fat b\u1ea5m Select ti\u1ec7n l\u1ee3i; Croma Select S d\u00e1ng tr\u00f2n c\u1ed5 \u0111i\u1ec3n, chuy\u1ec3n ch\u1ebf \u0111\u1ed9 linh ho\u1ea1t; Croma E vu\u00f4ng tinh t\u1ebf, phun n\u01b0\u1edbc \u00eam; Croma S tr\u00f2n g\u1ecdn, m\u1ea1nh m\u1ebd; v\u00e0 Croma 100 \u2013 bi\u1ec3u t\u01b0\u1ee3ng kinh \u0111i\u1ec3n v\u1edbi \u0111\u1ea7u phun 100 mm, mang nhi\u1ec1u ch\u1ebf \u0111\u1ed9 t\u1eafm th\u01b0 gi\u00e3n.<\/p>\n","protected":false},"excerpt":{"rendered":"<p>Sen c\u00e2y Raindance Select mang \u0111\u1ebfn tr\u1ea3i nghi\u1ec7m t\u1eafm \u0111\u1ec9nh cao v\u1edbi thi\u1ebft k\u1ebf thanh l\u1ecbch, t\u1ed1i gi\u1ea3n v\u00e0 \u0111\u01b0\u1eddng n\u00e9t m\u1ec1m m\u1ea1i. C\u00f4ng ngh\u1ec7 \u0111i\u1ec1u nhi\u1ec7t ti\u00ean ti\u1ebfn \u0111\u1ea3m b\u1ea3o nhi\u1ec7t \u0111\u1ed9 n\u01b0\u1edbc \u1ed5n \u0111\u1ecbnh tuy\u1ec7t \u0111\u1ed1i, c\u00f9ng sen tay Raindance Select S 120 ba ch\u1ebf \u0111\u1ed9 phun mang \u0111\u1ebfn s\u1ef1 l\u1ef1a ch\u1ecdn ho\u00e0n h\u1ea3o cho m\u1ecdi kho\u1ea3nh kh\u1eafc th\u01b0 gi\u00e3n. H\u00e3y t\u1eadn h\u01b0\u1edfng s\u1ef1 ti\u1ec7n nghi v\u00e0 sang tr\u1ecdng v\u01b0\u1ee3t tr\u1ed9i, bi\u1ebfn m\u1ed7i l\u1ea7n t\u1eafm th\u00e0nh m\u1ed9t li\u1ec7u tr\u00ecnh spa ngay t\u1ea1i nh\u00e0.<\/p>\n","protected":false},"featured_media":23404,"comment_status":"open","ping_status":"closed","template":"","meta":{"_acf_changed":false},"product_cat":[844],"product_tag":[],"class_list":{"0":"post-23291","1":"product","2":"type-product","3":"status-publish","4":"has-post-thumbnail","6":"product_cat-cay-sen-duong","7":"pa_mau-sac-chrome-den-xuoc","8":"pa_mau-sac-den-mo","9":"pa_mau-sac-dong-xuoc","10":"pa_mau-sac-trang-mo","11":"pa_mau-sac-vang-bong","13":"first","14":"instock","15":"shipping-taxable","16":"product-type-variable"},"acf":[],"featured_media_urls":{"thumbnail":["https:\/\/trading.hhg.vn\/wp-content\/uploads\/2025\/11\/154__hpr02365_tif-150x150.png",150,150,true],"medium":["https:\/\/trading.hhg.vn\/wp-content\/uploads\/2025\/11\/154__hpr02365_tif-263x300.png",263,300,true],"medium_large":["https:\/\/trading.hhg.vn\/wp-content\/uploads\/2025\/11\/154__hpr02365_tif-768x878.png",768,878,true],"large":["https:\/\/trading.hhg.vn\/wp-content\/uploads\/2025\/11\/154__hpr02365_tif-896x1024.png",896,1024,true],"1536x1536":["https:\/\/trading.hhg.vn\/wp-content\/uploads\/2025\/11\/154__hpr02365_tif.png",1260,1440,false],"2048x2048":["https:\/\/trading.hhg.vn\/wp-content\/uploads\/2025\/11\/154__hpr02365_tif.png",1260,1440,false],"woocommerce_thumbnail":["https:\/\/trading.hhg.vn\/wp-content\/uploads\/2025\/11\/154__hpr02365_tif-600x600.png",600,600,true],"woocommerce_single":["https:\/\/trading.hhg.vn\/wp-content\/uploads\/2025\/11\/154__hpr02365_tif-1200x1371.png",1200,1371,true],"woocommerce_gallery_thumbnail":["https:\/\/trading.hhg.vn\/wp-content\/uploads\/2025\/11\/154__hpr02365_tif-150x171.png",150,171,true],"portfolio_item-thumbnail":["https:\/\/trading.hhg.vn\/wp-content\/uploads\/2025\/11\/154__hpr02365_tif.png",350,400,false],"portfolio_item-thumbnail@2x":["https:\/\/trading.hhg.vn\/wp-content\/uploads\/2025\/11\/154__hpr02365_tif.png",700,800,false],"portfolio_item-masonry":["https:\/\/trading.hhg.vn\/wp-content\/uploads\/2025\/11\/154__hpr02365_tif.png",600,686,false],"portfolio_item-masonry@2x":["https:\/\/trading.hhg.vn\/wp-content\/uploads\/2025\/11\/154__hpr02365_tif.png",1200,1371,false],"portfolio_item-thumbnail_cinema":["https:\/\/trading.hhg.vn\/wp-content\/uploads\/2025\/11\/154__hpr02365_tif.png",293,335,false],"portfolio_item-thumbnail_portrait":["https:\/\/trading.hhg.vn\/wp-content\/uploads\/2025\/11\/154__hpr02365_tif.png",600,686,false],"portfolio_item-thumbnail_portrait@2x":["https:\/\/trading.hhg.vn\/wp-content\/uploads\/2025\/11\/154__hpr02365_tif.png",1200,1371,false],"portfolio_item-thumbnail_square":["https:\/\/trading.hhg.vn\/wp-content\/uploads\/2025\/11\/154__hpr02365_tif.png",700,800,false]},"_links":{"self":[{"href":"https:\/\/trading.hhg.vn\/en\/wp-json\/wp\/v2\/product\/23291","targetHints":{"allow":["GET"]}}],"collection":[{"href":"https:\/\/trading.hhg.vn\/en\/wp-json\/wp\/v2\/product"}],"about":[{"href":"https:\/\/trading.hhg.vn\/en\/wp-json\/wp\/v2\/types\/product"}],"replies":[{"embeddable":true,"href":"https:\/\/trading.hhg.vn\/en\/wp-json\/wp\/v2\/comments?post=23291"}],"version-history":[{"count":2,"href":"https:\/\/trading.hhg.vn\/en\/wp-json\/wp\/v2\/product\/23291\/revisions"}],"predecessor-version":[{"id":35488,"href":"https:\/\/trading.hhg.vn\/en\/wp-json\/wp\/v2\/product\/23291\/revisions\/35488"}],"wp:featuredmedia":[{"embeddable":true,"href":"https:\/\/trading.hhg.vn\/en\/wp-json\/wp\/v2\/media\/23404"}],"wp:attachment":[{"href":"https:\/\/trading.hhg.vn\/en\/wp-json\/wp\/v2\/media?parent=23291"}],"wp:term":[{"taxonomy":"product_cat","embeddable":true,"href":"https:\/\/trading.hhg.vn\/en\/wp-json\/wp\/v2\/product_cat?post=23291"},{"taxonomy":"product_tag","embeddable":true,"href":"https:\/\/trading.hhg.vn\/en\/wp-json\/wp\/v2\/product_tag?post=23291"}],"curies":[{"name":"wp","href":"https:\/\/api.w.org\/{rel}","templated":true}]}}