{"id":23811,"date":"2025-11-19T17:05:00","date_gmt":"2025-11-19T10:05:00","guid":{"rendered":"https:\/\/trading.hhg.vn\/product\/bo-am-voi-sen-lampshower-275-1-duong-nuoc-kem-tay-treo-sen-va-sen-tran-240-2-duong-nuoc-kem-tay-treo-axor-showers\/"},"modified":"2026-01-28T07:45:22","modified_gmt":"2026-01-28T00:45:22","slug":"bo-am-voi-sen-lampshower-275-1-duong-nuoc-kem-tay-treo-sen-va-sen-tran-240-2-duong-nuoc-kem-tay-treo-axor-showers","status":"publish","type":"product","link":"https:\/\/trading.hhg.vn\/en\/s\u1ea3n-ph\u1ea9m\/bo-am-voi-sen-lampshower-275-1-duong-nuoc-kem-tay-treo-sen-va-sen-tran-240-2-duong-nuoc-kem-tay-treo-axor-showers\/","title":{"rendered":"B\u1ed9 \u00e2m v\u00f2i sen LampShower 275 1 \u0111\u01b0\u1eddng n\u01b0\u1edbc k\u00e8m tay treo sen v\u00e0 sen tr\u1ea7n 240 2 \u0111\u01b0\u1eddng n\u01b0\u1edbc k\u00e8m tay treo AXOR Showers"},"content":{"rendered":"","protected":false},"excerpt":{"rendered":"<p>LampShower 275 mang \u0111\u1ebfn tr\u1ea3i nghi\u1ec7m t\u1eafm \u0111\u1ec9nh cao, h\u00f2a quy\u1ec7n \u00e1nh s\u00e1ng v\u00e0 d\u00f2ng ch\u1ea3y tinh t\u1ebf. Thi\u1ebft k\u1ebf t\u1ed1i gi\u1ea3n, sang tr\u1ecdng v\u1edbi sen tr\u1ea7n 240 v\u00e0 tay sen \u0111i k\u00e8m, ki\u1ebfn t\u1ea1o kh\u00f4ng gian th\u01b0 gi\u00e3n \u0111\u1eb3ng c\u1ea5p. M\u1ed7i \u0111\u01b0\u1eddng n\u00e9t, m\u1ed7i ch\u1ee9c n\u0103ng \u0111\u1ec1u \u0111\u01b0\u1ee3c ch\u0103m ch\u00fat t\u1ec9 m\u1ec9, t\u1eeb \u00e1p l\u1ef1c n\u01b0\u1edbc m\u1ea1nh m\u1ebd \u0111\u1ebfn \u00e1nh s\u00e1ng d\u1ecbu nh\u1eb9, mang l\u1ea1i c\u1ea3m gi\u00e1c s\u1ea3ng kho\u00e1i b\u1ea5t t\u1eadn, bi\u1ebfn ph\u00f2ng t\u1eafm th\u00e0nh spa ri\u00eang t\u01b0 \u0111\u1ea7y c\u1ea3m h\u1ee9ng.<\/p>\n","protected":false},"featured_media":23809,"comment_status":"open","ping_status":"closed","template":"","meta":{"_acf_changed":false},"product_cat":[714],"product_tag":[],"class_list":{"0":"post-23811","1":"product","2":"type-product","3":"status-publish","4":"has-post-thumbnail","6":"product_cat-phu-kien-lap-dat","8":"first","9":"instock","10":"shipping-taxable","11":"purchasable","12":"product-type-simple"},"acf":[],"featured_media_urls":{"thumbnail":["https:\/\/trading.hhg.vn\/wp-content\/uploads\/2025\/11\/154__apa00349_tif-150x150.png",150,150,true],"medium":["https:\/\/trading.hhg.vn\/wp-content\/uploads\/2025\/11\/154__apa00349_tif-262x300.png",262,300,true],"medium_large":["https:\/\/trading.hhg.vn\/wp-content\/uploads\/2025\/11\/154__apa00349_tif-768x878.png",768,878,true],"large":["https:\/\/trading.hhg.vn\/wp-content\/uploads\/2025\/11\/154__apa00349_tif-896x1024.png",896,1024,true],"1536x1536":["https:\/\/trading.hhg.vn\/wp-content\/uploads\/2025\/11\/154__apa00349_tif-1344x1536.png",1344,1536,true],"2048x2048":["https:\/\/trading.hhg.vn\/wp-content\/uploads\/2025\/11\/154__apa00349_tif.png",1440,1646,false],"woocommerce_thumbnail":["https:\/\/trading.hhg.vn\/wp-content\/uploads\/2025\/11\/154__apa00349_tif-600x600.png",600,600,true],"woocommerce_single":["https:\/\/trading.hhg.vn\/wp-content\/uploads\/2025\/11\/154__apa00349_tif-1200x1372.png",1200,1372,true],"woocommerce_gallery_thumbnail":["https:\/\/trading.hhg.vn\/wp-content\/uploads\/2025\/11\/154__apa00349_tif-150x171.png",150,171,true],"portfolio_item-thumbnail":["https:\/\/trading.hhg.vn\/wp-content\/uploads\/2025\/11\/154__apa00349_tif.png",350,400,false],"portfolio_item-thumbnail@2x":["https:\/\/trading.hhg.vn\/wp-content\/uploads\/2025\/11\/154__apa00349_tif.png",700,800,false],"portfolio_item-masonry":["https:\/\/trading.hhg.vn\/wp-content\/uploads\/2025\/11\/154__apa00349_tif.png",600,686,false],"portfolio_item-masonry@2x":["https:\/\/trading.hhg.vn\/wp-content\/uploads\/2025\/11\/154__apa00349_tif.png",1200,1372,false],"portfolio_item-thumbnail_cinema":["https:\/\/trading.hhg.vn\/wp-content\/uploads\/2025\/11\/154__apa00349_tif.png",293,335,false],"portfolio_item-thumbnail_portrait":["https:\/\/trading.hhg.vn\/wp-content\/uploads\/2025\/11\/154__apa00349_tif.png",600,686,false],"portfolio_item-thumbnail_portrait@2x":["https:\/\/trading.hhg.vn\/wp-content\/uploads\/2025\/11\/154__apa00349_tif.png",1200,1372,false],"portfolio_item-thumbnail_square":["https:\/\/trading.hhg.vn\/wp-content\/uploads\/2025\/11\/154__apa00349_tif.png",700,800,false]},"_links":{"self":[{"href":"https:\/\/trading.hhg.vn\/en\/wp-json\/wp\/v2\/product\/23811","targetHints":{"allow":["GET"]}}],"collection":[{"href":"https:\/\/trading.hhg.vn\/en\/wp-json\/wp\/v2\/product"}],"about":[{"href":"https:\/\/trading.hhg.vn\/en\/wp-json\/wp\/v2\/types\/product"}],"replies":[{"embeddable":true,"href":"https:\/\/trading.hhg.vn\/en\/wp-json\/wp\/v2\/comments?post=23811"}],"version-history":[{"count":0,"href":"https:\/\/trading.hhg.vn\/en\/wp-json\/wp\/v2\/product\/23811\/revisions"}],"wp:featuredmedia":[{"embeddable":true,"href":"https:\/\/trading.hhg.vn\/en\/wp-json\/wp\/v2\/media\/23809"}],"wp:attachment":[{"href":"https:\/\/trading.hhg.vn\/en\/wp-json\/wp\/v2\/media?parent=23811"}],"wp:term":[{"taxonomy":"product_cat","embeddable":true,"href":"https:\/\/trading.hhg.vn\/en\/wp-json\/wp\/v2\/product_cat?post=23811"},{"taxonomy":"product_tag","embeddable":true,"href":"https:\/\/trading.hhg.vn\/en\/wp-json\/wp\/v2\/product_tag?post=23811"}],"curies":[{"name":"wp","href":"https:\/\/api.w.org\/{rel}","templated":true}]}}