{"id":23866,"date":"2025-11-19T17:05:31","date_gmt":"2025-11-19T10:05:31","guid":{"rendered":"https:\/\/trading.hhg.vn\/?post_type=product&#038;p=23866"},"modified":"2026-01-28T07:47:12","modified_gmt":"2026-01-28T00:47:12","slug":"gia-do-choi-ve-sinh-am-tuong-co-gia-giay-ve-sinh-va-cua-op-gach-xtrastoris-rock","status":"publish","type":"product","link":"https:\/\/trading.hhg.vn\/en\/s\u1ea3n-ph\u1ea9m\/gia-do-choi-ve-sinh-am-tuong-co-gia-giay-ve-sinh-va-cua-op-gach-xtrastoris-rock\/","title":{"rendered":"Gi\u00e1 \u0111\u1ee1 ch\u1ed5i v\u1ec7 sinh \u00e2m t\u01b0\u1eddng c\u00f3 gi\u00e1 gi\u1ea5y v\u1ec7 sinh v\u00e0 c\u1eeda \u1ed1p g\u1ea1ch XtraStoris Rock"},"content":{"rendered":"<p><img fetchpriority=\"high\" decoding=\"async\" class=\"alignnone wp-image-7559 aligncenter\" src=\"http:\/\/trading.hhg.vn\/wp-content\/uploads\/2025\/11\/xtrastoris.png\" alt=\"\" width=\"606\" height=\"454\" \/>D\u00f2ng s\u1ea3n ph\u1ea9m Hansgrohe XtraStoris l\u00e0 gi\u1ea3i ph\u00e1p l\u01b0u tr\u1eef \u00e2m t\u01b0\u1eddng cao c\u1ea5p, t\u1eadn d\u1ee5ng kh\u00f4ng gian th\u1eeba trong b\u1ee9c t\u01b0\u1eddng ph\u00f2ng t\u1eafm \u0111\u1ec3 t\u1ea1o n\u00ean c\u00e1c niches ch\u1ed1ng n\u01b0\u1edbc, gi\u00fap c\u00f4ng tr\u00ecnh tr\u1edf n\u00ean g\u1ecdn g\u00e0ng, hi\u1ec7n \u0111\u1ea1i. V\u1edbi nhi\u1ec1u k\u00edch th\u01b0\u1edbc linh ho\u1ea1t t\u1eeb kho\u1ea3ng 30 cm \u00d7 15 cm \u0111\u1ebfn 30 cm \u00d7 90 cm (chi\u1ec1u cao \u00d7 chi\u1ec1u r\u1ed9ng), XtraStoris c\u00f3 th\u1ec3 l\u1eafp \u0111\u1eb7t ngang ho\u1eb7c d\u1ecdc, ph\u00f9 h\u1ee3p c\u1ea3 v\u1edbi t\u01b0\u1eddng x\u00e2y v\u00e0 v\u00e1ch ng\u0103n.<\/p>\n<p>Ba phi\u00ean b\u1ea3n l\u1ef1a ch\u1ecdn g\u1ed3m Original (c\u00f3 khung t\u00edch h\u1ee3p), Minimalistic (khung ph\u1eb3ng, ch\u00ecm t\u01b0\u1eddng) v\u00e0 Individual (c\u00f3 khung thi\u1ebft k\u1ebf \u0111a s\u1eafc) mang \u0111\u1ebfn \u0111\u1ed9 linh ho\u1ea1t trong thi\u1ebft k\u1ebf n\u1ed9i th\u1ea5t. B\u1ec1 m\u1eb7t ho\u00e0n thi\u1ec7n \u0111a d\u1ea1ng nh\u01b0 th\u00e9p kh\u00f4ng g\u1ec9 \u0111\u00e1nh b\u00f3ng, Matte Black, Matte White ho\u1eb7c khung FinishPlus \u0111\u1ed3ng b\u1ed9 v\u1edbi c\u00e1c m\u1eabu v\u00f2i sen v\u00e0 v\u00f2i lavabo Hansgrohe.<\/p>\n<p>Kh\u00f4ng ch\u1ec9 l\u00e0 m\u1ed9t chi\u1ebfc h\u1ed9c l\u01b0u tr\u1eef, XtraStoris c\u00f2n \u0111\u01b0\u1ee3c t\u00edch h\u1ee3p m\u00e0ng ch\u1ed1ng th\u1ea5m s\u1eb5n \u0111\u1ec3 b\u1ea3o v\u1ec7 t\u01b0\u1eddng kh\u1ecfi n\u01b0\u1edbc tr\u00e0n v\u00e0 \u0111\u01a1n gi\u1ea3n h\u00f3a vi\u1ec7c thi c\u00f4ng \u2013 m\u1ed9t l\u1ef1a ch\u1ecdn th\u00f4ng minh cho ph\u00f2ng t\u1eafm hi\u1ec7n \u0111\u1ea1i, sang tr\u1ecdng v\u00e0 ti\u1ec7n nghi.<\/p>\n","protected":false},"excerpt":{"rendered":"<p>XtraStoris Rock kh\u00f4ng ch\u1ec9 l\u00e0 gi\u00e1 \u0111\u1ee1 ch\u1ed5i v\u1ec7 sinh, m\u00e0 c\u00f2n l\u00e0 tuy\u00ean ng\u00f4n v\u1ec1 s\u1ef1 tinh t\u1ebf trong kh\u00f4ng gian hi\u1ec7n \u0111\u1ea1i. Thi\u1ebft k\u1ebf \u00e2m t\u01b0\u1eddng \u0111\u1ed9c \u0111\u00e1o, \u1ea9n m\u00ecnh ho\u00e0n h\u1ea3o sau l\u1edbp g\u1ea1ch \u1ed1p, m\u1edf ra m\u1ed9t th\u1ebf gi\u1edbi ti\u1ec7n nghi b\u1ea5t ng\u1edd v\u1edbi ng\u0103n ch\u1ee9a gi\u1ea5y v\u1ec7 sinh t\u00edch h\u1ee3p. M\u1ecdi chi ti\u1ebft \u0111\u1ec1u \u0111\u01b0\u1ee3c ch\u0103m ch\u00fat t\u1ec9 m\u1ec9, t\u1eeb \u0111\u01b0\u1eddng n\u00e9t m\u1ea1nh m\u1ebd \u0111\u1ebfn v\u1eadt li\u1ec7u cao c\u1ea5p, mang l\u1ea1i tr\u1ea3i nghi\u1ec7m s\u1eed d\u1ee5ng v\u01b0\u1ee3t tr\u1ed9i, t\u1ed1i \u01b0u h\u00f3a kh\u00f4ng gian v\u00e0 n\u00e2ng t\u1ea7m \u0111\u1eb3ng c\u1ea5p ph\u00f2ng t\u1eafm c\u1ee7a b\u1ea1n.<\/p>\n","protected":false},"featured_media":24200,"comment_status":"open","ping_status":"closed","template":"","meta":{"_acf_changed":false},"product_cat":[862,887],"product_tag":[],"class_list":{"0":"post-23866","1":"product","2":"type-product","3":"status-publish","4":"has-post-thumbnail","6":"product_cat-phu-kien-bon-cau","7":"product_cat-phu-kien-di-kem","8":"pa_mau-sac-den-mo","9":"pa_mau-sac-trang-mo","10":"pa_mau-sac-thep-khong-gi-xuoc-mo","12":"first","13":"instock","14":"shipping-taxable","15":"product-type-variable"},"acf":[],"featured_media_urls":{"thumbnail":["https:\/\/trading.hhg.vn\/wp-content\/uploads\/2025\/11\/154__hpr04819_tif-150x150.png",150,150,true],"medium":["https:\/\/trading.hhg.vn\/wp-content\/uploads\/2025\/11\/154__hpr04819_tif-263x300.png",263,300,true],"medium_large":["https:\/\/trading.hhg.vn\/wp-content\/uploads\/2025\/11\/154__hpr04819_tif-768x878.png",768,878,true],"large":["https:\/\/trading.hhg.vn\/wp-content\/uploads\/2025\/11\/154__hpr04819_tif-896x1024.png",896,1024,true],"1536x1536":["https:\/\/trading.hhg.vn\/wp-content\/uploads\/2025\/11\/154__hpr04819_tif.png",1260,1440,false],"2048x2048":["https:\/\/trading.hhg.vn\/wp-content\/uploads\/2025\/11\/154__hpr04819_tif.png",1260,1440,false],"woocommerce_thumbnail":["https:\/\/trading.hhg.vn\/wp-content\/uploads\/2025\/11\/154__hpr04819_tif-600x600.png",600,600,true],"woocommerce_single":["https:\/\/trading.hhg.vn\/wp-content\/uploads\/2025\/11\/154__hpr04819_tif-1200x1371.png",1200,1371,true],"woocommerce_gallery_thumbnail":["https:\/\/trading.hhg.vn\/wp-content\/uploads\/2025\/11\/154__hpr04819_tif-150x171.png",150,171,true],"portfolio_item-thumbnail":["https:\/\/trading.hhg.vn\/wp-content\/uploads\/2025\/11\/154__hpr04819_tif.png",350,400,false],"portfolio_item-thumbnail@2x":["https:\/\/trading.hhg.vn\/wp-content\/uploads\/2025\/11\/154__hpr04819_tif.png",700,800,false],"portfolio_item-masonry":["https:\/\/trading.hhg.vn\/wp-content\/uploads\/2025\/11\/154__hpr04819_tif.png",600,686,false],"portfolio_item-masonry@2x":["https:\/\/trading.hhg.vn\/wp-content\/uploads\/2025\/11\/154__hpr04819_tif.png",1200,1371,false],"portfolio_item-thumbnail_cinema":["https:\/\/trading.hhg.vn\/wp-content\/uploads\/2025\/11\/154__hpr04819_tif.png",293,335,false],"portfolio_item-thumbnail_portrait":["https:\/\/trading.hhg.vn\/wp-content\/uploads\/2025\/11\/154__hpr04819_tif.png",600,686,false],"portfolio_item-thumbnail_portrait@2x":["https:\/\/trading.hhg.vn\/wp-content\/uploads\/2025\/11\/154__hpr04819_tif.png",1200,1371,false],"portfolio_item-thumbnail_square":["https:\/\/trading.hhg.vn\/wp-content\/uploads\/2025\/11\/154__hpr04819_tif.png",700,800,false]},"_links":{"self":[{"href":"https:\/\/trading.hhg.vn\/en\/wp-json\/wp\/v2\/product\/23866","targetHints":{"allow":["GET"]}}],"collection":[{"href":"https:\/\/trading.hhg.vn\/en\/wp-json\/wp\/v2\/product"}],"about":[{"href":"https:\/\/trading.hhg.vn\/en\/wp-json\/wp\/v2\/types\/product"}],"replies":[{"embeddable":true,"href":"https:\/\/trading.hhg.vn\/en\/wp-json\/wp\/v2\/comments?post=23866"}],"version-history":[{"count":2,"href":"https:\/\/trading.hhg.vn\/en\/wp-json\/wp\/v2\/product\/23866\/revisions"}],"predecessor-version":[{"id":35509,"href":"https:\/\/trading.hhg.vn\/en\/wp-json\/wp\/v2\/product\/23866\/revisions\/35509"}],"wp:featuredmedia":[{"embeddable":true,"href":"https:\/\/trading.hhg.vn\/en\/wp-json\/wp\/v2\/media\/24200"}],"wp:attachment":[{"href":"https:\/\/trading.hhg.vn\/en\/wp-json\/wp\/v2\/media?parent=23866"}],"wp:term":[{"taxonomy":"product_cat","embeddable":true,"href":"https:\/\/trading.hhg.vn\/en\/wp-json\/wp\/v2\/product_cat?post=23866"},{"taxonomy":"product_tag","embeddable":true,"href":"https:\/\/trading.hhg.vn\/en\/wp-json\/wp\/v2\/product_tag?post=23866"}],"curies":[{"name":"wp","href":"https:\/\/api.w.org\/{rel}","templated":true}]}}