{"id":24331,"date":"2025-11-19T17:09:08","date_gmt":"2025-11-19T10:09:08","guid":{"rendered":"https:\/\/trading.hhg.vn\/product\/bidet-treo-tuong-540-co-lo-voi-va-chong-tran-smartclean-elupura-q\/"},"modified":"2026-01-28T07:43:07","modified_gmt":"2026-01-28T00:43:07","slug":"bidet-treo-tuong-540-co-lo-voi-va-chong-tran-smartclean-elupura-q","status":"publish","type":"product","link":"https:\/\/trading.hhg.vn\/en\/s\u1ea3n-ph\u1ea9m\/bidet-treo-tuong-540-co-lo-voi-va-chong-tran-smartclean-elupura-q\/","title":{"rendered":"Bidet treo t\u01b0\u1eddng 540 c\u00f3 l\u1ed7 v\u00f2i v\u00e0 ch\u1ed1ng tr\u00e0n, SmartClean EluPura Q"},"content":{"rendered":"","protected":false},"excerpt":{"rendered":"<p>SmartClean EluPura Q, bidet treo t\u01b0\u1eddng 540, l\u00e0 bi\u1ec3u t\u01b0\u1ee3ng c\u1ee7a tinh t\u1ebf v\u00e0 c\u00f4ng n\u0103ng. Thi\u1ebft k\u1ebf t\u1ed1i gi\u1ea3n, \u0111\u01b0\u1eddng n\u00e9t m\u1ec1m m\u1ea1i \u00f4m tr\u1ecdn kh\u00f4ng gian, ki\u1ebfn t\u1ea1o v\u1ebb \u0111\u1eb9p sang tr\u1ecdng cho ph\u00f2ng t\u1eafm. T\u00edch h\u1ee3p l\u1ed7 v\u00f2i v\u00e0 ch\u1ed1ng tr\u00e0n th\u00f4ng minh, s\u1ea3n ph\u1ea9m mang \u0111\u1ebfn tr\u1ea3i nghi\u1ec7m v\u1ec7 sinh ho\u00e0n h\u1ea3o, n\u00e2ng niu s\u1ef1 ri\u00eang t\u01b0 v\u00e0 \u0111\u1eb3ng c\u1ea5p c\u1ee7a b\u1ea1n. M\u1ed7i chi ti\u1ebft \u0111\u1ec1u \u0111\u01b0\u1ee3c ch\u0103m ch\u00fat t\u1ec9 m\u1ec9, t\u1eeb v\u1eadt li\u1ec7u cao c\u1ea5p \u0111\u1ebfn b\u1ec1 m\u1eb7t m\u1ecbn m\u00e0ng, kh\u1eb3ng \u0111\u1ecbnh m\u1ed9t phong c\u00e1ch s\u1ed1ng hi\u1ec7n \u0111\u1ea1i v\u00e0 \u0111\u1ec1 cao gi\u00e1 tr\u1ecb s\u1ee9c kh\u1ecfe.<\/p>\n","protected":false},"featured_media":16785,"comment_status":"open","ping_status":"closed","template":"","meta":{"_acf_changed":false},"product_cat":[870],"product_tag":[],"class_list":{"0":"post-24331","1":"product","2":"type-product","3":"status-publish","4":"has-post-thumbnail","6":"product_cat-tieu-nu","7":"pa_mau-sac-trang","9":"first","10":"instock","11":"shipping-taxable","12":"product-type-simple"},"acf":[],"featured_media_urls":{"thumbnail":["https:\/\/trading.hhg.vn\/wp-content\/uploads\/2025\/11\/154__hpr07135_tif-150x150.png",150,150,true],"medium":["https:\/\/trading.hhg.vn\/wp-content\/uploads\/2025\/11\/154__hpr07135_tif-262x300.png",262,300,true],"medium_large":["https:\/\/trading.hhg.vn\/wp-content\/uploads\/2025\/11\/154__hpr07135_tif-768x878.png",768,878,true],"large":["https:\/\/trading.hhg.vn\/wp-content\/uploads\/2025\/11\/154__hpr07135_tif-896x1024.png",896,1024,true],"1536x1536":["https:\/\/trading.hhg.vn\/wp-content\/uploads\/2025\/11\/154__hpr07135_tif-1344x1536.png",1344,1536,true],"2048x2048":["https:\/\/trading.hhg.vn\/wp-content\/uploads\/2025\/11\/154__hpr07135_tif.png",1440,1646,false],"woocommerce_thumbnail":["https:\/\/trading.hhg.vn\/wp-content\/uploads\/2025\/11\/154__hpr07135_tif-600x600.png",600,600,true],"woocommerce_single":["https:\/\/trading.hhg.vn\/wp-content\/uploads\/2025\/11\/154__hpr07135_tif-1200x1372.png",1200,1372,true],"woocommerce_gallery_thumbnail":["https:\/\/trading.hhg.vn\/wp-content\/uploads\/2025\/11\/154__hpr07135_tif-150x171.png",150,171,true],"portfolio_item-thumbnail":["https:\/\/trading.hhg.vn\/wp-content\/uploads\/2025\/11\/154__hpr07135_tif.png",350,400,false],"portfolio_item-thumbnail@2x":["https:\/\/trading.hhg.vn\/wp-content\/uploads\/2025\/11\/154__hpr07135_tif.png",700,800,false],"portfolio_item-masonry":["https:\/\/trading.hhg.vn\/wp-content\/uploads\/2025\/11\/154__hpr07135_tif.png",600,686,false],"portfolio_item-masonry@2x":["https:\/\/trading.hhg.vn\/wp-content\/uploads\/2025\/11\/154__hpr07135_tif.png",1200,1372,false],"portfolio_item-thumbnail_cinema":["https:\/\/trading.hhg.vn\/wp-content\/uploads\/2025\/11\/154__hpr07135_tif.png",293,335,false],"portfolio_item-thumbnail_portrait":["https:\/\/trading.hhg.vn\/wp-content\/uploads\/2025\/11\/154__hpr07135_tif.png",600,686,false],"portfolio_item-thumbnail_portrait@2x":["https:\/\/trading.hhg.vn\/wp-content\/uploads\/2025\/11\/154__hpr07135_tif.png",1200,1372,false],"portfolio_item-thumbnail_square":["https:\/\/trading.hhg.vn\/wp-content\/uploads\/2025\/11\/154__hpr07135_tif.png",700,800,false]},"_links":{"self":[{"href":"https:\/\/trading.hhg.vn\/en\/wp-json\/wp\/v2\/product\/24331","targetHints":{"allow":["GET"]}}],"collection":[{"href":"https:\/\/trading.hhg.vn\/en\/wp-json\/wp\/v2\/product"}],"about":[{"href":"https:\/\/trading.hhg.vn\/en\/wp-json\/wp\/v2\/types\/product"}],"replies":[{"embeddable":true,"href":"https:\/\/trading.hhg.vn\/en\/wp-json\/wp\/v2\/comments?post=24331"}],"version-history":[{"count":1,"href":"https:\/\/trading.hhg.vn\/en\/wp-json\/wp\/v2\/product\/24331\/revisions"}],"predecessor-version":[{"id":35512,"href":"https:\/\/trading.hhg.vn\/en\/wp-json\/wp\/v2\/product\/24331\/revisions\/35512"}],"wp:featuredmedia":[{"embeddable":true,"href":"https:\/\/trading.hhg.vn\/en\/wp-json\/wp\/v2\/media\/16785"}],"wp:attachment":[{"href":"https:\/\/trading.hhg.vn\/en\/wp-json\/wp\/v2\/media?parent=24331"}],"wp:term":[{"taxonomy":"product_cat","embeddable":true,"href":"https:\/\/trading.hhg.vn\/en\/wp-json\/wp\/v2\/product_cat?post=24331"},{"taxonomy":"product_tag","embeddable":true,"href":"https:\/\/trading.hhg.vn\/en\/wp-json\/wp\/v2\/product_tag?post=24331"}],"curies":[{"name":"wp","href":"https:\/\/api.w.org\/{rel}","templated":true}]}}