{"id":24762,"date":"2025-11-19T17:28:28","date_gmt":"2025-11-19T10:28:28","guid":{"rendered":"https:\/\/trading.hhg.vn\/product\/bon-cau-treo-tuong-aquafall-flush-smartclean-elupura-q\/"},"modified":"2025-12-18T08:49:53","modified_gmt":"2025-12-18T01:49:53","slug":"bon-cau-treo-tuong-aquafall-flush-smartclean-elupura-q","status":"publish","type":"product","link":"https:\/\/trading.hhg.vn\/en\/s\u1ea3n-ph\u1ea9m\/bon-cau-treo-tuong-aquafall-flush-smartclean-elupura-q\/","title":{"rendered":"B\u1ed3n c\u1ea7u treo t\u01b0\u1eddng AquaFall Flush, SmartClean EluPura Q"},"content":{"rendered":"","protected":false},"excerpt":{"rendered":"<p>SmartClean EluPura Q, b\u1ed3n c\u1ea7u treo t\u01b0\u1eddng AquaFall Flush, mang \u0111\u1ebfn s\u1ef1 tinh t\u1ebf v\u01b0\u1ee3t th\u1eddi gian cho kh\u00f4ng gian s\u1ed1ng hi\u1ec7n \u0111\u1ea1i. Thi\u1ebft k\u1ebf t\u1ed1i gi\u1ea3n, sang tr\u1ecdng \u1ea9n ch\u1ee9a c\u00f4ng ngh\u1ec7 x\u1ea3 xo\u00e1y AquaFall Flush m\u1ea1nh m\u1ebd, cu\u1ed1n tr\u00f4i m\u1ecdi v\u1ebft b\u1ea9n, \u0111\u1ed3ng th\u1eddi gi\u1eef v\u1ec7 sinh t\u1ed1i \u01b0u. Tr\u1ea3i nghi\u1ec7m s\u1ef1 ti\u1ec7n nghi \u0111\u1ec9nh cao v\u1edbi b\u1ec1 m\u1eb7t ch\u1ed1ng b\u00e1m b\u1ea9n EluPura Q, d\u1ec5 d\u00e0ng v\u1ec7 sinh v\u00e0 duy tr\u00ec v\u1ebb \u0111\u1eb9p s\u00e1ng b\u00f3ng, n\u00e2ng t\u1ea7m \u0111\u1eb3ng c\u1ea5p ph\u00f2ng t\u1eafm c\u1ee7a b\u1ea1n.<\/p>\n","protected":false},"featured_media":24760,"comment_status":"open","ping_status":"closed","template":"","meta":{"_acf_changed":false},"product_cat":[888],"product_tag":[],"class_list":{"0":"post-24762","1":"product","2":"type-product","3":"status-publish","4":"has-post-thumbnail","6":"product_cat-bon-cau-khoi","7":"pa_mau-sac-trang","9":"first","10":"instock","11":"shipping-taxable","12":"product-type-simple"},"acf":[],"featured_media_urls":{"thumbnail":["https:\/\/trading.hhg.vn\/wp-content\/uploads\/2025\/11\/154__hpr05808_tif-150x150.png",150,150,true],"medium":["https:\/\/trading.hhg.vn\/wp-content\/uploads\/2025\/11\/154__hpr05808_tif-262x300.png",262,300,true],"medium_large":["https:\/\/trading.hhg.vn\/wp-content\/uploads\/2025\/11\/154__hpr05808_tif-768x878.png",768,878,true],"large":["https:\/\/trading.hhg.vn\/wp-content\/uploads\/2025\/11\/154__hpr05808_tif-896x1024.png",896,1024,true],"1536x1536":["https:\/\/trading.hhg.vn\/wp-content\/uploads\/2025\/11\/154__hpr05808_tif-1344x1536.png",1344,1536,true],"2048x2048":["https:\/\/trading.hhg.vn\/wp-content\/uploads\/2025\/11\/154__hpr05808_tif.png",1440,1646,false],"woocommerce_thumbnail":["https:\/\/trading.hhg.vn\/wp-content\/uploads\/2025\/11\/154__hpr05808_tif-600x600.png",600,600,true],"woocommerce_single":["https:\/\/trading.hhg.vn\/wp-content\/uploads\/2025\/11\/154__hpr05808_tif-1200x1372.png",1200,1372,true],"woocommerce_gallery_thumbnail":["https:\/\/trading.hhg.vn\/wp-content\/uploads\/2025\/11\/154__hpr05808_tif-150x171.png",150,171,true],"portfolio_item-thumbnail":["https:\/\/trading.hhg.vn\/wp-content\/uploads\/2025\/11\/154__hpr05808_tif.png",350,400,false],"portfolio_item-thumbnail@2x":["https:\/\/trading.hhg.vn\/wp-content\/uploads\/2025\/11\/154__hpr05808_tif.png",700,800,false],"portfolio_item-masonry":["https:\/\/trading.hhg.vn\/wp-content\/uploads\/2025\/11\/154__hpr05808_tif.png",600,686,false],"portfolio_item-masonry@2x":["https:\/\/trading.hhg.vn\/wp-content\/uploads\/2025\/11\/154__hpr05808_tif.png",1200,1372,false],"portfolio_item-thumbnail_cinema":["https:\/\/trading.hhg.vn\/wp-content\/uploads\/2025\/11\/154__hpr05808_tif.png",293,335,false],"portfolio_item-thumbnail_portrait":["https:\/\/trading.hhg.vn\/wp-content\/uploads\/2025\/11\/154__hpr05808_tif.png",600,686,false],"portfolio_item-thumbnail_portrait@2x":["https:\/\/trading.hhg.vn\/wp-content\/uploads\/2025\/11\/154__hpr05808_tif.png",1200,1372,false],"portfolio_item-thumbnail_square":["https:\/\/trading.hhg.vn\/wp-content\/uploads\/2025\/11\/154__hpr05808_tif.png",700,800,false]},"_links":{"self":[{"href":"https:\/\/trading.hhg.vn\/en\/wp-json\/wp\/v2\/product\/24762","targetHints":{"allow":["GET"]}}],"collection":[{"href":"https:\/\/trading.hhg.vn\/en\/wp-json\/wp\/v2\/product"}],"about":[{"href":"https:\/\/trading.hhg.vn\/en\/wp-json\/wp\/v2\/types\/product"}],"replies":[{"embeddable":true,"href":"https:\/\/trading.hhg.vn\/en\/wp-json\/wp\/v2\/comments?post=24762"}],"version-history":[{"count":1,"href":"https:\/\/trading.hhg.vn\/en\/wp-json\/wp\/v2\/product\/24762\/revisions"}],"predecessor-version":[{"id":118553,"href":"https:\/\/trading.hhg.vn\/en\/wp-json\/wp\/v2\/product\/24762\/revisions\/118553"}],"wp:featuredmedia":[{"embeddable":true,"href":"https:\/\/trading.hhg.vn\/en\/wp-json\/wp\/v2\/media\/24760"}],"wp:attachment":[{"href":"https:\/\/trading.hhg.vn\/en\/wp-json\/wp\/v2\/media?parent=24762"}],"wp:term":[{"taxonomy":"product_cat","embeddable":true,"href":"https:\/\/trading.hhg.vn\/en\/wp-json\/wp\/v2\/product_cat?post=24762"},{"taxonomy":"product_tag","embeddable":true,"href":"https:\/\/trading.hhg.vn\/en\/wp-json\/wp\/v2\/product_tag?post=24762"}],"curies":[{"name":"wp","href":"https:\/\/api.w.org\/{rel}","templated":true}]}}