{"id":24910,"date":"2025-11-19T17:29:34","date_gmt":"2025-11-19T10:29:34","guid":{"rendered":"https:\/\/trading.hhg.vn\/product\/bo-thoat-san-150-150-hoan-chinh-voi-khung-dieu-chinh-chieu-cao-va-nap-day-op-gach-raindrain-spot-plus\/"},"modified":"2026-01-28T07:42:55","modified_gmt":"2026-01-28T00:42:55","slug":"bo-thoat-san-150-150-hoan-chinh-voi-khung-dieu-chinh-chieu-cao-va-nap-day-op-gach-raindrain-spot-plus","status":"publish","type":"product","link":"https:\/\/trading.hhg.vn\/en\/s\u1ea3n-ph\u1ea9m\/bo-thoat-san-150-150-hoan-chinh-voi-khung-dieu-chinh-chieu-cao-va-nap-day-op-gach-raindrain-spot-plus\/","title":{"rendered":"B\u1ed9 tho\u00e1t s\u00e0n 150\/150 ho\u00e0n ch\u1ec9nh v\u1edbi khung \u0111i\u1ec1u ch\u1ec9nh chi\u1ec1u cao v\u00e0 n\u1eafp \u0111\u1eady \u1ed1p g\u1ea1ch RainDrain Spot Plus"},"content":{"rendered":"","protected":false},"excerpt":{"rendered":"<p>B\u1ed9 tho\u00e1t s\u00e0n RainDrain Spot Plus 150\/150 l\u00e0 bi\u1ec3u t\u01b0\u1ee3ng c\u1ee7a s\u1ef1 tinh t\u1ebf, h\u00f2a m\u00ecnh ho\u00e0n h\u1ea3o v\u00e0o m\u1ecdi kh\u00f4ng gian. Thi\u1ebft k\u1ebf \u1ed1p g\u1ea1ch \u0111\u1ed9c \u0111\u00e1o mang \u0111\u1ebfn v\u1ebb \u0111\u1eb9p li\u1ec1n m\u1ea1ch, t\u1ed1i gi\u1ea3n, n\u00e2ng t\u1ea7m phong c\u00e1ch cho ph\u00f2ng t\u1eafm c\u1ee7a b\u1ea1n. V\u1edbi khung \u0111i\u1ec1u ch\u1ec9nh chi\u1ec1u cao linh ho\u1ea1t, vi\u1ec7c l\u1eafp \u0111\u1eb7t tr\u1edf n\u00ean d\u1ec5 d\u00e0ng v\u00e0 ch\u00ednh x\u00e1c, \u0111\u1ea3m b\u1ea3o d\u00f2ng ch\u1ea3y m\u01b0\u1ee3t m\u00e0. T\u1eebng chi ti\u1ebft \u0111\u01b0\u1ee3c chau chu\u1ed1t t\u1ec9 m\u1ec9 kh\u00f4ng ch\u1ec9 t\u1ed1i \u01b0u c\u00f4ng n\u0103ng tho\u00e1t n\u01b0\u1edbc m\u00e0 c\u00f2n ki\u1ebfn t\u1ea1o m\u1ed9t tr\u1ea3i nghi\u1ec7m s\u1eed d\u1ee5ng \u0111\u1eb3ng c\u1ea5p, n\u01a1i s\u1ef1 ti\u1ec7n nghi g\u1eb7p g\u1ee1 v\u1ebb \u0111\u1eb9p v\u01b0\u1ee3t th\u1eddi gian.<\/p>\n","protected":false},"featured_media":24908,"comment_status":"open","ping_status":"closed","template":"","meta":{"_acf_changed":false},"product_cat":[848],"product_tag":[],"class_list":{"0":"post-24910","1":"product","2":"type-product","3":"status-publish","4":"has-post-thumbnail","6":"product_cat-thoat-san-2","7":"pa_mau-sac-thep-khong-gi-xuoc-mo","9":"first","10":"instock","11":"shipping-taxable","12":"product-type-simple"},"acf":[],"featured_media_urls":{"thumbnail":["https:\/\/trading.hhg.vn\/wp-content\/uploads\/2025\/11\/154__hpr07379_tif-150x150.png",150,150,true],"medium":["https:\/\/trading.hhg.vn\/wp-content\/uploads\/2025\/11\/154__hpr07379_tif-262x300.png",262,300,true],"medium_large":["https:\/\/trading.hhg.vn\/wp-content\/uploads\/2025\/11\/154__hpr07379_tif-768x878.png",768,878,true],"large":["https:\/\/trading.hhg.vn\/wp-content\/uploads\/2025\/11\/154__hpr07379_tif-896x1024.png",896,1024,true],"1536x1536":["https:\/\/trading.hhg.vn\/wp-content\/uploads\/2025\/11\/154__hpr07379_tif-1344x1536.png",1344,1536,true],"2048x2048":["https:\/\/trading.hhg.vn\/wp-content\/uploads\/2025\/11\/154__hpr07379_tif.png",1440,1646,false],"woocommerce_thumbnail":["https:\/\/trading.hhg.vn\/wp-content\/uploads\/2025\/11\/154__hpr07379_tif-600x600.png",600,600,true],"woocommerce_single":["https:\/\/trading.hhg.vn\/wp-content\/uploads\/2025\/11\/154__hpr07379_tif-1200x1372.png",1200,1372,true],"woocommerce_gallery_thumbnail":["https:\/\/trading.hhg.vn\/wp-content\/uploads\/2025\/11\/154__hpr07379_tif-150x171.png",150,171,true],"portfolio_item-thumbnail":["https:\/\/trading.hhg.vn\/wp-content\/uploads\/2025\/11\/154__hpr07379_tif.png",350,400,false],"portfolio_item-thumbnail@2x":["https:\/\/trading.hhg.vn\/wp-content\/uploads\/2025\/11\/154__hpr07379_tif.png",700,800,false],"portfolio_item-masonry":["https:\/\/trading.hhg.vn\/wp-content\/uploads\/2025\/11\/154__hpr07379_tif.png",600,686,false],"portfolio_item-masonry@2x":["https:\/\/trading.hhg.vn\/wp-content\/uploads\/2025\/11\/154__hpr07379_tif.png",1200,1372,false],"portfolio_item-thumbnail_cinema":["https:\/\/trading.hhg.vn\/wp-content\/uploads\/2025\/11\/154__hpr07379_tif.png",293,335,false],"portfolio_item-thumbnail_portrait":["https:\/\/trading.hhg.vn\/wp-content\/uploads\/2025\/11\/154__hpr07379_tif.png",600,686,false],"portfolio_item-thumbnail_portrait@2x":["https:\/\/trading.hhg.vn\/wp-content\/uploads\/2025\/11\/154__hpr07379_tif.png",1200,1372,false],"portfolio_item-thumbnail_square":["https:\/\/trading.hhg.vn\/wp-content\/uploads\/2025\/11\/154__hpr07379_tif.png",700,800,false]},"_links":{"self":[{"href":"https:\/\/trading.hhg.vn\/en\/wp-json\/wp\/v2\/product\/24910","targetHints":{"allow":["GET"]}}],"collection":[{"href":"https:\/\/trading.hhg.vn\/en\/wp-json\/wp\/v2\/product"}],"about":[{"href":"https:\/\/trading.hhg.vn\/en\/wp-json\/wp\/v2\/types\/product"}],"replies":[{"embeddable":true,"href":"https:\/\/trading.hhg.vn\/en\/wp-json\/wp\/v2\/comments?post=24910"}],"version-history":[{"count":1,"href":"https:\/\/trading.hhg.vn\/en\/wp-json\/wp\/v2\/product\/24910\/revisions"}],"predecessor-version":[{"id":101525,"href":"https:\/\/trading.hhg.vn\/en\/wp-json\/wp\/v2\/product\/24910\/revisions\/101525"}],"wp:featuredmedia":[{"embeddable":true,"href":"https:\/\/trading.hhg.vn\/en\/wp-json\/wp\/v2\/media\/24908"}],"wp:attachment":[{"href":"https:\/\/trading.hhg.vn\/en\/wp-json\/wp\/v2\/media?parent=24910"}],"wp:term":[{"taxonomy":"product_cat","embeddable":true,"href":"https:\/\/trading.hhg.vn\/en\/wp-json\/wp\/v2\/product_cat?post=24910"},{"taxonomy":"product_tag","embeddable":true,"href":"https:\/\/trading.hhg.vn\/en\/wp-json\/wp\/v2\/product_tag?post=24910"}],"curies":[{"name":"wp","href":"https:\/\/api.w.org\/{rel}","templated":true}]}}