{"id":25579,"date":"2025-11-19T18:05:01","date_gmt":"2025-11-19T11:05:01","guid":{"rendered":"https:\/\/trading.hhg.vn\/product\/bon-cau-treo-tuong-aquafall-flush-hygieneeffect-kem-nap-va-be-ngoi-softclose-va-quickrelease-elupura-q\/"},"modified":"2025-11-20T19:03:03","modified_gmt":"2025-11-20T12:03:03","slug":"bon-cau-treo-tuong-aquafall-flush-hygieneeffect-kem-nap-va-be-ngoi-softclose-va-quickrelease-elupura-q","status":"publish","type":"product","link":"https:\/\/trading.hhg.vn\/en\/s\u1ea3n-ph\u1ea9m\/bon-cau-treo-tuong-aquafall-flush-hygieneeffect-kem-nap-va-be-ngoi-softclose-va-quickrelease-elupura-q\/","title":{"rendered":"B\u1ed3n c\u1ea7u treo t\u01b0\u1eddng AquaFall Flush, HygieneEffect k\u00e8m n\u1eafp v\u00e0 b\u1ec7 ng\u1ed3i SoftClose v\u00e0 QuickRelease EluPura Q"},"content":{"rendered":"","protected":false},"excerpt":{"rendered":"<p>EluPura Q v\u1edbi AquaFall Flush t\u1ea1o n\u00ean m\u1ed9t tuy\u00ean ng\u00f4n v\u1ec1 s\u1ef1 tinh t\u1ebf v\u00e0 c\u00f4ng n\u0103ng v\u01b0\u1ee3t tr\u1ed9i. Thi\u1ebft k\u1ebf treo t\u01b0\u1eddng thanh l\u1ecbch gi\u1ea3i ph\u00f3ng kh\u00f4ng gian, trong khi HygieneEffect b\u1ea3o \u0111\u1ea3m v\u1ec7 sinh t\u1ed1i \u01b0u. N\u1eafp v\u00e0 b\u1ec7 ng\u1ed3i SoftClose nh\u1eb9 nh\u00e0ng kh\u00e9p l\u1ea1i, c\u00f9ng QuickRelease mang \u0111\u1ebfn s\u1ef1 ti\u1ec7n l\u1ee3i tuy\u1ec7t \u0111\u1ed1i, bi\u1ebfn m\u1ed7i kho\u1ea3nh kh\u1eafc s\u1eed d\u1ee5ng th\u00e0nh tr\u1ea3i nghi\u1ec7m th\u01b0 th\u00e1i v\u00e0 \u0111\u1eb3ng c\u1ea5p.<\/p>\n","protected":false},"featured_media":25577,"comment_status":"open","ping_status":"closed","template":"","meta":{"_acf_changed":false},"product_cat":[884],"product_tag":[],"class_list":{"0":"post-25579","1":"product","2":"type-product","3":"status-publish","4":"has-post-thumbnail","6":"product_cat-bon-cau","7":"pa_mau-sac-trang","9":"first","10":"instock","11":"shipping-taxable","12":"product-type-simple"},"acf":[],"featured_media_urls":{"thumbnail":["https:\/\/trading.hhg.vn\/wp-content\/uploads\/2025\/11\/154__hpr05813_tif-150x150.png",150,150,true],"medium":["https:\/\/trading.hhg.vn\/wp-content\/uploads\/2025\/11\/154__hpr05813_tif-262x300.png",262,300,true],"medium_large":["https:\/\/trading.hhg.vn\/wp-content\/uploads\/2025\/11\/154__hpr05813_tif-768x878.png",768,878,true],"large":["https:\/\/trading.hhg.vn\/wp-content\/uploads\/2025\/11\/154__hpr05813_tif-896x1024.png",896,1024,true],"1536x1536":["https:\/\/trading.hhg.vn\/wp-content\/uploads\/2025\/11\/154__hpr05813_tif-1344x1536.png",1344,1536,true],"2048x2048":["https:\/\/trading.hhg.vn\/wp-content\/uploads\/2025\/11\/154__hpr05813_tif.png",1440,1646,false],"woocommerce_thumbnail":["https:\/\/trading.hhg.vn\/wp-content\/uploads\/2025\/11\/154__hpr05813_tif-600x600.png",600,600,true],"woocommerce_single":["https:\/\/trading.hhg.vn\/wp-content\/uploads\/2025\/11\/154__hpr05813_tif-1200x1372.png",1200,1372,true],"woocommerce_gallery_thumbnail":["https:\/\/trading.hhg.vn\/wp-content\/uploads\/2025\/11\/154__hpr05813_tif-150x171.png",150,171,true],"portfolio_item-thumbnail":["https:\/\/trading.hhg.vn\/wp-content\/uploads\/2025\/11\/154__hpr05813_tif.png",350,400,false],"portfolio_item-thumbnail@2x":["https:\/\/trading.hhg.vn\/wp-content\/uploads\/2025\/11\/154__hpr05813_tif.png",700,800,false],"portfolio_item-masonry":["https:\/\/trading.hhg.vn\/wp-content\/uploads\/2025\/11\/154__hpr05813_tif.png",600,686,false],"portfolio_item-masonry@2x":["https:\/\/trading.hhg.vn\/wp-content\/uploads\/2025\/11\/154__hpr05813_tif.png",1200,1372,false],"portfolio_item-thumbnail_cinema":["https:\/\/trading.hhg.vn\/wp-content\/uploads\/2025\/11\/154__hpr05813_tif.png",293,335,false],"portfolio_item-thumbnail_portrait":["https:\/\/trading.hhg.vn\/wp-content\/uploads\/2025\/11\/154__hpr05813_tif.png",600,686,false],"portfolio_item-thumbnail_portrait@2x":["https:\/\/trading.hhg.vn\/wp-content\/uploads\/2025\/11\/154__hpr05813_tif.png",1200,1372,false],"portfolio_item-thumbnail_square":["https:\/\/trading.hhg.vn\/wp-content\/uploads\/2025\/11\/154__hpr05813_tif.png",700,800,false]},"_links":{"self":[{"href":"https:\/\/trading.hhg.vn\/en\/wp-json\/wp\/v2\/product\/25579","targetHints":{"allow":["GET"]}}],"collection":[{"href":"https:\/\/trading.hhg.vn\/en\/wp-json\/wp\/v2\/product"}],"about":[{"href":"https:\/\/trading.hhg.vn\/en\/wp-json\/wp\/v2\/types\/product"}],"replies":[{"embeddable":true,"href":"https:\/\/trading.hhg.vn\/en\/wp-json\/wp\/v2\/comments?post=25579"}],"version-history":[{"count":1,"href":"https:\/\/trading.hhg.vn\/en\/wp-json\/wp\/v2\/product\/25579\/revisions"}],"predecessor-version":[{"id":35576,"href":"https:\/\/trading.hhg.vn\/en\/wp-json\/wp\/v2\/product\/25579\/revisions\/35576"}],"wp:featuredmedia":[{"embeddable":true,"href":"https:\/\/trading.hhg.vn\/en\/wp-json\/wp\/v2\/media\/25577"}],"wp:attachment":[{"href":"https:\/\/trading.hhg.vn\/en\/wp-json\/wp\/v2\/media?parent=25579"}],"wp:term":[{"taxonomy":"product_cat","embeddable":true,"href":"https:\/\/trading.hhg.vn\/en\/wp-json\/wp\/v2\/product_cat?post=25579"},{"taxonomy":"product_tag","embeddable":true,"href":"https:\/\/trading.hhg.vn\/en\/wp-json\/wp\/v2\/product_tag?post=25579"}],"curies":[{"name":"wp","href":"https:\/\/api.w.org\/{rel}","templated":true}]}}