{"id":26483,"date":"2025-11-19T18:16:44","date_gmt":"2025-11-19T11:16:44","guid":{"rendered":"https:\/\/trading.hhg.vn\/product\/he-thong-chia-ngan-keo-340-cho-tu-chau-780-470-550-1560-550-intrastoris\/"},"modified":"2025-11-19T18:16:44","modified_gmt":"2025-11-19T11:16:44","slug":"he-thong-chia-ngan-keo-340-cho-tu-chau-780-470-550-1560-550-intrastoris","status":"publish","type":"product","link":"https:\/\/trading.hhg.vn\/en\/s\u1ea3n-ph\u1ea9m\/he-thong-chia-ngan-keo-340-cho-tu-chau-780-470-550-1560-550-intrastoris\/","title":{"rendered":"H\u1ec7 th\u1ed1ng chia ng\u0103n k\u00e9o 340 cho t\u1ee7 ch\u1eadu 780\/470-550, 1560\/550 IntraStoris"},"content":{"rendered":"","protected":false},"excerpt":{"rendered":"<p>IntraStoris l\u00e0 s\u1ef1 k\u1ebft h\u1ee3p ho\u00e0n h\u1ea3o gi\u1eefa thi\u1ebft k\u1ebf tinh x\u1ea3o v\u00e0 c\u00f4ng n\u0103ng v\u01b0\u1ee3t tr\u1ed9i, mang \u0111\u1ebfn tr\u1ea3i nghi\u1ec7m s\u1eafp x\u1ebfp kh\u00f4ng gian t\u1ee7 ch\u1eadu ch\u01b0a t\u1eebng c\u00f3. V\u1edbi h\u1ec7 th\u1ed1ng chia ng\u0103n k\u00e9o 340 d\u00e0nh ri\u00eang cho t\u1ee7 ch\u1eadu 780\/470-550 v\u00e0 1560\/550, m\u1ecdi v\u1eadt d\u1ee5ng \u0111\u1ec1u t\u00ecm th\u1ea5y v\u1ecb tr\u00ed l\u00fd t\u01b0\u1edfng, d\u1ec5 d\u00e0ng ti\u1ebfp c\u1eadn v\u00e0 lu\u00f4n g\u1ecdn g\u00e0ng. T\u1eebng \u0111\u01b0\u1eddng n\u00e9t \u0111\u01b0\u1ee3c t\u00ednh to\u00e1n t\u1ec9 m\u1ec9, kh\u00f4ng ch\u1ec9 t\u1ed1i \u01b0u h\u00f3a di\u1ec7n t\u00edch m\u00e0 c\u00f2n n\u00e2ng t\u1ea7m th\u1ea9m m\u1ef9, bi\u1ebfn m\u1ed7i l\u1ea7n m\u1edf ng\u0103n k\u00e9o th\u00e0nh m\u1ed9t kho\u1ea3nh kh\u1eafc c\u1ee7a s\u1ef1 ti\u1ec7n nghi v\u00e0 sang tr\u1ecdng. IntraStoris \u2013 ki\u1ebfn t\u1ea1o kh\u00f4ng gian s\u1ed1ng \u0111\u1eb3ng c\u1ea5p, ph\u1ea3n \u00e1nh phong c\u00e1ch s\u1ed1ng tinh t\u1ebf c\u1ee7a b\u1ea1n.<\/p>\n","protected":false},"featured_media":26481,"comment_status":"open","ping_status":"closed","template":"","meta":{"_acf_changed":false},"product_cat":[869],"product_tag":[],"class_list":{"0":"post-26483","1":"product","2":"type-product","3":"status-publish","4":"has-post-thumbnail","6":"product_cat-khay-chia-ngan","7":"pa_mau-sac-go-soi-tu-nhien","9":"first","10":"instock","11":"shipping-taxable","12":"product-type-simple"},"acf":[],"featured_media_urls":{"thumbnail":["https:\/\/trading.hhg.vn\/wp-content\/uploads\/2025\/11\/154__hpr05817_tif-150x150.png",150,150,true],"medium":["https:\/\/trading.hhg.vn\/wp-content\/uploads\/2025\/11\/154__hpr05817_tif-262x300.png",262,300,true],"medium_large":["https:\/\/trading.hhg.vn\/wp-content\/uploads\/2025\/11\/154__hpr05817_tif-768x878.png",768,878,true],"large":["https:\/\/trading.hhg.vn\/wp-content\/uploads\/2025\/11\/154__hpr05817_tif-896x1024.png",896,1024,true],"1536x1536":["https:\/\/trading.hhg.vn\/wp-content\/uploads\/2025\/11\/154__hpr05817_tif-1344x1536.png",1344,1536,true],"2048x2048":["https:\/\/trading.hhg.vn\/wp-content\/uploads\/2025\/11\/154__hpr05817_tif.png",1440,1646,false],"woocommerce_thumbnail":["https:\/\/trading.hhg.vn\/wp-content\/uploads\/2025\/11\/154__hpr05817_tif-600x600.png",600,600,true],"woocommerce_single":["https:\/\/trading.hhg.vn\/wp-content\/uploads\/2025\/11\/154__hpr05817_tif-1200x1372.png",1200,1372,true],"woocommerce_gallery_thumbnail":["https:\/\/trading.hhg.vn\/wp-content\/uploads\/2025\/11\/154__hpr05817_tif-150x171.png",150,171,true],"portfolio_item-thumbnail":["https:\/\/trading.hhg.vn\/wp-content\/uploads\/2025\/11\/154__hpr05817_tif.png",350,400,false],"portfolio_item-thumbnail@2x":["https:\/\/trading.hhg.vn\/wp-content\/uploads\/2025\/11\/154__hpr05817_tif.png",700,800,false],"portfolio_item-masonry":["https:\/\/trading.hhg.vn\/wp-content\/uploads\/2025\/11\/154__hpr05817_tif.png",600,686,false],"portfolio_item-masonry@2x":["https:\/\/trading.hhg.vn\/wp-content\/uploads\/2025\/11\/154__hpr05817_tif.png",1200,1372,false],"portfolio_item-thumbnail_cinema":["https:\/\/trading.hhg.vn\/wp-content\/uploads\/2025\/11\/154__hpr05817_tif.png",293,335,false],"portfolio_item-thumbnail_portrait":["https:\/\/trading.hhg.vn\/wp-content\/uploads\/2025\/11\/154__hpr05817_tif.png",600,686,false],"portfolio_item-thumbnail_portrait@2x":["https:\/\/trading.hhg.vn\/wp-content\/uploads\/2025\/11\/154__hpr05817_tif.png",1200,1372,false],"portfolio_item-thumbnail_square":["https:\/\/trading.hhg.vn\/wp-content\/uploads\/2025\/11\/154__hpr05817_tif.png",700,800,false]},"_links":{"self":[{"href":"https:\/\/trading.hhg.vn\/en\/wp-json\/wp\/v2\/product\/26483","targetHints":{"allow":["GET"]}}],"collection":[{"href":"https:\/\/trading.hhg.vn\/en\/wp-json\/wp\/v2\/product"}],"about":[{"href":"https:\/\/trading.hhg.vn\/en\/wp-json\/wp\/v2\/types\/product"}],"replies":[{"embeddable":true,"href":"https:\/\/trading.hhg.vn\/en\/wp-json\/wp\/v2\/comments?post=26483"}],"version-history":[{"count":0,"href":"https:\/\/trading.hhg.vn\/en\/wp-json\/wp\/v2\/product\/26483\/revisions"}],"wp:featuredmedia":[{"embeddable":true,"href":"https:\/\/trading.hhg.vn\/en\/wp-json\/wp\/v2\/media\/26481"}],"wp:attachment":[{"href":"https:\/\/trading.hhg.vn\/en\/wp-json\/wp\/v2\/media?parent=26483"}],"wp:term":[{"taxonomy":"product_cat","embeddable":true,"href":"https:\/\/trading.hhg.vn\/en\/wp-json\/wp\/v2\/product_cat?post=26483"},{"taxonomy":"product_tag","embeddable":true,"href":"https:\/\/trading.hhg.vn\/en\/wp-json\/wp\/v2\/product_tag?post=26483"}],"curies":[{"name":"wp","href":"https:\/\/api.w.org\/{rel}","templated":true}]}}