{"id":26665,"date":"2025-11-19T18:26:23","date_gmt":"2025-11-19T11:26:23","guid":{"rendered":"https:\/\/trading.hhg.vn\/product\/bo-phu-kien-co-ban-ubox-universal\/"},"modified":"2026-01-28T07:45:28","modified_gmt":"2026-01-28T00:45:28","slug":"bo-phu-kien-co-ban-ubox-universal","status":"publish","type":"product","link":"https:\/\/trading.hhg.vn\/en\/s\u1ea3n-ph\u1ea9m\/bo-phu-kien-co-ban-ubox-universal\/","title":{"rendered":"B\u1ed9 ph\u1ee5 ki\u1ec7n c\u01a1 b\u1ea3n uBox universal"},"content":{"rendered":"","protected":false},"excerpt":{"rendered":"<p>uBox universal kh\u00f4ng ch\u1ec9 l\u00e0 b\u1ed9 ph\u1ee5 ki\u1ec7n, m\u00e0 l\u00e0 gi\u1ea3i ph\u00e1p n\u00e2ng t\u1ea7m kh\u00f4ng gian s\u1ed1ng c\u1ee7a b\u1ea1n. M\u1ed7i chi ti\u1ebft \u0111\u01b0\u1ee3c tinh x\u1ea3o ch\u1ebf t\u00e1c, h\u00f2a quy\u1ec7n ho\u00e0n h\u1ea3o gi\u1eefa t\u00ednh th\u1ea9m m\u1ef9 hi\u1ec7n \u0111\u1ea1i v\u00e0 c\u00f4ng n\u0103ng v\u01b0\u1ee3t tr\u1ed9i. Tr\u1ea3i nghi\u1ec7m s\u1ef1 linh ho\u1ea1t t\u1ed1i \u0111a, t\u1eeb vi\u1ec7c s\u1eafp x\u1ebfp ng\u0103n n\u1eafp \u0111\u1ebfn t\u1ea1o \u0111i\u1ec3m nh\u1ea5n phong c\u00e1ch, uBox mang \u0111\u1ebfn s\u1ef1 ti\u1ec7n nghi tinh t\u1ebf, bi\u1ebfn m\u1ecdi kho\u1ea3nh kh\u1eafc s\u1eed d\u1ee5ng th\u00e0nh ni\u1ec1m c\u1ea3m h\u1ee9ng b\u1ea5t t\u1eadn. Kh\u00e1m ph\u00e1 v\u1ebb \u0111\u1eb9p c\u1ee7a s\u1ef1 s\u1eafp \u0111\u1eb7t th\u00f4ng minh, n\u00e2ng t\u1ea7m ch\u1ea5t l\u01b0\u1ee3ng cu\u1ed9c s\u1ed1ng c\u00f9ng uBox universal.<\/p>\n","protected":false},"featured_media":26663,"comment_status":"open","ping_status":"closed","template":"","meta":{"_acf_changed":false},"product_cat":[848],"product_tag":[],"class_list":{"0":"post-26665","1":"product","2":"type-product","3":"status-publish","4":"has-post-thumbnail","6":"product_cat-thoat-san-2","8":"first","9":"instock","10":"shipping-taxable","11":"purchasable","12":"product-type-simple"},"acf":[],"featured_media_urls":{"thumbnail":["https:\/\/trading.hhg.vn\/wp-content\/uploads\/2025\/11\/154__hpr03469_tif-150x150.png",150,150,true],"medium":["https:\/\/trading.hhg.vn\/wp-content\/uploads\/2025\/11\/154__hpr03469_tif-262x300.png",262,300,true],"medium_large":["https:\/\/trading.hhg.vn\/wp-content\/uploads\/2025\/11\/154__hpr03469_tif-768x878.png",768,878,true],"large":["https:\/\/trading.hhg.vn\/wp-content\/uploads\/2025\/11\/154__hpr03469_tif-896x1024.png",896,1024,true],"1536x1536":["https:\/\/trading.hhg.vn\/wp-content\/uploads\/2025\/11\/154__hpr03469_tif-1344x1536.png",1344,1536,true],"2048x2048":["https:\/\/trading.hhg.vn\/wp-content\/uploads\/2025\/11\/154__hpr03469_tif.png",1440,1646,false],"woocommerce_thumbnail":["https:\/\/trading.hhg.vn\/wp-content\/uploads\/2025\/11\/154__hpr03469_tif-600x600.png",600,600,true],"woocommerce_single":["https:\/\/trading.hhg.vn\/wp-content\/uploads\/2025\/11\/154__hpr03469_tif-1200x1372.png",1200,1372,true],"woocommerce_gallery_thumbnail":["https:\/\/trading.hhg.vn\/wp-content\/uploads\/2025\/11\/154__hpr03469_tif-150x171.png",150,171,true],"portfolio_item-thumbnail":["https:\/\/trading.hhg.vn\/wp-content\/uploads\/2025\/11\/154__hpr03469_tif.png",350,400,false],"portfolio_item-thumbnail@2x":["https:\/\/trading.hhg.vn\/wp-content\/uploads\/2025\/11\/154__hpr03469_tif.png",700,800,false],"portfolio_item-masonry":["https:\/\/trading.hhg.vn\/wp-content\/uploads\/2025\/11\/154__hpr03469_tif.png",600,686,false],"portfolio_item-masonry@2x":["https:\/\/trading.hhg.vn\/wp-content\/uploads\/2025\/11\/154__hpr03469_tif.png",1200,1372,false],"portfolio_item-thumbnail_cinema":["https:\/\/trading.hhg.vn\/wp-content\/uploads\/2025\/11\/154__hpr03469_tif.png",293,335,false],"portfolio_item-thumbnail_portrait":["https:\/\/trading.hhg.vn\/wp-content\/uploads\/2025\/11\/154__hpr03469_tif.png",600,686,false],"portfolio_item-thumbnail_portrait@2x":["https:\/\/trading.hhg.vn\/wp-content\/uploads\/2025\/11\/154__hpr03469_tif.png",1200,1372,false],"portfolio_item-thumbnail_square":["https:\/\/trading.hhg.vn\/wp-content\/uploads\/2025\/11\/154__hpr03469_tif.png",700,800,false]},"_links":{"self":[{"href":"https:\/\/trading.hhg.vn\/en\/wp-json\/wp\/v2\/product\/26665","targetHints":{"allow":["GET"]}}],"collection":[{"href":"https:\/\/trading.hhg.vn\/en\/wp-json\/wp\/v2\/product"}],"about":[{"href":"https:\/\/trading.hhg.vn\/en\/wp-json\/wp\/v2\/types\/product"}],"replies":[{"embeddable":true,"href":"https:\/\/trading.hhg.vn\/en\/wp-json\/wp\/v2\/comments?post=26665"}],"version-history":[{"count":1,"href":"https:\/\/trading.hhg.vn\/en\/wp-json\/wp\/v2\/product\/26665\/revisions"}],"predecessor-version":[{"id":35618,"href":"https:\/\/trading.hhg.vn\/en\/wp-json\/wp\/v2\/product\/26665\/revisions\/35618"}],"wp:featuredmedia":[{"embeddable":true,"href":"https:\/\/trading.hhg.vn\/en\/wp-json\/wp\/v2\/media\/26663"}],"wp:attachment":[{"href":"https:\/\/trading.hhg.vn\/en\/wp-json\/wp\/v2\/media?parent=26665"}],"wp:term":[{"taxonomy":"product_cat","embeddable":true,"href":"https:\/\/trading.hhg.vn\/en\/wp-json\/wp\/v2\/product_cat?post=26665"},{"taxonomy":"product_tag","embeddable":true,"href":"https:\/\/trading.hhg.vn\/en\/wp-json\/wp\/v2\/product_tag?post=26665"}],"curies":[{"name":"wp","href":"https:\/\/api.w.org\/{rel}","templated":true}]}}