{"id":26919,"date":"2025-11-19T18:28:14","date_gmt":"2025-11-19T11:28:14","guid":{"rendered":"https:\/\/trading.hhg.vn\/?post_type=product&#038;p=26919"},"modified":"2025-12-10T10:01:07","modified_gmt":"2025-12-10T03:01:07","slug":"chau-lavabo-400-400-khong-co-lo-khoan-voi-va-lo-thoat-tran-axor-suite","status":"publish","type":"product","link":"https:\/\/trading.hhg.vn\/en\/s\u1ea3n-ph\u1ea9m\/chau-lavabo-400-400-khong-co-lo-khoan-voi-va-lo-thoat-tran-axor-suite\/","title":{"rendered":"Ch\u1eadu lavabo 400\/400 kh\u00f4ng c\u00f3 l\u1ed7 khoan v\u00f2i v\u00e0 l\u1ed7 tho\u00e1t tr\u00e0n AXOR Suite"},"content":{"rendered":"<p>Suite Basins &amp; Bathtub<\/p>\n","protected":false},"excerpt":{"rendered":"<p>Lavabo AXOR Suite 400\/400 mang v\u1ebb \u0111\u1eb9p t\u1ed1i gi\u1ea3n v\u1edbi thi\u1ebft k\u1ebf vu\u00f4ng v\u1eafn tinh t\u1ebf, kh\u00f4ng l\u1ed7 khoan v\u00f2i v\u00e0 l\u1ed7 tho\u00e1t tr\u00e0n, t\u1ea1o n\u00ean m\u1ed9t m\u1eb7t ph\u1eb3ng li\u1ec1n m\u1ea1ch, sang tr\u1ecdng. S\u1ef1 tinh gi\u1ea3n n\u00e0y kh\u00f4ng ch\u1ec9 l\u00e0 \u0111i\u1ec3m nh\u1ea5n th\u1ea9m m\u1ef9 m\u00e0 c\u00f2n t\u1ed1i \u01b0u h\u00f3a c\u00f4ng n\u0103ng, mang l\u1ea1i tr\u1ea3i nghi\u1ec7m s\u1eed d\u1ee5ng ti\u1ec7n nghi v\u00e0 d\u1ec5 d\u00e0ng v\u1ec7 sinh. Ch\u1ea5t li\u1ec7u cao c\u1ea5p v\u00e0 \u0111\u01b0\u1eddng n\u00e9t ho\u00e0n h\u1ea3o c\u1ee7a AXOR Suite ki\u1ebfn t\u1ea1o kh\u00f4ng gian ph\u00f2ng t\u1eafm \u0111\u01b0\u01a1ng \u0111\u1ea1i, n\u01a1i m\u1ed7i l\u1ea7n ch\u1ea1m l\u00e0 m\u1ed9t c\u1ea3m nh\u1eadn v\u1ec1 s\u1ef1 \u0111\u1eb3ng c\u1ea5p v\u00e0 tinh t\u1ebf v\u01b0\u1ee3t th\u1eddi gian.<\/p>\n","protected":false},"featured_media":27005,"comment_status":"open","ping_status":"closed","template":"","meta":{"_acf_changed":false},"product_cat":[71],"product_tag":[],"class_list":{"0":"post-26919","1":"product","2":"type-product","3":"status-publish","4":"has-post-thumbnail","6":"product_cat-chau","7":"pa_mau-sac-chrome","8":"pa_mau-sac-chrome-den-xuoc","9":"pa_mau-sac-den-mo","10":"pa_mau-sac-dong-thau-xuoc","11":"pa_mau-sac-dong-xuoc","12":"pa_mau-sac-niken-xuoc","13":"pa_mau-sac-thep-khong-gi","14":"pa_mau-sac-vang-bong","15":"pa_mau-sac-vang-hong-bong","16":"pa_mau-sac-vang-hong-xuoc","17":"pa_mau-sac-vang-xuoc","18":"pa_mau-sac-chrome-den-bong-en","19":"pa_mau-sac-niken-bong","21":"first","22":"instock","23":"shipping-taxable","24":"purchasable","25":"product-type-variable"},"acf":[],"featured_media_urls":{"thumbnail":["https:\/\/trading.hhg.vn\/wp-content\/uploads\/2025\/11\/154__apr10343_tif-150x150.png",150,150,true],"medium":["https:\/\/trading.hhg.vn\/wp-content\/uploads\/2025\/11\/154__apr10343_tif-262x300.png",262,300,true],"medium_large":["https:\/\/trading.hhg.vn\/wp-content\/uploads\/2025\/11\/154__apr10343_tif-768x878.png",768,878,true],"large":["https:\/\/trading.hhg.vn\/wp-content\/uploads\/2025\/11\/154__apr10343_tif-896x1024.png",896,1024,true],"1536x1536":["https:\/\/trading.hhg.vn\/wp-content\/uploads\/2025\/11\/154__apr10343_tif-1344x1536.png",1344,1536,true],"2048x2048":["https:\/\/trading.hhg.vn\/wp-content\/uploads\/2025\/11\/154__apr10343_tif.png",1440,1646,false],"woocommerce_thumbnail":["https:\/\/trading.hhg.vn\/wp-content\/uploads\/2025\/11\/154__apr10343_tif-600x600.png",600,600,true],"woocommerce_single":["https:\/\/trading.hhg.vn\/wp-content\/uploads\/2025\/11\/154__apr10343_tif-1200x1372.png",1200,1372,true],"woocommerce_gallery_thumbnail":["https:\/\/trading.hhg.vn\/wp-content\/uploads\/2025\/11\/154__apr10343_tif-150x171.png",150,171,true],"portfolio_item-thumbnail":["https:\/\/trading.hhg.vn\/wp-content\/uploads\/2025\/11\/154__apr10343_tif.png",350,400,false],"portfolio_item-thumbnail@2x":["https:\/\/trading.hhg.vn\/wp-content\/uploads\/2025\/11\/154__apr10343_tif.png",700,800,false],"portfolio_item-masonry":["https:\/\/trading.hhg.vn\/wp-content\/uploads\/2025\/11\/154__apr10343_tif.png",600,686,false],"portfolio_item-masonry@2x":["https:\/\/trading.hhg.vn\/wp-content\/uploads\/2025\/11\/154__apr10343_tif.png",1200,1372,false],"portfolio_item-thumbnail_cinema":["https:\/\/trading.hhg.vn\/wp-content\/uploads\/2025\/11\/154__apr10343_tif.png",293,335,false],"portfolio_item-thumbnail_portrait":["https:\/\/trading.hhg.vn\/wp-content\/uploads\/2025\/11\/154__apr10343_tif.png",600,686,false],"portfolio_item-thumbnail_portrait@2x":["https:\/\/trading.hhg.vn\/wp-content\/uploads\/2025\/11\/154__apr10343_tif.png",1200,1372,false],"portfolio_item-thumbnail_square":["https:\/\/trading.hhg.vn\/wp-content\/uploads\/2025\/11\/154__apr10343_tif.png",700,800,false]},"_links":{"self":[{"href":"https:\/\/trading.hhg.vn\/en\/wp-json\/wp\/v2\/product\/26919","targetHints":{"allow":["GET"]}}],"collection":[{"href":"https:\/\/trading.hhg.vn\/en\/wp-json\/wp\/v2\/product"}],"about":[{"href":"https:\/\/trading.hhg.vn\/en\/wp-json\/wp\/v2\/types\/product"}],"replies":[{"embeddable":true,"href":"https:\/\/trading.hhg.vn\/en\/wp-json\/wp\/v2\/comments?post=26919"}],"version-history":[{"count":1,"href":"https:\/\/trading.hhg.vn\/en\/wp-json\/wp\/v2\/product\/26919\/revisions"}],"predecessor-version":[{"id":27007,"href":"https:\/\/trading.hhg.vn\/en\/wp-json\/wp\/v2\/product\/26919\/revisions\/27007"}],"wp:featuredmedia":[{"embeddable":true,"href":"https:\/\/trading.hhg.vn\/en\/wp-json\/wp\/v2\/media\/27005"}],"wp:attachment":[{"href":"https:\/\/trading.hhg.vn\/en\/wp-json\/wp\/v2\/media?parent=26919"}],"wp:term":[{"taxonomy":"product_cat","embeddable":true,"href":"https:\/\/trading.hhg.vn\/en\/wp-json\/wp\/v2\/product_cat?post=26919"},{"taxonomy":"product_tag","embeddable":true,"href":"https:\/\/trading.hhg.vn\/en\/wp-json\/wp\/v2\/product_tag?post=26919"}],"curies":[{"name":"wp","href":"https:\/\/api.w.org\/{rel}","templated":true}]}}