{"id":27261,"date":"2025-11-19T18:31:54","date_gmt":"2025-11-19T11:31:54","guid":{"rendered":"https:\/\/trading.hhg.vn\/product\/phu-tung-mo-rong-25mm-cho-bo-am-cua-voi-lavabo-dien-tu-gan-tuong\/"},"modified":"2026-01-28T07:45:35","modified_gmt":"2026-01-28T00:45:35","slug":"phu-tung-mo-rong-25mm-cho-bo-am-cua-voi-lavabo-dien-tu-gan-tuong","status":"publish","type":"product","link":"https:\/\/trading.hhg.vn\/en\/s\u1ea3n-ph\u1ea9m\/phu-tung-mo-rong-25mm-cho-bo-am-cua-voi-lavabo-dien-tu-gan-tuong\/","title":{"rendered":"Ph\u1ee5 t\u00f9ng m\u1edf r\u1ed9ng 25mm cho b\u1ed9 \u00e2m c\u1ee7a v\u00f2i lavabo \u0111i\u1ec7n t\u1eed g\u1eafn t\u01b0\u1eddng"},"content":{"rendered":"","protected":false},"excerpt":{"rendered":"<p>N\u00e2ng t\u1ea7m kh\u00f4ng gian s\u1ed1ng v\u1edbi thi\u1ebft b\u1ecb n\u1ed9i th\u1ea5t tinh x\u1ea3o, n\u01a1i m\u1ed7i \u0111\u01b0\u1eddng n\u00e9t \u0111\u1ec1u l\u00e0 s\u1ef1 giao thoa ho\u00e0n h\u1ea3o gi\u1eefa ngh\u1ec7 thu\u1eadt v\u00e0 c\u00f4ng n\u0103ng. Thi\u1ebft k\u1ebf t\u1ed1i gi\u1ea3n, hi\u1ec7n \u0111\u1ea1i \u00f4m tr\u1ecdn s\u1ef1 ti\u1ec7n nghi \u0111\u1ec9nh cao, mang \u0111\u1ebfn tr\u1ea3i nghi\u1ec7m s\u1eed d\u1ee5ng m\u01b0\u1ee3t m\u00e0, tr\u1ef1c quan \u0111\u1ebfn kh\u00f4ng ng\u1edd. D\u00f9 l\u00e0 kho\u1ea3nh kh\u1eafc th\u01b0 gi\u00e3n hay nh\u1eefng bu\u1ed5i ti\u1ebfp kh\u00e1ch sang tr\u1ecdng, s\u1ea3n ph\u1ea9m n\u00e0y ki\u1ebfn t\u1ea1o n\u00ean m\u1ed9t kh\u00f4ng gian s\u1ed1ng \u0111\u1eb3ng c\u1ea5p, ph\u1ea3n \u00e1nh phong c\u00e1ch tinh t\u1ebf v\u00e0 gu th\u1ea9m m\u1ef9 v\u01b0\u1ee3t tr\u1ed9i c\u1ee7a b\u1ea1n.<\/p>\n","protected":false},"featured_media":27259,"comment_status":"open","ping_status":"closed","template":"","meta":{"_acf_changed":false},"product_cat":[714],"product_tag":[],"class_list":{"0":"post-27261","1":"product","2":"type-product","3":"status-publish","4":"has-post-thumbnail","6":"product_cat-phu-kien-lap-dat","8":"first","9":"instock","10":"shipping-taxable","11":"purchasable","12":"product-type-simple"},"acf":[],"featured_media_urls":{"thumbnail":["https:\/\/trading.hhg.vn\/wp-content\/uploads\/2025\/11\/154__apa00442_tif-150x150.png",150,150,true],"medium":["https:\/\/trading.hhg.vn\/wp-content\/uploads\/2025\/11\/154__apa00442_tif-262x300.png",262,300,true],"medium_large":["https:\/\/trading.hhg.vn\/wp-content\/uploads\/2025\/11\/154__apa00442_tif-768x878.png",768,878,true],"large":["https:\/\/trading.hhg.vn\/wp-content\/uploads\/2025\/11\/154__apa00442_tif-896x1024.png",896,1024,true],"1536x1536":["https:\/\/trading.hhg.vn\/wp-content\/uploads\/2025\/11\/154__apa00442_tif-1344x1536.png",1344,1536,true],"2048x2048":["https:\/\/trading.hhg.vn\/wp-content\/uploads\/2025\/11\/154__apa00442_tif.png",1440,1646,false],"woocommerce_thumbnail":["https:\/\/trading.hhg.vn\/wp-content\/uploads\/2025\/11\/154__apa00442_tif-600x600.png",600,600,true],"woocommerce_single":["https:\/\/trading.hhg.vn\/wp-content\/uploads\/2025\/11\/154__apa00442_tif-1200x1372.png",1200,1372,true],"woocommerce_gallery_thumbnail":["https:\/\/trading.hhg.vn\/wp-content\/uploads\/2025\/11\/154__apa00442_tif-150x171.png",150,171,true],"portfolio_item-thumbnail":["https:\/\/trading.hhg.vn\/wp-content\/uploads\/2025\/11\/154__apa00442_tif.png",350,400,false],"portfolio_item-thumbnail@2x":["https:\/\/trading.hhg.vn\/wp-content\/uploads\/2025\/11\/154__apa00442_tif.png",700,800,false],"portfolio_item-masonry":["https:\/\/trading.hhg.vn\/wp-content\/uploads\/2025\/11\/154__apa00442_tif.png",600,686,false],"portfolio_item-masonry@2x":["https:\/\/trading.hhg.vn\/wp-content\/uploads\/2025\/11\/154__apa00442_tif.png",1200,1372,false],"portfolio_item-thumbnail_cinema":["https:\/\/trading.hhg.vn\/wp-content\/uploads\/2025\/11\/154__apa00442_tif.png",293,335,false],"portfolio_item-thumbnail_portrait":["https:\/\/trading.hhg.vn\/wp-content\/uploads\/2025\/11\/154__apa00442_tif.png",600,686,false],"portfolio_item-thumbnail_portrait@2x":["https:\/\/trading.hhg.vn\/wp-content\/uploads\/2025\/11\/154__apa00442_tif.png",1200,1372,false],"portfolio_item-thumbnail_square":["https:\/\/trading.hhg.vn\/wp-content\/uploads\/2025\/11\/154__apa00442_tif.png",700,800,false]},"_links":{"self":[{"href":"https:\/\/trading.hhg.vn\/en\/wp-json\/wp\/v2\/product\/27261","targetHints":{"allow":["GET"]}}],"collection":[{"href":"https:\/\/trading.hhg.vn\/en\/wp-json\/wp\/v2\/product"}],"about":[{"href":"https:\/\/trading.hhg.vn\/en\/wp-json\/wp\/v2\/types\/product"}],"replies":[{"embeddable":true,"href":"https:\/\/trading.hhg.vn\/en\/wp-json\/wp\/v2\/comments?post=27261"}],"version-history":[{"count":0,"href":"https:\/\/trading.hhg.vn\/en\/wp-json\/wp\/v2\/product\/27261\/revisions"}],"wp:featuredmedia":[{"embeddable":true,"href":"https:\/\/trading.hhg.vn\/en\/wp-json\/wp\/v2\/media\/27259"}],"wp:attachment":[{"href":"https:\/\/trading.hhg.vn\/en\/wp-json\/wp\/v2\/media?parent=27261"}],"wp:term":[{"taxonomy":"product_cat","embeddable":true,"href":"https:\/\/trading.hhg.vn\/en\/wp-json\/wp\/v2\/product_cat?post=27261"},{"taxonomy":"product_tag","embeddable":true,"href":"https:\/\/trading.hhg.vn\/en\/wp-json\/wp\/v2\/product_tag?post=27261"}],"curies":[{"name":"wp","href":"https:\/\/api.w.org\/{rel}","templated":true}]}}