{"id":27308,"date":"2025-11-19T18:32:20","date_gmt":"2025-11-19T11:32:20","guid":{"rendered":"https:\/\/trading.hhg.vn\/product\/bon-cau-treo-tuong-aquafall-flush-voi-nap-va-be-ngoi-softclose-va-quickrelease-elupura-q\/"},"modified":"2025-11-20T15:14:58","modified_gmt":"2025-11-20T08:14:58","slug":"bon-cau-treo-tuong-aquafall-flush-voi-nap-va-be-ngoi-softclose-va-quickrelease-elupura-q","status":"publish","type":"product","link":"https:\/\/trading.hhg.vn\/en\/s\u1ea3n-ph\u1ea9m\/bon-cau-treo-tuong-aquafall-flush-voi-nap-va-be-ngoi-softclose-va-quickrelease-elupura-q\/","title":{"rendered":"B\u1ed3n c\u1ea7u treo t\u01b0\u1eddng AquaFall Flush v\u1edbi n\u1eafp v\u00e0 b\u1ec7 ng\u1ed3i SoftClose v\u00e0 QuickRelease EluPura Q"},"content":{"rendered":"","protected":false},"excerpt":{"rendered":"<p>EluPura Q AquaFall Flush \u0111\u1ecbnh h\u00ecnh l\u1ea1i s\u1ef1 tinh t\u1ebf trong kh\u00f4ng gian ri\u00eang t\u01b0. Thi\u1ebft k\u1ebf treo t\u01b0\u1eddng thanh l\u1ecbch, t\u1ed1i gi\u1ea3n ho\u00e0n h\u1ea3o, mang \u0111\u1ebfn v\u1ebb \u0111\u1eb9p hi\u1ec7n \u0111\u1ea1i v\u00e0 gi\u1ea3i ph\u00f3ng kh\u00f4ng gian. Tr\u1ea3i nghi\u1ec7m c\u00f4ng ngh\u1ec7 AquaFall Flush m\u1ea1nh m\u1ebd, cu\u1ed1n tr\u00f4i m\u1ecdi lo ng\u1ea1i v\u1edbi d\u00f2ng ch\u1ea3y xo\u00e1y \u00eam \u00e1i, \u0111\u1ea3m b\u1ea3o v\u1ec7 sinh t\u1ed1i \u01b0u. N\u1eafp v\u00e0 b\u1ec7 ng\u1ed3i SoftClose nh\u1eb9 nh\u00e0ng kh\u00e9p l\u1ea1i, tr\u00e1nh ti\u1ebfng \u1ed3n kh\u00f3 ch\u1ecbu, c\u00f9ng QuickRelease th\u00f4ng minh cho ph\u00e9p th\u00e1o l\u1eafp d\u1ec5 d\u00e0ng, l\u00e0m s\u1ea1ch nhanh ch\u00f3ng. EluPura Q kh\u00f4ng ch\u1ec9 l\u00e0 b\u1ed3n c\u1ea7u, m\u00e0 l\u00e0 m\u1ed9t tuy\u00ean ng\u00f4n v\u1ec1 phong c\u00e1ch s\u1ed1ng ti\u1ec7n nghi v\u00e0 \u0111\u1eb3ng c\u1ea5p.<\/p>\n","protected":false},"featured_media":25577,"comment_status":"open","ping_status":"closed","template":"","meta":{"_acf_changed":false},"product_cat":[884],"product_tag":[],"class_list":{"0":"post-27308","1":"product","2":"type-product","3":"status-publish","4":"has-post-thumbnail","6":"product_cat-bon-cau","7":"pa_mau-sac-trang","9":"first","10":"instock","11":"shipping-taxable","12":"product-type-simple"},"acf":[],"featured_media_urls":{"thumbnail":["https:\/\/trading.hhg.vn\/wp-content\/uploads\/2025\/11\/154__hpr05813_tif-150x150.png",150,150,true],"medium":["https:\/\/trading.hhg.vn\/wp-content\/uploads\/2025\/11\/154__hpr05813_tif-262x300.png",262,300,true],"medium_large":["https:\/\/trading.hhg.vn\/wp-content\/uploads\/2025\/11\/154__hpr05813_tif-768x878.png",768,878,true],"large":["https:\/\/trading.hhg.vn\/wp-content\/uploads\/2025\/11\/154__hpr05813_tif-896x1024.png",896,1024,true],"1536x1536":["https:\/\/trading.hhg.vn\/wp-content\/uploads\/2025\/11\/154__hpr05813_tif-1344x1536.png",1344,1536,true],"2048x2048":["https:\/\/trading.hhg.vn\/wp-content\/uploads\/2025\/11\/154__hpr05813_tif.png",1440,1646,false],"woocommerce_thumbnail":["https:\/\/trading.hhg.vn\/wp-content\/uploads\/2025\/11\/154__hpr05813_tif-600x600.png",600,600,true],"woocommerce_single":["https:\/\/trading.hhg.vn\/wp-content\/uploads\/2025\/11\/154__hpr05813_tif-1200x1372.png",1200,1372,true],"woocommerce_gallery_thumbnail":["https:\/\/trading.hhg.vn\/wp-content\/uploads\/2025\/11\/154__hpr05813_tif-150x171.png",150,171,true],"portfolio_item-thumbnail":["https:\/\/trading.hhg.vn\/wp-content\/uploads\/2025\/11\/154__hpr05813_tif.png",350,400,false],"portfolio_item-thumbnail@2x":["https:\/\/trading.hhg.vn\/wp-content\/uploads\/2025\/11\/154__hpr05813_tif.png",700,800,false],"portfolio_item-masonry":["https:\/\/trading.hhg.vn\/wp-content\/uploads\/2025\/11\/154__hpr05813_tif.png",600,686,false],"portfolio_item-masonry@2x":["https:\/\/trading.hhg.vn\/wp-content\/uploads\/2025\/11\/154__hpr05813_tif.png",1200,1372,false],"portfolio_item-thumbnail_cinema":["https:\/\/trading.hhg.vn\/wp-content\/uploads\/2025\/11\/154__hpr05813_tif.png",293,335,false],"portfolio_item-thumbnail_portrait":["https:\/\/trading.hhg.vn\/wp-content\/uploads\/2025\/11\/154__hpr05813_tif.png",600,686,false],"portfolio_item-thumbnail_portrait@2x":["https:\/\/trading.hhg.vn\/wp-content\/uploads\/2025\/11\/154__hpr05813_tif.png",1200,1372,false],"portfolio_item-thumbnail_square":["https:\/\/trading.hhg.vn\/wp-content\/uploads\/2025\/11\/154__hpr05813_tif.png",700,800,false]},"_links":{"self":[{"href":"https:\/\/trading.hhg.vn\/en\/wp-json\/wp\/v2\/product\/27308","targetHints":{"allow":["GET"]}}],"collection":[{"href":"https:\/\/trading.hhg.vn\/en\/wp-json\/wp\/v2\/product"}],"about":[{"href":"https:\/\/trading.hhg.vn\/en\/wp-json\/wp\/v2\/types\/product"}],"replies":[{"embeddable":true,"href":"https:\/\/trading.hhg.vn\/en\/wp-json\/wp\/v2\/comments?post=27308"}],"version-history":[{"count":1,"href":"https:\/\/trading.hhg.vn\/en\/wp-json\/wp\/v2\/product\/27308\/revisions"}],"predecessor-version":[{"id":35421,"href":"https:\/\/trading.hhg.vn\/en\/wp-json\/wp\/v2\/product\/27308\/revisions\/35421"}],"wp:featuredmedia":[{"embeddable":true,"href":"https:\/\/trading.hhg.vn\/en\/wp-json\/wp\/v2\/media\/25577"}],"wp:attachment":[{"href":"https:\/\/trading.hhg.vn\/en\/wp-json\/wp\/v2\/media?parent=27308"}],"wp:term":[{"taxonomy":"product_cat","embeddable":true,"href":"https:\/\/trading.hhg.vn\/en\/wp-json\/wp\/v2\/product_cat?post=27308"},{"taxonomy":"product_tag","embeddable":true,"href":"https:\/\/trading.hhg.vn\/en\/wp-json\/wp\/v2\/product_tag?post=27308"}],"curies":[{"name":"wp","href":"https:\/\/api.w.org\/{rel}","templated":true}]}}