{"id":27454,"date":"2025-11-19T19:04:11","date_gmt":"2025-11-19T12:04:11","guid":{"rendered":"https:\/\/trading.hhg.vn\/?post_type=product&#038;p=27454"},"modified":"2026-01-28T07:44:24","modified_gmt":"2026-01-28T00:44:24","slug":"bo-sen-cay-kem-bo-dieu-nhiet-va-sen-tran-240-2-duong-nuoc-axor-showers-front","status":"publish","type":"product","link":"https:\/\/trading.hhg.vn\/en\/s\u1ea3n-ph\u1ea9m\/bo-sen-cay-kem-bo-dieu-nhiet-va-sen-tran-240-2-duong-nuoc-axor-showers-front\/","title":{"rendered":"B\u1ed9 sen c\u00e2y k\u00e8m b\u1ed9 \u0111i\u1ec1u nhi\u1ec7t v\u00e0 sen tr\u1ea7n 240 2 \u0111\u01b0\u1eddng n\u01b0\u1edbc AXOR Showers\/Front"},"content":{"rendered":"","protected":false},"excerpt":{"rendered":"<p>Kh\u00e1m ph\u00e1 AXOR Showers\/Front, ki\u1ec7t t\u00e1c thi\u1ebft b\u1ecb n\u1ed9i th\u1ea5t mang \u0111\u1ebfn tr\u1ea3i nghi\u1ec7m t\u1eafm \u0111\u1ec9nh cao. Thi\u1ebft k\u1ebf t\u1ed1i gi\u1ea3n nh\u01b0ng tinh t\u1ebf, h\u00f2a quy\u1ec7n ho\u00e0n h\u1ea3o v\u00e0o kh\u00f4ng gian hi\u1ec7n \u0111\u1ea1i, t\u1ea1o \u0111i\u1ec3m nh\u1ea5n sang tr\u1ecdng \u0111\u1ea7y cu\u1ed1n h\u00fat. V\u1edbi sen tr\u1ea7n 240 v\u00e0 hai \u0111\u01b0\u1eddng n\u01b0\u1edbc linh ho\u1ea1t, c\u00f9ng b\u1ed9 \u0111i\u1ec1u nhi\u1ec7t th\u00f4ng minh, b\u1ea1n d\u1ec5 d\u00e0ng \u0111i\u1ec1u ch\u1ec9nh nhi\u1ec7t \u0111\u1ed9 v\u00e0 l\u01b0u l\u01b0\u1ee3ng, t\u1eadn h\u01b0\u1edfng d\u00f2ng ch\u1ea3y \u00eam \u00e1i, v\u1ed7 v\u1ec1 m\u1ecdi gi\u00e1c quan. M\u1ed7i kho\u1ea3nh kh\u1eafc d\u01b0\u1edbi v\u00f2i sen kh\u00f4ng ch\u1ec9 l\u00e0 v\u1ec7 sinh c\u00e1 nh\u00e2n, m\u00e0 l\u00e0 m\u1ed9t li\u1ec7u ph\u00e1p th\u01b0 gi\u00e3n, \u0111\u00e1nh th\u1ee9c n\u0103ng l\u01b0\u1ee3ng v\u00e0 kh\u01a1i ngu\u1ed3n c\u1ea3m h\u1ee9ng b\u1ea5t t\u1eadn, n\u00e2ng t\u1ea7m chu\u1ea9n m\u1ef1c s\u1ed1ng tinh hoa.<\/p>\n","protected":false},"featured_media":27469,"comment_status":"open","ping_status":"closed","template":"","meta":{"_acf_changed":false},"product_cat":[844],"product_tag":[],"class_list":{"0":"post-27454","1":"product","2":"type-product","3":"status-publish","4":"has-post-thumbnail","6":"product_cat-cay-sen-duong","7":"pa_mau-sac-chrome","8":"pa_mau-sac-chrome-den-xuoc","9":"pa_mau-sac-dong-thau-xuoc","10":"pa_mau-sac-dong-xuoc","11":"pa_mau-sac-niken-xuoc","12":"pa_mau-sac-thep-khong-gi","13":"pa_mau-sac-vang-bong","14":"pa_mau-sac-vang-hong-bong","15":"pa_mau-sac-vang-hong-xuoc","16":"pa_mau-sac-vang-xuoc","17":"pa_mau-sac-chrome-den-bong-en","19":"first","20":"instock","21":"shipping-taxable","22":"purchasable","23":"product-type-variable"},"acf":[],"featured_media_urls":{"thumbnail":["https:\/\/trading.hhg.vn\/wp-content\/uploads\/2025\/11\/154__apa00466_tif-150x150.png",150,150,true],"medium":["https:\/\/trading.hhg.vn\/wp-content\/uploads\/2025\/11\/154__apa00466_tif-263x300.png",263,300,true],"medium_large":["https:\/\/trading.hhg.vn\/wp-content\/uploads\/2025\/11\/154__apa00466_tif-768x878.png",768,878,true],"large":["https:\/\/trading.hhg.vn\/wp-content\/uploads\/2025\/11\/154__apa00466_tif-896x1024.png",896,1024,true],"1536x1536":["https:\/\/trading.hhg.vn\/wp-content\/uploads\/2025\/11\/154__apa00466_tif.png",1260,1440,false],"2048x2048":["https:\/\/trading.hhg.vn\/wp-content\/uploads\/2025\/11\/154__apa00466_tif.png",1260,1440,false],"woocommerce_thumbnail":["https:\/\/trading.hhg.vn\/wp-content\/uploads\/2025\/11\/154__apa00466_tif-600x600.png",600,600,true],"woocommerce_single":["https:\/\/trading.hhg.vn\/wp-content\/uploads\/2025\/11\/154__apa00466_tif-1200x1371.png",1200,1371,true],"woocommerce_gallery_thumbnail":["https:\/\/trading.hhg.vn\/wp-content\/uploads\/2025\/11\/154__apa00466_tif-150x171.png",150,171,true],"portfolio_item-thumbnail":["https:\/\/trading.hhg.vn\/wp-content\/uploads\/2025\/11\/154__apa00466_tif.png",350,400,false],"portfolio_item-thumbnail@2x":["https:\/\/trading.hhg.vn\/wp-content\/uploads\/2025\/11\/154__apa00466_tif.png",700,800,false],"portfolio_item-masonry":["https:\/\/trading.hhg.vn\/wp-content\/uploads\/2025\/11\/154__apa00466_tif.png",600,686,false],"portfolio_item-masonry@2x":["https:\/\/trading.hhg.vn\/wp-content\/uploads\/2025\/11\/154__apa00466_tif.png",1200,1371,false],"portfolio_item-thumbnail_cinema":["https:\/\/trading.hhg.vn\/wp-content\/uploads\/2025\/11\/154__apa00466_tif.png",293,335,false],"portfolio_item-thumbnail_portrait":["https:\/\/trading.hhg.vn\/wp-content\/uploads\/2025\/11\/154__apa00466_tif.png",600,686,false],"portfolio_item-thumbnail_portrait@2x":["https:\/\/trading.hhg.vn\/wp-content\/uploads\/2025\/11\/154__apa00466_tif.png",1200,1371,false],"portfolio_item-thumbnail_square":["https:\/\/trading.hhg.vn\/wp-content\/uploads\/2025\/11\/154__apa00466_tif.png",700,800,false]},"_links":{"self":[{"href":"https:\/\/trading.hhg.vn\/en\/wp-json\/wp\/v2\/product\/27454","targetHints":{"allow":["GET"]}}],"collection":[{"href":"https:\/\/trading.hhg.vn\/en\/wp-json\/wp\/v2\/product"}],"about":[{"href":"https:\/\/trading.hhg.vn\/en\/wp-json\/wp\/v2\/types\/product"}],"replies":[{"embeddable":true,"href":"https:\/\/trading.hhg.vn\/en\/wp-json\/wp\/v2\/comments?post=27454"}],"version-history":[{"count":2,"href":"https:\/\/trading.hhg.vn\/en\/wp-json\/wp\/v2\/product\/27454\/revisions"}],"predecessor-version":[{"id":101674,"href":"https:\/\/trading.hhg.vn\/en\/wp-json\/wp\/v2\/product\/27454\/revisions\/101674"}],"wp:featuredmedia":[{"embeddable":true,"href":"https:\/\/trading.hhg.vn\/en\/wp-json\/wp\/v2\/media\/27469"}],"wp:attachment":[{"href":"https:\/\/trading.hhg.vn\/en\/wp-json\/wp\/v2\/media?parent=27454"}],"wp:term":[{"taxonomy":"product_cat","embeddable":true,"href":"https:\/\/trading.hhg.vn\/en\/wp-json\/wp\/v2\/product_cat?post=27454"},{"taxonomy":"product_tag","embeddable":true,"href":"https:\/\/trading.hhg.vn\/en\/wp-json\/wp\/v2\/product_tag?post=27454"}],"curies":[{"name":"wp","href":"https:\/\/api.w.org\/{rel}","templated":true}]}}