{"id":27672,"date":"2025-11-19T19:06:18","date_gmt":"2025-11-19T12:06:18","guid":{"rendered":"https:\/\/trading.hhg.vn\/?post_type=product&#038;p=27672"},"modified":"2026-01-28T07:42:54","modified_gmt":"2026-01-28T00:42:54","slug":"bo-dieu-nhiet-am-tuong-dang-tron-1-chuc-nang-axor-showerselect","status":"publish","type":"product","link":"https:\/\/trading.hhg.vn\/en\/s\u1ea3n-ph\u1ea9m\/bo-dieu-nhiet-am-tuong-dang-tron-1-chuc-nang-axor-showerselect\/","title":{"rendered":"B\u1ed9 \u0111i\u1ec1u nhi\u1ec7t \u00e2m t\u01b0\u1eddng d\u1ea1ng tr\u00f2n 1 ch\u1ee9c n\u0103ng AXOR ShowerSelect"},"content":{"rendered":"<p><img fetchpriority=\"high\" decoding=\"async\" class=\"alignnone wp-image-7559 aligncenter\" src=\"http:\/\/trading.hhg.vn\/wp-content\/uploads\/2025\/11\/AXOR-ShowerSelect.jpg\" alt=\"\" width=\"606\" height=\"454\" \/>AXOR ShowerSelect th\u1ec3 hi\u1ec7n s\u1ef1 k\u1ebft h\u1ee3p ho\u00e0n h\u1ea3o gi\u1eefa c\u00f4ng ngh\u1ec7 \u0111i\u1ec1u khi\u1ec3n th\u00f4ng minh v\u00e0 ng\u00f4n ng\u1eef thi\u1ebft k\u1ebf t\u1ed1i gi\u1ea3n \u0111\u01b0\u01a1ng \u0111\u1ea1i. V\u1edbi tri\u1ebft l\u00fd \u201cDesign meets Precision\u201d, d\u00f2ng s\u1ea3n ph\u1ea9m \u0111\u01b0\u1ee3c tinh g\u1ecdn \u0111\u1ebfn t\u1eebng chi ti\u1ebft \u2013 m\u1eb7t \u0111i\u1ec1u khi\u1ec3n ph\u1eb3ng m\u1ecbn, vi\u1ec1n m\u1ea3nh, c\u00e1c n\u00fat b\u1ea5m h\u00ecnh h\u1ecdc c\u00e2n \u0111\u1ed1i \u2013 t\u1ea1o n\u00ean c\u1ea3m gi\u00e1c tr\u1ef1c quan, sang tr\u1ecdng v\u00e0 hi\u1ec7n \u0111\u1ea1i trong m\u1ecdi kh\u00f4ng gian t\u1eafm.<\/p>\n<p>Trung t\u00e2m c\u1ee7a thi\u1ebft k\u1ebf l\u00e0 c\u00f4ng ngh\u1ec7 n\u00fat b\u1ea5m Select \u0111\u1ed9c quy\u1ec1n, cho ph\u00e9p ng\u01b0\u1eddi d\u00f9ng b\u1eadt\/t\u1eaft v\u00e0 \u0111i\u1ec1u ch\u1ec9nh d\u00f2ng n\u01b0\u1edbc ch\u1ec9 b\u1eb1ng m\u1ed9t ch\u1ea1m nh\u1eb9, thay th\u1ebf ho\u00e0n to\u00e0n c\u00e1c tay v\u1eb7n truy\u1ec1n th\u1ed1ng. C\u01a1 ch\u1ebf v\u1eadn h\u00e0nh c\u1ef1c k\u1ef3 ch\u00ednh x\u00e1c v\u00e0 b\u1ec1n b\u1ec9, mang l\u1ea1i tr\u1ea3i nghi\u1ec7m s\u1eed d\u1ee5ng m\u01b0\u1ee3t m\u00e0, ti\u1ec7n nghi v\u00e0 d\u1ec5 d\u00e0ng cho m\u1ecdi l\u1ee9a tu\u1ed5i.<\/p>\n","protected":false},"excerpt":{"rendered":"<p>Kh\u00e1m ph\u00e1 AXOR ShowerSelect \u2013 b\u1ed9 \u0111i\u1ec1u nhi\u1ec7t \u00e2m t\u01b0\u1eddng d\u1ea1ng tr\u00f2n m\u1ed9t ch\u1ee9c n\u0103ng, hi\u1ec7n th\u00e2n c\u1ee7a s\u1ef1 t\u1ed1i gi\u1ea3n v\u00e0 tinh t\u1ebf. V\u1edbi thi\u1ebft k\u1ebf h\u00ecnh h\u1ecdc ho\u00e0n h\u1ea3o, t\u1ea1o \u0111i\u1ec3m nh\u1ea5n ngh\u1ec7 thu\u1eadt trong kh\u00f4ng gian t\u1eafm, s\u1ea3n ph\u1ea9m n\u00e0y kh\u00f4ng ch\u1ec9 l\u00e0m h\u00e0i l\u00f2ng nh\u00e3n quan m\u00e0 c\u00f2n n\u00e2ng t\u1ea7m tr\u1ea3i nghi\u1ec7m. N\u00fat xoay m\u01b0\u1ee3t m\u00e0, c\u1ea3m \u1ee9ng ch\u00ednh x\u00e1c, mang \u0111\u1ebfn kh\u1ea3 n\u0103ng \u0111i\u1ec1u ch\u1ec9nh nhi\u1ec7t \u0111\u1ed9 n\u01b0\u1edbc t\u1ee9c th\u00ec, chu\u1ea9n x\u00e1c, \u0111\u1ea3m b\u1ea3o d\u00f2ng ch\u1ea3y \u1ed5n \u0111\u1ecbnh theo \u00fd mu\u1ed1n. M\u1ed7i kho\u1ea3nh kh\u1eafc d\u01b0\u1edbi l\u00e0n n\u01b0\u1edbc gi\u1edd \u0111\u00e2y tr\u1edf th\u00e0nh s\u1ef1 th\u01b0 gi\u00e3n tuy\u1ec7t \u0111\u1ed1i, m\u1ed9t nghi th\u1ee9c c\u00e1 nh\u00e2n \u0111\u1ea7y phong c\u00e1ch v\u00e0 tho\u1ea3i m\u00e1i, kh\u1eb3ng \u0111\u1ecbnh gu th\u1ea9m m\u1ef9 \u0111\u1ed9c \u0111\u00e1o c\u1ee7a b\u1ea1n.<\/p>\n","protected":false},"featured_media":27806,"comment_status":"open","ping_status":"closed","template":"","meta":{"_acf_changed":false},"product_cat":[847],"product_tag":[],"class_list":{"0":"post-27672","1":"product","2":"type-product","3":"status-publish","4":"has-post-thumbnail","6":"product_cat-bo-dieu-nhiet-2","7":"pa_mau-sac-chrome-bong","8":"pa_mau-sac-dong-bong","10":"first","11":"instock","12":"shipping-taxable","13":"purchasable","14":"product-type-variable"},"acf":[],"featured_media_urls":{"thumbnail":["https:\/\/trading.hhg.vn\/wp-content\/uploads\/2025\/11\/154__apr03694_tif-150x150.png",150,150,true],"medium":["https:\/\/trading.hhg.vn\/wp-content\/uploads\/2025\/11\/154__apr03694_tif-263x300.png",263,300,true],"medium_large":["https:\/\/trading.hhg.vn\/wp-content\/uploads\/2025\/11\/154__apr03694_tif-768x878.png",768,878,true],"large":["https:\/\/trading.hhg.vn\/wp-content\/uploads\/2025\/11\/154__apr03694_tif-896x1024.png",896,1024,true],"1536x1536":["https:\/\/trading.hhg.vn\/wp-content\/uploads\/2025\/11\/154__apr03694_tif.png",1316,1504,false],"2048x2048":["https:\/\/trading.hhg.vn\/wp-content\/uploads\/2025\/11\/154__apr03694_tif.png",1316,1504,false],"woocommerce_thumbnail":["https:\/\/trading.hhg.vn\/wp-content\/uploads\/2025\/11\/154__apr03694_tif-600x600.png",600,600,true],"woocommerce_single":["https:\/\/trading.hhg.vn\/wp-content\/uploads\/2025\/11\/154__apr03694_tif-1200x1371.png",1200,1371,true],"woocommerce_gallery_thumbnail":["https:\/\/trading.hhg.vn\/wp-content\/uploads\/2025\/11\/154__apr03694_tif-150x171.png",150,171,true],"portfolio_item-thumbnail":["https:\/\/trading.hhg.vn\/wp-content\/uploads\/2025\/11\/154__apr03694_tif.png",350,400,false],"portfolio_item-thumbnail@2x":["https:\/\/trading.hhg.vn\/wp-content\/uploads\/2025\/11\/154__apr03694_tif.png",700,800,false],"portfolio_item-masonry":["https:\/\/trading.hhg.vn\/wp-content\/uploads\/2025\/11\/154__apr03694_tif.png",600,686,false],"portfolio_item-masonry@2x":["https:\/\/trading.hhg.vn\/wp-content\/uploads\/2025\/11\/154__apr03694_tif.png",1200,1371,false],"portfolio_item-thumbnail_cinema":["https:\/\/trading.hhg.vn\/wp-content\/uploads\/2025\/11\/154__apr03694_tif.png",293,335,false],"portfolio_item-thumbnail_portrait":["https:\/\/trading.hhg.vn\/wp-content\/uploads\/2025\/11\/154__apr03694_tif.png",600,686,false],"portfolio_item-thumbnail_portrait@2x":["https:\/\/trading.hhg.vn\/wp-content\/uploads\/2025\/11\/154__apr03694_tif.png",1200,1371,false],"portfolio_item-thumbnail_square":["https:\/\/trading.hhg.vn\/wp-content\/uploads\/2025\/11\/154__apr03694_tif.png",700,800,false]},"_links":{"self":[{"href":"https:\/\/trading.hhg.vn\/en\/wp-json\/wp\/v2\/product\/27672","targetHints":{"allow":["GET"]}}],"collection":[{"href":"https:\/\/trading.hhg.vn\/en\/wp-json\/wp\/v2\/product"}],"about":[{"href":"https:\/\/trading.hhg.vn\/en\/wp-json\/wp\/v2\/types\/product"}],"replies":[{"embeddable":true,"href":"https:\/\/trading.hhg.vn\/en\/wp-json\/wp\/v2\/comments?post=27672"}],"version-history":[{"count":1,"href":"https:\/\/trading.hhg.vn\/en\/wp-json\/wp\/v2\/product\/27672\/revisions"}],"predecessor-version":[{"id":27808,"href":"https:\/\/trading.hhg.vn\/en\/wp-json\/wp\/v2\/product\/27672\/revisions\/27808"}],"wp:featuredmedia":[{"embeddable":true,"href":"https:\/\/trading.hhg.vn\/en\/wp-json\/wp\/v2\/media\/27806"}],"wp:attachment":[{"href":"https:\/\/trading.hhg.vn\/en\/wp-json\/wp\/v2\/media?parent=27672"}],"wp:term":[{"taxonomy":"product_cat","embeddable":true,"href":"https:\/\/trading.hhg.vn\/en\/wp-json\/wp\/v2\/product_cat?post=27672"},{"taxonomy":"product_tag","embeddable":true,"href":"https:\/\/trading.hhg.vn\/en\/wp-json\/wp\/v2\/product_tag?post=27672"}],"curies":[{"name":"wp","href":"https:\/\/api.w.org\/{rel}","templated":true}]}}