{"id":27899,"date":"2025-11-19T19:08:16","date_gmt":"2025-11-19T12:08:16","guid":{"rendered":"https:\/\/trading.hhg.vn\/product\/bo-am-cho-sen-tam-tay-gat-don-3-lo-gan-vanh\/"},"modified":"2026-01-28T07:39:47","modified_gmt":"2026-01-28T00:39:47","slug":"bo-am-cho-sen-tam-tay-gat-don-3-lo-gan-vanh","status":"publish","type":"product","link":"https:\/\/trading.hhg.vn\/en\/s\u1ea3n-ph\u1ea9m\/bo-am-cho-sen-tam-tay-gat-don-3-lo-gan-vanh\/","title":{"rendered":"B\u1ed9 \u00e2m cho sen t\u1eafm tay g\u1ea1t \u0111\u01a1n 3 l\u1ed7 g\u1eafn v\u00e0nh"},"content":{"rendered":"","protected":false},"excerpt":{"rendered":"<p>N\u00e2ng t\u1ea7m tr\u1ea3i nghi\u1ec7m t\u1eafm c\u1ee7a b\u1ea1n v\u1edbi b\u1ed9 \u00e2m sen tay g\u1ea1t 3 l\u1ed7 g\u1eafn v\u00e0nh, m\u1ed9t ki\u1ec7t t\u00e1c c\u1ee7a thi\u1ebft k\u1ebf \u0111\u01b0\u01a1ng \u0111\u1ea1i. T\u1eebng \u0111\u01b0\u1eddng n\u00e9t tinh x\u1ea3o, ch\u1ea5t li\u1ec7u cao c\u1ea5p h\u00f2a quy\u1ec7n c\u00f9ng c\u00f4ng n\u0103ng \u01b0u vi\u1ec7t, mang \u0111\u1ebfn d\u00f2ng ch\u1ea3y m\u01b0\u1ee3t m\u00e0, chu\u1ea9n x\u00e1c ch\u1ec9 qua m\u1ed9t thao t\u00e1c g\u1ea1t nh\u1eb9. Kh\u00f4ng ch\u1ec9 l\u00e0 thi\u1ebft b\u1ecb, \u0111\u00e2y c\u00f2n l\u00e0 \u0111i\u1ec3m nh\u1ea5n sang tr\u1ecdng, ki\u1ebfn t\u1ea1o kh\u00f4ng gian th\u01b0 gi\u00e3n l\u00fd t\u01b0\u1edfng, n\u01a1i m\u1ed7i gi\u1ecdt n\u01b0\u1edbc \u0111\u1ec1u l\u00e0 s\u1ef1 v\u1ed7 v\u1ec1, t\u00e1i t\u1ea1o n\u0103ng l\u01b0\u1ee3ng sau ng\u00e0y d\u00e0i.<\/p>\n","protected":false},"featured_media":27897,"comment_status":"open","ping_status":"closed","template":"","meta":{"_acf_changed":false},"product_cat":[714],"product_tag":[],"class_list":{"0":"post-27899","1":"product","2":"type-product","3":"status-publish","4":"has-post-thumbnail","6":"product_cat-phu-kien-lap-dat","8":"first","9":"instock","10":"shipping-taxable","11":"purchasable","12":"product-type-simple"},"acf":[],"featured_media_urls":{"thumbnail":["https:\/\/trading.hhg.vn\/wp-content\/uploads\/2025\/11\/154__hpa00752_tif-150x150.png",150,150,true],"medium":["https:\/\/trading.hhg.vn\/wp-content\/uploads\/2025\/11\/154__hpa00752_tif-263x300.png",263,300,true],"medium_large":["https:\/\/trading.hhg.vn\/wp-content\/uploads\/2025\/11\/154__hpa00752_tif-768x878.png",768,878,true],"large":["https:\/\/trading.hhg.vn\/wp-content\/uploads\/2025\/11\/154__hpa00752_tif-896x1024.png",896,1024,true],"1536x1536":["https:\/\/trading.hhg.vn\/wp-content\/uploads\/2025\/11\/154__hpa00752_tif.png",1290,1474,false],"2048x2048":["https:\/\/trading.hhg.vn\/wp-content\/uploads\/2025\/11\/154__hpa00752_tif.png",1290,1474,false],"woocommerce_thumbnail":["https:\/\/trading.hhg.vn\/wp-content\/uploads\/2025\/11\/154__hpa00752_tif-600x600.png",600,600,true],"woocommerce_single":["https:\/\/trading.hhg.vn\/wp-content\/uploads\/2025\/11\/154__hpa00752_tif-1200x1371.png",1200,1371,true],"woocommerce_gallery_thumbnail":["https:\/\/trading.hhg.vn\/wp-content\/uploads\/2025\/11\/154__hpa00752_tif-150x171.png",150,171,true],"portfolio_item-thumbnail":["https:\/\/trading.hhg.vn\/wp-content\/uploads\/2025\/11\/154__hpa00752_tif.png",350,400,false],"portfolio_item-thumbnail@2x":["https:\/\/trading.hhg.vn\/wp-content\/uploads\/2025\/11\/154__hpa00752_tif.png",700,800,false],"portfolio_item-masonry":["https:\/\/trading.hhg.vn\/wp-content\/uploads\/2025\/11\/154__hpa00752_tif.png",600,686,false],"portfolio_item-masonry@2x":["https:\/\/trading.hhg.vn\/wp-content\/uploads\/2025\/11\/154__hpa00752_tif.png",1200,1371,false],"portfolio_item-thumbnail_cinema":["https:\/\/trading.hhg.vn\/wp-content\/uploads\/2025\/11\/154__hpa00752_tif.png",293,335,false],"portfolio_item-thumbnail_portrait":["https:\/\/trading.hhg.vn\/wp-content\/uploads\/2025\/11\/154__hpa00752_tif.png",600,686,false],"portfolio_item-thumbnail_portrait@2x":["https:\/\/trading.hhg.vn\/wp-content\/uploads\/2025\/11\/154__hpa00752_tif.png",1200,1371,false],"portfolio_item-thumbnail_square":["https:\/\/trading.hhg.vn\/wp-content\/uploads\/2025\/11\/154__hpa00752_tif.png",700,800,false]},"_links":{"self":[{"href":"https:\/\/trading.hhg.vn\/en\/wp-json\/wp\/v2\/product\/27899","targetHints":{"allow":["GET"]}}],"collection":[{"href":"https:\/\/trading.hhg.vn\/en\/wp-json\/wp\/v2\/product"}],"about":[{"href":"https:\/\/trading.hhg.vn\/en\/wp-json\/wp\/v2\/types\/product"}],"replies":[{"embeddable":true,"href":"https:\/\/trading.hhg.vn\/en\/wp-json\/wp\/v2\/comments?post=27899"}],"version-history":[{"count":0,"href":"https:\/\/trading.hhg.vn\/en\/wp-json\/wp\/v2\/product\/27899\/revisions"}],"wp:featuredmedia":[{"embeddable":true,"href":"https:\/\/trading.hhg.vn\/en\/wp-json\/wp\/v2\/media\/27897"}],"wp:attachment":[{"href":"https:\/\/trading.hhg.vn\/en\/wp-json\/wp\/v2\/media?parent=27899"}],"wp:term":[{"taxonomy":"product_cat","embeddable":true,"href":"https:\/\/trading.hhg.vn\/en\/wp-json\/wp\/v2\/product_cat?post=27899"},{"taxonomy":"product_tag","embeddable":true,"href":"https:\/\/trading.hhg.vn\/en\/wp-json\/wp\/v2\/product_tag?post=27899"}],"curies":[{"name":"wp","href":"https:\/\/api.w.org\/{rel}","templated":true}]}}