{"id":28118,"date":"2025-11-19T19:32:29","date_gmt":"2025-11-19T12:32:29","guid":{"rendered":"https:\/\/trading.hhg.vn\/product\/voi-sen-bon-tam-vernis-blend-mot-tay-gat-mot-lo\/"},"modified":"2025-11-19T19:32:29","modified_gmt":"2025-11-19T12:32:29","slug":"voi-sen-bon-tam-vernis-blend-mot-tay-gat-mot-lo","status":"publish","type":"product","link":"https:\/\/trading.hhg.vn\/en\/s\u1ea3n-ph\u1ea9m\/voi-sen-bon-tam-vernis-blend-mot-tay-gat-mot-lo\/","title":{"rendered":"V\u00f2i sen b\u1ed3n t\u1eafm Vernis Blend m\u1ed9t tay g\u1ea1t m\u1ed9t l\u1ed7"},"content":{"rendered":"<p><img fetchpriority=\"high\" decoding=\"async\" class=\"alignnone wp-image-7559 aligncenter\" src=\"http:\/\/trading.hhg.vn\/wp-content\/uploads\/2025\/11\/vernis.png\" alt=\"\" width=\"606\" height=\"454\" \/>D\u00f2ng Hansgrohe Vernis l\u00e0 s\u1ef1 l\u1ef1a ch\u1ecdn tinh t\u1ebf cho kh\u00f4ng gian ph\u00f2ng t\u1eafm hi\u1ec7n \u0111\u1ea1i, mang \u0111\u1eadm tri\u1ebft l\u00fd \u201cthi\u1ebft k\u1ebf v\u01b0\u1ee3t th\u1eddi gian\u201d t\u1eeb th\u01b0\u01a1ng hi\u1ec7u Hansgrohe. S\u1ea3n ph\u1ea9m g\u1ed3m hai bi\u1ebfn th\u1ec3 thi\u1ebft k\u1ebf r\u00f5 n\u00e9t: Vernis Blend v\u1edbi c\u00e1c \u0111\u01b0\u1eddng cong m\u1ec1m m\u1ea1i v\u00e0 Vernis Shape v\u1edbi h\u00ecnh kh\u1ed1i vu\u00f4ng v\u1eafn, g\u00f3c c\u1ea1nh \u2014 cho ph\u00e9p b\u1ea1n ch\u1ecdn phong c\u00e1ch ph\u00f9 h\u1ee3p v\u1edbi c\u00e1 t\u00ednh v\u00e0 n\u1ed9i th\u1ea5t c\u1ee7a m\u00ecnh. <\/p>\n<p>D\u00f2ng Vernis c\u00f2n g\u00e2y \u1ea5n t\u01b0\u1ee3ng v\u1edbi l\u1edbp ho\u00e0n thi\u1ec7n FinishPlus cao c\u1ea5p, g\u1ed3m c\u00e1c m\u00e0u Chrome, Brushed Nickel, Matte Black, gi\u00fap t\u1ea1o \u0111i\u1ec3m nh\u1ea5n c\u00e1 nh\u00e2n h\u00f3a v\u00e0 d\u1ec5 d\u00e0ng ph\u1ed1i h\u1ee3p v\u1edbi thi\u1ebft b\u1ecb kh\u00e1c trong ph\u00f2ng t\u1eafm.<br \/>\nHansgrohe USA<\/p>\n<p>H\u01a1n n\u1eefa, s\u1ea3n ph\u1ea9m \u0111\u01b0\u1ee3c t\u00edch h\u1ee3p c\u00f4ng ngh\u1ec7 EcoSmart gi\u00fap ti\u1ebft ki\u1ec7m n\u01b0\u1edbc \u0111\u00e1ng k\u1ec3 v\u00e0 QuickClean h\u1ed7 tr\u1ee3 v\u1ec7 sinh \u0111\u1ea7u phun nhanh ch\u00f3ng b\u1eb1ng thao t\u00e1c \u0111\u01a1n gi\u1ea3n.<\/p>\n","protected":false},"excerpt":{"rendered":"<p>Vernis Blend, bi\u1ec3u t\u01b0\u1ee3ng c\u1ee7a s\u1ef1 tinh t\u1ebf, kho\u00e1c l\u00ean m\u00ecnh thi\u1ebft k\u1ebf v\u00f2i sen b\u1ed3n t\u1eafm tay g\u1ea1t m\u1ed9t l\u1ed7, nh\u1eb9 nh\u00e0ng h\u00f2a quy\u1ec7n c\u00f9ng m\u1ecdi kh\u00f4ng gian s\u1ed1ng. T\u1eebng \u0111\u01b0\u1eddng n\u00e9t \u0111\u01b0\u1ee3c trau chu\u1ed1t t\u1ec9 m\u1ec9, kh\u00f4ng ch\u1ec9 ki\u1ebfn t\u1ea1o v\u1ebb \u0111\u1eb9p sang tr\u1ecdng m\u00e0 c\u00f2n t\u1ed1i \u01b0u h\u00f3a c\u00f4ng n\u0103ng, mang \u0111\u1ebfn tr\u1ea3i nghi\u1ec7m \u0111i\u1ec1u khi\u1ec3n d\u00f2ng ch\u1ea3y v\u00e0 nhi\u1ec7t \u0111\u1ed9 ho\u00e0n h\u1ea3o trong t\u1eebng l\u1ea7n ch\u1ea1m. Vernis Blend bi\u1ebfn kho\u1ea3nh kh\u1eafc th\u01b0 gi\u00e3n trong b\u1ed3n t\u1eafm th\u00e0nh h\u00e0nh tr\u00ecnh c\u1ea3m x\u00fac th\u0103ng hoa, n\u01a1i s\u1ef1 ti\u1ec7n nghi v\u00e0 th\u1ea9m m\u1ef9 giao thoa, n\u00e2ng t\u1ea7m phong c\u00e1ch s\u1ed1ng c\u1ee7a b\u1ea1n.<\/p>\n","protected":false},"featured_media":28116,"comment_status":"open","ping_status":"closed","template":"","meta":{"_acf_changed":false},"product_cat":[851],"product_tag":[],"class_list":{"0":"post-28118","1":"product","2":"type-product","3":"status-publish","4":"has-post-thumbnail","6":"product_cat-bo-tron-voi-xa-bon","7":"pa_mau-sac-chrome","9":"first","10":"instock","11":"shipping-taxable","12":"product-type-simple"},"acf":[],"featured_media_urls":{"thumbnail":["https:\/\/trading.hhg.vn\/wp-content\/uploads\/2025\/11\/154__hpr03015_tif-150x150.png",150,150,true],"medium":["https:\/\/trading.hhg.vn\/wp-content\/uploads\/2025\/11\/154__hpr03015_tif-263x300.png",263,300,true],"medium_large":["https:\/\/trading.hhg.vn\/wp-content\/uploads\/2025\/11\/154__hpr03015_tif-768x877.png",768,877,true],"large":["https:\/\/trading.hhg.vn\/wp-content\/uploads\/2025\/11\/154__hpr03015_tif-896x1024.png",896,1024,true],"1536x1536":["https:\/\/trading.hhg.vn\/wp-content\/uploads\/2025\/11\/154__hpr03015_tif.png",1312,1499,false],"2048x2048":["https:\/\/trading.hhg.vn\/wp-content\/uploads\/2025\/11\/154__hpr03015_tif.png",1312,1499,false],"woocommerce_thumbnail":["https:\/\/trading.hhg.vn\/wp-content\/uploads\/2025\/11\/154__hpr03015_tif-600x600.png",600,600,true],"woocommerce_single":["https:\/\/trading.hhg.vn\/wp-content\/uploads\/2025\/11\/154__hpr03015_tif-1200x1371.png",1200,1371,true],"woocommerce_gallery_thumbnail":["https:\/\/trading.hhg.vn\/wp-content\/uploads\/2025\/11\/154__hpr03015_tif-150x171.png",150,171,true],"portfolio_item-thumbnail":["https:\/\/trading.hhg.vn\/wp-content\/uploads\/2025\/11\/154__hpr03015_tif.png",350,400,false],"portfolio_item-thumbnail@2x":["https:\/\/trading.hhg.vn\/wp-content\/uploads\/2025\/11\/154__hpr03015_tif.png",700,800,false],"portfolio_item-masonry":["https:\/\/trading.hhg.vn\/wp-content\/uploads\/2025\/11\/154__hpr03015_tif.png",600,686,false],"portfolio_item-masonry@2x":["https:\/\/trading.hhg.vn\/wp-content\/uploads\/2025\/11\/154__hpr03015_tif.png",1200,1371,false],"portfolio_item-thumbnail_cinema":["https:\/\/trading.hhg.vn\/wp-content\/uploads\/2025\/11\/154__hpr03015_tif.png",293,335,false],"portfolio_item-thumbnail_portrait":["https:\/\/trading.hhg.vn\/wp-content\/uploads\/2025\/11\/154__hpr03015_tif.png",600,686,false],"portfolio_item-thumbnail_portrait@2x":["https:\/\/trading.hhg.vn\/wp-content\/uploads\/2025\/11\/154__hpr03015_tif.png",1200,1371,false],"portfolio_item-thumbnail_square":["https:\/\/trading.hhg.vn\/wp-content\/uploads\/2025\/11\/154__hpr03015_tif.png",700,800,false]},"_links":{"self":[{"href":"https:\/\/trading.hhg.vn\/en\/wp-json\/wp\/v2\/product\/28118","targetHints":{"allow":["GET"]}}],"collection":[{"href":"https:\/\/trading.hhg.vn\/en\/wp-json\/wp\/v2\/product"}],"about":[{"href":"https:\/\/trading.hhg.vn\/en\/wp-json\/wp\/v2\/types\/product"}],"replies":[{"embeddable":true,"href":"https:\/\/trading.hhg.vn\/en\/wp-json\/wp\/v2\/comments?post=28118"}],"version-history":[{"count":0,"href":"https:\/\/trading.hhg.vn\/en\/wp-json\/wp\/v2\/product\/28118\/revisions"}],"wp:featuredmedia":[{"embeddable":true,"href":"https:\/\/trading.hhg.vn\/en\/wp-json\/wp\/v2\/media\/28116"}],"wp:attachment":[{"href":"https:\/\/trading.hhg.vn\/en\/wp-json\/wp\/v2\/media?parent=28118"}],"wp:term":[{"taxonomy":"product_cat","embeddable":true,"href":"https:\/\/trading.hhg.vn\/en\/wp-json\/wp\/v2\/product_cat?post=28118"},{"taxonomy":"product_tag","embeddable":true,"href":"https:\/\/trading.hhg.vn\/en\/wp-json\/wp\/v2\/product_tag?post=28118"}],"curies":[{"name":"wp","href":"https:\/\/api.w.org\/{rel}","templated":true}]}}