{"id":28166,"date":"2025-11-19T20:20:13","date_gmt":"2025-11-19T13:20:13","guid":{"rendered":"https:\/\/trading.hhg.vn\/?post_type=product&#038;p=28166"},"modified":"2026-01-28T07:45:48","modified_gmt":"2026-01-28T00:45:48","slug":"voi-sen-cam-tay-95-1-duong-nuoc-ecosmart-activera-s","status":"publish","type":"product","link":"https:\/\/trading.hhg.vn\/en\/s\u1ea3n-ph\u1ea9m\/voi-sen-cam-tay-95-1-duong-nuoc-ecosmart-activera-s\/","title":{"rendered":"V\u00f2i sen c\u1ea7m tay 95 1 \u0111\u01b0\u1eddng n\u01b0\u1edbc EcoSmart+ Activera S"},"content":{"rendered":"<p><img fetchpriority=\"high\" decoding=\"async\" class=\"alignnone wp-image-7559 aligncenter\" src=\"http:\/\/trading.hhg.vn\/wp-content\/uploads\/2025\/11\/Activera.jpg\" alt=\"\" width=\"606\" height=\"454\" \/>Hansgrohe Activera \u0111\u01b0\u1ee3c thi\u1ebft k\u1ebf v\u1edbi tri\u1ebft l\u00fd c\u00f4ng n\u0103ng d\u1eabn \u0111\u1ea7u, k\u1ebft h\u1ee3p \u0111\u01b0\u1eddng n\u00e9t t\u1ed1i gi\u1ea3n, tay g\u1ea1t c\u00f4ng th\u00e1i h\u1ecdc v\u00e0 th\u00e2n v\u00f2i li\u1ec1n m\u1ea1ch \u0111\u1ec3 mang l\u1ea1i tr\u1ea3i nghi\u1ec7m \u0111i\u1ec1u khi\u1ec3n n\u01b0\u1edbc m\u01b0\u1ee3t m\u00e0 v\u00e0 ch\u00ednh x\u00e1c. M\u1ecdi chi ti\u1ebft \u0111\u1ec1u \u0111\u01b0\u1ee3c tinh ch\u1ec9nh \u0111\u1ec3 \u0111\u1ea3m b\u1ea3o s\u1ef1 \u1ed5n \u0111\u1ecbnh, tho\u1ea3i m\u00e1i v\u00e0 d\u1ec5 s\u1eed d\u1ee5ng trong m\u00f4i tr\u01b0\u1eddng t\u1eafm h\u00e0ng ng\u00e0y. Trong \u0111\u00f3 hansgrohe Activera S s\u1edf h\u1eefu thi\u1ebft k\u1ebf tinh gi\u1ea3n v\u1edbi c\u00f4ng ngh\u1ec7 AirPower cho d\u00f2ng n\u01b0\u1edbc \u00eam v\u00e0 ti\u1ebft ki\u1ec7m v\u00e0 Activera Select S b\u1ed5 sung n\u00fat b\u1ea5m Select ti\u1ec7n l\u1ee3i, \u0111i\u1ec1u khi\u1ec3n n\u01b0\u1edbc d\u1ec5 d\u00e0ng. C\u1ea3 hai \u0111\u1ec1u t\u00edch h\u1ee3p EcoSmart, k\u1ebft h\u1ee3p ho\u00e0n h\u1ea3o gi\u1eefa th\u1ea9m m\u1ef9, hi\u1ec7u su\u1ea5t v\u00e0 b\u1ec1n v\u1eefng.<\/p>\n<p>D\u00f2ng s\u1ea3n ph\u1ea9m t\u00edch h\u1ee3p c\u00e1c c\u00f4ng ngh\u1ec7 \u0111\u1eb7c tr\u01b0ng c\u1ee7a Hansgrohe: EcoSmart gi\u00fap gi\u1ea3m ti\u00eau th\u1ee5 n\u01b0\u1edbc t\u1edbi 60%, AirPower t\u1ea1o d\u00f2ng n\u01b0\u1edbc \u00eam d\u1ecbu v\u00e0 m\u1ea1nh m\u1ebd, trong khi QuickClean ch\u1ed1ng b\u00e1m c\u1eb7n, k\u00e9o d\u00e0i tu\u1ed5i th\u1ecd v\u00e0 d\u1ec5 v\u1ec7 sinh. V\u1eadt li\u1ec7u \u0111\u1ed3ng thau cao c\u1ea5p ph\u1ee7 chrome ho\u1eb7c PVD \u0111\u1ea3m b\u1ea3o \u0111\u1ed9 b\u1ec1n, ch\u1ed1ng \u0103n m\u00f2n v\u00e0 duy tr\u00ec v\u1ebb s\u00e1ng m\u1edbi l\u00e2u d\u00e0i.<\/p>\n","protected":false},"excerpt":{"rendered":"<p>V\u00f2i sen c\u1ea7m tay Activera S EcoSmart+ 95 l\u00e0 hi\u1ec7n th\u00e2n c\u1ee7a s\u1ef1 tinh t\u1ebf trong thi\u1ebft k\u1ebf, mang \u0111\u1ebfn \u0111\u01b0\u1eddng n\u00e9t m\u1ec1m m\u1ea1i nh\u01b0ng \u0111\u1ea7y quy\u1ec1n n\u0103ng. C\u00f4ng ngh\u1ec7 EcoSmart+ ti\u00ean ti\u1ebfn t\u1ed1i \u01b0u h\u00f3a d\u00f2ng ch\u1ea3y, kh\u00f4ng ch\u1ec9 ti\u1ebft ki\u1ec7m n\u01b0\u1edbc m\u00e0 c\u00f2n n\u00e2ng niu t\u1eebng gi\u00e1c quan c\u1ee7a b\u1ea1n v\u1edbi \u00e1p l\u1ef1c v\u1eeba \u0111\u1ee7, bao b\u1ecdc c\u01a1 th\u1ec3 trong l\u00e0n n\u01b0\u1edbc \u1ea5m \u00e1p. M\u1ed7i kho\u1ea3nh kh\u1eafc d\u01b0\u1edbi v\u00f2i sen kh\u00f4ng ch\u1ec9 l\u00e0 v\u1ec7 sinh c\u00e1 nh\u00e2n, m\u00e0 l\u00e0 tr\u1ea3i nghi\u1ec7m th\u01b0 gi\u00e3n \u0111\u1eb3ng c\u1ea5p, \u0111\u00e1nh th\u1ee9c m\u1ecdi gi\u00e1c quan v\u00e0 t\u00e1i t\u1ea1o n\u0103ng l\u01b0\u1ee3ng cho m\u1ed9t ng\u00e0y m\u1edbi.<\/p>\n","protected":false},"featured_media":28190,"comment_status":"open","ping_status":"closed","template":"","meta":{"_acf_changed":false},"product_cat":[890,842],"product_tag":[],"class_list":{"0":"post-28166","1":"product","2":"type-product","3":"status-publish","4":"has-post-thumbnail","6":"product_cat-tay-sen","7":"product_cat-tay-sen-tam","8":"pa_mau-sac-chrome","9":"pa_mau-sac-den-mo","11":"first","12":"instock","13":"shipping-taxable","14":"product-type-variable"},"acf":[],"featured_media_urls":{"thumbnail":["https:\/\/trading.hhg.vn\/wp-content\/uploads\/2025\/11\/154__hpr08375_tif-150x150.png",150,150,true],"medium":["https:\/\/trading.hhg.vn\/wp-content\/uploads\/2025\/11\/154__hpr08375_tif-262x300.png",262,300,true],"medium_large":["https:\/\/trading.hhg.vn\/wp-content\/uploads\/2025\/11\/154__hpr08375_tif-768x878.png",768,878,true],"large":["https:\/\/trading.hhg.vn\/wp-content\/uploads\/2025\/11\/154__hpr08375_tif-896x1024.png",896,1024,true],"1536x1536":["https:\/\/trading.hhg.vn\/wp-content\/uploads\/2025\/11\/154__hpr08375_tif.png",1271,1453,false],"2048x2048":["https:\/\/trading.hhg.vn\/wp-content\/uploads\/2025\/11\/154__hpr08375_tif.png",1271,1453,false],"woocommerce_thumbnail":["https:\/\/trading.hhg.vn\/wp-content\/uploads\/2025\/11\/154__hpr08375_tif-600x600.png",600,600,true],"woocommerce_single":["https:\/\/trading.hhg.vn\/wp-content\/uploads\/2025\/11\/154__hpr08375_tif-1200x1372.png",1200,1372,true],"woocommerce_gallery_thumbnail":["https:\/\/trading.hhg.vn\/wp-content\/uploads\/2025\/11\/154__hpr08375_tif-150x171.png",150,171,true],"portfolio_item-thumbnail":["https:\/\/trading.hhg.vn\/wp-content\/uploads\/2025\/11\/154__hpr08375_tif.png",350,400,false],"portfolio_item-thumbnail@2x":["https:\/\/trading.hhg.vn\/wp-content\/uploads\/2025\/11\/154__hpr08375_tif.png",700,800,false],"portfolio_item-masonry":["https:\/\/trading.hhg.vn\/wp-content\/uploads\/2025\/11\/154__hpr08375_tif.png",600,686,false],"portfolio_item-masonry@2x":["https:\/\/trading.hhg.vn\/wp-content\/uploads\/2025\/11\/154__hpr08375_tif.png",1200,1372,false],"portfolio_item-thumbnail_cinema":["https:\/\/trading.hhg.vn\/wp-content\/uploads\/2025\/11\/154__hpr08375_tif.png",293,335,false],"portfolio_item-thumbnail_portrait":["https:\/\/trading.hhg.vn\/wp-content\/uploads\/2025\/11\/154__hpr08375_tif.png",600,686,false],"portfolio_item-thumbnail_portrait@2x":["https:\/\/trading.hhg.vn\/wp-content\/uploads\/2025\/11\/154__hpr08375_tif.png",1200,1372,false],"portfolio_item-thumbnail_square":["https:\/\/trading.hhg.vn\/wp-content\/uploads\/2025\/11\/154__hpr08375_tif.png",700,800,false]},"_links":{"self":[{"href":"https:\/\/trading.hhg.vn\/en\/wp-json\/wp\/v2\/product\/28166","targetHints":{"allow":["GET"]}}],"collection":[{"href":"https:\/\/trading.hhg.vn\/en\/wp-json\/wp\/v2\/product"}],"about":[{"href":"https:\/\/trading.hhg.vn\/en\/wp-json\/wp\/v2\/types\/product"}],"replies":[{"embeddable":true,"href":"https:\/\/trading.hhg.vn\/en\/wp-json\/wp\/v2\/comments?post=28166"}],"version-history":[{"count":2,"href":"https:\/\/trading.hhg.vn\/en\/wp-json\/wp\/v2\/product\/28166\/revisions"}],"predecessor-version":[{"id":118795,"href":"https:\/\/trading.hhg.vn\/en\/wp-json\/wp\/v2\/product\/28166\/revisions\/118795"}],"wp:featuredmedia":[{"embeddable":true,"href":"https:\/\/trading.hhg.vn\/en\/wp-json\/wp\/v2\/media\/28190"}],"wp:attachment":[{"href":"https:\/\/trading.hhg.vn\/en\/wp-json\/wp\/v2\/media?parent=28166"}],"wp:term":[{"taxonomy":"product_cat","embeddable":true,"href":"https:\/\/trading.hhg.vn\/en\/wp-json\/wp\/v2\/product_cat?post=28166"},{"taxonomy":"product_tag","embeddable":true,"href":"https:\/\/trading.hhg.vn\/en\/wp-json\/wp\/v2\/product_tag?post=28166"}],"curies":[{"name":"wp","href":"https:\/\/api.w.org\/{rel}","templated":true}]}}