{"id":2848,"date":"2024-11-01T09:24:38","date_gmt":"2024-11-01T02:24:38","guid":{"rendered":"https:\/\/trading.hhg.vn\/product\/voi-chau-axor-one-select-140-co-nut-nhan-xa\/"},"modified":"2025-01-08T12:00:18","modified_gmt":"2025-01-08T05:00:18","slug":"voi-chau-axor-one-select-140-co-nut-nhan-xa","status":"publish","type":"product","link":"https:\/\/trading.hhg.vn\/en\/product\/voi-chau-axor-one-select-140-co-nut-nhan-xa\/","title":{"rendered":"V\u00f2i ch\u1eadu Axor One Select 140 (C\u00f3 n\u00fat nh\u1ea5n x\u1ea3)"},"content":{"rendered":"<p><img fetchpriority=\"high\" width=\"1480\" height=\"832\" src=\"http:\/\/trading.hhg.vn\/wp-content\/uploads\/2024\/11\/hgw-presse-axor-one-colors-16x9-1.jpg\" alt=\"\" decoding=\"async\" srcset=\"http:\/\/trading.hhg.vn\/wp-content\/uploads\/2024\/11\/hgw-presse-axor-one-colors-16x9-1.jpg 1480w, http:\/\/trading.hhg.vn\/wp-content\/uploads\/2024\/11\/hgw-presse-axor-one-colors-16x9-1-300x169.jpg 300w, http:\/\/trading.hhg.vn\/wp-content\/uploads\/2024\/11\/hgw-presse-axor-one-colors-16x9-1-1024x576.jpg 1024w, http:\/\/trading.hhg.vn\/wp-content\/uploads\/2024\/11\/hgw-presse-axor-one-colors-16x9-1-768x432.jpg 768w, http:\/\/trading.hhg.vn\/wp-content\/uploads\/2024\/11\/hgw-presse-axor-one-colors-16x9-1-1200x675.jpg 1200w, http:\/\/trading.hhg.vn\/wp-content\/uploads\/2024\/11\/hgw-presse-axor-one-colors-16x9-1-150x84.jpg 150w\" sizes=\"(max-width: 1480px) 100vw, 1480px\" \/>\n\t\t\t\t\t\t<link rel=\"stylesheet\" id=\"wd-text-block-css\" href=\"https:\/\/trading.hhg.vn\/wp-content\/themes\/woodmart\/css\/parts\/el-text-block.min.css?ver=7.6.0\" type=\"text\/css\" media=\"all\" \/>\n<p>B\u1ed9 s\u01b0u t\u1eadp AXOR One \u0111\u1ecbnh h\u00ecnh l\u1ea1i s\u1ef1 \u0111\u01a1n gi\u1ea3n v\u00e0 sang tr\u1ecdng trong thi\u1ebft k\u1ebf ph\u00f2ng t\u1eafm, n\u1ed5i b\u1eadt v\u1edbi nh\u1eefng \u0111\u01b0\u1eddng n\u00e9t t\u1ed1i gi\u1ea3n, l\u1ea5y c\u1ea3m h\u1ee9ng t\u1eeb c\u00e1c h\u00ecnh kh\u1ed1i c\u01a1 b\u1ea3n. \u0110\u01b0\u1ee3c t\u1ea1o ra d\u01b0\u1edbi s\u1ef1 h\u1ee3p t\u00e1c v\u1edbi c\u00e1c nh\u00e0 thi\u1ebft k\u1ebf Barber &amp; Osgerby, b\u1ed9 s\u01b0u t\u1eadp n\u00e0y ch\u00fa tr\u1ecdng thi\u1ebft k\u1ebf tr\u1ef1c quan v\u1edbi tay c\u1ea7m m\u1ed9t c\u1ea7n duy nh\u1ea5t, gi\u00fap ng\u01b0\u1eddi d\u00f9ng d\u1ec5 d\u00e0ng \u0111i\u1ec1u ch\u1ec9nh nhi\u1ec7t \u0111\u1ed9 v\u00e0 l\u01b0u l\u01b0\u1ee3ng n\u01b0\u1edbc.<\/p>\n<p>AXOR One bao g\u1ed3m nhi\u1ec1u s\u1ea3n ph\u1ea9m nh\u01b0 v\u00f2i ch\u1eadu r\u1eeda, \u0111\u1ea7u sen v\u00e0 c\u00e1c ph\u1ee5 ki\u1ec7n, t\u1ea5t c\u1ea3 \u0111\u1ec1u \u0111\u01b0\u1ee3c thi\u1ebft k\u1ebf h\u00e0i h\u00f2a, t\u1eadp trung v\u00e0o c\u00f4ng n\u0103ng c\u00f9ng v\u1ebb \u0111\u1eb9p tinh t\u1ebf. S\u1ea3n ph\u1ea9m c\u1ee7a AXOR One kh\u00f4ng ch\u1ec9 mang l\u1ea1i tr\u1ea3i nghi\u1ec7m ti\u1ec7n nghi m\u00e0 c\u00f2n th\u00e2n thi\u1ec7n v\u1edbi m\u00f4i tr\u01b0\u1eddng, v\u1edbi c\u00e1c t\u00ednh n\u0103ng ti\u1ebft ki\u1ec7m n\u01b0\u1edbc m\u00e0 kh\u00f4ng l\u00e0m gi\u1ea3m ch\u1ea5t l\u01b0\u1ee3ng s\u1eed d\u1ee5ng. B\u00ean c\u1ea1nh \u0111\u00f3, AXOR One cung c\u1ea5p c\u00e1c l\u1ef1a ch\u1ecdn ho\u00e0n thi\u1ec7n nh\u01b0 chrome c\u1ed5 \u0111i\u1ec3n hay \u0111en m\u1edd sang tr\u1ecdng, ph\u00f9 h\u1ee3p v\u1edbi nhi\u1ec1u phong c\u00e1ch n\u1ed9i th\u1ea5t hi\u1ec7n \u0111\u1ea1i.<\/p>\n","protected":false},"excerpt":{"rendered":"<p>V\u00f2i ch\u1eadu Axor One Select 140 (C\u00f3 n\u00fat nh\u1ea5n x\u1ea3) mang \u0111\u1ebfn v\u1ebb \u0111\u1eb9p sang tr\u1ecdng v\u00e0 t\u1ed1i gi\u1ea3n, k\u1ebft h\u1ee3p v\u1edbi t\u00ednh n\u0103ng ti\u1ebft ki\u1ec7m n\u01b0\u1edbc v\u00e0 d\u1ec5 d\u00e0ng \u0111i\u1ec1u ch\u1ec9nh l\u01b0u l\u01b0\u1ee3ng. Thi\u1ebft k\u1ebf tinh t\u1ebf v\u1edbi 13 l\u1ef1a ch\u1ecdn m\u00e0u s\u1eafc b\u1ec1 m\u1eb7t, s\u1ea3n ph\u1ea9m n\u00e0y l\u00e0 l\u1ef1a ch\u1ecdn l\u00fd t\u01b0\u1edfng cho ph\u00f2ng t\u1eafm hi\u1ec7n \u0111\u1ea1i, v\u1eeba th\u1ea9m m\u1ef9 v\u1eeba th\u00e2n thi\u1ec7n m\u00f4i tr\u01b0\u1eddng.<\/p>\n","protected":false},"featured_media":1870,"comment_status":"open","ping_status":"closed","template":"","meta":{"_acf_changed":false},"product_cat":[372,373],"product_tag":[],"class_list":{"0":"post-2848","1":"product","2":"type-product","3":"status-publish","4":"has-post-thumbnail","6":"product_cat-thiet-bi-phong-tam-en","7":"product_cat-voi-lavabo-en","8":"pa_mau-sac-chrome-en-2","9":"pa_mau-sac-chrome-den-bong-en","10":"pa_mau-sac-chrome-den-xuoc-en","11":"pa_mau-sac-den-mo-en","12":"pa_mau-sac-dong-thau-xuoc-en","13":"pa_mau-sac-dong-xuoc-en","14":"pa_mau-sac-niken-xuoc-en","15":"pa_mau-sac-thep-khong-gi-en","16":"pa_mau-sac-trang-mo-en","17":"pa_mau-sac-vang-bong-en","18":"pa_mau-sac-vang-hong-bong-en","19":"pa_mau-sac-vang-hong-xuoc-en","20":"pa_mau-sac-vang-xuoc-en","22":"first","23":"instock","24":"featured","25":"shipping-taxable","26":"purchasable","27":"product-type-variable"},"acf":[],"featured_media_urls":{"thumbnail":["https:\/\/trading.hhg.vn\/wp-content\/uploads\/2024\/11\/000-150x150.jpg",150,150,true],"medium":["https:\/\/trading.hhg.vn\/wp-content\/uploads\/2024\/11\/000-263x300.jpg",263,300,true],"medium_large":["https:\/\/trading.hhg.vn\/wp-content\/uploads\/2024\/11\/000.jpg",700,800,false],"large":["https:\/\/trading.hhg.vn\/wp-content\/uploads\/2024\/11\/000.jpg",700,800,false],"1536x1536":["https:\/\/trading.hhg.vn\/wp-content\/uploads\/2024\/11\/000.jpg",700,800,false],"2048x2048":["https:\/\/trading.hhg.vn\/wp-content\/uploads\/2024\/11\/000.jpg",700,800,false],"woocommerce_thumbnail":["https:\/\/trading.hhg.vn\/wp-content\/uploads\/2024\/11\/000-600x600.jpg",600,600,true],"woocommerce_single":["https:\/\/trading.hhg.vn\/wp-content\/uploads\/2024\/11\/000.jpg",700,800,false],"woocommerce_gallery_thumbnail":["https:\/\/trading.hhg.vn\/wp-content\/uploads\/2024\/11\/000-150x171.jpg",150,171,true],"portfolio_item-thumbnail":["https:\/\/trading.hhg.vn\/wp-content\/uploads\/2024\/11\/000.jpg",350,400,false],"portfolio_item-thumbnail@2x":["https:\/\/trading.hhg.vn\/wp-content\/uploads\/2024\/11\/000.jpg",700,800,false],"portfolio_item-masonry":["https:\/\/trading.hhg.vn\/wp-content\/uploads\/2024\/11\/000.jpg",600,686,false],"portfolio_item-masonry@2x":["https:\/\/trading.hhg.vn\/wp-content\/uploads\/2024\/11\/000.jpg",700,800,false],"portfolio_item-thumbnail_cinema":["https:\/\/trading.hhg.vn\/wp-content\/uploads\/2024\/11\/000.jpg",293,335,false],"portfolio_item-thumbnail_portrait":["https:\/\/trading.hhg.vn\/wp-content\/uploads\/2024\/11\/000.jpg",600,686,false],"portfolio_item-thumbnail_portrait@2x":["https:\/\/trading.hhg.vn\/wp-content\/uploads\/2024\/11\/000.jpg",700,800,false],"portfolio_item-thumbnail_square":["https:\/\/trading.hhg.vn\/wp-content\/uploads\/2024\/11\/000.jpg",700,800,false]},"_links":{"self":[{"href":"https:\/\/trading.hhg.vn\/en\/wp-json\/wp\/v2\/product\/2848","targetHints":{"allow":["GET"]}}],"collection":[{"href":"https:\/\/trading.hhg.vn\/en\/wp-json\/wp\/v2\/product"}],"about":[{"href":"https:\/\/trading.hhg.vn\/en\/wp-json\/wp\/v2\/types\/product"}],"replies":[{"embeddable":true,"href":"https:\/\/trading.hhg.vn\/en\/wp-json\/wp\/v2\/comments?post=2848"}],"version-history":[{"count":25,"href":"https:\/\/trading.hhg.vn\/en\/wp-json\/wp\/v2\/product\/2848\/revisions"}],"predecessor-version":[{"id":6334,"href":"https:\/\/trading.hhg.vn\/en\/wp-json\/wp\/v2\/product\/2848\/revisions\/6334"}],"wp:featuredmedia":[{"embeddable":true,"href":"https:\/\/trading.hhg.vn\/en\/wp-json\/wp\/v2\/media\/1870"}],"wp:attachment":[{"href":"https:\/\/trading.hhg.vn\/en\/wp-json\/wp\/v2\/media?parent=2848"}],"wp:term":[{"taxonomy":"product_cat","embeddable":true,"href":"https:\/\/trading.hhg.vn\/en\/wp-json\/wp\/v2\/product_cat?post=2848"},{"taxonomy":"product_tag","embeddable":true,"href":"https:\/\/trading.hhg.vn\/en\/wp-json\/wp\/v2\/product_tag?post=2848"}],"curies":[{"name":"wp","href":"https:\/\/api.w.org\/{rel}","templated":true}]}}