{"id":28522,"date":"2025-11-19T20:24:04","date_gmt":"2025-11-19T13:24:04","guid":{"rendered":"https:\/\/trading.hhg.vn\/?post_type=product&#038;p=28522"},"modified":"2025-11-19T20:26:39","modified_gmt":"2025-11-19T13:26:39","slug":"aquaunit-580-475-avalegra","status":"publish","type":"product","link":"https:\/\/trading.hhg.vn\/en\/s\u1ea3n-ph\u1ea9m\/aquaunit-580-475-avalegra\/","title":{"rendered":"AquaUnit 580\/475 Avalegra"},"content":{"rendered":"<p><img fetchpriority=\"high\" decoding=\"async\" class=\"alignnone wp-image-7559 aligncenter\" src=\"http:\/\/trading.hhg.vn\/wp-content\/uploads\/2025\/11\/Avalegra.jpg\" alt=\"\" width=\"606\" height=\"454\" \/>Hansgrohe Avalegra t\u00e1i hi\u1ec7n v\u1ebb \u0111\u1eb9p nguy\u00ean b\u1ea3n c\u1ee7a n\u01b0\u1edbc v\u1edbi hai c\u00e1ch ch\u1ea3y \u0111\u1ed9c \u0111\u00e1o: tu\u00f4n xu\u1ed1ng nh\u01b0 th\u00e1c n\u01b0\u1edbc ho\u1eb7c b\u1eebng l\u00ean t\u1eeb d\u01b0\u1edbi nh\u01b0 m\u1ea1ch su\u1ed1i trong l\u00e0nh \u2013 mang \u0111\u1ebfn tr\u1ea3i nghi\u1ec7m v\u1eeba t\u1ef1 nhi\u00ean, v\u1eeba m\u1edbi m\u1ebb.<\/p>\n<p>Avalegra \u0111\u01b0\u1ee3c thi\u1ebft k\u1ebf v\u1edbi th\u00e2n v\u00f2i cong m\u1ec1m, thanh m\u1ea3nh v\u00e0 c\u00f3 th\u1ec3 xoay linh ho\u1ea1t. H\u1ec7 th\u1ed1ng gi\u1edbi h\u1ea1n \u00e1p l\u1ef1c gi\u00fap ti\u1ebft ki\u1ec7m n\u01b0\u1edbc, gi\u1ea3m m\u1ee9c ti\u00eau th\u1ee5 xu\u1ed1ng ch\u1ec9 5 l\u00edt\/ph\u00fat. B\u1ed9 \u0111i\u1ec1u khi\u1ec3n Avalegra AquaUnit t\u00edch h\u1ee3p to\u00e0n b\u1ed9 ch\u1ee9c n\u0103ng trong m\u1ed9t kh\u1ed1i th\u1ed1ng nh\u1ea5t: \u0111i\u1ec1u ch\u1ec9nh l\u01b0u l\u01b0\u1ee3ng, nhi\u1ec7t \u0111\u1ed9 v\u00e0 ki\u1ec3u phun ch\u1ec9 v\u1edbi thao t\u00e1c tr\u1ef1c quan. Ng\u01b0\u1eddi d\u00f9ng c\u00f3 th\u1ec3 l\u01b0u l\u1ea1i nhi\u1ec7t \u0111\u1ed9 y\u00eau th\u00edch cho l\u1ea7n s\u1eed d\u1ee5ng sau.<\/p>\n","protected":false},"excerpt":{"rendered":"<p>AquaUnit 580\/475 Avalegra l\u00e0 tuy\u00ean ng\u00f4n c\u1ee7a s\u1ef1 tinh gi\u1ea3n v\u00e0 ti\u1ec7n nghi. V\u1edbi \u0111\u01b0\u1eddng n\u00e9t thanh tho\u00e1t, s\u1eafc s\u1ea3o c\u00f9ng ch\u1ea5t li\u1ec7u cao c\u1ea5p, s\u1ea3n ph\u1ea9m kh\u00f4ng ch\u1ec9 l\u00e0 m\u1ed9t thi\u1ebft b\u1ecb n\u1ed9i th\u1ea5t m\u00e0 c\u00f2n l\u00e0 \u0111i\u1ec3m nh\u1ea5n ngh\u1ec7 thu\u1eadt trong kh\u00f4ng gian s\u1ed1ng. T\u00edch h\u1ee3p c\u00f4ng n\u0103ng th\u00f4ng minh, t\u1eebng chi ti\u1ebft \u0111\u01b0\u1ee3c ch\u0103m ch\u00fat t\u1ec9 m\u1ec9, mang \u0111\u1ebfn tr\u1ea3i nghi\u1ec7m s\u1eed d\u1ee5ng m\u01b0\u1ee3t m\u00e0, d\u1ec5 ch\u1ecbu, n\u00e2ng t\u1ea7m phong c\u00e1ch s\u1ed1ng v\u00e0 kh\u1eb3ng \u0111\u1ecbnh gu th\u1ea9m m\u1ef9 \u0111\u1ed9c \u0111\u00e1o c\u1ee7a gia ch\u1ee7.<\/p>\n","protected":false},"featured_media":28777,"comment_status":"open","ping_status":"closed","template":"","meta":{"_acf_changed":false},"product_cat":[856],"product_tag":[],"class_list":{"0":"post-28522","1":"product","2":"type-product","3":"status-publish","4":"has-post-thumbnail","6":"product_cat-chau-lien-voi","7":"pa_mau-sac-chrome","8":"pa_mau-sac-chrome-den-xuoc","9":"pa_mau-sac-den-mo","10":"pa_mau-sac-dong-xuoc","11":"pa_mau-sac-vang-bong","13":"first","14":"instock","15":"shipping-taxable","16":"product-type-variable"},"acf":[],"featured_media_urls":{"thumbnail":["https:\/\/trading.hhg.vn\/wp-content\/uploads\/2025\/11\/154__hpr08162_tif-1-150x150.png",150,150,true],"medium":["https:\/\/trading.hhg.vn\/wp-content\/uploads\/2025\/11\/154__hpr08162_tif-1-262x300.png",262,300,true],"medium_large":["https:\/\/trading.hhg.vn\/wp-content\/uploads\/2025\/11\/154__hpr08162_tif-1-768x878.png",768,878,true],"large":["https:\/\/trading.hhg.vn\/wp-content\/uploads\/2025\/11\/154__hpr08162_tif-1-896x1024.png",896,1024,true],"1536x1536":["https:\/\/trading.hhg.vn\/wp-content\/uploads\/2025\/11\/154__hpr08162_tif-1-1344x1536.png",1344,1536,true],"2048x2048":["https:\/\/trading.hhg.vn\/wp-content\/uploads\/2025\/11\/154__hpr08162_tif-1.png",1440,1646,false],"woocommerce_thumbnail":["https:\/\/trading.hhg.vn\/wp-content\/uploads\/2025\/11\/154__hpr08162_tif-1-600x600.png",600,600,true],"woocommerce_single":["https:\/\/trading.hhg.vn\/wp-content\/uploads\/2025\/11\/154__hpr08162_tif-1-1200x1372.png",1200,1372,true],"woocommerce_gallery_thumbnail":["https:\/\/trading.hhg.vn\/wp-content\/uploads\/2025\/11\/154__hpr08162_tif-1-150x171.png",150,171,true],"portfolio_item-thumbnail":["https:\/\/trading.hhg.vn\/wp-content\/uploads\/2025\/11\/154__hpr08162_tif-1.png",350,400,false],"portfolio_item-thumbnail@2x":["https:\/\/trading.hhg.vn\/wp-content\/uploads\/2025\/11\/154__hpr08162_tif-1.png",700,800,false],"portfolio_item-masonry":["https:\/\/trading.hhg.vn\/wp-content\/uploads\/2025\/11\/154__hpr08162_tif-1.png",600,686,false],"portfolio_item-masonry@2x":["https:\/\/trading.hhg.vn\/wp-content\/uploads\/2025\/11\/154__hpr08162_tif-1.png",1200,1372,false],"portfolio_item-thumbnail_cinema":["https:\/\/trading.hhg.vn\/wp-content\/uploads\/2025\/11\/154__hpr08162_tif-1.png",293,335,false],"portfolio_item-thumbnail_portrait":["https:\/\/trading.hhg.vn\/wp-content\/uploads\/2025\/11\/154__hpr08162_tif-1.png",600,686,false],"portfolio_item-thumbnail_portrait@2x":["https:\/\/trading.hhg.vn\/wp-content\/uploads\/2025\/11\/154__hpr08162_tif-1.png",1200,1372,false],"portfolio_item-thumbnail_square":["https:\/\/trading.hhg.vn\/wp-content\/uploads\/2025\/11\/154__hpr08162_tif-1.png",700,800,false]},"_links":{"self":[{"href":"https:\/\/trading.hhg.vn\/en\/wp-json\/wp\/v2\/product\/28522","targetHints":{"allow":["GET"]}}],"collection":[{"href":"https:\/\/trading.hhg.vn\/en\/wp-json\/wp\/v2\/product"}],"about":[{"href":"https:\/\/trading.hhg.vn\/en\/wp-json\/wp\/v2\/types\/product"}],"replies":[{"embeddable":true,"href":"https:\/\/trading.hhg.vn\/en\/wp-json\/wp\/v2\/comments?post=28522"}],"version-history":[{"count":1,"href":"https:\/\/trading.hhg.vn\/en\/wp-json\/wp\/v2\/product\/28522\/revisions"}],"predecessor-version":[{"id":28779,"href":"https:\/\/trading.hhg.vn\/en\/wp-json\/wp\/v2\/product\/28522\/revisions\/28779"}],"wp:featuredmedia":[{"embeddable":true,"href":"https:\/\/trading.hhg.vn\/en\/wp-json\/wp\/v2\/media\/28777"}],"wp:attachment":[{"href":"https:\/\/trading.hhg.vn\/en\/wp-json\/wp\/v2\/media?parent=28522"}],"wp:term":[{"taxonomy":"product_cat","embeddable":true,"href":"https:\/\/trading.hhg.vn\/en\/wp-json\/wp\/v2\/product_cat?post=28522"},{"taxonomy":"product_tag","embeddable":true,"href":"https:\/\/trading.hhg.vn\/en\/wp-json\/wp\/v2\/product_tag?post=28522"}],"curies":[{"name":"wp","href":"https:\/\/api.w.org\/{rel}","templated":true}]}}