{"id":2874,"date":"2024-11-01T09:45:29","date_gmt":"2024-11-01T02:45:29","guid":{"rendered":"https:\/\/trading.hhg.vn\/product\/voi-chau-don-can-gat-axor-citterio-110-co-tay-gat-dang-thanh-va-bo-xa-nhan\/"},"modified":"2025-01-09T11:36:36","modified_gmt":"2025-01-09T04:36:36","slug":"voi-chau-don-can-gat-axor-citterio-110-co-tay-gat-dang-thanh-va-bo-xa-nhan","status":"publish","type":"product","link":"https:\/\/trading.hhg.vn\/en\/product\/voi-chau-don-can-gat-axor-citterio-110-co-tay-gat-dang-thanh-va-bo-xa-nhan\/","title":{"rendered":"Single lever basin mixer 110 with pin handle and pop-up waste set"},"content":{"rendered":"<p><img fetchpriority=\"high\" decoding=\"async\" src=\"http:\/\/trading.hhg.vn\/wp-content\/uploads\/2023\/04\/description-about-brand-3-opt.jpg\" sizes=\"(max-width: 680px) 100vw, 680px\" srcset=\"http:\/\/trading.hhg.vn\/wp-content\/uploads\/2023\/04\/description-about-brand-3-opt.jpg 680w, http:\/\/trading.hhg.vn\/wp-content\/uploads\/2023\/04\/description-about-brand-3-opt-150x62.jpg 150w\" alt=\"\" width=\"680\" height=\"280\" \/><\/p>\n<p>D\u00f2ng s\u1ea3n ph\u1ea9m AXOR Citterio th\u1ec3 hi\u1ec7n tri\u1ebft l\u00fd thi\u1ebft k\u1ebf tinh t\u1ebf, k\u1ebft h\u1ee3p gi\u1eefa ch\u1ee9c n\u0103ng v\u00e0 t\u00ednh th\u1ea9m m\u1ef9. L\u1ea5y c\u1ea3m h\u1ee9ng t\u1eeb ki\u1ebfn tr\u00fac hi\u1ec7n \u0111\u1ea1i v\u00e0 phong c\u00e1ch \u00dd, AXOR Citterio n\u1ed5i b\u1eadt v\u1edbi c\u00e1c \u0111\u01b0\u1eddng n\u00e9t m\u1ea1nh m\u1ebd, ho\u00e0n thi\u1ec7n t\u1ec9 m\u1ec9 v\u00e0 ch\u00fa tr\u1ecdng \u0111\u1ebfn t\u1eebng chi ti\u1ebft.<\/p>\n<p>M\u1ee5c ti\u00eau l\u00e0 mang l\u1ea1i tr\u1ea3i nghi\u1ec7m s\u1eed d\u1ee5ng t\u1ed1i \u01b0u, v\u1edbi thi\u1ebft k\u1ebf d\u1ec5 t\u01b0\u01a1ng t\u00e1c v\u00e0 b\u1ea3o tr\u00ec. C\u00e1c s\u1ea3n ph\u1ea9m kh\u00f4ng ch\u1ec9 l\u00e0 thi\u1ebft b\u1ecb v\u1ec7 sinh m\u00e0 c\u00f2n l\u00e0 t\u00e1c ph\u1ea9m ngh\u1ec7 thu\u1eadt, n\u00e2ng cao kh\u00f4ng gian ph\u00f2ng t\u1eafm v\u1edbi s\u1ef1 sang tr\u1ecdng v\u00e0 \u0111\u1eb3ng c\u1ea5p. Tri\u1ebft l\u00fd AXOR Citterio l\u00e0 t\u1ea1o ra s\u1ea3n ph\u1ea9m n\u1ed5i b\u1eadt phong c\u00e1ch c\u00e1 nh\u00e2n, \u0111\u1ed3ng th\u1eddi \u0111\u00e1p \u1ee9ng nhu c\u1ea7u h\u00e0ng ng\u00e0y m\u1ed9t c\u00e1ch hi\u1ec7u qu\u1ea3.<\/p>\n","protected":false},"excerpt":{"rendered":"<div class=\"row-wrapper\">\n<div class=\"row\">\n<div class=\"headline-group\">\n<div class=\"flex max-w-full flex-col flex-grow\">\n<div class=\"min-h-8 text-message flex w-full flex-col items-end gap-2 whitespace-normal break-words text-start [.text-message+&amp;]:mt-5\" dir=\"auto\" data-message-author-role=\"assistant\" data-message-id=\"b80b05a8-982f-4984-8e49-f689469e3529\" data-message-model-slug=\"gpt-4o\">\n<div class=\"flex w-full flex-col gap-1 empty:hidden first:pt-[3px]\">\n<div class=\"markdown prose w-full break-words dark:prose-invert light\">\n<p>Single lever basin mixer 110 with pin handle and pop-up waste set c\u1ee7a AXOR l\u00e0 v\u00f2i ch\u1eadu m\u1ed9t tay g\u1ea1t thu\u1ed9c b\u1ed9 s\u01b0u t\u1eadp AXOR Citterio. S\u1ea3n ph\u1ea9m n\u1ed5i b\u1eadt v\u1edbi thi\u1ebft k\u1ebf tinh t\u1ebf, tay c\u1ea7m d\u1ea1ng pin, v\u00e0 t\u00edch h\u1ee3p c\u00f4ng ngh\u1ec7 EcoSmart gi\u00fap ti\u1ebft ki\u1ec7m n\u01b0\u1edbc.<\/p>\n<\/div>\n<\/div>\n<\/div>\n<\/div>\n<\/div>\n<\/div>\n<\/div>\n","protected":false},"featured_media":2034,"comment_status":"open","ping_status":"closed","template":"","meta":{"_acf_changed":false},"product_cat":[372,373],"product_tag":[],"class_list":{"0":"post-2874","1":"product","2":"type-product","3":"status-publish","4":"has-post-thumbnail","6":"product_cat-thiet-bi-phong-tam-en","7":"product_cat-voi-lavabo-en","8":"pa_mau-sac-chrome-en-2","9":"pa_mau-sac-chrome-den-bong-en","10":"pa_mau-sac-chrome-den-xuoc-en","11":"pa_mau-sac-dong-thau-xuoc-en","12":"pa_mau-sac-dong-xuoc-en","13":"pa_mau-sac-niken-xuoc-en","14":"pa_mau-sac-thep-khong-gi-en","15":"pa_mau-sac-vang-bong-en","16":"pa_mau-sac-vang-hong-bong-en","17":"pa_mau-sac-vang-hong-xuoc-en","18":"pa_mau-sac-vang-xuoc-en","20":"first","21":"instock","22":"shipping-taxable","23":"purchasable","24":"product-type-variable"},"acf":[],"featured_media_urls":{"thumbnail":["https:\/\/trading.hhg.vn\/wp-content\/uploads\/2024\/11\/000-copy-1-150x150.jpg",150,150,true],"medium":["https:\/\/trading.hhg.vn\/wp-content\/uploads\/2024\/11\/000-copy-1-263x300.jpg",263,300,true],"medium_large":["https:\/\/trading.hhg.vn\/wp-content\/uploads\/2024\/11\/000-copy-1.jpg",700,800,false],"large":["https:\/\/trading.hhg.vn\/wp-content\/uploads\/2024\/11\/000-copy-1.jpg",700,800,false],"1536x1536":["https:\/\/trading.hhg.vn\/wp-content\/uploads\/2024\/11\/000-copy-1.jpg",700,800,false],"2048x2048":["https:\/\/trading.hhg.vn\/wp-content\/uploads\/2024\/11\/000-copy-1.jpg",700,800,false],"woocommerce_thumbnail":["https:\/\/trading.hhg.vn\/wp-content\/uploads\/2024\/11\/000-copy-1-600x600.jpg",600,600,true],"woocommerce_single":["https:\/\/trading.hhg.vn\/wp-content\/uploads\/2024\/11\/000-copy-1.jpg",700,800,false],"woocommerce_gallery_thumbnail":["https:\/\/trading.hhg.vn\/wp-content\/uploads\/2024\/11\/000-copy-1-150x171.jpg",150,171,true],"portfolio_item-thumbnail":["https:\/\/trading.hhg.vn\/wp-content\/uploads\/2024\/11\/000-copy-1.jpg",350,400,false],"portfolio_item-thumbnail@2x":["https:\/\/trading.hhg.vn\/wp-content\/uploads\/2024\/11\/000-copy-1.jpg",700,800,false],"portfolio_item-masonry":["https:\/\/trading.hhg.vn\/wp-content\/uploads\/2024\/11\/000-copy-1.jpg",600,686,false],"portfolio_item-masonry@2x":["https:\/\/trading.hhg.vn\/wp-content\/uploads\/2024\/11\/000-copy-1.jpg",700,800,false],"portfolio_item-thumbnail_cinema":["https:\/\/trading.hhg.vn\/wp-content\/uploads\/2024\/11\/000-copy-1.jpg",293,335,false],"portfolio_item-thumbnail_portrait":["https:\/\/trading.hhg.vn\/wp-content\/uploads\/2024\/11\/000-copy-1.jpg",600,686,false],"portfolio_item-thumbnail_portrait@2x":["https:\/\/trading.hhg.vn\/wp-content\/uploads\/2024\/11\/000-copy-1.jpg",700,800,false],"portfolio_item-thumbnail_square":["https:\/\/trading.hhg.vn\/wp-content\/uploads\/2024\/11\/000-copy-1.jpg",700,800,false]},"_links":{"self":[{"href":"https:\/\/trading.hhg.vn\/en\/wp-json\/wp\/v2\/product\/2874","targetHints":{"allow":["GET"]}}],"collection":[{"href":"https:\/\/trading.hhg.vn\/en\/wp-json\/wp\/v2\/product"}],"about":[{"href":"https:\/\/trading.hhg.vn\/en\/wp-json\/wp\/v2\/types\/product"}],"replies":[{"embeddable":true,"href":"https:\/\/trading.hhg.vn\/en\/wp-json\/wp\/v2\/comments?post=2874"}],"version-history":[{"count":7,"href":"https:\/\/trading.hhg.vn\/en\/wp-json\/wp\/v2\/product\/2874\/revisions"}],"predecessor-version":[{"id":6503,"href":"https:\/\/trading.hhg.vn\/en\/wp-json\/wp\/v2\/product\/2874\/revisions\/6503"}],"wp:featuredmedia":[{"embeddable":true,"href":"https:\/\/trading.hhg.vn\/en\/wp-json\/wp\/v2\/media\/2034"}],"wp:attachment":[{"href":"https:\/\/trading.hhg.vn\/en\/wp-json\/wp\/v2\/media?parent=2874"}],"wp:term":[{"taxonomy":"product_cat","embeddable":true,"href":"https:\/\/trading.hhg.vn\/en\/wp-json\/wp\/v2\/product_cat?post=2874"},{"taxonomy":"product_tag","embeddable":true,"href":"https:\/\/trading.hhg.vn\/en\/wp-json\/wp\/v2\/product_tag?post=2874"}],"curies":[{"name":"wp","href":"https:\/\/api.w.org\/{rel}","templated":true}]}}