{"id":29261,"date":"2025-11-19T20:58:39","date_gmt":"2025-11-19T13:58:39","guid":{"rendered":"https:\/\/trading.hhg.vn\/?post_type=product&#038;p=29261"},"modified":"2026-01-28T07:47:29","modified_gmt":"2026-01-28T00:47:29","slug":"voi-lavabo-tay-gat-don-70-kem-bo-xa-nhan-axor-myedition","status":"publish","type":"product","link":"https:\/\/trading.hhg.vn\/en\/s\u1ea3n-ph\u1ea9m\/voi-lavabo-tay-gat-don-70-kem-bo-xa-nhan-axor-myedition\/","title":{"rendered":"V\u00f2i lavabo tay g\u1ea1t \u0111\u01a1n 70 k\u00e8m b\u1ed9 x\u1ea3 nh\u1ea5n AXOR MyEdition"},"content":{"rendered":"<p><img fetchpriority=\"high\" decoding=\"async\" class=\"alignnone wp-image-7559 aligncenter\" src=\"http:\/\/trading.hhg.vn\/wp-content\/uploads\/2025\/11\/AXOR-MyEdition.jpg\" alt=\"\" width=\"606\" height=\"454\" \/>AXOR MyEdition l\u00e0 tuy\u00ean ng\u00f4n c\u1ee7a thi\u1ebft k\u1ebf t\u1ed1i gi\u1ea3n v\u00e0 c\u00e1 t\u00ednh h\u00f3a tuy\u1ec7t \u0111\u1ed1i. V\u1edbi h\u00ecnh kh\u1ed1i h\u00ecnh h\u1ecdc tinh g\u1ecdn, \u0111i\u1ec3m nh\u1ea5n \u0111\u1eb7c tr\u01b0ng c\u1ee7a d\u00f2ng s\u1ea3n ph\u1ea9m n\u1eb1m \u1edf m\u1eb7t \u1ed1p ph\u00eda tr\u00ean th\u00e2n v\u00f2i c\u00f3 th\u1ec3 t\u00f9y bi\u1ebfn v\u1eadt li\u1ec7u, t\u1eeb k\u00ednh, g\u1ed7, \u0111\u00e1 t\u1ef1 nhi\u00ean, da th\u1eadt cho \u0111\u1ebfn kim lo\u1ea1i m\u1ea1 PVD cao c\u1ea5p \u2013 mang \u0111\u1ebfn kh\u1ea3 n\u0103ng k\u1ebft h\u1ee3p v\u00f4 h\u1ea1n gi\u1eefa c\u1ea3m x\u00fac v\u00e0 v\u1eadt ch\u1ea5t. Th\u00e2n v\u00f2i \u0111\u01b0\u1ee3c ch\u1ebf t\u00e1c t\u1eeb \u0111\u1ed3ng thau \u0111\u00fac nguy\u00ean kh\u1ed1i, ho\u00e0n thi\u1ec7n v\u1edbi c\u00f4ng ngh\u1ec7 AXOR FinishPlus, cho \u0111\u1ed9 b\u1ec1n v\u01b0\u1ee3t tr\u1ed9i, kh\u1ea3 n\u0103ng ch\u1ed1ng \u0103n m\u00f2n v\u00e0 ch\u1ed1ng tr\u1ea7y x\u01b0\u1edbc t\u1ed1i \u01b0u.<\/p>\n<p>S\u1ef1 chuy\u1ec3n \u0111\u1ed9ng c\u1ee7a c\u1ea7n g\u1ea1t v\u00e0 d\u00f2ng ch\u1ea3y n\u01b0\u1edbc \u0111\u01b0\u1ee3c tinh ch\u1ec9nh ch\u00ednh x\u00e1c, mang l\u1ea1i c\u1ea3m gi\u00e1c m\u01b0\u1ee3t m\u00e0 v\u00e0 tinh t\u1ebf trong t\u1eebng thao t\u00e1c. M\u1ed7i chi ti\u1ebft \u2013 t\u1eeb m\u00e9p v\u00e1t, g\u00f3c bo cho \u0111\u1ebfn t\u1ec9 l\u1ec7 b\u1ec1 m\u1eb7t \u2013 \u0111\u1ec1u \u0111\u1ea1t chu\u1ea9n th\u1ea9m m\u1ef9 v\u00e0 k\u1ef9 thu\u1eadt ho\u00e0n h\u1ea3o c\u1ee7a \u0110\u1ee9c.<\/p>\n","protected":false},"excerpt":{"rendered":"<p>V\u00f2i lavabo AXOR MyEdition kh\u00f4ng ch\u1ec9 l\u00e0 thi\u1ebft b\u1ecb, m\u00e0 l\u00e0 t\u00e1c ph\u1ea9m ngh\u1ec7 thu\u1eadt \u0111\u1ecbnh h\u00ecnh kh\u00f4ng gian. V\u1edbi thi\u1ebft k\u1ebf tay g\u1ea1t \u0111\u01a1n tinh t\u1ebf, m\u1ed7i \u0111\u01b0\u1eddng n\u00e9t to\u00e1t l\u00ean v\u1ebb sang tr\u1ecdng, kh\u1eb3ng \u0111\u1ecbnh gu th\u1ea9m m\u1ef9 \u0111\u1ed9c \u0111\u00e1o. C\u00f4ng n\u0103ng v\u01b0\u1ee3t tr\u1ed9i c\u1ee7a b\u1ed9 x\u1ea3 nh\u1ea5n \u00eam \u00e1i, k\u1ebft h\u1ee3p c\u00f9ng ch\u1ea5t li\u1ec7u cao c\u1ea5p, mang \u0111\u1ebfn tr\u1ea3i nghi\u1ec7m s\u1eed d\u1ee5ng m\u01b0\u1ee3t m\u00e0, ti\u1ec7n nghi v\u00e0 b\u1ec1n b\u1ec9 theo th\u1eddi gian. \u0110\u00e2y l\u00e0 l\u1ef1a ch\u1ecdn ho\u00e0n h\u1ea3o cho nh\u1eefng ai t\u00ecm ki\u1ebfm s\u1ef1 \u0111\u1eb3ng c\u1ea5p, tinh t\u1ebf v\u00e0 gi\u00e1 tr\u1ecb v\u01b0\u1ee3t tr\u1ed9i trong t\u1eebng kho\u1ea3nh kh\u1eafc sinh ho\u1ea1t.<\/p>\n","protected":false},"featured_media":29323,"comment_status":"open","ping_status":"closed","template":"","meta":{"_acf_changed":false},"product_cat":[883],"product_tag":[],"class_list":{"0":"post-29261","1":"product","2":"type-product","3":"status-publish","4":"has-post-thumbnail","6":"product_cat-voi-chau-2","7":"pa_mau-sac-den-bong","8":"pa_mau-sac-kinh-den","9":"pa_mau-sac-kinh-trang-guong","11":"first","12":"instock","13":"shipping-taxable","14":"purchasable","15":"product-type-variable"},"acf":[],"featured_media_urls":{"thumbnail":["https:\/\/trading.hhg.vn\/wp-content\/uploads\/2025\/11\/154__apr00061_tif-150x150.png",150,150,true],"medium":["https:\/\/trading.hhg.vn\/wp-content\/uploads\/2025\/11\/154__apr00061_tif-262x300.png",262,300,true],"medium_large":["https:\/\/trading.hhg.vn\/wp-content\/uploads\/2025\/11\/154__apr00061_tif-768x878.png",768,878,true],"large":["https:\/\/trading.hhg.vn\/wp-content\/uploads\/2025\/11\/154__apr00061_tif-896x1024.png",896,1024,true],"1536x1536":["https:\/\/trading.hhg.vn\/wp-content\/uploads\/2025\/11\/154__apr00061_tif-1344x1536.png",1344,1536,true],"2048x2048":["https:\/\/trading.hhg.vn\/wp-content\/uploads\/2025\/11\/154__apr00061_tif.png",1440,1646,false],"woocommerce_thumbnail":["https:\/\/trading.hhg.vn\/wp-content\/uploads\/2025\/11\/154__apr00061_tif-600x600.png",600,600,true],"woocommerce_single":["https:\/\/trading.hhg.vn\/wp-content\/uploads\/2025\/11\/154__apr00061_tif-1200x1372.png",1200,1372,true],"woocommerce_gallery_thumbnail":["https:\/\/trading.hhg.vn\/wp-content\/uploads\/2025\/11\/154__apr00061_tif-150x171.png",150,171,true],"portfolio_item-thumbnail":["https:\/\/trading.hhg.vn\/wp-content\/uploads\/2025\/11\/154__apr00061_tif.png",350,400,false],"portfolio_item-thumbnail@2x":["https:\/\/trading.hhg.vn\/wp-content\/uploads\/2025\/11\/154__apr00061_tif.png",700,800,false],"portfolio_item-masonry":["https:\/\/trading.hhg.vn\/wp-content\/uploads\/2025\/11\/154__apr00061_tif.png",600,686,false],"portfolio_item-masonry@2x":["https:\/\/trading.hhg.vn\/wp-content\/uploads\/2025\/11\/154__apr00061_tif.png",1200,1372,false],"portfolio_item-thumbnail_cinema":["https:\/\/trading.hhg.vn\/wp-content\/uploads\/2025\/11\/154__apr00061_tif.png",293,335,false],"portfolio_item-thumbnail_portrait":["https:\/\/trading.hhg.vn\/wp-content\/uploads\/2025\/11\/154__apr00061_tif.png",600,686,false],"portfolio_item-thumbnail_portrait@2x":["https:\/\/trading.hhg.vn\/wp-content\/uploads\/2025\/11\/154__apr00061_tif.png",1200,1372,false],"portfolio_item-thumbnail_square":["https:\/\/trading.hhg.vn\/wp-content\/uploads\/2025\/11\/154__apr00061_tif.png",700,800,false]},"_links":{"self":[{"href":"https:\/\/trading.hhg.vn\/en\/wp-json\/wp\/v2\/product\/29261","targetHints":{"allow":["GET"]}}],"collection":[{"href":"https:\/\/trading.hhg.vn\/en\/wp-json\/wp\/v2\/product"}],"about":[{"href":"https:\/\/trading.hhg.vn\/en\/wp-json\/wp\/v2\/types\/product"}],"replies":[{"embeddable":true,"href":"https:\/\/trading.hhg.vn\/en\/wp-json\/wp\/v2\/comments?post=29261"}],"version-history":[{"count":2,"href":"https:\/\/trading.hhg.vn\/en\/wp-json\/wp\/v2\/product\/29261\/revisions"}],"predecessor-version":[{"id":118821,"href":"https:\/\/trading.hhg.vn\/en\/wp-json\/wp\/v2\/product\/29261\/revisions\/118821"}],"wp:featuredmedia":[{"embeddable":true,"href":"https:\/\/trading.hhg.vn\/en\/wp-json\/wp\/v2\/media\/29323"}],"wp:attachment":[{"href":"https:\/\/trading.hhg.vn\/en\/wp-json\/wp\/v2\/media?parent=29261"}],"wp:term":[{"taxonomy":"product_cat","embeddable":true,"href":"https:\/\/trading.hhg.vn\/en\/wp-json\/wp\/v2\/product_cat?post=29261"},{"taxonomy":"product_tag","embeddable":true,"href":"https:\/\/trading.hhg.vn\/en\/wp-json\/wp\/v2\/product_tag?post=29261"}],"curies":[{"name":"wp","href":"https:\/\/api.w.org\/{rel}","templated":true}]}}