{"id":29321,"date":"2025-11-19T20:58:55","date_gmt":"2025-11-19T13:58:55","guid":{"rendered":"https:\/\/trading.hhg.vn\/product\/bon-cau-gladelake-s-dat-san-thoat-ngang-aquachannel-flush-kem-ket-nuoc-va-nap-bon-cau-dong-em-thao-nhanh\/"},"modified":"2025-11-19T20:58:55","modified_gmt":"2025-11-19T13:58:55","slug":"bon-cau-gladelake-s-dat-san-thoat-ngang-aquachannel-flush-kem-ket-nuoc-va-nap-bon-cau-dong-em-thao-nhanh","status":"publish","type":"product","link":"https:\/\/trading.hhg.vn\/en\/s\u1ea3n-ph\u1ea9m\/bon-cau-gladelake-s-dat-san-thoat-ngang-aquachannel-flush-kem-ket-nuoc-va-nap-bon-cau-dong-em-thao-nhanh\/","title":{"rendered":"B\u1ed3n c\u1ea7u GladeLake S \u0111\u1eb7t s\u00e0n tho\u00e1t ngang AquaChannel Flush k\u00e8m k\u00e9t n\u01b0\u1edbc v\u00e0 n\u1eafp b\u1ed3n c\u1ea7u \u0111\u00f3ng \u00eam th\u00e1o nhanh"},"content":{"rendered":"","protected":false},"excerpt":{"rendered":"<p>GladeLake S kh\u00f4ng ch\u1ec9 l\u00e0 b\u1ed3n c\u1ea7u, m\u00e0 l\u00e0 m\u1ed9t tuy\u1ec7t t\u00e1c thi\u1ebft k\u1ebf n\u00e2ng t\u1ea7m kh\u00f4ng gian. V\u1edbi \u0111\u01b0\u1eddng n\u00e9t thanh l\u1ecbch, t\u1ed1i gi\u1ea3n \u00f4m tr\u1ecdn k\u00e9t n\u01b0\u1edbc, GladeLake S to\u00e1t l\u00ean v\u1ebb sang tr\u1ecdng, tinh t\u1ebf. C\u00f4ng ngh\u1ec7 AquaChannel Flush m\u1ea1nh m\u1ebd cu\u1ed1n tr\u00f4i m\u1ecdi th\u1ee9 ch\u1ec9 trong m\u1ed9t l\u1ea7n x\u1ea3, \u00eam \u00e1i \u0111\u1ebfn ng\u1ee1 ng\u00e0ng. N\u1eafp b\u1ed3n c\u1ea7u \u0111\u00f3ng \u00eam \u00e1i, th\u00e1o l\u1eafp d\u1ec5 d\u00e0ng, mang l\u1ea1i tr\u1ea3i nghi\u1ec7m s\u1eed d\u1ee5ng ti\u1ec7n nghi v\u00e0 v\u1ec7 sinh t\u1ed1i \u01b0u.<\/p>\n","protected":false},"featured_media":29319,"comment_status":"open","ping_status":"closed","template":"","meta":{"_acf_changed":false},"product_cat":[884],"product_tag":[],"class_list":{"0":"post-29321","1":"product","2":"type-product","3":"status-publish","4":"has-post-thumbnail","6":"product_cat-bon-cau","7":"pa_mau-sac-trang","9":"first","10":"instock","11":"shipping-taxable","12":"product-type-simple"},"acf":[],"featured_media_urls":{"thumbnail":["https:\/\/trading.hhg.vn\/wp-content\/uploads\/2025\/11\/154__hpr08060_tif-150x150.png",150,150,true],"medium":["https:\/\/trading.hhg.vn\/wp-content\/uploads\/2025\/11\/154__hpr08060_tif-263x300.png",263,300,true],"medium_large":["https:\/\/trading.hhg.vn\/wp-content\/uploads\/2025\/11\/154__hpr08060_tif-768x878.png",768,878,true],"large":["https:\/\/trading.hhg.vn\/wp-content\/uploads\/2025\/11\/154__hpr08060_tif-896x1024.png",896,1024,true],"1536x1536":["https:\/\/trading.hhg.vn\/wp-content\/uploads\/2025\/11\/154__hpr08060_tif.png",1260,1440,false],"2048x2048":["https:\/\/trading.hhg.vn\/wp-content\/uploads\/2025\/11\/154__hpr08060_tif.png",1260,1440,false],"woocommerce_thumbnail":["https:\/\/trading.hhg.vn\/wp-content\/uploads\/2025\/11\/154__hpr08060_tif-600x600.png",600,600,true],"woocommerce_single":["https:\/\/trading.hhg.vn\/wp-content\/uploads\/2025\/11\/154__hpr08060_tif-1200x1371.png",1200,1371,true],"woocommerce_gallery_thumbnail":["https:\/\/trading.hhg.vn\/wp-content\/uploads\/2025\/11\/154__hpr08060_tif-150x171.png",150,171,true],"portfolio_item-thumbnail":["https:\/\/trading.hhg.vn\/wp-content\/uploads\/2025\/11\/154__hpr08060_tif.png",350,400,false],"portfolio_item-thumbnail@2x":["https:\/\/trading.hhg.vn\/wp-content\/uploads\/2025\/11\/154__hpr08060_tif.png",700,800,false],"portfolio_item-masonry":["https:\/\/trading.hhg.vn\/wp-content\/uploads\/2025\/11\/154__hpr08060_tif.png",600,686,false],"portfolio_item-masonry@2x":["https:\/\/trading.hhg.vn\/wp-content\/uploads\/2025\/11\/154__hpr08060_tif.png",1200,1371,false],"portfolio_item-thumbnail_cinema":["https:\/\/trading.hhg.vn\/wp-content\/uploads\/2025\/11\/154__hpr08060_tif.png",293,335,false],"portfolio_item-thumbnail_portrait":["https:\/\/trading.hhg.vn\/wp-content\/uploads\/2025\/11\/154__hpr08060_tif.png",600,686,false],"portfolio_item-thumbnail_portrait@2x":["https:\/\/trading.hhg.vn\/wp-content\/uploads\/2025\/11\/154__hpr08060_tif.png",1200,1371,false],"portfolio_item-thumbnail_square":["https:\/\/trading.hhg.vn\/wp-content\/uploads\/2025\/11\/154__hpr08060_tif.png",700,800,false]},"_links":{"self":[{"href":"https:\/\/trading.hhg.vn\/en\/wp-json\/wp\/v2\/product\/29321","targetHints":{"allow":["GET"]}}],"collection":[{"href":"https:\/\/trading.hhg.vn\/en\/wp-json\/wp\/v2\/product"}],"about":[{"href":"https:\/\/trading.hhg.vn\/en\/wp-json\/wp\/v2\/types\/product"}],"replies":[{"embeddable":true,"href":"https:\/\/trading.hhg.vn\/en\/wp-json\/wp\/v2\/comments?post=29321"}],"version-history":[{"count":0,"href":"https:\/\/trading.hhg.vn\/en\/wp-json\/wp\/v2\/product\/29321\/revisions"}],"wp:featuredmedia":[{"embeddable":true,"href":"https:\/\/trading.hhg.vn\/en\/wp-json\/wp\/v2\/media\/29319"}],"wp:attachment":[{"href":"https:\/\/trading.hhg.vn\/en\/wp-json\/wp\/v2\/media?parent=29321"}],"wp:term":[{"taxonomy":"product_cat","embeddable":true,"href":"https:\/\/trading.hhg.vn\/en\/wp-json\/wp\/v2\/product_cat?post=29321"},{"taxonomy":"product_tag","embeddable":true,"href":"https:\/\/trading.hhg.vn\/en\/wp-json\/wp\/v2\/product_tag?post=29321"}],"curies":[{"name":"wp","href":"https:\/\/api.w.org\/{rel}","templated":true}]}}