{"id":29420,"date":"2025-11-19T20:59:50","date_gmt":"2025-11-19T13:59:50","guid":{"rendered":"https:\/\/trading.hhg.vn\/product\/chau-rua-am-ban-450-350-khong-lo-voi-co-chong-tran-cong-nghe-smartclean-dong-xuniva-d\/"},"modified":"2025-11-28T14:15:32","modified_gmt":"2025-11-28T07:15:32","slug":"chau-rua-am-ban-450-350-khong-lo-voi-co-chong-tran-cong-nghe-smartclean-dong-xuniva-d","status":"publish","type":"product","link":"https:\/\/trading.hhg.vn\/en\/s\u1ea3n-ph\u1ea9m\/chau-rua-am-ban-450-350-khong-lo-voi-co-chong-tran-cong-nghe-smartclean-dong-xuniva-d\/","title":{"rendered":"Ch\u1eadu r\u1eeda \u00e2m b\u00e0n 450\/350 kh\u00f4ng l\u1ed7 v\u00f2i, c\u00f3 ch\u1ed1ng tr\u00e0n, c\u00f4ng ngh\u1ec7 SmartClean d\u00f2ng Xuniva D"},"content":{"rendered":"","protected":false},"excerpt":{"rendered":"<p>V\u1edbi ch\u1eadu r\u1eeda \u00e2m b\u00e0n Xuniva D SmartClean, kh\u00f4ng gian ph\u00f2ng t\u1eafm c\u1ee7a b\u1ea1n s\u1ebd th\u0103ng hoa c\u00f9ng thi\u1ebft k\u1ebf t\u1ed1i gi\u1ea3n, tinh t\u1ebf. K\u00edch th\u01b0\u1edbc 450\/350 l\u00fd t\u01b0\u1edfng cho m\u1ecdi kh\u00f4ng gian, c\u00f9ng t\u00ednh n\u0103ng ch\u1ed1ng tr\u00e0n th\u00f4ng minh \u0111\u1ea3m b\u1ea3o s\u1ef1 ti\u1ec7n nghi v\u00e0 an to\u00e0n. C\u00f4ng ngh\u1ec7 SmartClean \u0111\u1ed9c quy\u1ec1n mang \u0111\u1ebfn b\u1ec1 m\u1eb7t si\u00eau m\u1ecbn, d\u1ec5 d\u00e0ng v\u1ec7 sinh, gi\u1eef cho ch\u1eadu r\u1eeda lu\u00f4n s\u00e1ng b\u00f3ng nh\u01b0 m\u1edbi. Tr\u1ea3i nghi\u1ec7m s\u1ef1 sang tr\u1ecdng v\u00e0 ti\u1ec7n \u00edch v\u01b0\u1ee3t tr\u1ed9i, bi\u1ebfn m\u1ed7i kho\u1ea3nh kh\u1eafc s\u1eed d\u1ee5ng th\u00e0nh m\u1ed9t ni\u1ec1m t\u1eadn h\u01b0\u1edfng.<\/p>\n","protected":false},"featured_media":29418,"comment_status":"open","ping_status":"closed","template":"","meta":{"_acf_changed":false},"product_cat":[71],"product_tag":[],"class_list":{"0":"post-29420","1":"product","2":"type-product","3":"status-publish","4":"has-post-thumbnail","6":"product_cat-chau","7":"pa_mau-sac-trang","9":"first","10":"instock","11":"shipping-taxable","12":"purchasable","13":"product-type-simple"},"acf":[],"featured_media_urls":{"thumbnail":["https:\/\/trading.hhg.vn\/wp-content\/uploads\/2025\/11\/154__hpr04340_tif-150x150.png",150,150,true],"medium":["https:\/\/trading.hhg.vn\/wp-content\/uploads\/2025\/11\/154__hpr04340_tif-262x300.png",262,300,true],"medium_large":["https:\/\/trading.hhg.vn\/wp-content\/uploads\/2025\/11\/154__hpr04340_tif-768x878.png",768,878,true],"large":["https:\/\/trading.hhg.vn\/wp-content\/uploads\/2025\/11\/154__hpr04340_tif-896x1024.png",896,1024,true],"1536x1536":["https:\/\/trading.hhg.vn\/wp-content\/uploads\/2025\/11\/154__hpr04340_tif-1344x1536.png",1344,1536,true],"2048x2048":["https:\/\/trading.hhg.vn\/wp-content\/uploads\/2025\/11\/154__hpr04340_tif.png",1440,1646,false],"woocommerce_thumbnail":["https:\/\/trading.hhg.vn\/wp-content\/uploads\/2025\/11\/154__hpr04340_tif-600x600.png",600,600,true],"woocommerce_single":["https:\/\/trading.hhg.vn\/wp-content\/uploads\/2025\/11\/154__hpr04340_tif-1200x1372.png",1200,1372,true],"woocommerce_gallery_thumbnail":["https:\/\/trading.hhg.vn\/wp-content\/uploads\/2025\/11\/154__hpr04340_tif-150x171.png",150,171,true],"portfolio_item-thumbnail":["https:\/\/trading.hhg.vn\/wp-content\/uploads\/2025\/11\/154__hpr04340_tif.png",350,400,false],"portfolio_item-thumbnail@2x":["https:\/\/trading.hhg.vn\/wp-content\/uploads\/2025\/11\/154__hpr04340_tif.png",700,800,false],"portfolio_item-masonry":["https:\/\/trading.hhg.vn\/wp-content\/uploads\/2025\/11\/154__hpr04340_tif.png",600,686,false],"portfolio_item-masonry@2x":["https:\/\/trading.hhg.vn\/wp-content\/uploads\/2025\/11\/154__hpr04340_tif.png",1200,1372,false],"portfolio_item-thumbnail_cinema":["https:\/\/trading.hhg.vn\/wp-content\/uploads\/2025\/11\/154__hpr04340_tif.png",293,335,false],"portfolio_item-thumbnail_portrait":["https:\/\/trading.hhg.vn\/wp-content\/uploads\/2025\/11\/154__hpr04340_tif.png",600,686,false],"portfolio_item-thumbnail_portrait@2x":["https:\/\/trading.hhg.vn\/wp-content\/uploads\/2025\/11\/154__hpr04340_tif.png",1200,1372,false],"portfolio_item-thumbnail_square":["https:\/\/trading.hhg.vn\/wp-content\/uploads\/2025\/11\/154__hpr04340_tif.png",700,800,false]},"_links":{"self":[{"href":"https:\/\/trading.hhg.vn\/en\/wp-json\/wp\/v2\/product\/29420","targetHints":{"allow":["GET"]}}],"collection":[{"href":"https:\/\/trading.hhg.vn\/en\/wp-json\/wp\/v2\/product"}],"about":[{"href":"https:\/\/trading.hhg.vn\/en\/wp-json\/wp\/v2\/types\/product"}],"replies":[{"embeddable":true,"href":"https:\/\/trading.hhg.vn\/en\/wp-json\/wp\/v2\/comments?post=29420"}],"version-history":[{"count":1,"href":"https:\/\/trading.hhg.vn\/en\/wp-json\/wp\/v2\/product\/29420\/revisions"}],"predecessor-version":[{"id":101488,"href":"https:\/\/trading.hhg.vn\/en\/wp-json\/wp\/v2\/product\/29420\/revisions\/101488"}],"wp:featuredmedia":[{"embeddable":true,"href":"https:\/\/trading.hhg.vn\/en\/wp-json\/wp\/v2\/media\/29418"}],"wp:attachment":[{"href":"https:\/\/trading.hhg.vn\/en\/wp-json\/wp\/v2\/media?parent=29420"}],"wp:term":[{"taxonomy":"product_cat","embeddable":true,"href":"https:\/\/trading.hhg.vn\/en\/wp-json\/wp\/v2\/product_cat?post=29420"},{"taxonomy":"product_tag","embeddable":true,"href":"https:\/\/trading.hhg.vn\/en\/wp-json\/wp\/v2\/product_tag?post=29420"}],"curies":[{"name":"wp","href":"https:\/\/api.w.org\/{rel}","templated":true}]}}