{"id":30080,"date":"2025-11-19T21:06:27","date_gmt":"2025-11-19T14:06:27","guid":{"rendered":"https:\/\/trading.hhg.vn\/?post_type=product&#038;p=30080"},"modified":"2025-12-17T08:10:34","modified_gmt":"2025-12-17T01:10:34","slug":"bo-xa-khong-chan-cho-chau-lavabo-2","status":"publish","type":"product","link":"https:\/\/trading.hhg.vn\/en\/s\u1ea3n-ph\u1ea9m\/bo-xa-khong-chan-cho-chau-lavabo-2\/","title":{"rendered":"B\u1ed9 x\u1ea3 kh\u00f4ng ch\u1eb7n cho ch\u1eadu lavabo"},"content":{"rendered":"","protected":false},"excerpt":{"rendered":"<p>Kh\u00e1m ph\u00e1 s\u1ef1 tinh gi\u1ea3n v\u01b0\u1ee3t tr\u1ed9i v\u1edbi b\u1ed9 x\u1ea3 kh\u00f4ng ch\u1eb7n cho lavabo, n\u01a1i thi\u1ebft k\u1ebf t\u1ed1i \u01b0u h\u00f2a quy\u1ec7n c\u00f9ng c\u00f4ng n\u0103ng ho\u00e0n h\u1ea3o. T\u1eebng \u0111\u01b0\u1eddng n\u00e9t \u0111\u01b0\u1ee3c t\u00ednh to\u00e1n t\u1ec9 m\u1ec9, t\u1ea1o n\u00ean v\u1ebb \u0111\u1eb9p thanh l\u1ecbch, h\u00f2a nh\u1ecbp c\u00f9ng m\u1ecdi phong c\u00e1ch n\u1ed9i th\u1ea5t. C\u01a1 ch\u1ebf kh\u00f4ng ch\u1eb7n \u0111\u1ed9t ph\u00e1 kh\u00f4ng ch\u1ec9 lo\u1ea1i b\u1ecf m\u1ecdi v\u01b0\u1edbng v\u00edu kh\u00f3 ch\u1ecbu, m\u00e0 c\u00f2n t\u1ed1i \u01b0u h\u00f3a d\u00f2ng ch\u1ea3y, mang \u0111\u1ebfn tr\u1ea3i nghi\u1ec7m v\u1ec7 sinh ti\u1ec7n l\u1ee3i v\u00e0 kh\u00f4ng gian tho\u00e1ng \u0111\u00e3ng b\u1ea5t ng\u1edd. \u0110\u00f3 l\u00e0 s\u1ef1 k\u1ebft h\u1ee3p c\u1ee7a th\u1ea9m m\u1ef9 v\u00e0 ti\u1ec7n \u00edch, n\u00e2ng t\u1ea7m chu\u1ea9n m\u1ef1c s\u1ed1ng hi\u1ec7n \u0111\u1ea1i.<\/p>\n","protected":false},"featured_media":30118,"comment_status":"open","ping_status":"closed","template":"","meta":{"_acf_changed":false},"product_cat":[860],"product_tag":[],"class_list":{"0":"post-30080","1":"product","2":"type-product","3":"status-publish","4":"has-post-thumbnail","6":"product_cat-bo-xa-lavabo","7":"pa_mau-sac-chrome","8":"pa_mau-sac-chrome-den-xuoc","9":"pa_mau-sac-den-mo","10":"pa_mau-sac-dong-xuoc","11":"pa_mau-sac-niken-xuoc","12":"pa_mau-sac-trang-mo","13":"pa_mau-sac-vang-bong","15":"first","16":"instock","17":"shipping-taxable","18":"purchasable","19":"product-type-variable"},"acf":[],"featured_media_urls":{"thumbnail":["https:\/\/trading.hhg.vn\/wp-content\/uploads\/2025\/11\/154__hpr03267_tif-150x150.png",150,150,true],"medium":["https:\/\/trading.hhg.vn\/wp-content\/uploads\/2025\/11\/154__hpr03267_tif-263x300.png",263,300,true],"medium_large":["https:\/\/trading.hhg.vn\/wp-content\/uploads\/2025\/11\/154__hpr03267_tif-768x878.png",768,878,true],"large":["https:\/\/trading.hhg.vn\/wp-content\/uploads\/2025\/11\/154__hpr03267_tif-896x1024.png",896,1024,true],"1536x1536":["https:\/\/trading.hhg.vn\/wp-content\/uploads\/2025\/11\/154__hpr03267_tif.png",1260,1440,false],"2048x2048":["https:\/\/trading.hhg.vn\/wp-content\/uploads\/2025\/11\/154__hpr03267_tif.png",1260,1440,false],"woocommerce_thumbnail":["https:\/\/trading.hhg.vn\/wp-content\/uploads\/2025\/11\/154__hpr03267_tif-600x600.png",600,600,true],"woocommerce_single":["https:\/\/trading.hhg.vn\/wp-content\/uploads\/2025\/11\/154__hpr03267_tif-1200x1371.png",1200,1371,true],"woocommerce_gallery_thumbnail":["https:\/\/trading.hhg.vn\/wp-content\/uploads\/2025\/11\/154__hpr03267_tif-150x171.png",150,171,true],"portfolio_item-thumbnail":["https:\/\/trading.hhg.vn\/wp-content\/uploads\/2025\/11\/154__hpr03267_tif.png",350,400,false],"portfolio_item-thumbnail@2x":["https:\/\/trading.hhg.vn\/wp-content\/uploads\/2025\/11\/154__hpr03267_tif.png",700,800,false],"portfolio_item-masonry":["https:\/\/trading.hhg.vn\/wp-content\/uploads\/2025\/11\/154__hpr03267_tif.png",600,686,false],"portfolio_item-masonry@2x":["https:\/\/trading.hhg.vn\/wp-content\/uploads\/2025\/11\/154__hpr03267_tif.png",1200,1371,false],"portfolio_item-thumbnail_cinema":["https:\/\/trading.hhg.vn\/wp-content\/uploads\/2025\/11\/154__hpr03267_tif.png",293,335,false],"portfolio_item-thumbnail_portrait":["https:\/\/trading.hhg.vn\/wp-content\/uploads\/2025\/11\/154__hpr03267_tif.png",600,686,false],"portfolio_item-thumbnail_portrait@2x":["https:\/\/trading.hhg.vn\/wp-content\/uploads\/2025\/11\/154__hpr03267_tif.png",1200,1371,false],"portfolio_item-thumbnail_square":["https:\/\/trading.hhg.vn\/wp-content\/uploads\/2025\/11\/154__hpr03267_tif.png",700,800,false]},"_links":{"self":[{"href":"https:\/\/trading.hhg.vn\/en\/wp-json\/wp\/v2\/product\/30080","targetHints":{"allow":["GET"]}}],"collection":[{"href":"https:\/\/trading.hhg.vn\/en\/wp-json\/wp\/v2\/product"}],"about":[{"href":"https:\/\/trading.hhg.vn\/en\/wp-json\/wp\/v2\/types\/product"}],"replies":[{"embeddable":true,"href":"https:\/\/trading.hhg.vn\/en\/wp-json\/wp\/v2\/comments?post=30080"}],"version-history":[{"count":1,"href":"https:\/\/trading.hhg.vn\/en\/wp-json\/wp\/v2\/product\/30080\/revisions"}],"predecessor-version":[{"id":30120,"href":"https:\/\/trading.hhg.vn\/en\/wp-json\/wp\/v2\/product\/30080\/revisions\/30120"}],"wp:featuredmedia":[{"embeddable":true,"href":"https:\/\/trading.hhg.vn\/en\/wp-json\/wp\/v2\/media\/30118"}],"wp:attachment":[{"href":"https:\/\/trading.hhg.vn\/en\/wp-json\/wp\/v2\/media?parent=30080"}],"wp:term":[{"taxonomy":"product_cat","embeddable":true,"href":"https:\/\/trading.hhg.vn\/en\/wp-json\/wp\/v2\/product_cat?post=30080"},{"taxonomy":"product_tag","embeddable":true,"href":"https:\/\/trading.hhg.vn\/en\/wp-json\/wp\/v2\/product_tag?post=30080"}],"curies":[{"name":"wp","href":"https:\/\/api.w.org\/{rel}","templated":true}]}}